{"id":326,"date":"2023-03-08T16:36:44","date_gmt":"2023-03-08T15:36:44","guid":{"rendered":"https:\/\/web.umons.ac.be\/spin\/?page_id=326"},"modified":"2023-03-09T17:27:26","modified_gmt":"2023-03-09T16:27:26","slug":"bruno-de-lievre","status":"publish","type":"page","link":"https:\/\/web.umons.ac.be\/spin\/equipe\/bruno-de-lievre\/","title":{"rendered":"Bruno De Li\u00e8vre"},"content":{"rendered":"<h5><b><img loading=\"lazy\" decoding=\"async\" class=\" wp-image-317 alignleft\" src=\"https:\/\/web.umons.ac.be\/app\/uploads\/sites\/129\/2023\/03\/BDL-297x300.png\" alt=\"\" width=\"202\" height=\"204\" srcset=\"https:\/\/web.umons.ac.be\/app\/uploads\/sites\/129\/2023\/03\/BDL-297x300.png 297w, https:\/\/web.umons.ac.be\/app\/uploads\/sites\/129\/2023\/03\/BDL-150x150.png 150w, https:\/\/web.umons.ac.be\/app\/uploads\/sites\/129\/2023\/03\/BDL-30x30.png 30w, https:\/\/web.umons.ac.be\/app\/uploads\/sites\/129\/2023\/03\/BDL-80x80.png 80w, https:\/\/web.umons.ac.be\/app\/uploads\/sites\/129\/2023\/03\/BDL-60x60.png 60w, https:\/\/web.umons.ac.be\/app\/uploads\/sites\/129\/2023\/03\/BDL-360x364.png 360w, https:\/\/web.umons.ac.be\/app\/uploads\/sites\/129\/2023\/03\/BDL.png 616w\" sizes=\"auto, (max-width: 202px) 100vw, 202px\" \/>Chef de service<\/b><\/h5>\n<p style=\"text-align: justify;\"><span style=\"font-weight: 400;\">Bruno De Li\u00e8vre a des activit\u00e9s d&rsquo;enseignement dans les domaines de la P\u00e9dagogie et de la Didactique pour ce qui concerne la formation de base des \u00e9tudiants de la FPSE. S&rsquo;il enseigne aussi la didactique du fran\u00e7ais langue maternelle, ses domaines de sp\u00e9cialit\u00e9 sont centr\u00e9s de mani\u00e8re privil\u00e9gi\u00e9e sur les usages p\u00e9dagogiques des technologies de l&rsquo;information et de la communication (e-learning, r\u00e9seaux sociaux, MOOC, mobile learning, formation \u00e0 distance, e-portfolio, tablettes num\u00e9riques, TBI, etc..). C&rsquo;est au niveau du Master en Sciences de l&rsquo;Education que les enseignements relatifs \u00e0 l&rsquo;usage des TICE sont propos\u00e9s.<\/span><\/p>\n<p style=\"text-align: justify;\"><span style=\"font-weight: 400;\">Bruno De Li\u00e8vre a des activit\u00e9s de recherche dans les domaines alliant la p\u00e9dagogie et la didactique associ\u00e9es (ou pas) aux technologies de l&rsquo;information et de la communication. En Sciences de l&rsquo;Education, la Technologie de l&rsquo;Education est un domaine en interaction entre les moyens p\u00e9dagogiques et les outils technologiques. Les objectifs principaux dans ce domaine de recherche sont de d\u00e9terminer quelles sont les conditions pour qu&rsquo;un apprentissage efficace puisse avoir lieu : ce qui est analys\u00e9 est l&rsquo;interaction entre les m\u00e9thodes p\u00e9dagogiques, les outils technologiques et les intervenants du processus \u00e9ducatif que sont les enseignants et les apprenants essentiellement. De l&rsquo;\u00e9laboration \u00e0 l&rsquo;analyse des dispositifs technop\u00e9dagogiques \u00e0 leur \u00e9laboration, l&rsquo;\u00e9ventail des activit\u00e9s de recherche couvre l&rsquo;ensemble de ce continuum. C&rsquo;est un domaine en perp\u00e9tuelle \u00e9volution en raison des technologies sans cesse plus \u00e9volu\u00e9es (tablettes num\u00e9riques, TBI, 4G, Web 2.0 (3.0),&#8230;) qui conduisent \u00e0 des pratiques p\u00e9dagogiques en renouvellement (MOOC, m-learning, hybridation des formations,..) et qui interrogent les personnes en interaction dans ces dispositifs (activit\u00e9s collaboratives, travail \u00e0 distance, peer-evaluation, ubiquit\u00e9,&#8230;).<\/span><\/p>\n<p>&nbsp;<\/p>\n<start-cask-shortcode-wrapper>    <div class=\"tabs scheme-fpse\">\n        <nav class=\"tabs-nav\">\n            <ul class=\"tabs-menu\">\n                                <li class=\"tabs-menu-item active\">\n                    <a href=\"#pane-tab-6408ab3a859bb\" class=\"tabs-menu-link scheme-color scheme-color-hover scheme-after-background-important\">\n                        Contact                    <\/a>\n                <\/li>\n                                <li class=\"tabs-menu-item\">\n                    <a href=\"#pane-tab-6408ab3a8e40c\" class=\"tabs-menu-link scheme-color scheme-color-hover scheme-after-background-important\">\n                        Linkedin                    <\/a>\n                <\/li>\n                                <li class=\"tabs-menu-item\">\n                    <a href=\"#pane-tab-6408ab3a8e775\" class=\"tabs-menu-link scheme-color scheme-color-hover scheme-after-background-important\">\n                        Publications sur ORBI                    <\/a>\n                <\/li>\n                                <li class=\"tabs-menu-item\">\n                    <a href=\"#pane-tab-6408ab3a8ea5c\" class=\"tabs-menu-link scheme-color scheme-color-hover scheme-after-background-important\">\n                        ResearchGate                    <\/a>\n                <\/li>\n                            <\/ul>\n        <\/nav>\n        <div class=\"tabs-panes\">\n                            <button class=\"expand-toggle button-expand accordion-bellow-toggle scheme-background-hover open\" data-target=\"#pane-tab-6408ab3a859bb\">\n                    Contact                    <span class=\"icon arrow umons-icon umons-icon-chevron-down\" aria-hidden=\"true\"><\/span>\n                <\/button>\n                <div id=\"pane-tab-6408ab3a859bb\" class=\"tabs-pane active\">\n                    <div class=\"tabs-pane-inner editor-front\">\n                        <a href=\"mailto:Bruno.DELIEVRE@umons.ac.be\">Bruno.DELIEVRE@umons.ac.be<\/a>                    <\/div>\n                <\/div>\n                            <button class=\"expand-toggle button-expand accordion-bellow-toggle scheme-background-hover\" data-target=\"#pane-tab-6408ab3a8e40c\">\n                    Linkedin                    <span class=\"icon arrow umons-icon umons-icon-chevron-down\" aria-hidden=\"true\"><\/span>\n                <\/button>\n                <div id=\"pane-tab-6408ab3a8e40c\" class=\"tabs-pane\">\n                    <div class=\"tabs-pane-inner editor-front\">\n                        <a href=\"https:\/\/www.linkedin.com\/in\/bruno-de-li\u00e8vre-9815a342\/\">www.linkedin.com\/in\/bruno-de-li\u00e8vre-9815a342\/\u00a0<\/a>                    <\/div>\n                <\/div>\n                            <button class=\"expand-toggle button-expand accordion-bellow-toggle scheme-background-hover\" data-target=\"#pane-tab-6408ab3a8e775\">\n                    Publications sur ORBI                    <span class=\"icon arrow umons-icon umons-icon-chevron-down\" aria-hidden=\"true\"><\/span>\n                <\/button>\n                <div id=\"pane-tab-6408ab3a8e775\" class=\"tabs-pane\">\n                    <div class=\"tabs-pane-inner editor-front\">\n                        <a href=\"https:\/\/orbi.umons.ac.be\/profile?uid=500779\">https:\/\/orbi.umons.ac.be\/profile?uid=500779<\/a>                    <\/div>\n                <\/div>\n                            <button class=\"expand-toggle button-expand accordion-bellow-toggle scheme-background-hover\" data-target=\"#pane-tab-6408ab3a8ea5c\">\n                    ResearchGate                    <span class=\"icon arrow umons-icon umons-icon-chevron-down\" aria-hidden=\"true\"><\/span>\n                <\/button>\n                <div id=\"pane-tab-6408ab3a8ea5c\" class=\"tabs-pane\">\n                    <div class=\"tabs-pane-inner editor-front\">\n                        <a href=\"https:\/\/www.researchgate.net\/profile\/Bruno-De-Lievre\">www.researchgate.net\/profile\/Bruno-De-Lievre<\/a>                    <\/div>\n                <\/div>\n                    <\/div>\n    <\/div><end-cask-shortcode-wrapper>\n<p>&nbsp;<\/p>\n","protected":false},"excerpt":{"rendered":"<p>Chef de service Bruno De Li\u00e8vre a des activit\u00e9s d&rsquo;enseignement dans les domaines de la P\u00e9dagogie et de la Didactique pour ce qui concerne la formation de base des \u00e9tudiants de la FPSE. S&rsquo;il enseigne aussi la didactique du fran\u00e7ais langue maternelle, ses domaines de sp\u00e9cialit\u00e9 sont centr\u00e9s de mani\u00e8re privil\u00e9gi\u00e9e sur les usages p\u00e9dagogiques [&hellip;]<\/p>\n","protected":false},"author":197,"featured_media":0,"parent":7,"menu_order":0,"comment_status":"closed","ping_status":"closed","template":"","meta":{"footnotes":""},"class_list":["post-326","page","type-page","status-publish","hentry"],"yoast_head":"<!-- This site is optimized with the Yoast SEO plugin v27.2 - https:\/\/yoast.com\/product\/yoast-seo-wordpress\/ -->\n<title>Bruno De Li\u00e8vre - Service \/ FPSE - Ing\u00e9nierie p\u00e9dagogique et num\u00e9rique \u00e9ducatif<\/title>\n<meta name=\"robots\" content=\"index, follow, max-snippet:-1, max-image-preview:large, max-video-preview:-1\" \/>\n<link rel=\"canonical\" href=\"https:\/\/web.umons.ac.be\/spin\/equipe\/bruno-de-lievre\/\" \/>\n<meta property=\"og:locale\" content=\"fr_FR\" \/>\n<meta property=\"og:type\" content=\"article\" \/>\n<meta property=\"og:title\" content=\"Bruno De Li\u00e8vre - Service \/ FPSE - Ing\u00e9nierie p\u00e9dagogique et num\u00e9rique \u00e9ducatif\" \/>\n<meta property=\"og:description\" content=\"Chef de service Bruno De Li\u00e8vre a des activit\u00e9s d&rsquo;enseignement dans les domaines de la P\u00e9dagogie et de la Didactique pour ce qui concerne la formation de base des \u00e9tudiants de la FPSE. S&rsquo;il enseigne aussi la didactique du fran\u00e7ais langue maternelle, ses domaines de sp\u00e9cialit\u00e9 sont centr\u00e9s de mani\u00e8re privil\u00e9gi\u00e9e sur les usages p\u00e9dagogiques [&hellip;]\" \/>\n<meta property=\"og:url\" content=\"https:\/\/web.umons.ac.be\/spin\/equipe\/bruno-de-lievre\/\" \/>\n<meta property=\"og:site_name\" content=\"Service \/ FPSE - Ing\u00e9nierie p\u00e9dagogique et num\u00e9rique \u00e9ducatif\" \/>\n<meta property=\"article:modified_time\" content=\"2023-03-09T16:27:26+00:00\" \/>\n<meta property=\"og:image\" content=\"https:\/\/web.umons.ac.be\/app\/uploads\/sites\/129\/2023\/03\/BDL-297x300.png\" \/>\n<meta name=\"twitter:card\" content=\"summary_large_image\" \/>\n<meta name=\"twitter:label1\" content=\"Dur\u00e9e de lecture estim\u00e9e\" \/>\n\t<meta name=\"twitter:data1\" content=\"2 minutes\" \/>\n<script type=\"application\/ld+json\" class=\"yoast-schema-graph\">{\"@context\":\"https:\/\/schema.org\",\"@graph\":[{\"@type\":\"WebPage\",\"@id\":\"https:\/\/web.umons.ac.be\/spin\/equipe\/bruno-de-lievre\/\",\"url\":\"https:\/\/web.umons.ac.be\/spin\/equipe\/bruno-de-lievre\/\",\"name\":\"Bruno De Li\u00e8vre - Service \/ FPSE - Ing\u00e9nierie p\u00e9dagogique et num\u00e9rique \u00e9ducatif\",\"isPartOf\":{\"@id\":\"https:\/\/web.umons.ac.be\/spin\/#website\"},\"primaryImageOfPage\":{\"@id\":\"https:\/\/web.umons.ac.be\/spin\/equipe\/bruno-de-lievre\/#primaryimage\"},\"image\":{\"@id\":\"https:\/\/web.umons.ac.be\/spin\/equipe\/bruno-de-lievre\/#primaryimage\"},\"thumbnailUrl\":\"https:\/\/web.umons.ac.be\/app\/uploads\/sites\/129\/2023\/03\/BDL-297x300.png\",\"datePublished\":\"2023-03-08T15:36:44+00:00\",\"dateModified\":\"2023-03-09T16:27:26+00:00\",\"breadcrumb\":{\"@id\":\"https:\/\/web.umons.ac.be\/spin\/equipe\/bruno-de-lievre\/#breadcrumb\"},\"inLanguage\":\"fr-FR\",\"potentialAction\":[{\"@type\":\"ReadAction\",\"target\":[\"https:\/\/web.umons.ac.be\/spin\/equipe\/bruno-de-lievre\/\"]}]},{\"@type\":\"ImageObject\",\"inLanguage\":\"fr-FR\",\"@id\":\"https:\/\/web.umons.ac.be\/spin\/equipe\/bruno-de-lievre\/#primaryimage\",\"url\":\"https:\/\/web.umons.ac.be\/app\/uploads\/sites\/129\/2023\/03\/BDL-297x300.png\",\"contentUrl\":\"https:\/\/web.umons.ac.be\/app\/uploads\/sites\/129\/2023\/03\/BDL-297x300.png\"},{\"@type\":\"BreadcrumbList\",\"@id\":\"https:\/\/web.umons.ac.be\/spin\/equipe\/bruno-de-lievre\/#breadcrumb\",\"itemListElement\":[{\"@type\":\"ListItem\",\"position\":1,\"name\":\"Home\",\"item\":\"https:\/\/web.umons.ac.be\/spin\/\"},{\"@type\":\"ListItem\",\"position\":2,\"name\":\"\u00c9quipe\",\"item\":\"https:\/\/web.umons.ac.be\/spin\/equipe\/\"},{\"@type\":\"ListItem\",\"position\":3,\"name\":\"Bruno De Li\u00e8vre\"}]},{\"@type\":\"WebSite\",\"@id\":\"https:\/\/web.umons.ac.be\/spin\/#website\",\"url\":\"https:\/\/web.umons.ac.be\/spin\/\",\"name\":\"Service \/ FPSE - Ing\u00e9nierie p\u00e9dagogique et num\u00e9rique \u00e9ducatif\",\"description\":\"\",\"potentialAction\":[{\"@type\":\"SearchAction\",\"target\":{\"@type\":\"EntryPoint\",\"urlTemplate\":\"https:\/\/web.umons.ac.be\/spin\/?s={search_term_string}\"},\"query-input\":{\"@type\":\"PropertyValueSpecification\",\"valueRequired\":true,\"valueName\":\"search_term_string\"}}],\"inLanguage\":\"fr-FR\"}]}<\/script>\n<!-- \/ Yoast SEO plugin. -->","yoast_head_json":{"title":"Bruno De Li\u00e8vre - Service \/ FPSE - Ing\u00e9nierie p\u00e9dagogique et num\u00e9rique \u00e9ducatif","robots":{"index":"index","follow":"follow","max-snippet":"max-snippet:-1","max-image-preview":"max-image-preview:large","max-video-preview":"max-video-preview:-1"},"canonical":"https:\/\/web.umons.ac.be\/spin\/equipe\/bruno-de-lievre\/","og_locale":"fr_FR","og_type":"article","og_title":"Bruno De Li\u00e8vre - Service \/ FPSE - Ing\u00e9nierie p\u00e9dagogique et num\u00e9rique \u00e9ducatif","og_description":"Chef de service Bruno De Li\u00e8vre a des activit\u00e9s d&rsquo;enseignement dans les domaines de la P\u00e9dagogie et de la Didactique pour ce qui concerne la formation de base des \u00e9tudiants de la FPSE. S&rsquo;il enseigne aussi la didactique du fran\u00e7ais langue maternelle, ses domaines de sp\u00e9cialit\u00e9 sont centr\u00e9s de mani\u00e8re privil\u00e9gi\u00e9e sur les usages p\u00e9dagogiques [&hellip;]","og_url":"https:\/\/web.umons.ac.be\/spin\/equipe\/bruno-de-lievre\/","og_site_name":"Service \/ FPSE - Ing\u00e9nierie p\u00e9dagogique et num\u00e9rique \u00e9ducatif","article_modified_time":"2023-03-09T16:27:26+00:00","og_image":[{"url":"https:\/\/web.umons.ac.be\/app\/uploads\/sites\/129\/2023\/03\/BDL-297x300.png","type":"","width":"","height":""}],"twitter_card":"summary_large_image","twitter_misc":{"Dur\u00e9e de lecture estim\u00e9e":"2 minutes"},"schema":{"@context":"https:\/\/schema.org","@graph":[{"@type":"WebPage","@id":"https:\/\/web.umons.ac.be\/spin\/equipe\/bruno-de-lievre\/","url":"https:\/\/web.umons.ac.be\/spin\/equipe\/bruno-de-lievre\/","name":"Bruno De Li\u00e8vre - Service \/ FPSE - Ing\u00e9nierie p\u00e9dagogique et num\u00e9rique \u00e9ducatif","isPartOf":{"@id":"https:\/\/web.umons.ac.be\/spin\/#website"},"primaryImageOfPage":{"@id":"https:\/\/web.umons.ac.be\/spin\/equipe\/bruno-de-lievre\/#primaryimage"},"image":{"@id":"https:\/\/web.umons.ac.be\/spin\/equipe\/bruno-de-lievre\/#primaryimage"},"thumbnailUrl":"https:\/\/web.umons.ac.be\/app\/uploads\/sites\/129\/2023\/03\/BDL-297x300.png","datePublished":"2023-03-08T15:36:44+00:00","dateModified":"2023-03-09T16:27:26+00:00","breadcrumb":{"@id":"https:\/\/web.umons.ac.be\/spin\/equipe\/bruno-de-lievre\/#breadcrumb"},"inLanguage":"fr-FR","potentialAction":[{"@type":"ReadAction","target":["https:\/\/web.umons.ac.be\/spin\/equipe\/bruno-de-lievre\/"]}]},{"@type":"ImageObject","inLanguage":"fr-FR","@id":"https:\/\/web.umons.ac.be\/spin\/equipe\/bruno-de-lievre\/#primaryimage","url":"https:\/\/web.umons.ac.be\/app\/uploads\/sites\/129\/2023\/03\/BDL-297x300.png","contentUrl":"https:\/\/web.umons.ac.be\/app\/uploads\/sites\/129\/2023\/03\/BDL-297x300.png"},{"@type":"BreadcrumbList","@id":"https:\/\/web.umons.ac.be\/spin\/equipe\/bruno-de-lievre\/#breadcrumb","itemListElement":[{"@type":"ListItem","position":1,"name":"Home","item":"https:\/\/web.umons.ac.be\/spin\/"},{"@type":"ListItem","position":2,"name":"\u00c9quipe","item":"https:\/\/web.umons.ac.be\/spin\/equipe\/"},{"@type":"ListItem","position":3,"name":"Bruno De Li\u00e8vre"}]},{"@type":"WebSite","@id":"https:\/\/web.umons.ac.be\/spin\/#website","url":"https:\/\/web.umons.ac.be\/spin\/","name":"Service \/ FPSE - Ing\u00e9nierie p\u00e9dagogique et num\u00e9rique \u00e9ducatif","description":"","potentialAction":[{"@type":"SearchAction","target":{"@type":"EntryPoint","urlTemplate":"https:\/\/web.umons.ac.be\/spin\/?s={search_term_string}"},"query-input":{"@type":"PropertyValueSpecification","valueRequired":true,"valueName":"search_term_string"}}],"inLanguage":"fr-FR"}]}},"lang":"fr","translations":{"fr":326},"pll_sync_post":[],"_links":{"self":[{"href":"https:\/\/web.umons.ac.be\/spin\/wp-json\/wp\/v2\/pages\/326","targetHints":{"allow":["GET"]}}],"collection":[{"href":"https:\/\/web.umons.ac.be\/spin\/wp-json\/wp\/v2\/pages"}],"about":[{"href":"https:\/\/web.umons.ac.be\/spin\/wp-json\/wp\/v2\/types\/page"}],"author":[{"embeddable":true,"href":"https:\/\/web.umons.ac.be\/spin\/wp-json\/wp\/v2\/users\/197"}],"replies":[{"embeddable":true,"href":"https:\/\/web.umons.ac.be\/spin\/wp-json\/wp\/v2\/comments?post=326"}],"version-history":[{"count":3,"href":"https:\/\/web.umons.ac.be\/spin\/wp-json\/wp\/v2\/pages\/326\/revisions"}],"predecessor-version":[{"id":398,"href":"https:\/\/web.umons.ac.be\/spin\/wp-json\/wp\/v2\/pages\/326\/revisions\/398"}],"up":[{"embeddable":true,"href":"https:\/\/web.umons.ac.be\/spin\/wp-json\/wp\/v2\/pages\/7"}],"wp:attachment":[{"href":"https:\/\/web.umons.ac.be\/spin\/wp-json\/wp\/v2\/media?parent=326"}],"curies":[{"name":"wp","href":"https:\/\/api.w.org\/{rel}","templated":true}]}}