{"id":331,"date":"2023-03-08T16:50:22","date_gmt":"2023-03-08T15:50:22","guid":{"rendered":"https:\/\/web.umons.ac.be\/spin\/?page_id=331"},"modified":"2023-03-09T17:27:49","modified_gmt":"2023-03-09T16:27:49","slug":"karim-boumazguida","status":"publish","type":"page","link":"https:\/\/web.umons.ac.be\/spin\/equipe\/karim-boumazguida\/","title":{"rendered":"Karim Boumazguida"},"content":{"rendered":"<h5><b><img loading=\"lazy\" decoding=\"async\" class=\" wp-image-332 alignleft\" src=\"https:\/\/web.umons.ac.be\/app\/uploads\/sites\/129\/2023\/03\/KB-280x300.png\" alt=\"\" width=\"205\" height=\"219\" srcset=\"https:\/\/web.umons.ac.be\/app\/uploads\/sites\/129\/2023\/03\/KB-280x300.png 280w, https:\/\/web.umons.ac.be\/app\/uploads\/sites\/129\/2023\/03\/KB-616x660.png 616w, https:\/\/web.umons.ac.be\/app\/uploads\/sites\/129\/2023\/03\/KB-30x32.png 30w, https:\/\/web.umons.ac.be\/app\/uploads\/sites\/129\/2023\/03\/KB-56x60.png 56w, https:\/\/web.umons.ac.be\/app\/uploads\/sites\/129\/2023\/03\/KB-360x386.png 360w, https:\/\/web.umons.ac.be\/app\/uploads\/sites\/129\/2023\/03\/KB.png 752w\" sizes=\"auto, (max-width: 205px) 100vw, 205px\" \/>Charg\u00e9 de cours<\/b><\/h5>\n<p style=\"text-align: justify;\"><span style=\"font-weight: 400;\">Karim Boumazguida est titulaire d\u2019une charge de cours en \u00c9ducation \u00e0 la citoyennet\u00e9 num\u00e9rique au sein du Service d&rsquo;Ing\u00e9nierie P\u00e9dagogique et Num\u00e9rique \u00e9ducatif (IPN) de la Facult\u00e9 de Psychologie et des Sciences de l\u2019\u00e9ducation (FPSE) de l&rsquo;Universit\u00e9 de Mons (UMONS). Ses th\u00e8mes de recherche se rapportent \u00e0 l\u2019utilisation &#8211; r\u00e9fl\u00e9chie &#8211; des outils num\u00e9riques (notamment \u00e0 des fins d\u2019apprentissage).<\/span><\/p>\n<p style=\"text-align: justify;\"><span style=\"font-weight: 400;\">Karim Boumazguida a r\u00e9alis\u00e9 une th\u00e8se de doctorat intitul\u00e9e \u00ab Effets sur l\u2019apprentissage d\u2019un dispositif d\u2019enseignement et de formation en ligne int\u00e9grant des ressources p\u00e9dagogiques diversifi\u00e9es &#8211; Analyses des usages d\u2019apprenants enr\u00f4l\u00e9s ou spontan\u00e9s dans le cadre d\u2019un MOOC hybride \u00bb (sous la direction des Profs B. De Li\u00e8vre et A. Derobertmasure) et s\u2019est donc sp\u00e9cialis\u00e9 dans le domaine de la p\u00e9dagogie num\u00e9rique.<\/span><\/p>\n<p style=\"text-align: justify;\"><span style=\"font-weight: 400;\">En s\u2019appuyant sur les r\u00e9sultats des recherches qu\u2019il a pu mener et auxquelles il a contribu\u00e9, il propose aux \u00e9tudiants inscrits dans les cours dans lesquels il intervient des dispositifs (techno) p\u00e9dagogiques susceptibles de favoriser leurs apprentissages. D\u00e8s 2016, il a pu, par ses comp\u00e9tences technop\u00e9dagogiques, contribuer activement au d\u00e9veloppement et \u00e0 la mise en place du premier MOOC de l\u2019Universit\u00e9 de Mons, l\u2019UMOOC \u00ab L\u2019innovation p\u00e9dagogique dont vous \u00eates le h\u00e9ros&#8230; \u00bb (https:\/\/umooc.umons.ac.be), avec les Profs B. De Li\u00e8vre et G. Temperman (FPSE), qui a aujourd\u2019hui totalis\u00e9 plus de 20 000 participants au travers de ses diff\u00e9rentes sessions.<\/span><\/p>\n<p style=\"text-align: justify;\"><span style=\"font-weight: 400;\">Sa double casquette d\u2019enseignant-chercheur lui a permis, d\u2019une part, d\u2019ajuster sa pratique professionnelle en fonction des r\u00e9sultats des recherches et, d\u2019autre part, de partager le fruit de son travail avec la communaut\u00e9 scientifique. Il a ainsi pu communiquer sur sa pratique au service de la promotion de l\u2019aide \u00e0 la r\u00e9ussite dans le cadre d\u2019articles scientifiques dans des journaux avec peer-review et durant des manifestations scientifiques.<\/span><\/p>\n<p style=\"text-align: justify;\"><span style=\"font-weight: 400;\">En parall\u00e8le, il travaille comme adjoint p\u00e9dagogique principal \u00e0 la Cellule Facultaire de P\u00e9dagogie Universitaire (CFPU) de la FPSE o\u00f9 il intervient dans plusieurs enseignements figurant dans le programme des \u00e9tudiants de d\u00e9but, milieu et fin de cycle de Bachelier de la FPSE sur les sites de Mons et de Charleroi (activit\u00e9s d\u2019aide r\u00e9ussite et\/ou de rem\u00e9diation int\u00e9gr\u00e9es dans les cours) et assume la responsabilit\u00e9 de nombreux travaux pratiques. Il a g\u00e9r\u00e9 un Learning Centre sur le site de Charleroi (de 2016 \u00e0 2020) et a ainsi \u00e9galement contribu\u00e9 activement \u00e0 la promotion de l\u2019aide \u00e0 la r\u00e9ussite en accueillant et encadrant de nombreux \u00e9tudiants en reprise d\u2019\u00e9tudes pour lesquels il a organis\u00e9 diff\u00e9rents ateliers m\u00e9thodologiques et formations (utilisation de la suite Office, m\u00e9thodes de travail, usages d\u2019applications num\u00e9riques pour le travail collaboratif, etc.).<\/span><\/p>\n<p>&nbsp;<\/p>\n<start-cask-shortcode-wrapper>    <div class=\"tabs scheme-fpse\">\n        <nav class=\"tabs-nav\">\n            <ul class=\"tabs-menu\">\n                                <li class=\"tabs-menu-item active\">\n                    <a href=\"#pane-tab-6408ae78d63aa\" class=\"tabs-menu-link scheme-color scheme-color-hover scheme-after-background-important\">\n                        Contact                    <\/a>\n                <\/li>\n                                <li class=\"tabs-menu-item\">\n                    <a href=\"#pane-tab-6408ae78dfb70\" class=\"tabs-menu-link scheme-color scheme-color-hover scheme-after-background-important\">\n                        Linkedin                    <\/a>\n                <\/li>\n                                <li class=\"tabs-menu-item\">\n                    <a href=\"#pane-tab-6408ae78dfe37\" class=\"tabs-menu-link scheme-color scheme-color-hover scheme-after-background-important\">\n                        Publications sur ORBI                    <\/a>\n                <\/li>\n                                <li class=\"tabs-menu-item\">\n                    <a href=\"#pane-tab-6408ae78e0156\" class=\"tabs-menu-link scheme-color scheme-color-hover scheme-after-background-important\">\n                        ResearchGate                    <\/a>\n                <\/li>\n                            <\/ul>\n        <\/nav>\n        <div class=\"tabs-panes\">\n                            <button class=\"expand-toggle button-expand accordion-bellow-toggle scheme-background-hover open\" data-target=\"#pane-tab-6408ae78d63aa\">\n                    Contact                    <span class=\"icon arrow umons-icon umons-icon-chevron-down\" aria-hidden=\"true\"><\/span>\n                <\/button>\n                <div id=\"pane-tab-6408ae78d63aa\" class=\"tabs-pane active\">\n                    <div class=\"tabs-pane-inner editor-front\">\n                        <strong><a href=\"mailto:Karim.BOUMAZGUIDA@umons.ac.be\">Karim.BOUMAZGUIDA@umons.ac.be<\/a><\/strong>                    <\/div>\n                <\/div>\n                            <button class=\"expand-toggle button-expand accordion-bellow-toggle scheme-background-hover\" data-target=\"#pane-tab-6408ae78dfb70\">\n                    Linkedin                    <span class=\"icon arrow umons-icon umons-icon-chevron-down\" aria-hidden=\"true\"><\/span>\n                <\/button>\n                <div id=\"pane-tab-6408ae78dfb70\" class=\"tabs-pane\">\n                    <div class=\"tabs-pane-inner editor-front\">\n                        <a href=\"https:\/\/www.linkedin.com\/in\/karim-boumazguida-77143a89\/\">https:\/\/www.linkedin.com\/in\/karim-boumazguida-77143a89\/<\/a>                    <\/div>\n                <\/div>\n                            <button class=\"expand-toggle button-expand accordion-bellow-toggle scheme-background-hover\" data-target=\"#pane-tab-6408ae78dfe37\">\n                    Publications sur ORBI                    <span class=\"icon arrow umons-icon umons-icon-chevron-down\" aria-hidden=\"true\"><\/span>\n                <\/button>\n                <div id=\"pane-tab-6408ae78dfe37\" class=\"tabs-pane\">\n                    <div class=\"tabs-pane-inner editor-front\">\n                        <a href=\"https:\/\/orbi.umons.ac.be\/profile?uid=532325\">https:\/\/orbi.umons.ac.be\/profile?uid=532325<\/a>                    <\/div>\n                <\/div>\n                            <button class=\"expand-toggle button-expand accordion-bellow-toggle scheme-background-hover\" data-target=\"#pane-tab-6408ae78e0156\">\n                    ResearchGate                    <span class=\"icon arrow umons-icon umons-icon-chevron-down\" aria-hidden=\"true\"><\/span>\n                <\/button>\n                <div id=\"pane-tab-6408ae78e0156\" class=\"tabs-pane\">\n                    <div class=\"tabs-pane-inner editor-front\">\n                        <a href=\"https:\/\/www.researchgate.net\/profile\/Karim-Boumazguida\">https:\/\/www.researchgate.net\/profile\/Karim-Boumazguida<\/a>                    <\/div>\n                <\/div>\n                    <\/div>\n    <\/div><end-cask-shortcode-wrapper>\n","protected":false},"excerpt":{"rendered":"<p>Charg\u00e9 de cours Karim Boumazguida est titulaire d\u2019une charge de cours en \u00c9ducation \u00e0 la citoyennet\u00e9 num\u00e9rique au sein du Service d&rsquo;Ing\u00e9nierie P\u00e9dagogique et Num\u00e9rique \u00e9ducatif (IPN) de la Facult\u00e9 de Psychologie et des Sciences de l\u2019\u00e9ducation (FPSE) de l&rsquo;Universit\u00e9 de Mons (UMONS). Ses th\u00e8mes de recherche se rapportent \u00e0 l\u2019utilisation &#8211; r\u00e9fl\u00e9chie &#8211; des [&hellip;]<\/p>\n","protected":false},"author":197,"featured_media":0,"parent":7,"menu_order":0,"comment_status":"closed","ping_status":"closed","template":"","meta":{"footnotes":""},"class_list":["post-331","page","type-page","status-publish","hentry"],"yoast_head":"<!-- This site is optimized with the Yoast SEO plugin v27.2 - https:\/\/yoast.com\/product\/yoast-seo-wordpress\/ -->\n<title>Karim Boumazguida - Service \/ FPSE - Ing\u00e9nierie p\u00e9dagogique et num\u00e9rique \u00e9ducatif<\/title>\n<meta name=\"robots\" content=\"index, follow, max-snippet:-1, max-image-preview:large, max-video-preview:-1\" \/>\n<link rel=\"canonical\" href=\"https:\/\/web.umons.ac.be\/spin\/equipe\/karim-boumazguida\/\" \/>\n<meta property=\"og:locale\" content=\"fr_FR\" \/>\n<meta property=\"og:type\" content=\"article\" \/>\n<meta property=\"og:title\" content=\"Karim Boumazguida - Service \/ FPSE - Ing\u00e9nierie p\u00e9dagogique et num\u00e9rique \u00e9ducatif\" \/>\n<meta property=\"og:description\" content=\"Charg\u00e9 de cours Karim Boumazguida est titulaire d\u2019une charge de cours en \u00c9ducation \u00e0 la citoyennet\u00e9 num\u00e9rique au sein du Service d&rsquo;Ing\u00e9nierie P\u00e9dagogique et Num\u00e9rique \u00e9ducatif (IPN) de la Facult\u00e9 de Psychologie et des Sciences de l\u2019\u00e9ducation (FPSE) de l&rsquo;Universit\u00e9 de Mons (UMONS). Ses th\u00e8mes de recherche se rapportent \u00e0 l\u2019utilisation &#8211; r\u00e9fl\u00e9chie &#8211; des [&hellip;]\" \/>\n<meta property=\"og:url\" content=\"https:\/\/web.umons.ac.be\/spin\/equipe\/karim-boumazguida\/\" \/>\n<meta property=\"og:site_name\" content=\"Service \/ FPSE - Ing\u00e9nierie p\u00e9dagogique et num\u00e9rique \u00e9ducatif\" \/>\n<meta property=\"article:modified_time\" content=\"2023-03-09T16:27:49+00:00\" \/>\n<meta property=\"og:image\" content=\"https:\/\/web.umons.ac.be\/app\/uploads\/sites\/129\/2023\/03\/KB-280x300.png\" \/>\n<meta name=\"twitter:card\" content=\"summary_large_image\" \/>\n<meta name=\"twitter:label1\" content=\"Dur\u00e9e de lecture estim\u00e9e\" \/>\n\t<meta name=\"twitter:data1\" content=\"3 minutes\" \/>\n<script type=\"application\/ld+json\" class=\"yoast-schema-graph\">{\"@context\":\"https:\/\/schema.org\",\"@graph\":[{\"@type\":\"WebPage\",\"@id\":\"https:\/\/web.umons.ac.be\/spin\/equipe\/karim-boumazguida\/\",\"url\":\"https:\/\/web.umons.ac.be\/spin\/equipe\/karim-boumazguida\/\",\"name\":\"Karim Boumazguida - Service \/ FPSE - Ing\u00e9nierie p\u00e9dagogique et num\u00e9rique \u00e9ducatif\",\"isPartOf\":{\"@id\":\"https:\/\/web.umons.ac.be\/spin\/#website\"},\"primaryImageOfPage\":{\"@id\":\"https:\/\/web.umons.ac.be\/spin\/equipe\/karim-boumazguida\/#primaryimage\"},\"image\":{\"@id\":\"https:\/\/web.umons.ac.be\/spin\/equipe\/karim-boumazguida\/#primaryimage\"},\"thumbnailUrl\":\"https:\/\/web.umons.ac.be\/app\/uploads\/sites\/129\/2023\/03\/KB-280x300.png\",\"datePublished\":\"2023-03-08T15:50:22+00:00\",\"dateModified\":\"2023-03-09T16:27:49+00:00\",\"breadcrumb\":{\"@id\":\"https:\/\/web.umons.ac.be\/spin\/equipe\/karim-boumazguida\/#breadcrumb\"},\"inLanguage\":\"fr-FR\",\"potentialAction\":[{\"@type\":\"ReadAction\",\"target\":[\"https:\/\/web.umons.ac.be\/spin\/equipe\/karim-boumazguida\/\"]}]},{\"@type\":\"ImageObject\",\"inLanguage\":\"fr-FR\",\"@id\":\"https:\/\/web.umons.ac.be\/spin\/equipe\/karim-boumazguida\/#primaryimage\",\"url\":\"https:\/\/web.umons.ac.be\/app\/uploads\/sites\/129\/2023\/03\/KB-280x300.png\",\"contentUrl\":\"https:\/\/web.umons.ac.be\/app\/uploads\/sites\/129\/2023\/03\/KB-280x300.png\"},{\"@type\":\"BreadcrumbList\",\"@id\":\"https:\/\/web.umons.ac.be\/spin\/equipe\/karim-boumazguida\/#breadcrumb\",\"itemListElement\":[{\"@type\":\"ListItem\",\"position\":1,\"name\":\"Home\",\"item\":\"https:\/\/web.umons.ac.be\/spin\/\"},{\"@type\":\"ListItem\",\"position\":2,\"name\":\"\u00c9quipe\",\"item\":\"https:\/\/web.umons.ac.be\/spin\/equipe\/\"},{\"@type\":\"ListItem\",\"position\":3,\"name\":\"Karim Boumazguida\"}]},{\"@type\":\"WebSite\",\"@id\":\"https:\/\/web.umons.ac.be\/spin\/#website\",\"url\":\"https:\/\/web.umons.ac.be\/spin\/\",\"name\":\"Service \/ FPSE - Ing\u00e9nierie p\u00e9dagogique et num\u00e9rique \u00e9ducatif\",\"description\":\"\",\"potentialAction\":[{\"@type\":\"SearchAction\",\"target\":{\"@type\":\"EntryPoint\",\"urlTemplate\":\"https:\/\/web.umons.ac.be\/spin\/?s={search_term_string}\"},\"query-input\":{\"@type\":\"PropertyValueSpecification\",\"valueRequired\":true,\"valueName\":\"search_term_string\"}}],\"inLanguage\":\"fr-FR\"}]}<\/script>\n<!-- \/ Yoast SEO plugin. -->","yoast_head_json":{"title":"Karim Boumazguida - Service \/ FPSE - Ing\u00e9nierie p\u00e9dagogique et num\u00e9rique \u00e9ducatif","robots":{"index":"index","follow":"follow","max-snippet":"max-snippet:-1","max-image-preview":"max-image-preview:large","max-video-preview":"max-video-preview:-1"},"canonical":"https:\/\/web.umons.ac.be\/spin\/equipe\/karim-boumazguida\/","og_locale":"fr_FR","og_type":"article","og_title":"Karim Boumazguida - Service \/ FPSE - Ing\u00e9nierie p\u00e9dagogique et num\u00e9rique \u00e9ducatif","og_description":"Charg\u00e9 de cours Karim Boumazguida est titulaire d\u2019une charge de cours en \u00c9ducation \u00e0 la citoyennet\u00e9 num\u00e9rique au sein du Service d&rsquo;Ing\u00e9nierie P\u00e9dagogique et Num\u00e9rique \u00e9ducatif (IPN) de la Facult\u00e9 de Psychologie et des Sciences de l\u2019\u00e9ducation (FPSE) de l&rsquo;Universit\u00e9 de Mons (UMONS). Ses th\u00e8mes de recherche se rapportent \u00e0 l\u2019utilisation &#8211; r\u00e9fl\u00e9chie &#8211; des [&hellip;]","og_url":"https:\/\/web.umons.ac.be\/spin\/equipe\/karim-boumazguida\/","og_site_name":"Service \/ FPSE - Ing\u00e9nierie p\u00e9dagogique et num\u00e9rique \u00e9ducatif","article_modified_time":"2023-03-09T16:27:49+00:00","og_image":[{"url":"https:\/\/web.umons.ac.be\/app\/uploads\/sites\/129\/2023\/03\/KB-280x300.png","type":"","width":"","height":""}],"twitter_card":"summary_large_image","twitter_misc":{"Dur\u00e9e de lecture estim\u00e9e":"3 minutes"},"schema":{"@context":"https:\/\/schema.org","@graph":[{"@type":"WebPage","@id":"https:\/\/web.umons.ac.be\/spin\/equipe\/karim-boumazguida\/","url":"https:\/\/web.umons.ac.be\/spin\/equipe\/karim-boumazguida\/","name":"Karim Boumazguida - Service \/ FPSE - Ing\u00e9nierie p\u00e9dagogique et num\u00e9rique \u00e9ducatif","isPartOf":{"@id":"https:\/\/web.umons.ac.be\/spin\/#website"},"primaryImageOfPage":{"@id":"https:\/\/web.umons.ac.be\/spin\/equipe\/karim-boumazguida\/#primaryimage"},"image":{"@id":"https:\/\/web.umons.ac.be\/spin\/equipe\/karim-boumazguida\/#primaryimage"},"thumbnailUrl":"https:\/\/web.umons.ac.be\/app\/uploads\/sites\/129\/2023\/03\/KB-280x300.png","datePublished":"2023-03-08T15:50:22+00:00","dateModified":"2023-03-09T16:27:49+00:00","breadcrumb":{"@id":"https:\/\/web.umons.ac.be\/spin\/equipe\/karim-boumazguida\/#breadcrumb"},"inLanguage":"fr-FR","potentialAction":[{"@type":"ReadAction","target":["https:\/\/web.umons.ac.be\/spin\/equipe\/karim-boumazguida\/"]}]},{"@type":"ImageObject","inLanguage":"fr-FR","@id":"https:\/\/web.umons.ac.be\/spin\/equipe\/karim-boumazguida\/#primaryimage","url":"https:\/\/web.umons.ac.be\/app\/uploads\/sites\/129\/2023\/03\/KB-280x300.png","contentUrl":"https:\/\/web.umons.ac.be\/app\/uploads\/sites\/129\/2023\/03\/KB-280x300.png"},{"@type":"BreadcrumbList","@id":"https:\/\/web.umons.ac.be\/spin\/equipe\/karim-boumazguida\/#breadcrumb","itemListElement":[{"@type":"ListItem","position":1,"name":"Home","item":"https:\/\/web.umons.ac.be\/spin\/"},{"@type":"ListItem","position":2,"name":"\u00c9quipe","item":"https:\/\/web.umons.ac.be\/spin\/equipe\/"},{"@type":"ListItem","position":3,"name":"Karim Boumazguida"}]},{"@type":"WebSite","@id":"https:\/\/web.umons.ac.be\/spin\/#website","url":"https:\/\/web.umons.ac.be\/spin\/","name":"Service \/ FPSE - Ing\u00e9nierie p\u00e9dagogique et num\u00e9rique \u00e9ducatif","description":"","potentialAction":[{"@type":"SearchAction","target":{"@type":"EntryPoint","urlTemplate":"https:\/\/web.umons.ac.be\/spin\/?s={search_term_string}"},"query-input":{"@type":"PropertyValueSpecification","valueRequired":true,"valueName":"search_term_string"}}],"inLanguage":"fr-FR"}]}},"lang":"fr","translations":{"fr":331},"pll_sync_post":[],"_links":{"self":[{"href":"https:\/\/web.umons.ac.be\/spin\/wp-json\/wp\/v2\/pages\/331","targetHints":{"allow":["GET"]}}],"collection":[{"href":"https:\/\/web.umons.ac.be\/spin\/wp-json\/wp\/v2\/pages"}],"about":[{"href":"https:\/\/web.umons.ac.be\/spin\/wp-json\/wp\/v2\/types\/page"}],"author":[{"embeddable":true,"href":"https:\/\/web.umons.ac.be\/spin\/wp-json\/wp\/v2\/users\/197"}],"replies":[{"embeddable":true,"href":"https:\/\/web.umons.ac.be\/spin\/wp-json\/wp\/v2\/comments?post=331"}],"version-history":[{"count":3,"href":"https:\/\/web.umons.ac.be\/spin\/wp-json\/wp\/v2\/pages\/331\/revisions"}],"predecessor-version":[{"id":399,"href":"https:\/\/web.umons.ac.be\/spin\/wp-json\/wp\/v2\/pages\/331\/revisions\/399"}],"up":[{"embeddable":true,"href":"https:\/\/web.umons.ac.be\/spin\/wp-json\/wp\/v2\/pages\/7"}],"wp:attachment":[{"href":"https:\/\/web.umons.ac.be\/spin\/wp-json\/wp\/v2\/media?parent=331"}],"curies":[{"name":"wp","href":"https:\/\/api.w.org\/{rel}","templated":true}]}}