{"id":338,"date":"2023-03-08T17:03:28","date_gmt":"2023-03-08T16:03:28","guid":{"rendered":"https:\/\/web.umons.ac.be\/spin\/?page_id=338"},"modified":"2023-12-12T12:19:33","modified_gmt":"2023-12-12T11:19:33","slug":"oceane-deruwe","status":"publish","type":"page","link":"https:\/\/web.umons.ac.be\/spin\/equipe\/oceane-deruwe\/","title":{"rendered":"Oc\u00e9ane D\u00e9ruw\u00e9"},"content":{"rendered":"<h5><b><img loading=\"lazy\" decoding=\"async\" class=\" wp-image-339 alignleft\" src=\"https:\/\/web.umons.ac.be\/app\/uploads\/sites\/129\/2023\/03\/OD-300x300.jpg\" alt=\"\" width=\"200\" height=\"200\" srcset=\"https:\/\/web.umons.ac.be\/app\/uploads\/sites\/129\/2023\/03\/OD-300x300.jpg 300w, https:\/\/web.umons.ac.be\/app\/uploads\/sites\/129\/2023\/03\/OD-150x150.jpg 150w, https:\/\/web.umons.ac.be\/app\/uploads\/sites\/129\/2023\/03\/OD-30x30.jpg 30w, https:\/\/web.umons.ac.be\/app\/uploads\/sites\/129\/2023\/03\/OD-80x80.jpg 80w, https:\/\/web.umons.ac.be\/app\/uploads\/sites\/129\/2023\/03\/OD-60x60.jpg 60w, https:\/\/web.umons.ac.be\/app\/uploads\/sites\/129\/2023\/03\/OD-360x360.jpg 360w, https:\/\/web.umons.ac.be\/app\/uploads\/sites\/129\/2023\/03\/OD-200x200.jpg 200w, https:\/\/web.umons.ac.be\/app\/uploads\/sites\/129\/2023\/03\/OD.jpg 366w\" sizes=\"auto, (max-width: 200px) 100vw, 200px\" \/>Adjointe \u00e0 la recherche\u00a0<\/b><\/h5>\n<p style=\"text-align: justify;\"><span style=\"font-weight: 400;\">Institutrice primaire de formation, Oc\u00e9ane D\u00e9ruw\u00e9 a poursuivi directement le master en sciences de l\u2019\u00e9ducation \u00e0 finalit\u00e9 sp\u00e9cialis\u00e9e en technologie de l\u2019\u00e9ducation. De septembre 2022 \u00e0 ao\u00fbt 2023, elle a occup\u00e9 le poste d&rsquo;adjointe de recherche \u00e0 l\u2019Universit\u00e9 de Mons dans le service d\u2019Ing\u00e9nierie P\u00e9dagogique et du Num\u00e9rique \u00e9ducatif. Dans le cadre du projet Pacte pour un enseignement d\u2019Excellence dirig\u00e9 par la F\u00e9d\u00e9ration Wallonie Bruxelles, elle travaillait au sein du groupe de travail \u00ab l\u2019\u00e9ducation en math\u00e9matiques, en g\u00e9ographie et en sciences \u00bb. Son r\u00f4le \u00e9tait d\u2019identifier et de concevoir des dispositifs num\u00e9riques, afin d\u2019accompagner les enseignants dans la transition num\u00e9rique.\u00a0<\/span><\/p>\n<p>&nbsp;<\/p>\n<p>&nbsp;<\/p>\n<start-cask-shortcode-wrapper>    <div class=\"tabs scheme-fpse\">\n        <nav class=\"tabs-nav\">\n            <ul class=\"tabs-menu\">\n                                <li class=\"tabs-menu-item active\">\n                    <a href=\"#pane-tab-657842219fa6d\" class=\"tabs-menu-link scheme-color scheme-color-hover scheme-after-background-important\">\n                        Linkedin                    <\/a>\n                <\/li>\n                                <li class=\"tabs-menu-item\">\n                    <a href=\"#pane-tab-657842219fba5\" class=\"tabs-menu-link scheme-color scheme-color-hover scheme-after-background-important\">\n                        Publications sur ORBI                    <\/a>\n                <\/li>\n                                <li class=\"tabs-menu-item\">\n                    <a href=\"#pane-tab-657842219fc9f\" class=\"tabs-menu-link scheme-color scheme-color-hover scheme-after-background-important\">\n                        ResearchGate                    <\/a>\n                <\/li>\n                            <\/ul>\n        <\/nav>\n        <div class=\"tabs-panes\">\n                            <button class=\"expand-toggle button-expand accordion-bellow-toggle scheme-background-hover open\" data-target=\"#pane-tab-657842219fa6d\">\n                    Linkedin                    <span class=\"icon arrow umons-icon umons-icon-chevron-down\" aria-hidden=\"true\"><\/span>\n                <\/button>\n                <div id=\"pane-tab-657842219fa6d\" class=\"tabs-pane active\">\n                    <div class=\"tabs-pane-inner editor-front\">\n                        <a href=\"https:\/\/www.linkedin.com\/in\/oc\u00e9ane-d\u00e9ruw\u00e9-564509222\/\">https:\/\/www.linkedin.com\/in\/oc\u00e9ane-d\u00e9ruw\u00e9-564509222\/<\/a>                    <\/div>\n                <\/div>\n                            <button class=\"expand-toggle button-expand accordion-bellow-toggle scheme-background-hover\" data-target=\"#pane-tab-657842219fba5\">\n                    Publications sur ORBI                    <span class=\"icon arrow umons-icon umons-icon-chevron-down\" aria-hidden=\"true\"><\/span>\n                <\/button>\n                <div id=\"pane-tab-657842219fba5\" class=\"tabs-pane\">\n                    <div class=\"tabs-pane-inner editor-front\">\n                        <a href=\"https:\/\/orbi.umons.ac.be\/profile?uid=537210\">https:\/\/orbi.umons.ac.be\/profile?uid=537210<\/a>                    <\/div>\n                <\/div>\n                            <button class=\"expand-toggle button-expand accordion-bellow-toggle scheme-background-hover\" data-target=\"#pane-tab-657842219fc9f\">\n                    ResearchGate                    <span class=\"icon arrow umons-icon umons-icon-chevron-down\" aria-hidden=\"true\"><\/span>\n                <\/button>\n                <div id=\"pane-tab-657842219fc9f\" class=\"tabs-pane\">\n                    <div class=\"tabs-pane-inner editor-front\">\n                        <a href=\"https:\/\/www.researchgate.net\/profile\/Deruwe-Oceane-2\">https:\/\/www.researchgate.net\/profile\/Deruwe-Oceane-2<\/a>                    <\/div>\n                <\/div>\n                    <\/div>\n    <\/div><end-cask-shortcode-wrapper>\n","protected":false},"excerpt":{"rendered":"<p>Adjointe \u00e0 la recherche\u00a0 Institutrice primaire de formation, Oc\u00e9ane D\u00e9ruw\u00e9 a poursuivi directement le master en sciences de l\u2019\u00e9ducation \u00e0 finalit\u00e9 sp\u00e9cialis\u00e9e en technologie de l\u2019\u00e9ducation. De septembre 2022 \u00e0 ao\u00fbt 2023, elle a occup\u00e9 le poste d&rsquo;adjointe de recherche \u00e0 l\u2019Universit\u00e9 de Mons dans le service d\u2019Ing\u00e9nierie P\u00e9dagogique et du Num\u00e9rique \u00e9ducatif. Dans le [&hellip;]<\/p>\n","protected":false},"author":197,"featured_media":0,"parent":7,"menu_order":0,"comment_status":"closed","ping_status":"closed","template":"","meta":{"footnotes":""},"class_list":["post-338","page","type-page","status-publish","hentry"],"yoast_head":"<!-- This site is optimized with the Yoast SEO plugin v27.2 - https:\/\/yoast.com\/product\/yoast-seo-wordpress\/ -->\n<title>Oc\u00e9ane D\u00e9ruw\u00e9 - Service \/ FPSE - Ing\u00e9nierie p\u00e9dagogique et num\u00e9rique \u00e9ducatif<\/title>\n<meta name=\"robots\" content=\"index, follow, max-snippet:-1, max-image-preview:large, max-video-preview:-1\" \/>\n<link rel=\"canonical\" href=\"https:\/\/web.umons.ac.be\/spin\/equipe\/oceane-deruwe\/\" \/>\n<meta property=\"og:locale\" content=\"fr_FR\" \/>\n<meta property=\"og:type\" content=\"article\" \/>\n<meta property=\"og:title\" content=\"Oc\u00e9ane D\u00e9ruw\u00e9 - Service \/ FPSE - Ing\u00e9nierie p\u00e9dagogique et num\u00e9rique \u00e9ducatif\" \/>\n<meta property=\"og:description\" content=\"Adjointe \u00e0 la recherche\u00a0 Institutrice primaire de formation, Oc\u00e9ane D\u00e9ruw\u00e9 a poursuivi directement le master en sciences de l\u2019\u00e9ducation \u00e0 finalit\u00e9 sp\u00e9cialis\u00e9e en technologie de l\u2019\u00e9ducation. De septembre 2022 \u00e0 ao\u00fbt 2023, elle a occup\u00e9 le poste d&rsquo;adjointe de recherche \u00e0 l\u2019Universit\u00e9 de Mons dans le service d\u2019Ing\u00e9nierie P\u00e9dagogique et du Num\u00e9rique \u00e9ducatif. Dans le [&hellip;]\" \/>\n<meta property=\"og:url\" content=\"https:\/\/web.umons.ac.be\/spin\/equipe\/oceane-deruwe\/\" \/>\n<meta property=\"og:site_name\" content=\"Service \/ FPSE - Ing\u00e9nierie p\u00e9dagogique et num\u00e9rique \u00e9ducatif\" \/>\n<meta property=\"article:modified_time\" content=\"2023-12-12T11:19:33+00:00\" \/>\n<meta property=\"og:image\" content=\"https:\/\/web.umons.ac.be\/app\/uploads\/sites\/129\/2023\/03\/OD-300x300.jpg\" \/>\n<meta name=\"twitter:card\" content=\"summary_large_image\" \/>\n<meta name=\"twitter:label1\" content=\"Dur\u00e9e de lecture estim\u00e9e\" \/>\n\t<meta name=\"twitter:data1\" content=\"1 minute\" \/>\n<script type=\"application\/ld+json\" class=\"yoast-schema-graph\">{\"@context\":\"https:\/\/schema.org\",\"@graph\":[{\"@type\":\"WebPage\",\"@id\":\"https:\/\/web.umons.ac.be\/spin\/equipe\/oceane-deruwe\/\",\"url\":\"https:\/\/web.umons.ac.be\/spin\/equipe\/oceane-deruwe\/\",\"name\":\"Oc\u00e9ane D\u00e9ruw\u00e9 - Service \/ FPSE - Ing\u00e9nierie p\u00e9dagogique et num\u00e9rique \u00e9ducatif\",\"isPartOf\":{\"@id\":\"https:\/\/web.umons.ac.be\/spin\/#website\"},\"primaryImageOfPage\":{\"@id\":\"https:\/\/web.umons.ac.be\/spin\/equipe\/oceane-deruwe\/#primaryimage\"},\"image\":{\"@id\":\"https:\/\/web.umons.ac.be\/spin\/equipe\/oceane-deruwe\/#primaryimage\"},\"thumbnailUrl\":\"https:\/\/web.umons.ac.be\/app\/uploads\/sites\/129\/2023\/03\/OD-300x300.jpg\",\"datePublished\":\"2023-03-08T16:03:28+00:00\",\"dateModified\":\"2023-12-12T11:19:33+00:00\",\"breadcrumb\":{\"@id\":\"https:\/\/web.umons.ac.be\/spin\/equipe\/oceane-deruwe\/#breadcrumb\"},\"inLanguage\":\"fr-FR\",\"potentialAction\":[{\"@type\":\"ReadAction\",\"target\":[\"https:\/\/web.umons.ac.be\/spin\/equipe\/oceane-deruwe\/\"]}]},{\"@type\":\"ImageObject\",\"inLanguage\":\"fr-FR\",\"@id\":\"https:\/\/web.umons.ac.be\/spin\/equipe\/oceane-deruwe\/#primaryimage\",\"url\":\"https:\/\/web.umons.ac.be\/app\/uploads\/sites\/129\/2023\/03\/OD-300x300.jpg\",\"contentUrl\":\"https:\/\/web.umons.ac.be\/app\/uploads\/sites\/129\/2023\/03\/OD-300x300.jpg\"},{\"@type\":\"BreadcrumbList\",\"@id\":\"https:\/\/web.umons.ac.be\/spin\/equipe\/oceane-deruwe\/#breadcrumb\",\"itemListElement\":[{\"@type\":\"ListItem\",\"position\":1,\"name\":\"Home\",\"item\":\"https:\/\/web.umons.ac.be\/spin\/\"},{\"@type\":\"ListItem\",\"position\":2,\"name\":\"\u00c9quipe\",\"item\":\"https:\/\/web.umons.ac.be\/spin\/equipe\/\"},{\"@type\":\"ListItem\",\"position\":3,\"name\":\"Oc\u00e9ane D\u00e9ruw\u00e9\"}]},{\"@type\":\"WebSite\",\"@id\":\"https:\/\/web.umons.ac.be\/spin\/#website\",\"url\":\"https:\/\/web.umons.ac.be\/spin\/\",\"name\":\"Service \/ FPSE - Ing\u00e9nierie p\u00e9dagogique et num\u00e9rique \u00e9ducatif\",\"description\":\"\",\"potentialAction\":[{\"@type\":\"SearchAction\",\"target\":{\"@type\":\"EntryPoint\",\"urlTemplate\":\"https:\/\/web.umons.ac.be\/spin\/?s={search_term_string}\"},\"query-input\":{\"@type\":\"PropertyValueSpecification\",\"valueRequired\":true,\"valueName\":\"search_term_string\"}}],\"inLanguage\":\"fr-FR\"}]}<\/script>\n<!-- \/ Yoast SEO plugin. -->","yoast_head_json":{"title":"Oc\u00e9ane D\u00e9ruw\u00e9 - Service \/ FPSE - Ing\u00e9nierie p\u00e9dagogique et num\u00e9rique \u00e9ducatif","robots":{"index":"index","follow":"follow","max-snippet":"max-snippet:-1","max-image-preview":"max-image-preview:large","max-video-preview":"max-video-preview:-1"},"canonical":"https:\/\/web.umons.ac.be\/spin\/equipe\/oceane-deruwe\/","og_locale":"fr_FR","og_type":"article","og_title":"Oc\u00e9ane D\u00e9ruw\u00e9 - Service \/ FPSE - Ing\u00e9nierie p\u00e9dagogique et num\u00e9rique \u00e9ducatif","og_description":"Adjointe \u00e0 la recherche\u00a0 Institutrice primaire de formation, Oc\u00e9ane D\u00e9ruw\u00e9 a poursuivi directement le master en sciences de l\u2019\u00e9ducation \u00e0 finalit\u00e9 sp\u00e9cialis\u00e9e en technologie de l\u2019\u00e9ducation. De septembre 2022 \u00e0 ao\u00fbt 2023, elle a occup\u00e9 le poste d&rsquo;adjointe de recherche \u00e0 l\u2019Universit\u00e9 de Mons dans le service d\u2019Ing\u00e9nierie P\u00e9dagogique et du Num\u00e9rique \u00e9ducatif. Dans le [&hellip;]","og_url":"https:\/\/web.umons.ac.be\/spin\/equipe\/oceane-deruwe\/","og_site_name":"Service \/ FPSE - Ing\u00e9nierie p\u00e9dagogique et num\u00e9rique \u00e9ducatif","article_modified_time":"2023-12-12T11:19:33+00:00","og_image":[{"url":"https:\/\/web.umons.ac.be\/app\/uploads\/sites\/129\/2023\/03\/OD-300x300.jpg","type":"","width":"","height":""}],"twitter_card":"summary_large_image","twitter_misc":{"Dur\u00e9e de lecture estim\u00e9e":"1 minute"},"schema":{"@context":"https:\/\/schema.org","@graph":[{"@type":"WebPage","@id":"https:\/\/web.umons.ac.be\/spin\/equipe\/oceane-deruwe\/","url":"https:\/\/web.umons.ac.be\/spin\/equipe\/oceane-deruwe\/","name":"Oc\u00e9ane D\u00e9ruw\u00e9 - Service \/ FPSE - Ing\u00e9nierie p\u00e9dagogique et num\u00e9rique \u00e9ducatif","isPartOf":{"@id":"https:\/\/web.umons.ac.be\/spin\/#website"},"primaryImageOfPage":{"@id":"https:\/\/web.umons.ac.be\/spin\/equipe\/oceane-deruwe\/#primaryimage"},"image":{"@id":"https:\/\/web.umons.ac.be\/spin\/equipe\/oceane-deruwe\/#primaryimage"},"thumbnailUrl":"https:\/\/web.umons.ac.be\/app\/uploads\/sites\/129\/2023\/03\/OD-300x300.jpg","datePublished":"2023-03-08T16:03:28+00:00","dateModified":"2023-12-12T11:19:33+00:00","breadcrumb":{"@id":"https:\/\/web.umons.ac.be\/spin\/equipe\/oceane-deruwe\/#breadcrumb"},"inLanguage":"fr-FR","potentialAction":[{"@type":"ReadAction","target":["https:\/\/web.umons.ac.be\/spin\/equipe\/oceane-deruwe\/"]}]},{"@type":"ImageObject","inLanguage":"fr-FR","@id":"https:\/\/web.umons.ac.be\/spin\/equipe\/oceane-deruwe\/#primaryimage","url":"https:\/\/web.umons.ac.be\/app\/uploads\/sites\/129\/2023\/03\/OD-300x300.jpg","contentUrl":"https:\/\/web.umons.ac.be\/app\/uploads\/sites\/129\/2023\/03\/OD-300x300.jpg"},{"@type":"BreadcrumbList","@id":"https:\/\/web.umons.ac.be\/spin\/equipe\/oceane-deruwe\/#breadcrumb","itemListElement":[{"@type":"ListItem","position":1,"name":"Home","item":"https:\/\/web.umons.ac.be\/spin\/"},{"@type":"ListItem","position":2,"name":"\u00c9quipe","item":"https:\/\/web.umons.ac.be\/spin\/equipe\/"},{"@type":"ListItem","position":3,"name":"Oc\u00e9ane D\u00e9ruw\u00e9"}]},{"@type":"WebSite","@id":"https:\/\/web.umons.ac.be\/spin\/#website","url":"https:\/\/web.umons.ac.be\/spin\/","name":"Service \/ FPSE - Ing\u00e9nierie p\u00e9dagogique et num\u00e9rique \u00e9ducatif","description":"","potentialAction":[{"@type":"SearchAction","target":{"@type":"EntryPoint","urlTemplate":"https:\/\/web.umons.ac.be\/spin\/?s={search_term_string}"},"query-input":{"@type":"PropertyValueSpecification","valueRequired":true,"valueName":"search_term_string"}}],"inLanguage":"fr-FR"}]}},"lang":"fr","translations":{"fr":338},"pll_sync_post":[],"_links":{"self":[{"href":"https:\/\/web.umons.ac.be\/spin\/wp-json\/wp\/v2\/pages\/338","targetHints":{"allow":["GET"]}}],"collection":[{"href":"https:\/\/web.umons.ac.be\/spin\/wp-json\/wp\/v2\/pages"}],"about":[{"href":"https:\/\/web.umons.ac.be\/spin\/wp-json\/wp\/v2\/types\/page"}],"author":[{"embeddable":true,"href":"https:\/\/web.umons.ac.be\/spin\/wp-json\/wp\/v2\/users\/197"}],"replies":[{"embeddable":true,"href":"https:\/\/web.umons.ac.be\/spin\/wp-json\/wp\/v2\/comments?post=338"}],"version-history":[{"count":3,"href":"https:\/\/web.umons.ac.be\/spin\/wp-json\/wp\/v2\/pages\/338\/revisions"}],"predecessor-version":[{"id":696,"href":"https:\/\/web.umons.ac.be\/spin\/wp-json\/wp\/v2\/pages\/338\/revisions\/696"}],"up":[{"embeddable":true,"href":"https:\/\/web.umons.ac.be\/spin\/wp-json\/wp\/v2\/pages\/7"}],"wp:attachment":[{"href":"https:\/\/web.umons.ac.be\/spin\/wp-json\/wp\/v2\/media?parent=338"}],"curies":[{"name":"wp","href":"https:\/\/api.w.org\/{rel}","templated":true}]}}