{"id":342,"date":"2023-03-08T17:11:04","date_gmt":"2023-03-08T16:11:04","guid":{"rendered":"https:\/\/web.umons.ac.be\/spin\/?page_id=342"},"modified":"2026-03-09T17:02:21","modified_gmt":"2026-03-09T16:02:21","slug":"sarah-descamps","status":"publish","type":"page","link":"https:\/\/web.umons.ac.be\/spin\/equipe\/sarah-descamps\/","title":{"rendered":"Sarah Descamps"},"content":{"rendered":"<h5><b><img loading=\"lazy\" decoding=\"async\" class=\"wp-image-343 alignleft\" src=\"https:\/\/web.umons.ac.be\/app\/uploads\/sites\/129\/2023\/03\/SD-300x300.jpg\" alt=\"\" width=\"199\" height=\"199\" srcset=\"https:\/\/web.umons.ac.be\/app\/uploads\/sites\/129\/2023\/03\/SD-300x300.jpg 300w, https:\/\/web.umons.ac.be\/app\/uploads\/sites\/129\/2023\/03\/SD-150x150.jpg 150w, https:\/\/web.umons.ac.be\/app\/uploads\/sites\/129\/2023\/03\/SD-663x660.jpg 663w, https:\/\/web.umons.ac.be\/app\/uploads\/sites\/129\/2023\/03\/SD-30x30.jpg 30w, https:\/\/web.umons.ac.be\/app\/uploads\/sites\/129\/2023\/03\/SD-80x80.jpg 80w, https:\/\/web.umons.ac.be\/app\/uploads\/sites\/129\/2023\/03\/SD-60x60.jpg 60w, https:\/\/web.umons.ac.be\/app\/uploads\/sites\/129\/2023\/03\/SD-360x359.jpg 360w, https:\/\/web.umons.ac.be\/app\/uploads\/sites\/129\/2023\/03\/SD-400x400.jpg 400w, https:\/\/web.umons.ac.be\/app\/uploads\/sites\/129\/2023\/03\/SD-200x200.jpg 200w, https:\/\/web.umons.ac.be\/app\/uploads\/sites\/129\/2023\/03\/SD.jpg 720w\" sizes=\"auto, (max-width: 199px) 100vw, 199px\" \/>Assistante de recherche &#8211; Docteure<\/b><\/h5>\n<p style=\"text-align: justify;\">Enseignante en sciences humaines (histoire, g\u00e9ographie et sciences sociales) de formation, Sarah Descamps a poursuivi ses \u00e9tudes en Sciences de l\u2019\u00c9ducation en se sp\u00e9cialisant dans les technologies de l\u2019\u00e9ducation.<\/p>\n<p style=\"text-align: justify;\">Depuis janvier 2018, elle occupe un poste d\u2019assistante de recherche \u00e0 l\u2019Universit\u00e9 de Mons dans le service d\u2019Ing\u00e9nierie P\u00e9dagogique et du Num\u00e9rique \u00e9ducatif. Dans un premier temps, elle a travaill\u00e9 sur l\u2019\u00e9ducation au num\u00e9rique en identifiant des dispositifs d\u00e9veloppant des comp\u00e9tences num\u00e9riques. Ensuite, elle a \u00e9t\u00e9 rattach\u00e9e \u00e0 un groupe de travail sur \u00ab l\u2019\u00e9ducation en sciences humaines et sociales, philosophie et citoyennet\u00e9 \u00bb. Son r\u00f4le \u00e9tait de donner une dimension num\u00e9rique \u00e0 ce consortium en travaillant sur la recherche d\u2019informations en ligne, en continuant le travail d\u2019identification de dispositifs sp\u00e9cifiquement \u00e0 cette discipline et en r\u00e9alisant des ateliers pour les enseignants en formation initiale.<\/p>\n<p style=\"text-align: justify;\">Elle a particip\u00e9 au projet <em>Erasmus+ Conecte<\/em> en partenariat avec le Liban afin de les former et les aider \u00e0 la conception d\u2019environnement d\u2019apprentissage virtuel, ainsi qu\u2019au projet <em>Teach Transition<\/em> qui a men\u00e9 \u00e0 la cr\u00e9ation du certificat universitaire <em>Num\u00e9rique pour l\u2019Enseignement et la Formation d\u2019Adulte<\/em>. Depuis, 2023, elle participe au projet de recherche <em>Erasmus + HayKa<\/em> qui vise \u00e0 renforcer la recherche doctorale malgache pour un futur durable.<\/p>\n<p style=\"text-align: justify;\">Depuis 2024, elle est \u00e9galement en charge de l\u2019assurance qualit\u00e9 du projet Interreg Open Badges for IT, dont l\u2019objectif est de transformer la mani\u00e8re dont les comp\u00e9tences sont reconnues et valoris\u00e9es dans le domaine des technologies de l\u2019information gr\u00e2ce \u00e0 l\u2019utilisation des Open Badges.\u00a0Depuis 2025, elle participe au projet Erasmus+ ACCESS, qui vise \u00e0 acc\u00e9l\u00e9rer la transformation num\u00e9rique de l\u2019enseignement sup\u00e9rieur vietnamien afin d\u2019am\u00e9liorer les comp\u00e9tences p\u00e9dagogiques des enseignants et de pr\u00e9parer les \u00e9tudiants aux enjeux du num\u00e9rique et de l\u2019employabilit\u00e9.<\/p>\n<p style=\"text-align: justify;\">Sarah Descamps a r\u00e9alis\u00e9 une th\u00e8se de doctorat intitul\u00e9e \u00ab<a href=\"https:\/\/hdl.handle.net\/20.500.12907\/55722\"> La protection de l\u2019environnement, une comp\u00e9tence num\u00e9rique : conception, mise en \u0153uvre et \u00e9valuation d\u2019une \u00e9ducation \u00e0 la sobri\u00e9t\u00e9 num\u00e9rique<\/a> \u00bb (sous la direction des Profs G. Temperman et B. De Li\u00e8vre). Dans le cadre de sa recherche doctorale, la protection de l\u2019environnement comme une comp\u00e9tence num\u00e9rique, l\u2019\u00e9ducation \u00e0 la sobri\u00e9t\u00e9 num\u00e9rique et le d\u00e9cryptage du greenwashing\u00a0 font \u00e9galement partie de ses axes de recherche en sciences de l\u2019\u00e9ducation.<\/p>\n<p style=\"text-align: justify;\">Dans le cadre de sa th\u00e8se, elle a con\u00e7u le guide p\u00e9dagogique d&rsquo;\u00e9ducation \u00e0 la sobri\u00e9t\u00e9 num\u00e9rique <a href=\"https:\/\/www.educonetimpact.com\/\">EducoNetImpact<\/a> qui remporte le <a href=\"https:\/\/www.unesco.org\/fr\/articles\/deux-projets-innovants-en-matiere-deducation-numerique-et-deducation-verte-remportent-le-prix-unesco?hub=67390\">prix UNESCO 2023 pour l&rsquo;utilisation des TIC dans l&rsquo;\u00e9ducation<\/a>.\u00a0De 2024 \u00e0 2025, elle a collabor\u00e9 avec l\u2019Eurometropolitan e-campus dans le cadre du projet Smart@School Plus, visant \u00e0 sensibiliser et former les enseignants de l\u2019enseignement fondamental, secondaire et sup\u00e9rieur \u00e0 une utilisation raisonn\u00e9e des outils num\u00e9riques.<\/p>\n<p>&nbsp;<\/p>\n<start-cask-shortcode-wrapper>    <div class=\"tabs scheme-fpse\">\n        <nav class=\"tabs-nav\">\n            <ul class=\"tabs-menu\">\n                                <li class=\"tabs-menu-item active\">\n                    <a href=\"#pane-tab-67bc9a32e784d\" class=\"tabs-menu-link scheme-color scheme-color-hover scheme-after-background-important\">\n                        Contact                    <\/a>\n                <\/li>\n                                <li class=\"tabs-menu-item\">\n                    <a href=\"#pane-tab-67bc9a32f1f5f\" class=\"tabs-menu-link scheme-color scheme-color-hover scheme-after-background-important\">\n                        Linkedin                    <\/a>\n                <\/li>\n                                <li class=\"tabs-menu-item\">\n                    <a href=\"#pane-tab-67bc9a32f218c\" class=\"tabs-menu-link scheme-color scheme-color-hover scheme-after-background-important\">\n                        Publications on ORBI                    <\/a>\n                <\/li>\n                                <li class=\"tabs-menu-item\">\n                    <a href=\"#pane-tab-67bc9a32f2327\" class=\"tabs-menu-link scheme-color scheme-color-hover scheme-after-background-important\">\n                        ResearchGate                    <\/a>\n                <\/li>\n                            <\/ul>\n        <\/nav>\n        <div class=\"tabs-panes\">\n                            <button class=\"expand-toggle button-expand accordion-bellow-toggle scheme-background-hover open\" data-target=\"#pane-tab-67bc9a32e784d\">\n                    Contact                    <span class=\"icon arrow umons-icon umons-icon-chevron-down\" aria-hidden=\"true\"><\/span>\n                <\/button>\n                <div id=\"pane-tab-67bc9a32e784d\" class=\"tabs-pane active\">\n                    <div class=\"tabs-pane-inner editor-front\">\n                        <strong>\u00a0<a href=\"mailto:Sarah.DESCAMPS@umons.ac.be\">Sarah.DESCAMPS@umons.ac.be<\/a> <\/strong>                    <\/div>\n                <\/div>\n                            <button class=\"expand-toggle button-expand accordion-bellow-toggle scheme-background-hover\" data-target=\"#pane-tab-67bc9a32f1f5f\">\n                    Linkedin                    <span class=\"icon arrow umons-icon umons-icon-chevron-down\" aria-hidden=\"true\"><\/span>\n                <\/button>\n                <div id=\"pane-tab-67bc9a32f1f5f\" class=\"tabs-pane\">\n                    <div class=\"tabs-pane-inner editor-front\">\n                        <a href=\"https:\/\/www.linkedin.com\/in\/sarah-descamps-b2a936157\/\">https:\/\/www.linkedin.com\/in\/sarah-descamps-b2a936157\/<\/a>                    <\/div>\n                <\/div>\n                            <button class=\"expand-toggle button-expand accordion-bellow-toggle scheme-background-hover\" data-target=\"#pane-tab-67bc9a32f218c\">\n                    Publications on ORBI                    <span class=\"icon arrow umons-icon umons-icon-chevron-down\" aria-hidden=\"true\"><\/span>\n                <\/button>\n                <div id=\"pane-tab-67bc9a32f218c\" class=\"tabs-pane\">\n                    <div class=\"tabs-pane-inner editor-front\">\n                        <a href=\"https:\/\/orbi.umons.ac.be\/profile?uid=533362\">https:\/\/orbi.umons.ac.be\/profile?uid=533362<\/a>                    <\/div>\n                <\/div>\n                            <button class=\"expand-toggle button-expand accordion-bellow-toggle scheme-background-hover\" data-target=\"#pane-tab-67bc9a32f2327\">\n                    ResearchGate                    <span class=\"icon arrow umons-icon umons-icon-chevron-down\" aria-hidden=\"true\"><\/span>\n                <\/button>\n                <div id=\"pane-tab-67bc9a32f2327\" class=\"tabs-pane\">\n                    <div class=\"tabs-pane-inner editor-front\">\n                        <a href=\"https:\/\/www.researchgate.net\/profile\/Sarah-Descamps\">https:\/\/www.researchgate.net\/profile\/Sarah-Descamps<\/a>                    <\/div>\n                <\/div>\n                    <\/div>\n    <\/div><end-cask-shortcode-wrapper>\n","protected":false},"excerpt":{"rendered":"<p>Assistante de recherche &#8211; Docteure Enseignante en sciences humaines (histoire, g\u00e9ographie et sciences sociales) de formation, Sarah Descamps a poursuivi ses \u00e9tudes en Sciences de l\u2019\u00c9ducation en se sp\u00e9cialisant dans les technologies de l\u2019\u00e9ducation. Depuis janvier 2018, elle occupe un poste d\u2019assistante de recherche \u00e0 l\u2019Universit\u00e9 de Mons dans le service d\u2019Ing\u00e9nierie P\u00e9dagogique et du [&hellip;]<\/p>\n","protected":false},"author":197,"featured_media":0,"parent":7,"menu_order":0,"comment_status":"closed","ping_status":"closed","template":"","meta":{"footnotes":""},"class_list":["post-342","page","type-page","status-publish","hentry"],"yoast_head":"<!-- This site is optimized with the Yoast SEO plugin v27.2 - https:\/\/yoast.com\/product\/yoast-seo-wordpress\/ -->\n<title>Sarah Descamps - Service \/ FPSE - Ing\u00e9nierie p\u00e9dagogique et num\u00e9rique \u00e9ducatif<\/title>\n<meta name=\"robots\" content=\"index, follow, max-snippet:-1, max-image-preview:large, max-video-preview:-1\" \/>\n<link rel=\"canonical\" href=\"https:\/\/web.umons.ac.be\/spin\/equipe\/sarah-descamps\/\" \/>\n<meta property=\"og:locale\" content=\"fr_FR\" \/>\n<meta property=\"og:type\" content=\"article\" \/>\n<meta property=\"og:title\" content=\"Sarah Descamps - Service \/ FPSE - Ing\u00e9nierie p\u00e9dagogique et num\u00e9rique \u00e9ducatif\" \/>\n<meta property=\"og:description\" content=\"Assistante de recherche &#8211; Docteure Enseignante en sciences humaines (histoire, g\u00e9ographie et sciences sociales) de formation, Sarah Descamps a poursuivi ses \u00e9tudes en Sciences de l\u2019\u00c9ducation en se sp\u00e9cialisant dans les technologies de l\u2019\u00e9ducation. Depuis janvier 2018, elle occupe un poste d\u2019assistante de recherche \u00e0 l\u2019Universit\u00e9 de Mons dans le service d\u2019Ing\u00e9nierie P\u00e9dagogique et du [&hellip;]\" \/>\n<meta property=\"og:url\" content=\"https:\/\/web.umons.ac.be\/spin\/equipe\/sarah-descamps\/\" \/>\n<meta property=\"og:site_name\" content=\"Service \/ FPSE - Ing\u00e9nierie p\u00e9dagogique et num\u00e9rique \u00e9ducatif\" \/>\n<meta property=\"article:modified_time\" content=\"2026-03-09T16:02:21+00:00\" \/>\n<meta property=\"og:image\" content=\"https:\/\/web.umons.ac.be\/app\/uploads\/sites\/129\/2023\/03\/SD.jpg\" \/>\n\t<meta property=\"og:image:width\" content=\"720\" \/>\n\t<meta property=\"og:image:height\" content=\"717\" \/>\n\t<meta property=\"og:image:type\" content=\"image\/jpeg\" \/>\n<meta name=\"twitter:card\" content=\"summary_large_image\" \/>\n<meta name=\"twitter:label1\" content=\"Dur\u00e9e de lecture estim\u00e9e\" \/>\n\t<meta name=\"twitter:data1\" content=\"3 minutes\" \/>\n<script type=\"application\/ld+json\" class=\"yoast-schema-graph\">{\"@context\":\"https:\/\/schema.org\",\"@graph\":[{\"@type\":\"WebPage\",\"@id\":\"https:\/\/web.umons.ac.be\/spin\/equipe\/sarah-descamps\/\",\"url\":\"https:\/\/web.umons.ac.be\/spin\/equipe\/sarah-descamps\/\",\"name\":\"Sarah Descamps - Service \/ FPSE - Ing\u00e9nierie p\u00e9dagogique et num\u00e9rique \u00e9ducatif\",\"isPartOf\":{\"@id\":\"https:\/\/web.umons.ac.be\/spin\/#website\"},\"primaryImageOfPage\":{\"@id\":\"https:\/\/web.umons.ac.be\/spin\/equipe\/sarah-descamps\/#primaryimage\"},\"image\":{\"@id\":\"https:\/\/web.umons.ac.be\/spin\/equipe\/sarah-descamps\/#primaryimage\"},\"thumbnailUrl\":\"https:\/\/web.umons.ac.be\/app\/uploads\/sites\/129\/2023\/03\/SD-300x300.jpg\",\"datePublished\":\"2023-03-08T16:11:04+00:00\",\"dateModified\":\"2026-03-09T16:02:21+00:00\",\"breadcrumb\":{\"@id\":\"https:\/\/web.umons.ac.be\/spin\/equipe\/sarah-descamps\/#breadcrumb\"},\"inLanguage\":\"fr-FR\",\"potentialAction\":[{\"@type\":\"ReadAction\",\"target\":[\"https:\/\/web.umons.ac.be\/spin\/equipe\/sarah-descamps\/\"]}]},{\"@type\":\"ImageObject\",\"inLanguage\":\"fr-FR\",\"@id\":\"https:\/\/web.umons.ac.be\/spin\/equipe\/sarah-descamps\/#primaryimage\",\"url\":\"https:\/\/web.umons.ac.be\/app\/uploads\/sites\/129\/2023\/03\/SD-300x300.jpg\",\"contentUrl\":\"https:\/\/web.umons.ac.be\/app\/uploads\/sites\/129\/2023\/03\/SD-300x300.jpg\"},{\"@type\":\"BreadcrumbList\",\"@id\":\"https:\/\/web.umons.ac.be\/spin\/equipe\/sarah-descamps\/#breadcrumb\",\"itemListElement\":[{\"@type\":\"ListItem\",\"position\":1,\"name\":\"Home\",\"item\":\"https:\/\/web.umons.ac.be\/spin\/\"},{\"@type\":\"ListItem\",\"position\":2,\"name\":\"\u00c9quipe\",\"item\":\"https:\/\/web.umons.ac.be\/spin\/equipe\/\"},{\"@type\":\"ListItem\",\"position\":3,\"name\":\"Sarah Descamps\"}]},{\"@type\":\"WebSite\",\"@id\":\"https:\/\/web.umons.ac.be\/spin\/#website\",\"url\":\"https:\/\/web.umons.ac.be\/spin\/\",\"name\":\"Service \/ FPSE - Ing\u00e9nierie p\u00e9dagogique et num\u00e9rique \u00e9ducatif\",\"description\":\"\",\"potentialAction\":[{\"@type\":\"SearchAction\",\"target\":{\"@type\":\"EntryPoint\",\"urlTemplate\":\"https:\/\/web.umons.ac.be\/spin\/?s={search_term_string}\"},\"query-input\":{\"@type\":\"PropertyValueSpecification\",\"valueRequired\":true,\"valueName\":\"search_term_string\"}}],\"inLanguage\":\"fr-FR\"}]}<\/script>\n<!-- \/ Yoast SEO plugin. -->","yoast_head_json":{"title":"Sarah Descamps - Service \/ FPSE - Ing\u00e9nierie p\u00e9dagogique et num\u00e9rique \u00e9ducatif","robots":{"index":"index","follow":"follow","max-snippet":"max-snippet:-1","max-image-preview":"max-image-preview:large","max-video-preview":"max-video-preview:-1"},"canonical":"https:\/\/web.umons.ac.be\/spin\/equipe\/sarah-descamps\/","og_locale":"fr_FR","og_type":"article","og_title":"Sarah Descamps - Service \/ FPSE - Ing\u00e9nierie p\u00e9dagogique et num\u00e9rique \u00e9ducatif","og_description":"Assistante de recherche &#8211; Docteure Enseignante en sciences humaines (histoire, g\u00e9ographie et sciences sociales) de formation, Sarah Descamps a poursuivi ses \u00e9tudes en Sciences de l\u2019\u00c9ducation en se sp\u00e9cialisant dans les technologies de l\u2019\u00e9ducation. Depuis janvier 2018, elle occupe un poste d\u2019assistante de recherche \u00e0 l\u2019Universit\u00e9 de Mons dans le service d\u2019Ing\u00e9nierie P\u00e9dagogique et du [&hellip;]","og_url":"https:\/\/web.umons.ac.be\/spin\/equipe\/sarah-descamps\/","og_site_name":"Service \/ FPSE - Ing\u00e9nierie p\u00e9dagogique et num\u00e9rique \u00e9ducatif","article_modified_time":"2026-03-09T16:02:21+00:00","og_image":[{"width":720,"height":717,"url":"https:\/\/web.umons.ac.be\/app\/uploads\/sites\/129\/2023\/03\/SD.jpg","type":"image\/jpeg"}],"twitter_card":"summary_large_image","twitter_misc":{"Dur\u00e9e de lecture estim\u00e9e":"3 minutes"},"schema":{"@context":"https:\/\/schema.org","@graph":[{"@type":"WebPage","@id":"https:\/\/web.umons.ac.be\/spin\/equipe\/sarah-descamps\/","url":"https:\/\/web.umons.ac.be\/spin\/equipe\/sarah-descamps\/","name":"Sarah Descamps - Service \/ FPSE - Ing\u00e9nierie p\u00e9dagogique et num\u00e9rique \u00e9ducatif","isPartOf":{"@id":"https:\/\/web.umons.ac.be\/spin\/#website"},"primaryImageOfPage":{"@id":"https:\/\/web.umons.ac.be\/spin\/equipe\/sarah-descamps\/#primaryimage"},"image":{"@id":"https:\/\/web.umons.ac.be\/spin\/equipe\/sarah-descamps\/#primaryimage"},"thumbnailUrl":"https:\/\/web.umons.ac.be\/app\/uploads\/sites\/129\/2023\/03\/SD-300x300.jpg","datePublished":"2023-03-08T16:11:04+00:00","dateModified":"2026-03-09T16:02:21+00:00","breadcrumb":{"@id":"https:\/\/web.umons.ac.be\/spin\/equipe\/sarah-descamps\/#breadcrumb"},"inLanguage":"fr-FR","potentialAction":[{"@type":"ReadAction","target":["https:\/\/web.umons.ac.be\/spin\/equipe\/sarah-descamps\/"]}]},{"@type":"ImageObject","inLanguage":"fr-FR","@id":"https:\/\/web.umons.ac.be\/spin\/equipe\/sarah-descamps\/#primaryimage","url":"https:\/\/web.umons.ac.be\/app\/uploads\/sites\/129\/2023\/03\/SD-300x300.jpg","contentUrl":"https:\/\/web.umons.ac.be\/app\/uploads\/sites\/129\/2023\/03\/SD-300x300.jpg"},{"@type":"BreadcrumbList","@id":"https:\/\/web.umons.ac.be\/spin\/equipe\/sarah-descamps\/#breadcrumb","itemListElement":[{"@type":"ListItem","position":1,"name":"Home","item":"https:\/\/web.umons.ac.be\/spin\/"},{"@type":"ListItem","position":2,"name":"\u00c9quipe","item":"https:\/\/web.umons.ac.be\/spin\/equipe\/"},{"@type":"ListItem","position":3,"name":"Sarah Descamps"}]},{"@type":"WebSite","@id":"https:\/\/web.umons.ac.be\/spin\/#website","url":"https:\/\/web.umons.ac.be\/spin\/","name":"Service \/ FPSE - Ing\u00e9nierie p\u00e9dagogique et num\u00e9rique \u00e9ducatif","description":"","potentialAction":[{"@type":"SearchAction","target":{"@type":"EntryPoint","urlTemplate":"https:\/\/web.umons.ac.be\/spin\/?s={search_term_string}"},"query-input":{"@type":"PropertyValueSpecification","valueRequired":true,"valueName":"search_term_string"}}],"inLanguage":"fr-FR"}]}},"lang":"fr","translations":{"fr":342,"en":765},"pll_sync_post":[],"_links":{"self":[{"href":"https:\/\/web.umons.ac.be\/spin\/wp-json\/wp\/v2\/pages\/342","targetHints":{"allow":["GET"]}}],"collection":[{"href":"https:\/\/web.umons.ac.be\/spin\/wp-json\/wp\/v2\/pages"}],"about":[{"href":"https:\/\/web.umons.ac.be\/spin\/wp-json\/wp\/v2\/types\/page"}],"author":[{"embeddable":true,"href":"https:\/\/web.umons.ac.be\/spin\/wp-json\/wp\/v2\/users\/197"}],"replies":[{"embeddable":true,"href":"https:\/\/web.umons.ac.be\/spin\/wp-json\/wp\/v2\/comments?post=342"}],"version-history":[{"count":3,"href":"https:\/\/web.umons.ac.be\/spin\/wp-json\/wp\/v2\/pages\/342\/revisions"}],"predecessor-version":[{"id":851,"href":"https:\/\/web.umons.ac.be\/spin\/wp-json\/wp\/v2\/pages\/342\/revisions\/851"}],"up":[{"embeddable":true,"href":"https:\/\/web.umons.ac.be\/spin\/wp-json\/wp\/v2\/pages\/7"}],"wp:attachment":[{"href":"https:\/\/web.umons.ac.be\/spin\/wp-json\/wp\/v2\/media?parent=342"}],"curies":[{"name":"wp","href":"https:\/\/api.w.org\/{rel}","templated":true}]}}