{"id":346,"date":"2023-03-08T17:15:21","date_gmt":"2023-03-08T16:15:21","guid":{"rendered":"https:\/\/web.umons.ac.be\/spin\/?page_id=346"},"modified":"2025-09-19T14:26:11","modified_gmt":"2025-09-19T12:26:11","slug":"laetitia-dragone","status":"publish","type":"page","link":"https:\/\/web.umons.ac.be\/spin\/equipe\/laetitia-dragone\/","title":{"rendered":"La\u00ebtitia Dragone"},"content":{"rendered":"<h5><b><img loading=\"lazy\" decoding=\"async\" class=\" wp-image-347 alignleft\" src=\"https:\/\/web.umons.ac.be\/app\/uploads\/sites\/129\/2023\/03\/LD-300x300.png\" alt=\"\" width=\"202\" height=\"202\" srcset=\"https:\/\/web.umons.ac.be\/app\/uploads\/sites\/129\/2023\/03\/LD-300x300.png 300w, https:\/\/web.umons.ac.be\/app\/uploads\/sites\/129\/2023\/03\/LD-150x150.png 150w, https:\/\/web.umons.ac.be\/app\/uploads\/sites\/129\/2023\/03\/LD-30x30.png 30w, https:\/\/web.umons.ac.be\/app\/uploads\/sites\/129\/2023\/03\/LD-80x80.png 80w, https:\/\/web.umons.ac.be\/app\/uploads\/sites\/129\/2023\/03\/LD-60x60.png 60w, https:\/\/web.umons.ac.be\/app\/uploads\/sites\/129\/2023\/03\/LD-360x360.png 360w, https:\/\/web.umons.ac.be\/app\/uploads\/sites\/129\/2023\/03\/LD-400x400.png 400w, https:\/\/web.umons.ac.be\/app\/uploads\/sites\/129\/2023\/03\/LD-200x200.png 200w, https:\/\/web.umons.ac.be\/app\/uploads\/sites\/129\/2023\/03\/LD.png 450w\" sizes=\"auto, (max-width: 202px) 100vw, 202px\" \/>Assistante sous mandat &#8211; Docteure<\/b><\/h5>\n<p style=\"text-align: justify;\"><span style=\"font-weight: 400;\">Enseignante en math\u00e9matiques de formation, La\u00ebtitia Dragone, souhaitant approfondir ses connaissances tant p\u00e9dagogiques que technop\u00e9dagogiques, a rapidement poursuivi des \u00e9tudes en Sciences de l&rsquo;\u00c9ducation. Elle a occup\u00e9 un poste en tant que formatrice en math\u00e9matiques dans un centre d\u2019enseignement par alternance. Travaillant depuis janvier 2018 \u00e0 l\u2019Universit\u00e9 de Mons (UMONS), elle a \u00e9t\u00e9 impliqu\u00e9e dans un projet visant la transition num\u00e9rique au sein des \u00e9coles de la F\u00e9d\u00e9ration Wallonie Bruxelles ainsi que dans une \u00e9tude pilote visant \u00e0 renforcer l\u2019apprentissage de la lecture par la diff\u00e9renciation. Ensuite, La\u00ebtitia a \u00e9t\u00e9 assistante dans le service d\u2019 Ing\u00e9nierie P\u00e9dagogique et Num\u00e9rique \u00e9ducatif. Ces principaux axes de recherche concernent l\u2019int\u00e9gration des TICE \u00e0 des fins de formation et d\u2019apprentissage, la formation des enseignants ainsi que la didactique des math\u00e9matiques.<\/span><\/p>\n<p style=\"text-align: justify;\">La\u00ebtitia DRAGONE a r\u00e9alis\u00e9 une th\u00e8se de doctorat intitul\u00e9e \u00ab <em>Renforcer le sentiment d\u2019auto-efficacit\u00e9 des enseignants pour l\u2019enseignement de la proportionnalit\u00e9. Analyse de leurs conceptions et de leurs pratiques d\u00e9clar\u00e9es, du niveau de ma\u00eetrise des \u00e9l\u00e8ves et des effets de variables didactiques sur l\u2019apprentissage<\/em> \u00bb (Promoteur : Prof. Ga\u00ebtan TEMPERMAN \u2013 Co-promoteur : Prof. Bruno DE LIEVRE). Elle s\u2019est ainsi sp\u00e9cialis\u00e9e dans le domaine de la formation des enseignants et de la didactique des math\u00e9matiques.<\/p>\n<p>&nbsp;<\/p>\n<start-cask-shortcode-wrapper>    <div class=\"tabs scheme-fpse\">\n        <nav class=\"tabs-nav\">\n            <ul class=\"tabs-menu\">\n                                <li class=\"tabs-menu-item active\">\n                    <a href=\"#pane-tab-6408b413619fd\" class=\"tabs-menu-link scheme-color scheme-color-hover scheme-after-background-important\">\n                        Contact                    <\/a>\n                <\/li>\n                                <li class=\"tabs-menu-item\">\n                    <a href=\"#pane-tab-6408b422e8c83\" class=\"tabs-menu-link scheme-color scheme-color-hover scheme-after-background-important\">\n                        Linkedin                    <\/a>\n                <\/li>\n                                <li class=\"tabs-menu-item\">\n                    <a href=\"#pane-tab-6408b4350ee2b\" class=\"tabs-menu-link scheme-color scheme-color-hover scheme-after-background-important\">\n                        Publications sur ORBI                    <\/a>\n                <\/li>\n                                <li class=\"tabs-menu-item\">\n                    <a href=\"#pane-tab-6408b45cd27b8\" class=\"tabs-menu-link scheme-color scheme-color-hover scheme-after-background-important\">\n                        ResearchGate                    <\/a>\n                <\/li>\n                            <\/ul>\n        <\/nav>\n        <div class=\"tabs-panes\">\n                            <button class=\"expand-toggle button-expand accordion-bellow-toggle scheme-background-hover open\" data-target=\"#pane-tab-6408b413619fd\">\n                    Contact                    <span class=\"icon arrow umons-icon umons-icon-chevron-down\" aria-hidden=\"true\"><\/span>\n                <\/button>\n                <div id=\"pane-tab-6408b413619fd\" class=\"tabs-pane active\">\n                    <div class=\"tabs-pane-inner editor-front\">\n                        <strong><a href=\"mailto:Laetitia.DRAGONE@umons.ac.be\">Laetitia.DRAGONE@umons.ac.be<\/a> <\/strong>                    <\/div>\n                <\/div>\n                            <button class=\"expand-toggle button-expand accordion-bellow-toggle scheme-background-hover\" data-target=\"#pane-tab-6408b422e8c83\">\n                    Linkedin                    <span class=\"icon arrow umons-icon umons-icon-chevron-down\" aria-hidden=\"true\"><\/span>\n                <\/button>\n                <div id=\"pane-tab-6408b422e8c83\" class=\"tabs-pane\">\n                    <div class=\"tabs-pane-inner editor-front\">\n                        <a href=\"https:\/\/www.linkedin.com\/in\/laetitia-dragone\/\">https:\/\/www.linkedin.com\/in\/laetitia-dragone\/<\/a>                    <\/div>\n                <\/div>\n                            <button class=\"expand-toggle button-expand accordion-bellow-toggle scheme-background-hover\" data-target=\"#pane-tab-6408b4350ee2b\">\n                    Publications sur ORBI                    <span class=\"icon arrow umons-icon umons-icon-chevron-down\" aria-hidden=\"true\"><\/span>\n                <\/button>\n                <div id=\"pane-tab-6408b4350ee2b\" class=\"tabs-pane\">\n                    <div class=\"tabs-pane-inner editor-front\">\n                        <a href=\"https:\/\/orbi.umons.ac.be\/profile?uid=533363\">https:\/\/orbi.umons.ac.be\/profile?uid=533363<\/a>                    <\/div>\n                <\/div>\n                            <button class=\"expand-toggle button-expand accordion-bellow-toggle scheme-background-hover\" data-target=\"#pane-tab-6408b45cd27b8\">\n                    ResearchGate                    <span class=\"icon arrow umons-icon umons-icon-chevron-down\" aria-hidden=\"true\"><\/span>\n                <\/button>\n                <div id=\"pane-tab-6408b45cd27b8\" class=\"tabs-pane\">\n                    <div class=\"tabs-pane-inner editor-front\">\n                        <a href=\"https:\/\/www.researchgate.net\/profile\/Laetitia-Dragone-2\">https:\/\/www.researchgate.net\/profile\/Laetitia-Dragone-2<\/a>                    <\/div>\n                <\/div>\n                    <\/div>\n    <\/div><end-cask-shortcode-wrapper>\n","protected":false},"excerpt":{"rendered":"<p>Assistante sous mandat &#8211; Docteure Enseignante en math\u00e9matiques de formation, La\u00ebtitia Dragone, souhaitant approfondir ses connaissances tant p\u00e9dagogiques que technop\u00e9dagogiques, a rapidement poursuivi des \u00e9tudes en Sciences de l&rsquo;\u00c9ducation. Elle a occup\u00e9 un poste en tant que formatrice en math\u00e9matiques dans un centre d\u2019enseignement par alternance. Travaillant depuis janvier 2018 \u00e0 l\u2019Universit\u00e9 de Mons (UMONS), [&hellip;]<\/p>\n","protected":false},"author":197,"featured_media":0,"parent":7,"menu_order":0,"comment_status":"closed","ping_status":"closed","template":"","meta":{"footnotes":""},"class_list":["post-346","page","type-page","status-publish","hentry"],"yoast_head":"<!-- This site is optimized with the Yoast SEO plugin v27.2 - https:\/\/yoast.com\/product\/yoast-seo-wordpress\/ -->\n<title>La\u00ebtitia Dragone - Service \/ FPSE - Ing\u00e9nierie p\u00e9dagogique et num\u00e9rique \u00e9ducatif<\/title>\n<meta name=\"robots\" content=\"index, follow, max-snippet:-1, max-image-preview:large, max-video-preview:-1\" \/>\n<link rel=\"canonical\" href=\"https:\/\/web.umons.ac.be\/spin\/equipe\/laetitia-dragone\/\" \/>\n<meta property=\"og:locale\" content=\"fr_FR\" \/>\n<meta property=\"og:type\" content=\"article\" \/>\n<meta property=\"og:title\" content=\"La\u00ebtitia Dragone - Service \/ FPSE - Ing\u00e9nierie p\u00e9dagogique et num\u00e9rique \u00e9ducatif\" \/>\n<meta property=\"og:description\" content=\"Assistante sous mandat &#8211; Docteure Enseignante en math\u00e9matiques de formation, La\u00ebtitia Dragone, souhaitant approfondir ses connaissances tant p\u00e9dagogiques que technop\u00e9dagogiques, a rapidement poursuivi des \u00e9tudes en Sciences de l&rsquo;\u00c9ducation. Elle a occup\u00e9 un poste en tant que formatrice en math\u00e9matiques dans un centre d\u2019enseignement par alternance. Travaillant depuis janvier 2018 \u00e0 l\u2019Universit\u00e9 de Mons (UMONS), [&hellip;]\" \/>\n<meta property=\"og:url\" content=\"https:\/\/web.umons.ac.be\/spin\/equipe\/laetitia-dragone\/\" \/>\n<meta property=\"og:site_name\" content=\"Service \/ FPSE - Ing\u00e9nierie p\u00e9dagogique et num\u00e9rique \u00e9ducatif\" \/>\n<meta property=\"article:modified_time\" content=\"2025-09-19T12:26:11+00:00\" \/>\n<meta property=\"og:image\" content=\"https:\/\/web.umons.ac.be\/app\/uploads\/sites\/129\/2023\/03\/LD.png\" \/>\n\t<meta property=\"og:image:width\" content=\"450\" \/>\n\t<meta property=\"og:image:height\" content=\"450\" \/>\n\t<meta property=\"og:image:type\" content=\"image\/png\" \/>\n<meta name=\"twitter:card\" content=\"summary_large_image\" \/>\n<meta name=\"twitter:label1\" content=\"Dur\u00e9e de lecture estim\u00e9e\" \/>\n\t<meta name=\"twitter:data1\" content=\"2 minutes\" \/>\n<script type=\"application\/ld+json\" class=\"yoast-schema-graph\">{\"@context\":\"https:\/\/schema.org\",\"@graph\":[{\"@type\":\"WebPage\",\"@id\":\"https:\/\/web.umons.ac.be\/spin\/equipe\/laetitia-dragone\/\",\"url\":\"https:\/\/web.umons.ac.be\/spin\/equipe\/laetitia-dragone\/\",\"name\":\"La\u00ebtitia Dragone - Service \/ FPSE - Ing\u00e9nierie p\u00e9dagogique et num\u00e9rique \u00e9ducatif\",\"isPartOf\":{\"@id\":\"https:\/\/web.umons.ac.be\/spin\/#website\"},\"primaryImageOfPage\":{\"@id\":\"https:\/\/web.umons.ac.be\/spin\/equipe\/laetitia-dragone\/#primaryimage\"},\"image\":{\"@id\":\"https:\/\/web.umons.ac.be\/spin\/equipe\/laetitia-dragone\/#primaryimage\"},\"thumbnailUrl\":\"https:\/\/web.umons.ac.be\/app\/uploads\/sites\/129\/2023\/03\/LD-300x300.png\",\"datePublished\":\"2023-03-08T16:15:21+00:00\",\"dateModified\":\"2025-09-19T12:26:11+00:00\",\"breadcrumb\":{\"@id\":\"https:\/\/web.umons.ac.be\/spin\/equipe\/laetitia-dragone\/#breadcrumb\"},\"inLanguage\":\"fr-FR\",\"potentialAction\":[{\"@type\":\"ReadAction\",\"target\":[\"https:\/\/web.umons.ac.be\/spin\/equipe\/laetitia-dragone\/\"]}]},{\"@type\":\"ImageObject\",\"inLanguage\":\"fr-FR\",\"@id\":\"https:\/\/web.umons.ac.be\/spin\/equipe\/laetitia-dragone\/#primaryimage\",\"url\":\"https:\/\/web.umons.ac.be\/app\/uploads\/sites\/129\/2023\/03\/LD-300x300.png\",\"contentUrl\":\"https:\/\/web.umons.ac.be\/app\/uploads\/sites\/129\/2023\/03\/LD-300x300.png\"},{\"@type\":\"BreadcrumbList\",\"@id\":\"https:\/\/web.umons.ac.be\/spin\/equipe\/laetitia-dragone\/#breadcrumb\",\"itemListElement\":[{\"@type\":\"ListItem\",\"position\":1,\"name\":\"Home\",\"item\":\"https:\/\/web.umons.ac.be\/spin\/\"},{\"@type\":\"ListItem\",\"position\":2,\"name\":\"\u00c9quipe\",\"item\":\"https:\/\/web.umons.ac.be\/spin\/equipe\/\"},{\"@type\":\"ListItem\",\"position\":3,\"name\":\"La\u00ebtitia Dragone\"}]},{\"@type\":\"WebSite\",\"@id\":\"https:\/\/web.umons.ac.be\/spin\/#website\",\"url\":\"https:\/\/web.umons.ac.be\/spin\/\",\"name\":\"Service \/ FPSE - Ing\u00e9nierie p\u00e9dagogique et num\u00e9rique \u00e9ducatif\",\"description\":\"\",\"potentialAction\":[{\"@type\":\"SearchAction\",\"target\":{\"@type\":\"EntryPoint\",\"urlTemplate\":\"https:\/\/web.umons.ac.be\/spin\/?s={search_term_string}\"},\"query-input\":{\"@type\":\"PropertyValueSpecification\",\"valueRequired\":true,\"valueName\":\"search_term_string\"}}],\"inLanguage\":\"fr-FR\"}]}<\/script>\n<!-- \/ Yoast SEO plugin. -->","yoast_head_json":{"title":"La\u00ebtitia Dragone - Service \/ FPSE - Ing\u00e9nierie p\u00e9dagogique et num\u00e9rique \u00e9ducatif","robots":{"index":"index","follow":"follow","max-snippet":"max-snippet:-1","max-image-preview":"max-image-preview:large","max-video-preview":"max-video-preview:-1"},"canonical":"https:\/\/web.umons.ac.be\/spin\/equipe\/laetitia-dragone\/","og_locale":"fr_FR","og_type":"article","og_title":"La\u00ebtitia Dragone - Service \/ FPSE - Ing\u00e9nierie p\u00e9dagogique et num\u00e9rique \u00e9ducatif","og_description":"Assistante sous mandat &#8211; Docteure Enseignante en math\u00e9matiques de formation, La\u00ebtitia Dragone, souhaitant approfondir ses connaissances tant p\u00e9dagogiques que technop\u00e9dagogiques, a rapidement poursuivi des \u00e9tudes en Sciences de l&rsquo;\u00c9ducation. Elle a occup\u00e9 un poste en tant que formatrice en math\u00e9matiques dans un centre d\u2019enseignement par alternance. Travaillant depuis janvier 2018 \u00e0 l\u2019Universit\u00e9 de Mons (UMONS), [&hellip;]","og_url":"https:\/\/web.umons.ac.be\/spin\/equipe\/laetitia-dragone\/","og_site_name":"Service \/ FPSE - Ing\u00e9nierie p\u00e9dagogique et num\u00e9rique \u00e9ducatif","article_modified_time":"2025-09-19T12:26:11+00:00","og_image":[{"width":450,"height":450,"url":"https:\/\/web.umons.ac.be\/app\/uploads\/sites\/129\/2023\/03\/LD.png","type":"image\/png"}],"twitter_card":"summary_large_image","twitter_misc":{"Dur\u00e9e de lecture estim\u00e9e":"2 minutes"},"schema":{"@context":"https:\/\/schema.org","@graph":[{"@type":"WebPage","@id":"https:\/\/web.umons.ac.be\/spin\/equipe\/laetitia-dragone\/","url":"https:\/\/web.umons.ac.be\/spin\/equipe\/laetitia-dragone\/","name":"La\u00ebtitia Dragone - Service \/ FPSE - Ing\u00e9nierie p\u00e9dagogique et num\u00e9rique \u00e9ducatif","isPartOf":{"@id":"https:\/\/web.umons.ac.be\/spin\/#website"},"primaryImageOfPage":{"@id":"https:\/\/web.umons.ac.be\/spin\/equipe\/laetitia-dragone\/#primaryimage"},"image":{"@id":"https:\/\/web.umons.ac.be\/spin\/equipe\/laetitia-dragone\/#primaryimage"},"thumbnailUrl":"https:\/\/web.umons.ac.be\/app\/uploads\/sites\/129\/2023\/03\/LD-300x300.png","datePublished":"2023-03-08T16:15:21+00:00","dateModified":"2025-09-19T12:26:11+00:00","breadcrumb":{"@id":"https:\/\/web.umons.ac.be\/spin\/equipe\/laetitia-dragone\/#breadcrumb"},"inLanguage":"fr-FR","potentialAction":[{"@type":"ReadAction","target":["https:\/\/web.umons.ac.be\/spin\/equipe\/laetitia-dragone\/"]}]},{"@type":"ImageObject","inLanguage":"fr-FR","@id":"https:\/\/web.umons.ac.be\/spin\/equipe\/laetitia-dragone\/#primaryimage","url":"https:\/\/web.umons.ac.be\/app\/uploads\/sites\/129\/2023\/03\/LD-300x300.png","contentUrl":"https:\/\/web.umons.ac.be\/app\/uploads\/sites\/129\/2023\/03\/LD-300x300.png"},{"@type":"BreadcrumbList","@id":"https:\/\/web.umons.ac.be\/spin\/equipe\/laetitia-dragone\/#breadcrumb","itemListElement":[{"@type":"ListItem","position":1,"name":"Home","item":"https:\/\/web.umons.ac.be\/spin\/"},{"@type":"ListItem","position":2,"name":"\u00c9quipe","item":"https:\/\/web.umons.ac.be\/spin\/equipe\/"},{"@type":"ListItem","position":3,"name":"La\u00ebtitia Dragone"}]},{"@type":"WebSite","@id":"https:\/\/web.umons.ac.be\/spin\/#website","url":"https:\/\/web.umons.ac.be\/spin\/","name":"Service \/ FPSE - Ing\u00e9nierie p\u00e9dagogique et num\u00e9rique \u00e9ducatif","description":"","potentialAction":[{"@type":"SearchAction","target":{"@type":"EntryPoint","urlTemplate":"https:\/\/web.umons.ac.be\/spin\/?s={search_term_string}"},"query-input":{"@type":"PropertyValueSpecification","valueRequired":true,"valueName":"search_term_string"}}],"inLanguage":"fr-FR"}]}},"lang":"fr","translations":{"fr":346},"pll_sync_post":[],"_links":{"self":[{"href":"https:\/\/web.umons.ac.be\/spin\/wp-json\/wp\/v2\/pages\/346","targetHints":{"allow":["GET"]}}],"collection":[{"href":"https:\/\/web.umons.ac.be\/spin\/wp-json\/wp\/v2\/pages"}],"about":[{"href":"https:\/\/web.umons.ac.be\/spin\/wp-json\/wp\/v2\/types\/page"}],"author":[{"embeddable":true,"href":"https:\/\/web.umons.ac.be\/spin\/wp-json\/wp\/v2\/users\/197"}],"replies":[{"embeddable":true,"href":"https:\/\/web.umons.ac.be\/spin\/wp-json\/wp\/v2\/comments?post=346"}],"version-history":[{"count":3,"href":"https:\/\/web.umons.ac.be\/spin\/wp-json\/wp\/v2\/pages\/346\/revisions"}],"predecessor-version":[{"id":822,"href":"https:\/\/web.umons.ac.be\/spin\/wp-json\/wp\/v2\/pages\/346\/revisions\/822"}],"up":[{"embeddable":true,"href":"https:\/\/web.umons.ac.be\/spin\/wp-json\/wp\/v2\/pages\/7"}],"wp:attachment":[{"href":"https:\/\/web.umons.ac.be\/spin\/wp-json\/wp\/v2\/media?parent=346"}],"curies":[{"name":"wp","href":"https:\/\/api.w.org\/{rel}","templated":true}]}}