{"id":350,"date":"2023-03-08T17:18:50","date_gmt":"2023-03-08T16:18:50","guid":{"rendered":"https:\/\/web.umons.ac.be\/spin\/?page_id=350"},"modified":"2023-03-08T17:18:50","modified_gmt":"2023-03-08T16:18:50","slug":"cedric-floquet","status":"publish","type":"page","link":"https:\/\/web.umons.ac.be\/spin\/equipe\/cedric-floquet\/","title":{"rendered":"C\u00e9dric Floquet"},"content":{"rendered":"<p><img loading=\"lazy\" decoding=\"async\" class=\" wp-image-351 alignleft\" style=\"font-style: normal; font-variant-ligatures: normal; font-variant-caps: normal; font-weight: 400; font-family: 'Helvetica Neue', Helvetica, Arial, sans-serif; font-size: 14px; text-align: justify;\" src=\"https:\/\/web.umons.ac.be\/app\/uploads\/sites\/129\/2023\/03\/CF-300x300.png\" alt=\"\" width=\"198\" height=\"198\" srcset=\"https:\/\/web.umons.ac.be\/app\/uploads\/sites\/129\/2023\/03\/CF-300x300.png 300w, https:\/\/web.umons.ac.be\/app\/uploads\/sites\/129\/2023\/03\/CF-150x150.png 150w, https:\/\/web.umons.ac.be\/app\/uploads\/sites\/129\/2023\/03\/CF-30x30.png 30w, https:\/\/web.umons.ac.be\/app\/uploads\/sites\/129\/2023\/03\/CF-80x80.png 80w, https:\/\/web.umons.ac.be\/app\/uploads\/sites\/129\/2023\/03\/CF-60x60.png 60w, https:\/\/web.umons.ac.be\/app\/uploads\/sites\/129\/2023\/03\/CF-360x360.png 360w, https:\/\/web.umons.ac.be\/app\/uploads\/sites\/129\/2023\/03\/CF-400x400.png 400w, https:\/\/web.umons.ac.be\/app\/uploads\/sites\/129\/2023\/03\/CF-200x200.png 200w, https:\/\/web.umons.ac.be\/app\/uploads\/sites\/129\/2023\/03\/CF.png 450w\" sizes=\"auto, (max-width: 198px) 100vw, 198px\" \/><\/p>\n<h5><b>Informaticien<\/b><\/h5>\n<p style=\"text-align: justify;\"><span style=\"font-weight: 400;\">Bachelier en informatique de gestion, C\u00e9dric Floquet est entr\u00e9 \u00e0 l\u2019Universit\u00e9 de Mons-Hainaut (depuis devenue UMONS) en 1997, au sein de l\u2019Unit\u00e9 de Technologie de l\u2019\u00c9ducation de la Facult\u00e9 de Psychologie et des Sciences de l\u2019\u00c9ducation, o\u00f9 il a particip\u00e9 \u00e0 l\u2019\u00e9laboration et au d\u00e9veloppement informatique de nombreux dispositifs de formation utilisant le num\u00e9rique. D\u2019abord sur des projets s\u2019appuyant sur le CD-ROM, et \u00e0 partir de 2000 sur des dispositifs en ligne. Apr\u00e8s avoir particip\u00e9 au d\u00e9veloppement d\u2019une plateforme de cours \u00e0 distance \u00ab maison \u00bb (avant l\u2019av\u00e8nement de Moodle), il a travaill\u00e9 sur divers projets de formation en ligne belges et europ\u00e9ens, tels que Learn-Nett, Galanet et Galapro. Il a \u00e9galement collabor\u00e9 \u00e0 la mise en ligne de contenus dans des MOOC h\u00e9berg\u00e9s sur la plateforme edX.<\/span><\/p>\n<p style=\"text-align: justify;\"><span style=\"font-weight: 400;\">Il fait d\u00e9sormais partie du Service d\u2019Ing\u00e9nierie P\u00e9dagogique et du Num\u00e9rique \u00e9ducatif, ou il a \u00e9galement collabor\u00e9 \u00e0 un MOOC h\u00e9berg\u00e9 cette fois sur la plateforme Moodle. Toujours passionn\u00e9 par la programmation, ses activit\u00e9s actuelles se partagent entre le d\u00e9veloppement d\u2019outils informatis\u00e9s utilis\u00e9s en interne, la personnalisation de Moodle, et l\u2019utilisation de l\u2019impression 3D dans les projets du service.<\/span><\/p>\n<p>&nbsp;<\/p>\n<start-cask-shortcode-wrapper>    <div class=\"tabs scheme-fpse\">\n        <nav class=\"tabs-nav\">\n            <ul class=\"tabs-menu\">\n                                <li class=\"tabs-menu-item active\">\n                    <a href=\"#pane-tab-6408b4f26b473\" class=\"tabs-menu-link scheme-color scheme-color-hover scheme-after-background-important\">\n                        Contact                    <\/a>\n                <\/li>\n                                <li class=\"tabs-menu-item\">\n                    <a href=\"#pane-tab-6408b4fe4bb75\" class=\"tabs-menu-link scheme-color scheme-color-hover scheme-after-background-important\">\n                        Linkedin                    <\/a>\n                <\/li>\n                                <li class=\"tabs-menu-item\">\n                    <a href=\"#pane-tab-6408b50d10c56\" class=\"tabs-menu-link scheme-color scheme-color-hover scheme-after-background-important\">\n                        Publications sur ORBI                    <\/a>\n                <\/li>\n                            <\/ul>\n        <\/nav>\n        <div class=\"tabs-panes\">\n                            <button class=\"expand-toggle button-expand accordion-bellow-toggle scheme-background-hover open\" data-target=\"#pane-tab-6408b4f26b473\">\n                    Contact                    <span class=\"icon arrow umons-icon umons-icon-chevron-down\" aria-hidden=\"true\"><\/span>\n                <\/button>\n                <div id=\"pane-tab-6408b4f26b473\" class=\"tabs-pane active\">\n                    <div class=\"tabs-pane-inner editor-front\">\n                        <strong><a href=\"mailto:Cedric.FLOQUET@umons.ac.be\">Cedric.FLOQUET@umons.ac.be<\/a><\/strong>                    <\/div>\n                <\/div>\n                            <button class=\"expand-toggle button-expand accordion-bellow-toggle scheme-background-hover\" data-target=\"#pane-tab-6408b4fe4bb75\">\n                    Linkedin                    <span class=\"icon arrow umons-icon umons-icon-chevron-down\" aria-hidden=\"true\"><\/span>\n                <\/button>\n                <div id=\"pane-tab-6408b4fe4bb75\" class=\"tabs-pane\">\n                    <div class=\"tabs-pane-inner editor-front\">\n                        <strong>https:\/\/www.linkedin.com\/in\/cedricfloquet\/<\/strong>                    <\/div>\n                <\/div>\n                            <button class=\"expand-toggle button-expand accordion-bellow-toggle scheme-background-hover\" data-target=\"#pane-tab-6408b50d10c56\">\n                    Publications sur ORBI                    <span class=\"icon arrow umons-icon umons-icon-chevron-down\" aria-hidden=\"true\"><\/span>\n                <\/button>\n                <div id=\"pane-tab-6408b50d10c56\" class=\"tabs-pane\">\n                    <div class=\"tabs-pane-inner editor-front\">\n                        <a href=\"https:\/\/orbi.umons.ac.be\/profile?uid=501101\">https:\/\/orbi.umons.ac.be\/profile?uid=501101<\/a>                    <\/div>\n                <\/div>\n                    <\/div>\n    <\/div><end-cask-shortcode-wrapper>\n","protected":false},"excerpt":{"rendered":"<p>Informaticien Bachelier en informatique de gestion, C\u00e9dric Floquet est entr\u00e9 \u00e0 l\u2019Universit\u00e9 de Mons-Hainaut (depuis devenue UMONS) en 1997, au sein de l\u2019Unit\u00e9 de Technologie de l\u2019\u00c9ducation de la Facult\u00e9 de Psychologie et des Sciences de l\u2019\u00c9ducation, o\u00f9 il a particip\u00e9 \u00e0 l\u2019\u00e9laboration et au d\u00e9veloppement informatique de nombreux dispositifs de formation utilisant le num\u00e9rique. [&hellip;]<\/p>\n","protected":false},"author":197,"featured_media":0,"parent":7,"menu_order":0,"comment_status":"closed","ping_status":"closed","template":"","meta":{"footnotes":""},"class_list":["post-350","page","type-page","status-publish","hentry"],"yoast_head":"<!-- This site is optimized with the Yoast SEO plugin v27.2 - https:\/\/yoast.com\/product\/yoast-seo-wordpress\/ -->\n<title>C\u00e9dric Floquet - Service \/ FPSE - Ing\u00e9nierie p\u00e9dagogique et num\u00e9rique \u00e9ducatif<\/title>\n<meta name=\"robots\" content=\"index, follow, max-snippet:-1, max-image-preview:large, max-video-preview:-1\" \/>\n<link rel=\"canonical\" href=\"https:\/\/web.umons.ac.be\/spin\/equipe\/cedric-floquet\/\" \/>\n<meta property=\"og:locale\" content=\"fr_FR\" \/>\n<meta property=\"og:type\" content=\"article\" \/>\n<meta property=\"og:title\" content=\"C\u00e9dric Floquet - Service \/ FPSE - Ing\u00e9nierie p\u00e9dagogique et num\u00e9rique \u00e9ducatif\" \/>\n<meta property=\"og:description\" content=\"Informaticien Bachelier en informatique de gestion, C\u00e9dric Floquet est entr\u00e9 \u00e0 l\u2019Universit\u00e9 de Mons-Hainaut (depuis devenue UMONS) en 1997, au sein de l\u2019Unit\u00e9 de Technologie de l\u2019\u00c9ducation de la Facult\u00e9 de Psychologie et des Sciences de l\u2019\u00c9ducation, o\u00f9 il a particip\u00e9 \u00e0 l\u2019\u00e9laboration et au d\u00e9veloppement informatique de nombreux dispositifs de formation utilisant le num\u00e9rique. [&hellip;]\" \/>\n<meta property=\"og:url\" content=\"https:\/\/web.umons.ac.be\/spin\/equipe\/cedric-floquet\/\" \/>\n<meta property=\"og:site_name\" content=\"Service \/ FPSE - Ing\u00e9nierie p\u00e9dagogique et num\u00e9rique \u00e9ducatif\" \/>\n<meta property=\"og:image\" content=\"https:\/\/web.umons.ac.be\/app\/uploads\/sites\/129\/2023\/03\/CF-300x300.png\" \/>\n<meta name=\"twitter:card\" content=\"summary_large_image\" \/>\n<meta name=\"twitter:label1\" content=\"Dur\u00e9e de lecture estim\u00e9e\" \/>\n\t<meta name=\"twitter:data1\" content=\"2 minutes\" \/>\n<script type=\"application\/ld+json\" class=\"yoast-schema-graph\">{\"@context\":\"https:\/\/schema.org\",\"@graph\":[{\"@type\":\"WebPage\",\"@id\":\"https:\/\/web.umons.ac.be\/spin\/equipe\/cedric-floquet\/\",\"url\":\"https:\/\/web.umons.ac.be\/spin\/equipe\/cedric-floquet\/\",\"name\":\"C\u00e9dric Floquet - Service \/ FPSE - Ing\u00e9nierie p\u00e9dagogique et num\u00e9rique \u00e9ducatif\",\"isPartOf\":{\"@id\":\"https:\/\/web.umons.ac.be\/spin\/#website\"},\"primaryImageOfPage\":{\"@id\":\"https:\/\/web.umons.ac.be\/spin\/equipe\/cedric-floquet\/#primaryimage\"},\"image\":{\"@id\":\"https:\/\/web.umons.ac.be\/spin\/equipe\/cedric-floquet\/#primaryimage\"},\"thumbnailUrl\":\"https:\/\/web.umons.ac.be\/app\/uploads\/sites\/129\/2023\/03\/CF-300x300.png\",\"datePublished\":\"2023-03-08T16:18:50+00:00\",\"breadcrumb\":{\"@id\":\"https:\/\/web.umons.ac.be\/spin\/equipe\/cedric-floquet\/#breadcrumb\"},\"inLanguage\":\"fr-FR\",\"potentialAction\":[{\"@type\":\"ReadAction\",\"target\":[\"https:\/\/web.umons.ac.be\/spin\/equipe\/cedric-floquet\/\"]}]},{\"@type\":\"ImageObject\",\"inLanguage\":\"fr-FR\",\"@id\":\"https:\/\/web.umons.ac.be\/spin\/equipe\/cedric-floquet\/#primaryimage\",\"url\":\"https:\/\/web.umons.ac.be\/app\/uploads\/sites\/129\/2023\/03\/CF-300x300.png\",\"contentUrl\":\"https:\/\/web.umons.ac.be\/app\/uploads\/sites\/129\/2023\/03\/CF-300x300.png\"},{\"@type\":\"BreadcrumbList\",\"@id\":\"https:\/\/web.umons.ac.be\/spin\/equipe\/cedric-floquet\/#breadcrumb\",\"itemListElement\":[{\"@type\":\"ListItem\",\"position\":1,\"name\":\"Home\",\"item\":\"https:\/\/web.umons.ac.be\/spin\/\"},{\"@type\":\"ListItem\",\"position\":2,\"name\":\"\u00c9quipe\",\"item\":\"https:\/\/web.umons.ac.be\/spin\/equipe\/\"},{\"@type\":\"ListItem\",\"position\":3,\"name\":\"C\u00e9dric Floquet\"}]},{\"@type\":\"WebSite\",\"@id\":\"https:\/\/web.umons.ac.be\/spin\/#website\",\"url\":\"https:\/\/web.umons.ac.be\/spin\/\",\"name\":\"Service \/ FPSE - Ing\u00e9nierie p\u00e9dagogique et num\u00e9rique \u00e9ducatif\",\"description\":\"\",\"potentialAction\":[{\"@type\":\"SearchAction\",\"target\":{\"@type\":\"EntryPoint\",\"urlTemplate\":\"https:\/\/web.umons.ac.be\/spin\/?s={search_term_string}\"},\"query-input\":{\"@type\":\"PropertyValueSpecification\",\"valueRequired\":true,\"valueName\":\"search_term_string\"}}],\"inLanguage\":\"fr-FR\"}]}<\/script>\n<!-- \/ Yoast SEO plugin. -->","yoast_head_json":{"title":"C\u00e9dric Floquet - Service \/ FPSE - Ing\u00e9nierie p\u00e9dagogique et num\u00e9rique \u00e9ducatif","robots":{"index":"index","follow":"follow","max-snippet":"max-snippet:-1","max-image-preview":"max-image-preview:large","max-video-preview":"max-video-preview:-1"},"canonical":"https:\/\/web.umons.ac.be\/spin\/equipe\/cedric-floquet\/","og_locale":"fr_FR","og_type":"article","og_title":"C\u00e9dric Floquet - Service \/ FPSE - Ing\u00e9nierie p\u00e9dagogique et num\u00e9rique \u00e9ducatif","og_description":"Informaticien Bachelier en informatique de gestion, C\u00e9dric Floquet est entr\u00e9 \u00e0 l\u2019Universit\u00e9 de Mons-Hainaut (depuis devenue UMONS) en 1997, au sein de l\u2019Unit\u00e9 de Technologie de l\u2019\u00c9ducation de la Facult\u00e9 de Psychologie et des Sciences de l\u2019\u00c9ducation, o\u00f9 il a particip\u00e9 \u00e0 l\u2019\u00e9laboration et au d\u00e9veloppement informatique de nombreux dispositifs de formation utilisant le num\u00e9rique. [&hellip;]","og_url":"https:\/\/web.umons.ac.be\/spin\/equipe\/cedric-floquet\/","og_site_name":"Service \/ FPSE - Ing\u00e9nierie p\u00e9dagogique et num\u00e9rique \u00e9ducatif","og_image":[{"url":"https:\/\/web.umons.ac.be\/app\/uploads\/sites\/129\/2023\/03\/CF-300x300.png","type":"","width":"","height":""}],"twitter_card":"summary_large_image","twitter_misc":{"Dur\u00e9e de lecture estim\u00e9e":"2 minutes"},"schema":{"@context":"https:\/\/schema.org","@graph":[{"@type":"WebPage","@id":"https:\/\/web.umons.ac.be\/spin\/equipe\/cedric-floquet\/","url":"https:\/\/web.umons.ac.be\/spin\/equipe\/cedric-floquet\/","name":"C\u00e9dric Floquet - Service \/ FPSE - Ing\u00e9nierie p\u00e9dagogique et num\u00e9rique \u00e9ducatif","isPartOf":{"@id":"https:\/\/web.umons.ac.be\/spin\/#website"},"primaryImageOfPage":{"@id":"https:\/\/web.umons.ac.be\/spin\/equipe\/cedric-floquet\/#primaryimage"},"image":{"@id":"https:\/\/web.umons.ac.be\/spin\/equipe\/cedric-floquet\/#primaryimage"},"thumbnailUrl":"https:\/\/web.umons.ac.be\/app\/uploads\/sites\/129\/2023\/03\/CF-300x300.png","datePublished":"2023-03-08T16:18:50+00:00","breadcrumb":{"@id":"https:\/\/web.umons.ac.be\/spin\/equipe\/cedric-floquet\/#breadcrumb"},"inLanguage":"fr-FR","potentialAction":[{"@type":"ReadAction","target":["https:\/\/web.umons.ac.be\/spin\/equipe\/cedric-floquet\/"]}]},{"@type":"ImageObject","inLanguage":"fr-FR","@id":"https:\/\/web.umons.ac.be\/spin\/equipe\/cedric-floquet\/#primaryimage","url":"https:\/\/web.umons.ac.be\/app\/uploads\/sites\/129\/2023\/03\/CF-300x300.png","contentUrl":"https:\/\/web.umons.ac.be\/app\/uploads\/sites\/129\/2023\/03\/CF-300x300.png"},{"@type":"BreadcrumbList","@id":"https:\/\/web.umons.ac.be\/spin\/equipe\/cedric-floquet\/#breadcrumb","itemListElement":[{"@type":"ListItem","position":1,"name":"Home","item":"https:\/\/web.umons.ac.be\/spin\/"},{"@type":"ListItem","position":2,"name":"\u00c9quipe","item":"https:\/\/web.umons.ac.be\/spin\/equipe\/"},{"@type":"ListItem","position":3,"name":"C\u00e9dric Floquet"}]},{"@type":"WebSite","@id":"https:\/\/web.umons.ac.be\/spin\/#website","url":"https:\/\/web.umons.ac.be\/spin\/","name":"Service \/ FPSE - Ing\u00e9nierie p\u00e9dagogique et num\u00e9rique \u00e9ducatif","description":"","potentialAction":[{"@type":"SearchAction","target":{"@type":"EntryPoint","urlTemplate":"https:\/\/web.umons.ac.be\/spin\/?s={search_term_string}"},"query-input":{"@type":"PropertyValueSpecification","valueRequired":true,"valueName":"search_term_string"}}],"inLanguage":"fr-FR"}]}},"lang":"fr","translations":{"fr":350},"pll_sync_post":[],"_links":{"self":[{"href":"https:\/\/web.umons.ac.be\/spin\/wp-json\/wp\/v2\/pages\/350","targetHints":{"allow":["GET"]}}],"collection":[{"href":"https:\/\/web.umons.ac.be\/spin\/wp-json\/wp\/v2\/pages"}],"about":[{"href":"https:\/\/web.umons.ac.be\/spin\/wp-json\/wp\/v2\/types\/page"}],"author":[{"embeddable":true,"href":"https:\/\/web.umons.ac.be\/spin\/wp-json\/wp\/v2\/users\/197"}],"replies":[{"embeddable":true,"href":"https:\/\/web.umons.ac.be\/spin\/wp-json\/wp\/v2\/comments?post=350"}],"version-history":[{"count":1,"href":"https:\/\/web.umons.ac.be\/spin\/wp-json\/wp\/v2\/pages\/350\/revisions"}],"predecessor-version":[{"id":352,"href":"https:\/\/web.umons.ac.be\/spin\/wp-json\/wp\/v2\/pages\/350\/revisions\/352"}],"up":[{"embeddable":true,"href":"https:\/\/web.umons.ac.be\/spin\/wp-json\/wp\/v2\/pages\/7"}],"wp:attachment":[{"href":"https:\/\/web.umons.ac.be\/spin\/wp-json\/wp\/v2\/media?parent=350"}],"curies":[{"name":"wp","href":"https:\/\/api.w.org\/{rel}","templated":true}]}}