{"id":356,"date":"2023-03-08T17:32:10","date_gmt":"2023-03-08T16:32:10","guid":{"rendered":"https:\/\/web.umons.ac.be\/spin\/?page_id=356"},"modified":"2025-09-19T14:27:54","modified_gmt":"2025-09-19T12:27:54","slug":"anne-cecile-housiau","status":"publish","type":"page","link":"https:\/\/web.umons.ac.be\/spin\/equipe\/anne-cecile-housiau\/","title":{"rendered":"Anne-C\u00e9cile Housiau"},"content":{"rendered":"<h5><b><img loading=\"lazy\" decoding=\"async\" class=\" wp-image-359 alignleft\" src=\"https:\/\/web.umons.ac.be\/app\/uploads\/sites\/129\/2023\/03\/ACH-300x300.jpg\" alt=\"\" width=\"197\" height=\"197\" srcset=\"https:\/\/web.umons.ac.be\/app\/uploads\/sites\/129\/2023\/03\/ACH-300x300.jpg 300w, https:\/\/web.umons.ac.be\/app\/uploads\/sites\/129\/2023\/03\/ACH-150x150.jpg 150w, https:\/\/web.umons.ac.be\/app\/uploads\/sites\/129\/2023\/03\/ACH-30x30.jpg 30w, https:\/\/web.umons.ac.be\/app\/uploads\/sites\/129\/2023\/03\/ACH-80x80.jpg 80w, https:\/\/web.umons.ac.be\/app\/uploads\/sites\/129\/2023\/03\/ACH-60x60.jpg 60w, https:\/\/web.umons.ac.be\/app\/uploads\/sites\/129\/2023\/03\/ACH-360x360.jpg 360w, https:\/\/web.umons.ac.be\/app\/uploads\/sites\/129\/2023\/03\/ACH-400x400.jpg 400w, https:\/\/web.umons.ac.be\/app\/uploads\/sites\/129\/2023\/03\/ACH-200x200.jpg 200w, https:\/\/web.umons.ac.be\/app\/uploads\/sites\/129\/2023\/03\/ACH.jpg 512w\" sizes=\"auto, (max-width: 197px) 100vw, 197px\" \/>Assistante sous mandat &#8211; Doctorante\u00a0<\/b><\/h5>\n<p>Institutrice de formation, Anne-C\u00e9cile Housiau enseignait dans les classes primaires depuis septembre 1999. Elle a enrichi sa formation professionnelle en obtenant un master en Sciences de l\u2019\u00c9ducation en juin 2021.\u00a0Depuis octobre 2021, dans le cadre du Pacte pour un Enseignement d\u2019Excellence, elle occupe un poste d\u2019assistante de recherche pour lequel elle travaille sur l\u2019\u00e9ducation au et par le num\u00e9rique au sein des Consortiums scientifiques.\u00a0<span data-teams=\"true\">A partir de janvier 2025, elle a int\u00e9gr\u00e9 l\u2019\u00e9quipe du projet STEAMagine \u00a0l\u2019\u00e9cole du futur afin de participer aux activit\u00e9s relatives aux communaut\u00e9s de pratique, au d\u00e9ploiement d\u2019un \u00e9cosyst\u00e8me d\u2019Open Badges ainsi que pour l\u2019\u00e9valuation qualit\u00e9 de certaines activit\u00e9s.\u00a0<\/span>Son exp\u00e9rience de terrain lui permet de mener des recherches sur l&rsquo;int\u00e9gration des technologies dans l&rsquo;enseignement obligatoire et sur le d\u00e9veloppement des comp\u00e9tences num\u00e9riques, en ad\u00e9quation avec les besoins concrets du terrain.<\/p>\n<p>&nbsp;<\/p>\n<start-cask-shortcode-wrapper>    <div class=\"tabs scheme-fpse\">\n        <nav class=\"tabs-nav\">\n            <ul class=\"tabs-menu\">\n                                <li class=\"tabs-menu-item active\">\n                    <a href=\"#pane-tab-6408b77cc6880\" class=\"tabs-menu-link scheme-color scheme-color-hover scheme-after-background-important\">\n                        Contact                    <\/a>\n                <\/li>\n                                <li class=\"tabs-menu-item\">\n                    <a href=\"#pane-tab-6408b78adc7cd\" class=\"tabs-menu-link scheme-color scheme-color-hover scheme-after-background-important\">\n                        Linkedin                    <\/a>\n                <\/li>\n                                <li class=\"tabs-menu-item\">\n                    <a href=\"#pane-tab-6408b79fbf197\" class=\"tabs-menu-link scheme-color scheme-color-hover scheme-after-background-important\">\n                        Publications sur ORBI                    <\/a>\n                <\/li>\n                                <li class=\"tabs-menu-item\">\n                    <a href=\"#pane-tab-6408b7c3c1b44\" class=\"tabs-menu-link scheme-color scheme-color-hover scheme-after-background-important\">\n                        ResearchGate                    <\/a>\n                <\/li>\n                            <\/ul>\n        <\/nav>\n        <div class=\"tabs-panes\">\n                            <button class=\"expand-toggle button-expand accordion-bellow-toggle scheme-background-hover open\" data-target=\"#pane-tab-6408b77cc6880\">\n                    Contact                    <span class=\"icon arrow umons-icon umons-icon-chevron-down\" aria-hidden=\"true\"><\/span>\n                <\/button>\n                <div id=\"pane-tab-6408b77cc6880\" class=\"tabs-pane active\">\n                    <div class=\"tabs-pane-inner editor-front\">\n                        <strong><a href=\"mailto:anne-cecile.housiau@umons.ac.be\">anne-cecile.housiau@umons.ac.be<\/a> <\/strong>                    <\/div>\n                <\/div>\n                            <button class=\"expand-toggle button-expand accordion-bellow-toggle scheme-background-hover\" data-target=\"#pane-tab-6408b78adc7cd\">\n                    Linkedin                    <span class=\"icon arrow umons-icon umons-icon-chevron-down\" aria-hidden=\"true\"><\/span>\n                <\/button>\n                <div id=\"pane-tab-6408b78adc7cd\" class=\"tabs-pane\">\n                    <div class=\"tabs-pane-inner editor-front\">\n                        <a href=\"https:\/\/www.linkedin.com\/in\/anne-c\u00e9cile-housiau-068648170\/\">https:\/\/www.linkedin.com\/in\/anne-c\u00e9cile-housiau-068648170\/<\/a>                    <\/div>\n                <\/div>\n                            <button class=\"expand-toggle button-expand accordion-bellow-toggle scheme-background-hover\" data-target=\"#pane-tab-6408b79fbf197\">\n                    Publications sur ORBI                    <span class=\"icon arrow umons-icon umons-icon-chevron-down\" aria-hidden=\"true\"><\/span>\n                <\/button>\n                <div id=\"pane-tab-6408b79fbf197\" class=\"tabs-pane\">\n                    <div class=\"tabs-pane-inner editor-front\">\n                        <a href=\"https:\/\/orbi.umons.ac.be\/profile?uid=536575\">https:\/\/orbi.umons.ac.be\/profile?uid=536575<\/a>                    <\/div>\n                <\/div>\n                            <button class=\"expand-toggle button-expand accordion-bellow-toggle scheme-background-hover\" data-target=\"#pane-tab-6408b7c3c1b44\">\n                    ResearchGate                    <span class=\"icon arrow umons-icon umons-icon-chevron-down\" aria-hidden=\"true\"><\/span>\n                <\/button>\n                <div id=\"pane-tab-6408b7c3c1b44\" class=\"tabs-pane\">\n                    <div class=\"tabs-pane-inner editor-front\">\n                        <a href=\"https:\/\/www.researchgate.net\/profile\/Anne-Cecile-Housiau\">https:\/\/www.researchgate.net\/profile\/Anne-Cecile-Housiau<\/a>                    <\/div>\n                <\/div>\n                    <\/div>\n    <\/div><end-cask-shortcode-wrapper>\n<p>&nbsp;<\/p>\n","protected":false},"excerpt":{"rendered":"<p>Assistante sous mandat &#8211; Doctorante\u00a0 Institutrice de formation, Anne-C\u00e9cile Housiau enseignait dans les classes primaires depuis septembre 1999. Elle a enrichi sa formation professionnelle en obtenant un master en Sciences de l\u2019\u00c9ducation en juin 2021.\u00a0Depuis octobre 2021, dans le cadre du Pacte pour un Enseignement d\u2019Excellence, elle occupe un poste d\u2019assistante de recherche pour lequel [&hellip;]<\/p>\n","protected":false},"author":197,"featured_media":0,"parent":7,"menu_order":0,"comment_status":"closed","ping_status":"closed","template":"","meta":{"footnotes":""},"class_list":["post-356","page","type-page","status-publish","hentry"],"yoast_head":"<!-- This site is optimized with the Yoast SEO plugin v27.2 - https:\/\/yoast.com\/product\/yoast-seo-wordpress\/ -->\n<title>Anne-C\u00e9cile Housiau - Service \/ FPSE - Ing\u00e9nierie p\u00e9dagogique et num\u00e9rique \u00e9ducatif<\/title>\n<meta name=\"robots\" content=\"index, follow, max-snippet:-1, max-image-preview:large, max-video-preview:-1\" \/>\n<link rel=\"canonical\" href=\"https:\/\/web.umons.ac.be\/spin\/equipe\/anne-cecile-housiau\/\" \/>\n<meta property=\"og:locale\" content=\"fr_FR\" \/>\n<meta property=\"og:type\" content=\"article\" \/>\n<meta property=\"og:title\" content=\"Anne-C\u00e9cile Housiau - Service \/ FPSE - Ing\u00e9nierie p\u00e9dagogique et num\u00e9rique \u00e9ducatif\" \/>\n<meta property=\"og:description\" content=\"Assistante sous mandat &#8211; Doctorante\u00a0 Institutrice de formation, Anne-C\u00e9cile Housiau enseignait dans les classes primaires depuis septembre 1999. Elle a enrichi sa formation professionnelle en obtenant un master en Sciences de l\u2019\u00c9ducation en juin 2021.\u00a0Depuis octobre 2021, dans le cadre du Pacte pour un Enseignement d\u2019Excellence, elle occupe un poste d\u2019assistante de recherche pour lequel [&hellip;]\" \/>\n<meta property=\"og:url\" content=\"https:\/\/web.umons.ac.be\/spin\/equipe\/anne-cecile-housiau\/\" \/>\n<meta property=\"og:site_name\" content=\"Service \/ FPSE - Ing\u00e9nierie p\u00e9dagogique et num\u00e9rique \u00e9ducatif\" \/>\n<meta property=\"article:modified_time\" content=\"2025-09-19T12:27:54+00:00\" \/>\n<meta property=\"og:image\" content=\"https:\/\/web.umons.ac.be\/app\/uploads\/sites\/129\/2023\/03\/ACH.jpg\" \/>\n\t<meta property=\"og:image:width\" content=\"512\" \/>\n\t<meta property=\"og:image:height\" content=\"512\" \/>\n\t<meta property=\"og:image:type\" content=\"image\/jpeg\" \/>\n<meta name=\"twitter:card\" content=\"summary_large_image\" \/>\n<meta name=\"twitter:label1\" content=\"Dur\u00e9e de lecture estim\u00e9e\" \/>\n\t<meta name=\"twitter:data1\" content=\"1 minute\" \/>\n<script type=\"application\/ld+json\" class=\"yoast-schema-graph\">{\"@context\":\"https:\/\/schema.org\",\"@graph\":[{\"@type\":\"WebPage\",\"@id\":\"https:\/\/web.umons.ac.be\/spin\/equipe\/anne-cecile-housiau\/\",\"url\":\"https:\/\/web.umons.ac.be\/spin\/equipe\/anne-cecile-housiau\/\",\"name\":\"Anne-C\u00e9cile Housiau - Service \/ FPSE - Ing\u00e9nierie p\u00e9dagogique et num\u00e9rique \u00e9ducatif\",\"isPartOf\":{\"@id\":\"https:\/\/web.umons.ac.be\/spin\/#website\"},\"primaryImageOfPage\":{\"@id\":\"https:\/\/web.umons.ac.be\/spin\/equipe\/anne-cecile-housiau\/#primaryimage\"},\"image\":{\"@id\":\"https:\/\/web.umons.ac.be\/spin\/equipe\/anne-cecile-housiau\/#primaryimage\"},\"thumbnailUrl\":\"https:\/\/web.umons.ac.be\/app\/uploads\/sites\/129\/2023\/03\/ACH-300x300.jpg\",\"datePublished\":\"2023-03-08T16:32:10+00:00\",\"dateModified\":\"2025-09-19T12:27:54+00:00\",\"breadcrumb\":{\"@id\":\"https:\/\/web.umons.ac.be\/spin\/equipe\/anne-cecile-housiau\/#breadcrumb\"},\"inLanguage\":\"fr-FR\",\"potentialAction\":[{\"@type\":\"ReadAction\",\"target\":[\"https:\/\/web.umons.ac.be\/spin\/equipe\/anne-cecile-housiau\/\"]}]},{\"@type\":\"ImageObject\",\"inLanguage\":\"fr-FR\",\"@id\":\"https:\/\/web.umons.ac.be\/spin\/equipe\/anne-cecile-housiau\/#primaryimage\",\"url\":\"https:\/\/web.umons.ac.be\/app\/uploads\/sites\/129\/2023\/03\/ACH-300x300.jpg\",\"contentUrl\":\"https:\/\/web.umons.ac.be\/app\/uploads\/sites\/129\/2023\/03\/ACH-300x300.jpg\"},{\"@type\":\"BreadcrumbList\",\"@id\":\"https:\/\/web.umons.ac.be\/spin\/equipe\/anne-cecile-housiau\/#breadcrumb\",\"itemListElement\":[{\"@type\":\"ListItem\",\"position\":1,\"name\":\"Home\",\"item\":\"https:\/\/web.umons.ac.be\/spin\/\"},{\"@type\":\"ListItem\",\"position\":2,\"name\":\"\u00c9quipe\",\"item\":\"https:\/\/web.umons.ac.be\/spin\/equipe\/\"},{\"@type\":\"ListItem\",\"position\":3,\"name\":\"Anne-C\u00e9cile Housiau\"}]},{\"@type\":\"WebSite\",\"@id\":\"https:\/\/web.umons.ac.be\/spin\/#website\",\"url\":\"https:\/\/web.umons.ac.be\/spin\/\",\"name\":\"Service \/ FPSE - Ing\u00e9nierie p\u00e9dagogique et num\u00e9rique \u00e9ducatif\",\"description\":\"\",\"potentialAction\":[{\"@type\":\"SearchAction\",\"target\":{\"@type\":\"EntryPoint\",\"urlTemplate\":\"https:\/\/web.umons.ac.be\/spin\/?s={search_term_string}\"},\"query-input\":{\"@type\":\"PropertyValueSpecification\",\"valueRequired\":true,\"valueName\":\"search_term_string\"}}],\"inLanguage\":\"fr-FR\"}]}<\/script>\n<!-- \/ Yoast SEO plugin. -->","yoast_head_json":{"title":"Anne-C\u00e9cile Housiau - Service \/ FPSE - Ing\u00e9nierie p\u00e9dagogique et num\u00e9rique \u00e9ducatif","robots":{"index":"index","follow":"follow","max-snippet":"max-snippet:-1","max-image-preview":"max-image-preview:large","max-video-preview":"max-video-preview:-1"},"canonical":"https:\/\/web.umons.ac.be\/spin\/equipe\/anne-cecile-housiau\/","og_locale":"fr_FR","og_type":"article","og_title":"Anne-C\u00e9cile Housiau - Service \/ FPSE - Ing\u00e9nierie p\u00e9dagogique et num\u00e9rique \u00e9ducatif","og_description":"Assistante sous mandat &#8211; Doctorante\u00a0 Institutrice de formation, Anne-C\u00e9cile Housiau enseignait dans les classes primaires depuis septembre 1999. Elle a enrichi sa formation professionnelle en obtenant un master en Sciences de l\u2019\u00c9ducation en juin 2021.\u00a0Depuis octobre 2021, dans le cadre du Pacte pour un Enseignement d\u2019Excellence, elle occupe un poste d\u2019assistante de recherche pour lequel [&hellip;]","og_url":"https:\/\/web.umons.ac.be\/spin\/equipe\/anne-cecile-housiau\/","og_site_name":"Service \/ FPSE - Ing\u00e9nierie p\u00e9dagogique et num\u00e9rique \u00e9ducatif","article_modified_time":"2025-09-19T12:27:54+00:00","og_image":[{"width":512,"height":512,"url":"https:\/\/web.umons.ac.be\/app\/uploads\/sites\/129\/2023\/03\/ACH.jpg","type":"image\/jpeg"}],"twitter_card":"summary_large_image","twitter_misc":{"Dur\u00e9e de lecture estim\u00e9e":"1 minute"},"schema":{"@context":"https:\/\/schema.org","@graph":[{"@type":"WebPage","@id":"https:\/\/web.umons.ac.be\/spin\/equipe\/anne-cecile-housiau\/","url":"https:\/\/web.umons.ac.be\/spin\/equipe\/anne-cecile-housiau\/","name":"Anne-C\u00e9cile Housiau - Service \/ FPSE - Ing\u00e9nierie p\u00e9dagogique et num\u00e9rique \u00e9ducatif","isPartOf":{"@id":"https:\/\/web.umons.ac.be\/spin\/#website"},"primaryImageOfPage":{"@id":"https:\/\/web.umons.ac.be\/spin\/equipe\/anne-cecile-housiau\/#primaryimage"},"image":{"@id":"https:\/\/web.umons.ac.be\/spin\/equipe\/anne-cecile-housiau\/#primaryimage"},"thumbnailUrl":"https:\/\/web.umons.ac.be\/app\/uploads\/sites\/129\/2023\/03\/ACH-300x300.jpg","datePublished":"2023-03-08T16:32:10+00:00","dateModified":"2025-09-19T12:27:54+00:00","breadcrumb":{"@id":"https:\/\/web.umons.ac.be\/spin\/equipe\/anne-cecile-housiau\/#breadcrumb"},"inLanguage":"fr-FR","potentialAction":[{"@type":"ReadAction","target":["https:\/\/web.umons.ac.be\/spin\/equipe\/anne-cecile-housiau\/"]}]},{"@type":"ImageObject","inLanguage":"fr-FR","@id":"https:\/\/web.umons.ac.be\/spin\/equipe\/anne-cecile-housiau\/#primaryimage","url":"https:\/\/web.umons.ac.be\/app\/uploads\/sites\/129\/2023\/03\/ACH-300x300.jpg","contentUrl":"https:\/\/web.umons.ac.be\/app\/uploads\/sites\/129\/2023\/03\/ACH-300x300.jpg"},{"@type":"BreadcrumbList","@id":"https:\/\/web.umons.ac.be\/spin\/equipe\/anne-cecile-housiau\/#breadcrumb","itemListElement":[{"@type":"ListItem","position":1,"name":"Home","item":"https:\/\/web.umons.ac.be\/spin\/"},{"@type":"ListItem","position":2,"name":"\u00c9quipe","item":"https:\/\/web.umons.ac.be\/spin\/equipe\/"},{"@type":"ListItem","position":3,"name":"Anne-C\u00e9cile Housiau"}]},{"@type":"WebSite","@id":"https:\/\/web.umons.ac.be\/spin\/#website","url":"https:\/\/web.umons.ac.be\/spin\/","name":"Service \/ FPSE - Ing\u00e9nierie p\u00e9dagogique et num\u00e9rique \u00e9ducatif","description":"","potentialAction":[{"@type":"SearchAction","target":{"@type":"EntryPoint","urlTemplate":"https:\/\/web.umons.ac.be\/spin\/?s={search_term_string}"},"query-input":{"@type":"PropertyValueSpecification","valueRequired":true,"valueName":"search_term_string"}}],"inLanguage":"fr-FR"}]}},"lang":"fr","translations":{"fr":356},"pll_sync_post":[],"_links":{"self":[{"href":"https:\/\/web.umons.ac.be\/spin\/wp-json\/wp\/v2\/pages\/356","targetHints":{"allow":["GET"]}}],"collection":[{"href":"https:\/\/web.umons.ac.be\/spin\/wp-json\/wp\/v2\/pages"}],"about":[{"href":"https:\/\/web.umons.ac.be\/spin\/wp-json\/wp\/v2\/types\/page"}],"author":[{"embeddable":true,"href":"https:\/\/web.umons.ac.be\/spin\/wp-json\/wp\/v2\/users\/197"}],"replies":[{"embeddable":true,"href":"https:\/\/web.umons.ac.be\/spin\/wp-json\/wp\/v2\/comments?post=356"}],"version-history":[{"count":3,"href":"https:\/\/web.umons.ac.be\/spin\/wp-json\/wp\/v2\/pages\/356\/revisions"}],"predecessor-version":[{"id":824,"href":"https:\/\/web.umons.ac.be\/spin\/wp-json\/wp\/v2\/pages\/356\/revisions\/824"}],"up":[{"embeddable":true,"href":"https:\/\/web.umons.ac.be\/spin\/wp-json\/wp\/v2\/pages\/7"}],"wp:attachment":[{"href":"https:\/\/web.umons.ac.be\/spin\/wp-json\/wp\/v2\/media?parent=356"}],"curies":[{"name":"wp","href":"https:\/\/api.w.org\/{rel}","templated":true}]}}