{"id":362,"date":"2023-03-08T17:36:16","date_gmt":"2023-03-08T16:36:16","guid":{"rendered":"https:\/\/web.umons.ac.be\/spin\/?page_id=362"},"modified":"2025-02-03T12:44:41","modified_gmt":"2025-02-03T11:44:41","slug":"sabrin-housni","status":"publish","type":"page","link":"https:\/\/web.umons.ac.be\/spin\/equipe\/sabrin-housni\/","title":{"rendered":"Sabrin Housni"},"content":{"rendered":"<h5><b><img loading=\"lazy\" decoding=\"async\" class=\" wp-image-363 alignleft\" src=\"https:\/\/web.umons.ac.be\/app\/uploads\/sites\/129\/2023\/03\/SH-300x300.png\" alt=\"\" width=\"223\" height=\"223\" srcset=\"https:\/\/web.umons.ac.be\/app\/uploads\/sites\/129\/2023\/03\/SH-300x300.png 300w, https:\/\/web.umons.ac.be\/app\/uploads\/sites\/129\/2023\/03\/SH-150x150.png 150w, https:\/\/web.umons.ac.be\/app\/uploads\/sites\/129\/2023\/03\/SH-30x30.png 30w, https:\/\/web.umons.ac.be\/app\/uploads\/sites\/129\/2023\/03\/SH-80x80.png 80w, https:\/\/web.umons.ac.be\/app\/uploads\/sites\/129\/2023\/03\/SH-60x60.png 60w, https:\/\/web.umons.ac.be\/app\/uploads\/sites\/129\/2023\/03\/SH-360x360.png 360w, https:\/\/web.umons.ac.be\/app\/uploads\/sites\/129\/2023\/03\/SH-400x400.png 400w, https:\/\/web.umons.ac.be\/app\/uploads\/sites\/129\/2023\/03\/SH-200x200.png 200w, https:\/\/web.umons.ac.be\/app\/uploads\/sites\/129\/2023\/03\/SH.png 450w\" sizes=\"auto, (max-width: 223px) 100vw, 223px\" \/>Assistante sous mandat\u00a0 &#8211; Doctorante<\/b><\/h5>\n<p style=\"text-align: justify;\">AESI en math\u00e9matiques, Sabrin Housni a poursuivi des \u00e9tudes en Sciences de l\u2019\u00c9ducation, se sp\u00e9cialisant d\u2019une part, en Enseignement et apprentissages scolaires et d\u2019autre part, en Technologie de l\u2019\u00e9ducation. Depuis 2017, elle travaille \u00e0 l\u2019UMONS et a particip\u00e9 \u00e0 diff\u00e9rents projets de recherche concernant l\u2019int\u00e9gration d\u2019une \u00e9ducation par et au num\u00e9rique en contexte scolaire (Pacte pour un Enseignement d\u2019Excellence), la mise en \u0153uvre de pratiques de coenseignement et plus r\u00e9cemment la cr\u00e9ation d\u2019un dispositif-cadre et d\u2019un parcours de formation continue \u00e0 destination des professeurs et formateurs souhaitant r\u00e9pondre \u00e0 la transition num\u00e9rique de leur m\u00e9tier et d\u00e9velopper leurs comp\u00e9tences en technop\u00e9dagogie (CIU NUMEFA). Actuellement, elle est assistante sous mandat au sein du service d&rsquo;ing\u00e9nierie p\u00e9dagogique et num\u00e9rique \u00e9ducatif. Ses recherches se centrent sur les conditions d&rsquo;entr\u00e9e, de participation et d&rsquo;apprentissage dans les communaut\u00e9s de pratique.<\/p>\n<p>&nbsp;<\/p>\n<start-cask-shortcode-wrapper>    <div class=\"tabs scheme-fpse\">\n        <nav class=\"tabs-nav\">\n            <ul class=\"tabs-menu\">\n                                <li class=\"tabs-menu-item active\">\n                    <a href=\"#pane-tab-6408b8c8be2d6\" class=\"tabs-menu-link scheme-color scheme-color-hover scheme-after-background-important\">\n                        Contact                    <\/a>\n                <\/li>\n                                <li class=\"tabs-menu-item\">\n                    <a href=\"#pane-tab-6408b8d5e0575\" class=\"tabs-menu-link scheme-color scheme-color-hover scheme-after-background-important\">\n                        Linkedin                    <\/a>\n                <\/li>\n                                <li class=\"tabs-menu-item\">\n                    <a href=\"#pane-tab-6408b8efc591c\" class=\"tabs-menu-link scheme-color scheme-color-hover scheme-after-background-important\">\n                        Publications sur ORBI                    <\/a>\n                <\/li>\n                                <li class=\"tabs-menu-item\">\n                    <a href=\"#pane-tab-6408b904aa252\" class=\"tabs-menu-link scheme-color scheme-color-hover scheme-after-background-important\">\n                        ResearchGate                    <\/a>\n                <\/li>\n                            <\/ul>\n        <\/nav>\n        <div class=\"tabs-panes\">\n                            <button class=\"expand-toggle button-expand accordion-bellow-toggle scheme-background-hover open\" data-target=\"#pane-tab-6408b8c8be2d6\">\n                    Contact                    <span class=\"icon arrow umons-icon umons-icon-chevron-down\" aria-hidden=\"true\"><\/span>\n                <\/button>\n                <div id=\"pane-tab-6408b8c8be2d6\" class=\"tabs-pane active\">\n                    <div class=\"tabs-pane-inner editor-front\">\n                        <strong><a href=\"mailto:Sabrin.HOUSNI@umons.ac.be\">Sabrin.HOUSNI@umons.ac.be<\/a> <\/strong>                    <\/div>\n                <\/div>\n                            <button class=\"expand-toggle button-expand accordion-bellow-toggle scheme-background-hover\" data-target=\"#pane-tab-6408b8d5e0575\">\n                    Linkedin                    <span class=\"icon arrow umons-icon umons-icon-chevron-down\" aria-hidden=\"true\"><\/span>\n                <\/button>\n                <div id=\"pane-tab-6408b8d5e0575\" class=\"tabs-pane\">\n                    <div class=\"tabs-pane-inner editor-front\">\n                        <a href=\"https:\/\/www.linkedin.com\/in\/sabrin-housni-74a083147\/\">https:\/\/www.linkedin.com\/in\/sabrin-housni-74a083147\/<\/a>                    <\/div>\n                <\/div>\n                            <button class=\"expand-toggle button-expand accordion-bellow-toggle scheme-background-hover\" data-target=\"#pane-tab-6408b8efc591c\">\n                    Publications sur ORBI                    <span class=\"icon arrow umons-icon umons-icon-chevron-down\" aria-hidden=\"true\"><\/span>\n                <\/button>\n                <div id=\"pane-tab-6408b8efc591c\" class=\"tabs-pane\">\n                    <div class=\"tabs-pane-inner editor-front\">\n                        <a href=\"https:\/\/orbi.umons.ac.be\/profile?uid=533060\">https:\/\/orbi.umons.ac.be\/profile?uid=533060<\/a>                    <\/div>\n                <\/div>\n                            <button class=\"expand-toggle button-expand accordion-bellow-toggle scheme-background-hover\" data-target=\"#pane-tab-6408b904aa252\">\n                    ResearchGate                    <span class=\"icon arrow umons-icon umons-icon-chevron-down\" aria-hidden=\"true\"><\/span>\n                <\/button>\n                <div id=\"pane-tab-6408b904aa252\" class=\"tabs-pane\">\n                    <div class=\"tabs-pane-inner editor-front\">\n                        <a href=\"https:\/\/www.researchgate.net\/profile\/Sabrin-Housni\">https:\/\/www.researchgate.net\/profile\/Sabrin-Housni<\/a>                    <\/div>\n                <\/div>\n                    <\/div>\n    <\/div><end-cask-shortcode-wrapper>\n","protected":false},"excerpt":{"rendered":"<p>Assistante sous mandat\u00a0 &#8211; Doctorante AESI en math\u00e9matiques, Sabrin Housni a poursuivi des \u00e9tudes en Sciences de l\u2019\u00c9ducation, se sp\u00e9cialisant d\u2019une part, en Enseignement et apprentissages scolaires et d\u2019autre part, en Technologie de l\u2019\u00e9ducation. Depuis 2017, elle travaille \u00e0 l\u2019UMONS et a particip\u00e9 \u00e0 diff\u00e9rents projets de recherche concernant l\u2019int\u00e9gration d\u2019une \u00e9ducation par et au [&hellip;]<\/p>\n","protected":false},"author":197,"featured_media":0,"parent":7,"menu_order":0,"comment_status":"closed","ping_status":"closed","template":"","meta":{"footnotes":""},"class_list":["post-362","page","type-page","status-publish","hentry"],"yoast_head":"<!-- This site is optimized with the Yoast SEO plugin v27.2 - https:\/\/yoast.com\/product\/yoast-seo-wordpress\/ -->\n<title>Sabrin Housni - Service \/ FPSE - Ing\u00e9nierie p\u00e9dagogique et num\u00e9rique \u00e9ducatif<\/title>\n<meta name=\"robots\" content=\"index, follow, max-snippet:-1, max-image-preview:large, max-video-preview:-1\" \/>\n<link rel=\"canonical\" href=\"https:\/\/web.umons.ac.be\/spin\/equipe\/sabrin-housni\/\" \/>\n<meta property=\"og:locale\" content=\"fr_FR\" \/>\n<meta property=\"og:type\" content=\"article\" \/>\n<meta property=\"og:title\" content=\"Sabrin Housni - Service \/ FPSE - Ing\u00e9nierie p\u00e9dagogique et num\u00e9rique \u00e9ducatif\" \/>\n<meta property=\"og:description\" content=\"Assistante sous mandat\u00a0 &#8211; Doctorante AESI en math\u00e9matiques, Sabrin Housni a poursuivi des \u00e9tudes en Sciences de l\u2019\u00c9ducation, se sp\u00e9cialisant d\u2019une part, en Enseignement et apprentissages scolaires et d\u2019autre part, en Technologie de l\u2019\u00e9ducation. Depuis 2017, elle travaille \u00e0 l\u2019UMONS et a particip\u00e9 \u00e0 diff\u00e9rents projets de recherche concernant l\u2019int\u00e9gration d\u2019une \u00e9ducation par et au [&hellip;]\" \/>\n<meta property=\"og:url\" content=\"https:\/\/web.umons.ac.be\/spin\/equipe\/sabrin-housni\/\" \/>\n<meta property=\"og:site_name\" content=\"Service \/ FPSE - Ing\u00e9nierie p\u00e9dagogique et num\u00e9rique \u00e9ducatif\" \/>\n<meta property=\"article:modified_time\" content=\"2025-02-03T11:44:41+00:00\" \/>\n<meta property=\"og:image\" content=\"https:\/\/web.umons.ac.be\/app\/uploads\/sites\/129\/2023\/03\/SH.png\" \/>\n\t<meta property=\"og:image:width\" content=\"450\" \/>\n\t<meta property=\"og:image:height\" content=\"450\" \/>\n\t<meta property=\"og:image:type\" content=\"image\/png\" \/>\n<meta name=\"twitter:card\" content=\"summary_large_image\" \/>\n<meta name=\"twitter:label1\" content=\"Dur\u00e9e de lecture estim\u00e9e\" \/>\n\t<meta name=\"twitter:data1\" content=\"1 minute\" \/>\n<script type=\"application\/ld+json\" class=\"yoast-schema-graph\">{\"@context\":\"https:\/\/schema.org\",\"@graph\":[{\"@type\":\"WebPage\",\"@id\":\"https:\/\/web.umons.ac.be\/spin\/equipe\/sabrin-housni\/\",\"url\":\"https:\/\/web.umons.ac.be\/spin\/equipe\/sabrin-housni\/\",\"name\":\"Sabrin Housni - Service \/ FPSE - Ing\u00e9nierie p\u00e9dagogique et num\u00e9rique \u00e9ducatif\",\"isPartOf\":{\"@id\":\"https:\/\/web.umons.ac.be\/spin\/#website\"},\"primaryImageOfPage\":{\"@id\":\"https:\/\/web.umons.ac.be\/spin\/equipe\/sabrin-housni\/#primaryimage\"},\"image\":{\"@id\":\"https:\/\/web.umons.ac.be\/spin\/equipe\/sabrin-housni\/#primaryimage\"},\"thumbnailUrl\":\"https:\/\/web.umons.ac.be\/app\/uploads\/sites\/129\/2023\/03\/SH-300x300.png\",\"datePublished\":\"2023-03-08T16:36:16+00:00\",\"dateModified\":\"2025-02-03T11:44:41+00:00\",\"breadcrumb\":{\"@id\":\"https:\/\/web.umons.ac.be\/spin\/equipe\/sabrin-housni\/#breadcrumb\"},\"inLanguage\":\"fr-FR\",\"potentialAction\":[{\"@type\":\"ReadAction\",\"target\":[\"https:\/\/web.umons.ac.be\/spin\/equipe\/sabrin-housni\/\"]}]},{\"@type\":\"ImageObject\",\"inLanguage\":\"fr-FR\",\"@id\":\"https:\/\/web.umons.ac.be\/spin\/equipe\/sabrin-housni\/#primaryimage\",\"url\":\"https:\/\/web.umons.ac.be\/app\/uploads\/sites\/129\/2023\/03\/SH-300x300.png\",\"contentUrl\":\"https:\/\/web.umons.ac.be\/app\/uploads\/sites\/129\/2023\/03\/SH-300x300.png\"},{\"@type\":\"BreadcrumbList\",\"@id\":\"https:\/\/web.umons.ac.be\/spin\/equipe\/sabrin-housni\/#breadcrumb\",\"itemListElement\":[{\"@type\":\"ListItem\",\"position\":1,\"name\":\"Home\",\"item\":\"https:\/\/web.umons.ac.be\/spin\/\"},{\"@type\":\"ListItem\",\"position\":2,\"name\":\"\u00c9quipe\",\"item\":\"https:\/\/web.umons.ac.be\/spin\/equipe\/\"},{\"@type\":\"ListItem\",\"position\":3,\"name\":\"Sabrin Housni\"}]},{\"@type\":\"WebSite\",\"@id\":\"https:\/\/web.umons.ac.be\/spin\/#website\",\"url\":\"https:\/\/web.umons.ac.be\/spin\/\",\"name\":\"Service \/ FPSE - Ing\u00e9nierie p\u00e9dagogique et num\u00e9rique \u00e9ducatif\",\"description\":\"\",\"potentialAction\":[{\"@type\":\"SearchAction\",\"target\":{\"@type\":\"EntryPoint\",\"urlTemplate\":\"https:\/\/web.umons.ac.be\/spin\/?s={search_term_string}\"},\"query-input\":{\"@type\":\"PropertyValueSpecification\",\"valueRequired\":true,\"valueName\":\"search_term_string\"}}],\"inLanguage\":\"fr-FR\"}]}<\/script>\n<!-- \/ Yoast SEO plugin. -->","yoast_head_json":{"title":"Sabrin Housni - Service \/ FPSE - Ing\u00e9nierie p\u00e9dagogique et num\u00e9rique \u00e9ducatif","robots":{"index":"index","follow":"follow","max-snippet":"max-snippet:-1","max-image-preview":"max-image-preview:large","max-video-preview":"max-video-preview:-1"},"canonical":"https:\/\/web.umons.ac.be\/spin\/equipe\/sabrin-housni\/","og_locale":"fr_FR","og_type":"article","og_title":"Sabrin Housni - Service \/ FPSE - Ing\u00e9nierie p\u00e9dagogique et num\u00e9rique \u00e9ducatif","og_description":"Assistante sous mandat\u00a0 &#8211; Doctorante AESI en math\u00e9matiques, Sabrin Housni a poursuivi des \u00e9tudes en Sciences de l\u2019\u00c9ducation, se sp\u00e9cialisant d\u2019une part, en Enseignement et apprentissages scolaires et d\u2019autre part, en Technologie de l\u2019\u00e9ducation. Depuis 2017, elle travaille \u00e0 l\u2019UMONS et a particip\u00e9 \u00e0 diff\u00e9rents projets de recherche concernant l\u2019int\u00e9gration d\u2019une \u00e9ducation par et au [&hellip;]","og_url":"https:\/\/web.umons.ac.be\/spin\/equipe\/sabrin-housni\/","og_site_name":"Service \/ FPSE - Ing\u00e9nierie p\u00e9dagogique et num\u00e9rique \u00e9ducatif","article_modified_time":"2025-02-03T11:44:41+00:00","og_image":[{"width":450,"height":450,"url":"https:\/\/web.umons.ac.be\/app\/uploads\/sites\/129\/2023\/03\/SH.png","type":"image\/png"}],"twitter_card":"summary_large_image","twitter_misc":{"Dur\u00e9e de lecture estim\u00e9e":"1 minute"},"schema":{"@context":"https:\/\/schema.org","@graph":[{"@type":"WebPage","@id":"https:\/\/web.umons.ac.be\/spin\/equipe\/sabrin-housni\/","url":"https:\/\/web.umons.ac.be\/spin\/equipe\/sabrin-housni\/","name":"Sabrin Housni - Service \/ FPSE - Ing\u00e9nierie p\u00e9dagogique et num\u00e9rique \u00e9ducatif","isPartOf":{"@id":"https:\/\/web.umons.ac.be\/spin\/#website"},"primaryImageOfPage":{"@id":"https:\/\/web.umons.ac.be\/spin\/equipe\/sabrin-housni\/#primaryimage"},"image":{"@id":"https:\/\/web.umons.ac.be\/spin\/equipe\/sabrin-housni\/#primaryimage"},"thumbnailUrl":"https:\/\/web.umons.ac.be\/app\/uploads\/sites\/129\/2023\/03\/SH-300x300.png","datePublished":"2023-03-08T16:36:16+00:00","dateModified":"2025-02-03T11:44:41+00:00","breadcrumb":{"@id":"https:\/\/web.umons.ac.be\/spin\/equipe\/sabrin-housni\/#breadcrumb"},"inLanguage":"fr-FR","potentialAction":[{"@type":"ReadAction","target":["https:\/\/web.umons.ac.be\/spin\/equipe\/sabrin-housni\/"]}]},{"@type":"ImageObject","inLanguage":"fr-FR","@id":"https:\/\/web.umons.ac.be\/spin\/equipe\/sabrin-housni\/#primaryimage","url":"https:\/\/web.umons.ac.be\/app\/uploads\/sites\/129\/2023\/03\/SH-300x300.png","contentUrl":"https:\/\/web.umons.ac.be\/app\/uploads\/sites\/129\/2023\/03\/SH-300x300.png"},{"@type":"BreadcrumbList","@id":"https:\/\/web.umons.ac.be\/spin\/equipe\/sabrin-housni\/#breadcrumb","itemListElement":[{"@type":"ListItem","position":1,"name":"Home","item":"https:\/\/web.umons.ac.be\/spin\/"},{"@type":"ListItem","position":2,"name":"\u00c9quipe","item":"https:\/\/web.umons.ac.be\/spin\/equipe\/"},{"@type":"ListItem","position":3,"name":"Sabrin Housni"}]},{"@type":"WebSite","@id":"https:\/\/web.umons.ac.be\/spin\/#website","url":"https:\/\/web.umons.ac.be\/spin\/","name":"Service \/ FPSE - Ing\u00e9nierie p\u00e9dagogique et num\u00e9rique \u00e9ducatif","description":"","potentialAction":[{"@type":"SearchAction","target":{"@type":"EntryPoint","urlTemplate":"https:\/\/web.umons.ac.be\/spin\/?s={search_term_string}"},"query-input":{"@type":"PropertyValueSpecification","valueRequired":true,"valueName":"search_term_string"}}],"inLanguage":"fr-FR"}]}},"lang":"fr","translations":{"fr":362},"pll_sync_post":[],"_links":{"self":[{"href":"https:\/\/web.umons.ac.be\/spin\/wp-json\/wp\/v2\/pages\/362","targetHints":{"allow":["GET"]}}],"collection":[{"href":"https:\/\/web.umons.ac.be\/spin\/wp-json\/wp\/v2\/pages"}],"about":[{"href":"https:\/\/web.umons.ac.be\/spin\/wp-json\/wp\/v2\/types\/page"}],"author":[{"embeddable":true,"href":"https:\/\/web.umons.ac.be\/spin\/wp-json\/wp\/v2\/users\/197"}],"replies":[{"embeddable":true,"href":"https:\/\/web.umons.ac.be\/spin\/wp-json\/wp\/v2\/comments?post=362"}],"version-history":[{"count":3,"href":"https:\/\/web.umons.ac.be\/spin\/wp-json\/wp\/v2\/pages\/362\/revisions"}],"predecessor-version":[{"id":752,"href":"https:\/\/web.umons.ac.be\/spin\/wp-json\/wp\/v2\/pages\/362\/revisions\/752"}],"up":[{"embeddable":true,"href":"https:\/\/web.umons.ac.be\/spin\/wp-json\/wp\/v2\/pages\/7"}],"wp:attachment":[{"href":"https:\/\/web.umons.ac.be\/spin\/wp-json\/wp\/v2\/media?parent=362"}],"curies":[{"name":"wp","href":"https:\/\/api.w.org\/{rel}","templated":true}]}}