{"id":365,"date":"2023-03-08T17:39:50","date_gmt":"2023-03-08T16:39:50","guid":{"rendered":"https:\/\/web.umons.ac.be\/spin\/?page_id=365"},"modified":"2025-02-03T11:13:17","modified_gmt":"2025-02-03T10:13:17","slug":"audrey-kumps","status":"publish","type":"page","link":"https:\/\/web.umons.ac.be\/spin\/equipe\/audrey-kumps\/","title":{"rendered":"Audrey Kumps"},"content":{"rendered":"<p><img loading=\"lazy\" decoding=\"async\" class=\" wp-image-416 alignleft\" style=\"font-style: normal; font-variant-ligatures: normal; font-variant-caps: normal; font-weight: 400; font-family: 'Helvetica Neue', Helvetica, Arial, sans-serif; font-size: 14px; text-align: justify;\" src=\"https:\/\/web.umons.ac.be\/app\/uploads\/sites\/129\/2023\/03\/Audrey-300x300.jpg\" alt=\"\" width=\"192\" height=\"192\" srcset=\"https:\/\/web.umons.ac.be\/app\/uploads\/sites\/129\/2023\/03\/Audrey-300x300.jpg 300w, https:\/\/web.umons.ac.be\/app\/uploads\/sites\/129\/2023\/03\/Audrey-150x150.jpg 150w, https:\/\/web.umons.ac.be\/app\/uploads\/sites\/129\/2023\/03\/Audrey-30x30.jpg 30w, https:\/\/web.umons.ac.be\/app\/uploads\/sites\/129\/2023\/03\/Audrey-80x80.jpg 80w, https:\/\/web.umons.ac.be\/app\/uploads\/sites\/129\/2023\/03\/Audrey-60x60.jpg 60w, https:\/\/web.umons.ac.be\/app\/uploads\/sites\/129\/2023\/03\/Audrey-360x360.jpg 360w, https:\/\/web.umons.ac.be\/app\/uploads\/sites\/129\/2023\/03\/Audrey-400x400.jpg 400w, https:\/\/web.umons.ac.be\/app\/uploads\/sites\/129\/2023\/03\/Audrey-200x200.jpg 200w, https:\/\/web.umons.ac.be\/app\/uploads\/sites\/129\/2023\/03\/Audrey.jpg 554w\" sizes=\"auto, (max-width: 192px) 100vw, 192px\" \/><\/p>\n<h5><b>Premi\u00e8re Assistante &#8211; Docteure\u00a0<\/b><\/h5>\n<p style=\"text-align: justify;\"><span style=\"font-weight: 400;\">Institutrice de formation, Audrey Kumps a enseign\u00e9 dans une classe primaire pendant plus de 10 ans. Elle a poursuivi sa formation en suivant le master en sciences de l\u2019\u00e9ducation et en se sp\u00e9cialisant en technologie de l\u2019\u00e9ducation. Travaillant depuis f\u00e9vrier 2017 \u00e0 l\u2019Universit\u00e9 de Mons (UMONS), elle a particip\u00e9 \u00e0 une r\u00e9flexion sur l\u2019int\u00e9gration du num\u00e9rique en contexte scolaire pour le projet Pacte pour un enseignement d\u2019Excellence de la F\u00e9d\u00e9ration Wallonie-Bruxelles. Elle a \u00e9galement occup\u00e9 un poste de consultant pour la soci\u00e9t\u00e9 Engie Tractebel. <\/span><\/p>\n<p style=\"text-align: justify;\"><span style=\"font-weight: 400;\">Actuellement, Audrey Kumps est premi\u00e8re assistante au sein du service d&rsquo;ing\u00e9nierie p\u00e9dagogique et num\u00e9rique \u00e9ducatif o\u00f9 elle contribue aux enseignements de base relatifs \u00e0 la p\u00e9dagogie, \u00e0 la didactique et \u00e0 l&rsquo;int\u00e9gration du num\u00e9rique en contexte scolaire. L\u2019acquisition des comp\u00e9tences num\u00e9riques, la didactique du fran\u00e7ais, la formation des enseignants et plus particuli\u00e8rement, la recherche et le traitement de l\u2019information hors et en ligne sont ces principaux axes de recherches.<\/span><\/p>\n<p>Audrey Kumps a r\u00e9alis\u00e9 une th\u00e8se de doctorat intitul\u00e9e \u00ab Former les enseignants \u00e0 la didactique de la recherche d\u2019information en ligne \u00e0 partir des pratiques effectives des \u00e9l\u00e8ves \u00bb (sous la direction des Profs G. Temperman et B. De Li\u00e8vre) et s\u2019est donc sp\u00e9cialis\u00e9 dans le domaine de la formation des enseignants et l&rsquo;enseignement des comp\u00e9tences num\u00e9riques.<\/p>\n<p>&nbsp;<\/p>\n<p>&nbsp;<\/p>\n<start-cask-shortcode-wrapper>    <div class=\"tabs scheme-fpse\">\n        <nav class=\"tabs-nav\">\n            <ul class=\"tabs-menu\">\n                                <li class=\"tabs-menu-item active\">\n                    <a href=\"#pane-tab-6408b9bf83b56\" class=\"tabs-menu-link scheme-color scheme-color-hover scheme-after-background-important\">\n                        Contact                    <\/a>\n                <\/li>\n                                <li class=\"tabs-menu-item\">\n                    <a href=\"#pane-tab-6408b9cc1b4f1\" class=\"tabs-menu-link scheme-color scheme-color-hover scheme-after-background-important\">\n                        Linkedin                    <\/a>\n                <\/li>\n                                <li class=\"tabs-menu-item\">\n                    <a href=\"#pane-tab-6408b9e80693d\" class=\"tabs-menu-link scheme-color scheme-color-hover scheme-after-background-important\">\n                        Publications sur ORBI                    <\/a>\n                <\/li>\n                                <li class=\"tabs-menu-item\">\n                    <a href=\"#pane-tab-6408b9f8be0bb\" class=\"tabs-menu-link scheme-color scheme-color-hover scheme-after-background-important\">\n                        ResearchGate                    <\/a>\n                <\/li>\n                            <\/ul>\n        <\/nav>\n        <div class=\"tabs-panes\">\n                            <button class=\"expand-toggle button-expand accordion-bellow-toggle scheme-background-hover open\" data-target=\"#pane-tab-6408b9bf83b56\">\n                    Contact                    <span class=\"icon arrow umons-icon umons-icon-chevron-down\" aria-hidden=\"true\"><\/span>\n                <\/button>\n                <div id=\"pane-tab-6408b9bf83b56\" class=\"tabs-pane active\">\n                    <div class=\"tabs-pane-inner editor-front\">\n                        <strong><a href=\"mailto:Audrey.KUMPS@umons.ac.be\">Audrey.KUMPS@umons.ac.be<\/a> <\/strong>                    <\/div>\n                <\/div>\n                            <button class=\"expand-toggle button-expand accordion-bellow-toggle scheme-background-hover\" data-target=\"#pane-tab-6408b9cc1b4f1\">\n                    Linkedin                    <span class=\"icon arrow umons-icon umons-icon-chevron-down\" aria-hidden=\"true\"><\/span>\n                <\/button>\n                <div id=\"pane-tab-6408b9cc1b4f1\" class=\"tabs-pane\">\n                    <div class=\"tabs-pane-inner editor-front\">\n                        <a href=\"https:\/\/www.linkedin.com\/in\/audrey-kumps-9bb4b713b\/\">https:\/\/www.linkedin.com\/in\/audrey-kumps-9bb4b713b\/<\/a>                    <\/div>\n                <\/div>\n                            <button class=\"expand-toggle button-expand accordion-bellow-toggle scheme-background-hover\" data-target=\"#pane-tab-6408b9e80693d\">\n                    Publications sur ORBI                    <span class=\"icon arrow umons-icon umons-icon-chevron-down\" aria-hidden=\"true\"><\/span>\n                <\/button>\n                <div id=\"pane-tab-6408b9e80693d\" class=\"tabs-pane\">\n                    <div class=\"tabs-pane-inner editor-front\">\n                        <a href=\"https:\/\/orbi.umons.ac.be\/profile?uid=533036\">https:\/\/orbi.umons.ac.be\/profile?uid=533036<\/a>                    <\/div>\n                <\/div>\n                            <button class=\"expand-toggle button-expand accordion-bellow-toggle scheme-background-hover\" data-target=\"#pane-tab-6408b9f8be0bb\">\n                    ResearchGate                    <span class=\"icon arrow umons-icon umons-icon-chevron-down\" aria-hidden=\"true\"><\/span>\n                <\/button>\n                <div id=\"pane-tab-6408b9f8be0bb\" class=\"tabs-pane\">\n                    <div class=\"tabs-pane-inner editor-front\">\n                        <a href=\"https:\/\/www.researchgate.net\/profile\/Kumps-Audrey\">https:\/\/www.researchgate.net\/profile\/Kumps-Audrey<\/a>                    <\/div>\n                <\/div>\n                    <\/div>\n    <\/div><end-cask-shortcode-wrapper>\n","protected":false},"excerpt":{"rendered":"<p>Premi\u00e8re Assistante &#8211; Docteure\u00a0 Institutrice de formation, Audrey Kumps a enseign\u00e9 dans une classe primaire pendant plus de 10 ans. Elle a poursuivi sa formation en suivant le master en sciences de l\u2019\u00e9ducation et en se sp\u00e9cialisant en technologie de l\u2019\u00e9ducation. Travaillant depuis f\u00e9vrier 2017 \u00e0 l\u2019Universit\u00e9 de Mons (UMONS), elle a particip\u00e9 \u00e0 une [&hellip;]<\/p>\n","protected":false},"author":197,"featured_media":0,"parent":7,"menu_order":0,"comment_status":"closed","ping_status":"closed","template":"","meta":{"footnotes":""},"class_list":["post-365","page","type-page","status-publish","hentry"],"yoast_head":"<!-- This site is optimized with the Yoast SEO plugin v27.2 - https:\/\/yoast.com\/product\/yoast-seo-wordpress\/ -->\n<title>Audrey Kumps - Service \/ FPSE - Ing\u00e9nierie p\u00e9dagogique et num\u00e9rique \u00e9ducatif<\/title>\n<meta name=\"robots\" content=\"index, follow, max-snippet:-1, max-image-preview:large, max-video-preview:-1\" \/>\n<link rel=\"canonical\" href=\"https:\/\/web.umons.ac.be\/spin\/equipe\/audrey-kumps\/\" \/>\n<meta property=\"og:locale\" content=\"fr_FR\" \/>\n<meta property=\"og:type\" content=\"article\" \/>\n<meta property=\"og:title\" content=\"Audrey Kumps - Service \/ FPSE - Ing\u00e9nierie p\u00e9dagogique et num\u00e9rique \u00e9ducatif\" \/>\n<meta property=\"og:description\" content=\"Premi\u00e8re Assistante &#8211; Docteure\u00a0 Institutrice de formation, Audrey Kumps a enseign\u00e9 dans une classe primaire pendant plus de 10 ans. Elle a poursuivi sa formation en suivant le master en sciences de l\u2019\u00e9ducation et en se sp\u00e9cialisant en technologie de l\u2019\u00e9ducation. Travaillant depuis f\u00e9vrier 2017 \u00e0 l\u2019Universit\u00e9 de Mons (UMONS), elle a particip\u00e9 \u00e0 une [&hellip;]\" \/>\n<meta property=\"og:url\" content=\"https:\/\/web.umons.ac.be\/spin\/equipe\/audrey-kumps\/\" \/>\n<meta property=\"og:site_name\" content=\"Service \/ FPSE - Ing\u00e9nierie p\u00e9dagogique et num\u00e9rique \u00e9ducatif\" \/>\n<meta property=\"article:modified_time\" content=\"2025-02-03T10:13:17+00:00\" \/>\n<meta property=\"og:image\" content=\"https:\/\/web.umons.ac.be\/app\/uploads\/sites\/129\/2023\/03\/Audrey.jpg\" \/>\n\t<meta property=\"og:image:width\" content=\"554\" \/>\n\t<meta property=\"og:image:height\" content=\"554\" \/>\n\t<meta property=\"og:image:type\" content=\"image\/jpeg\" \/>\n<meta name=\"twitter:card\" content=\"summary_large_image\" \/>\n<meta name=\"twitter:label1\" content=\"Dur\u00e9e de lecture estim\u00e9e\" \/>\n\t<meta name=\"twitter:data1\" content=\"2 minutes\" \/>\n<script type=\"application\/ld+json\" class=\"yoast-schema-graph\">{\"@context\":\"https:\/\/schema.org\",\"@graph\":[{\"@type\":\"WebPage\",\"@id\":\"https:\/\/web.umons.ac.be\/spin\/equipe\/audrey-kumps\/\",\"url\":\"https:\/\/web.umons.ac.be\/spin\/equipe\/audrey-kumps\/\",\"name\":\"Audrey Kumps - Service \/ FPSE - Ing\u00e9nierie p\u00e9dagogique et num\u00e9rique \u00e9ducatif\",\"isPartOf\":{\"@id\":\"https:\/\/web.umons.ac.be\/spin\/#website\"},\"primaryImageOfPage\":{\"@id\":\"https:\/\/web.umons.ac.be\/spin\/equipe\/audrey-kumps\/#primaryimage\"},\"image\":{\"@id\":\"https:\/\/web.umons.ac.be\/spin\/equipe\/audrey-kumps\/#primaryimage\"},\"thumbnailUrl\":\"https:\/\/web.umons.ac.be\/app\/uploads\/sites\/129\/2023\/03\/Audrey-300x300.jpg\",\"datePublished\":\"2023-03-08T16:39:50+00:00\",\"dateModified\":\"2025-02-03T10:13:17+00:00\",\"breadcrumb\":{\"@id\":\"https:\/\/web.umons.ac.be\/spin\/equipe\/audrey-kumps\/#breadcrumb\"},\"inLanguage\":\"fr-FR\",\"potentialAction\":[{\"@type\":\"ReadAction\",\"target\":[\"https:\/\/web.umons.ac.be\/spin\/equipe\/audrey-kumps\/\"]}]},{\"@type\":\"ImageObject\",\"inLanguage\":\"fr-FR\",\"@id\":\"https:\/\/web.umons.ac.be\/spin\/equipe\/audrey-kumps\/#primaryimage\",\"url\":\"https:\/\/web.umons.ac.be\/app\/uploads\/sites\/129\/2023\/03\/Audrey-300x300.jpg\",\"contentUrl\":\"https:\/\/web.umons.ac.be\/app\/uploads\/sites\/129\/2023\/03\/Audrey-300x300.jpg\"},{\"@type\":\"BreadcrumbList\",\"@id\":\"https:\/\/web.umons.ac.be\/spin\/equipe\/audrey-kumps\/#breadcrumb\",\"itemListElement\":[{\"@type\":\"ListItem\",\"position\":1,\"name\":\"Home\",\"item\":\"https:\/\/web.umons.ac.be\/spin\/\"},{\"@type\":\"ListItem\",\"position\":2,\"name\":\"\u00c9quipe\",\"item\":\"https:\/\/web.umons.ac.be\/spin\/equipe\/\"},{\"@type\":\"ListItem\",\"position\":3,\"name\":\"Audrey Kumps\"}]},{\"@type\":\"WebSite\",\"@id\":\"https:\/\/web.umons.ac.be\/spin\/#website\",\"url\":\"https:\/\/web.umons.ac.be\/spin\/\",\"name\":\"Service \/ FPSE - Ing\u00e9nierie p\u00e9dagogique et num\u00e9rique \u00e9ducatif\",\"description\":\"\",\"potentialAction\":[{\"@type\":\"SearchAction\",\"target\":{\"@type\":\"EntryPoint\",\"urlTemplate\":\"https:\/\/web.umons.ac.be\/spin\/?s={search_term_string}\"},\"query-input\":{\"@type\":\"PropertyValueSpecification\",\"valueRequired\":true,\"valueName\":\"search_term_string\"}}],\"inLanguage\":\"fr-FR\"}]}<\/script>\n<!-- \/ Yoast SEO plugin. -->","yoast_head_json":{"title":"Audrey Kumps - Service \/ FPSE - Ing\u00e9nierie p\u00e9dagogique et num\u00e9rique \u00e9ducatif","robots":{"index":"index","follow":"follow","max-snippet":"max-snippet:-1","max-image-preview":"max-image-preview:large","max-video-preview":"max-video-preview:-1"},"canonical":"https:\/\/web.umons.ac.be\/spin\/equipe\/audrey-kumps\/","og_locale":"fr_FR","og_type":"article","og_title":"Audrey Kumps - Service \/ FPSE - Ing\u00e9nierie p\u00e9dagogique et num\u00e9rique \u00e9ducatif","og_description":"Premi\u00e8re Assistante &#8211; Docteure\u00a0 Institutrice de formation, Audrey Kumps a enseign\u00e9 dans une classe primaire pendant plus de 10 ans. Elle a poursuivi sa formation en suivant le master en sciences de l\u2019\u00e9ducation et en se sp\u00e9cialisant en technologie de l\u2019\u00e9ducation. Travaillant depuis f\u00e9vrier 2017 \u00e0 l\u2019Universit\u00e9 de Mons (UMONS), elle a particip\u00e9 \u00e0 une [&hellip;]","og_url":"https:\/\/web.umons.ac.be\/spin\/equipe\/audrey-kumps\/","og_site_name":"Service \/ FPSE - Ing\u00e9nierie p\u00e9dagogique et num\u00e9rique \u00e9ducatif","article_modified_time":"2025-02-03T10:13:17+00:00","og_image":[{"width":554,"height":554,"url":"https:\/\/web.umons.ac.be\/app\/uploads\/sites\/129\/2023\/03\/Audrey.jpg","type":"image\/jpeg"}],"twitter_card":"summary_large_image","twitter_misc":{"Dur\u00e9e de lecture estim\u00e9e":"2 minutes"},"schema":{"@context":"https:\/\/schema.org","@graph":[{"@type":"WebPage","@id":"https:\/\/web.umons.ac.be\/spin\/equipe\/audrey-kumps\/","url":"https:\/\/web.umons.ac.be\/spin\/equipe\/audrey-kumps\/","name":"Audrey Kumps - Service \/ FPSE - Ing\u00e9nierie p\u00e9dagogique et num\u00e9rique \u00e9ducatif","isPartOf":{"@id":"https:\/\/web.umons.ac.be\/spin\/#website"},"primaryImageOfPage":{"@id":"https:\/\/web.umons.ac.be\/spin\/equipe\/audrey-kumps\/#primaryimage"},"image":{"@id":"https:\/\/web.umons.ac.be\/spin\/equipe\/audrey-kumps\/#primaryimage"},"thumbnailUrl":"https:\/\/web.umons.ac.be\/app\/uploads\/sites\/129\/2023\/03\/Audrey-300x300.jpg","datePublished":"2023-03-08T16:39:50+00:00","dateModified":"2025-02-03T10:13:17+00:00","breadcrumb":{"@id":"https:\/\/web.umons.ac.be\/spin\/equipe\/audrey-kumps\/#breadcrumb"},"inLanguage":"fr-FR","potentialAction":[{"@type":"ReadAction","target":["https:\/\/web.umons.ac.be\/spin\/equipe\/audrey-kumps\/"]}]},{"@type":"ImageObject","inLanguage":"fr-FR","@id":"https:\/\/web.umons.ac.be\/spin\/equipe\/audrey-kumps\/#primaryimage","url":"https:\/\/web.umons.ac.be\/app\/uploads\/sites\/129\/2023\/03\/Audrey-300x300.jpg","contentUrl":"https:\/\/web.umons.ac.be\/app\/uploads\/sites\/129\/2023\/03\/Audrey-300x300.jpg"},{"@type":"BreadcrumbList","@id":"https:\/\/web.umons.ac.be\/spin\/equipe\/audrey-kumps\/#breadcrumb","itemListElement":[{"@type":"ListItem","position":1,"name":"Home","item":"https:\/\/web.umons.ac.be\/spin\/"},{"@type":"ListItem","position":2,"name":"\u00c9quipe","item":"https:\/\/web.umons.ac.be\/spin\/equipe\/"},{"@type":"ListItem","position":3,"name":"Audrey Kumps"}]},{"@type":"WebSite","@id":"https:\/\/web.umons.ac.be\/spin\/#website","url":"https:\/\/web.umons.ac.be\/spin\/","name":"Service \/ FPSE - Ing\u00e9nierie p\u00e9dagogique et num\u00e9rique \u00e9ducatif","description":"","potentialAction":[{"@type":"SearchAction","target":{"@type":"EntryPoint","urlTemplate":"https:\/\/web.umons.ac.be\/spin\/?s={search_term_string}"},"query-input":{"@type":"PropertyValueSpecification","valueRequired":true,"valueName":"search_term_string"}}],"inLanguage":"fr-FR"}]}},"lang":"fr","translations":{"fr":365},"pll_sync_post":[],"_links":{"self":[{"href":"https:\/\/web.umons.ac.be\/spin\/wp-json\/wp\/v2\/pages\/365","targetHints":{"allow":["GET"]}}],"collection":[{"href":"https:\/\/web.umons.ac.be\/spin\/wp-json\/wp\/v2\/pages"}],"about":[{"href":"https:\/\/web.umons.ac.be\/spin\/wp-json\/wp\/v2\/types\/page"}],"author":[{"embeddable":true,"href":"https:\/\/web.umons.ac.be\/spin\/wp-json\/wp\/v2\/users\/197"}],"replies":[{"embeddable":true,"href":"https:\/\/web.umons.ac.be\/spin\/wp-json\/wp\/v2\/comments?post=365"}],"version-history":[{"count":3,"href":"https:\/\/web.umons.ac.be\/spin\/wp-json\/wp\/v2\/pages\/365\/revisions"}],"predecessor-version":[{"id":750,"href":"https:\/\/web.umons.ac.be\/spin\/wp-json\/wp\/v2\/pages\/365\/revisions\/750"}],"up":[{"embeddable":true,"href":"https:\/\/web.umons.ac.be\/spin\/wp-json\/wp\/v2\/pages\/7"}],"wp:attachment":[{"href":"https:\/\/web.umons.ac.be\/spin\/wp-json\/wp\/v2\/media?parent=365"}],"curies":[{"name":"wp","href":"https:\/\/api.w.org\/{rel}","templated":true}]}}