{"id":66,"date":"2021-11-25T09:17:33","date_gmt":"2021-11-25T08:17:33","guid":{"rendered":"https:\/\/web.umons.ac.be\/spin\/?page_id=66"},"modified":"2023-05-19T13:49:08","modified_gmt":"2023-05-19T11:49:08","slug":"formation-continue","status":"publish","type":"page","link":"https:\/\/web.umons.ac.be\/spin\/enseignement\/formation-continue\/","title":{"rendered":"Formation des enseignants"},"content":{"rendered":"<h5><img loading=\"lazy\" decoding=\"async\" class=\"alignright wp-image-93 size-medium\" src=\"https:\/\/web.umons.ac.be\/app\/uploads\/sites\/129\/2021\/12\/agregation-capaes-300x300.png\" alt=\"\" width=\"300\" height=\"300\" srcset=\"https:\/\/web.umons.ac.be\/app\/uploads\/sites\/129\/2021\/12\/agregation-capaes-300x300.png 300w, https:\/\/web.umons.ac.be\/app\/uploads\/sites\/129\/2021\/12\/agregation-capaes-150x150.png 150w, https:\/\/web.umons.ac.be\/app\/uploads\/sites\/129\/2021\/12\/agregation-capaes-30x30.png 30w, https:\/\/web.umons.ac.be\/app\/uploads\/sites\/129\/2021\/12\/agregation-capaes-80x80.png 80w, https:\/\/web.umons.ac.be\/app\/uploads\/sites\/129\/2021\/12\/agregation-capaes-60x60.png 60w, https:\/\/web.umons.ac.be\/app\/uploads\/sites\/129\/2021\/12\/agregation-capaes-360x361.png 360w, https:\/\/web.umons.ac.be\/app\/uploads\/sites\/129\/2021\/12\/agregation-capaes-400x400.png 400w, https:\/\/web.umons.ac.be\/app\/uploads\/sites\/129\/2021\/12\/agregation-capaes-200x200.png 200w, https:\/\/web.umons.ac.be\/app\/uploads\/sites\/129\/2021\/12\/agregation-capaes.png 616w\" sizes=\"auto, (max-width: 300px) 100vw, 300px\" \/>Formation initiale<\/h5>\n<h6>Didactique de la communication p\u00e9dagogique m\u00e9diatis\u00e9e<\/h6>\n<p>Agr\u00e9gation de l\u2019enseignement secondaire sup\u00e9rieur<\/p>\n<p>Certificat d\u2019aptitude p\u00e9dagogique pour l\u2019enseignement sup\u00e9rieur<\/p>\n<p>Master de sp\u00e9cialisation en p\u00e9dagogie universitaire et de l\u2019enseignement sup\u00e9rieur<\/p>\n<p>Master en gestion \u00e0 finalit\u00e9 didactique<\/p>\n<h5><\/h5>\n<h5>Formation continue<\/h5>\n<h6>Certificat universitaire : NUM\u00e9rique pour l\u2019Enseignement et la Formation d\u2019Adulte \u2013 NUMEFA<\/h6>\n<p>Ce certificat universitaire se compose d&rsquo; :<\/p>\n<p>UE obligatoires<\/p>\n<ul>\n<li>UE 1 : <em><strong>Fondements p\u00e9dagogiques pour la conception, la mobilisation et la production de dispositifs de formation<\/strong><\/em> (6 ECTS)<\/li>\n<li>UE 2 : <em><strong>Accompagnement des communaut\u00e9s apprenantes et de pratique<\/strong><\/em> (3 ETCS)<\/li>\n<li>UE 4 : <em><strong>Mise en oeuvre d&rsquo;un dispositif multimodal innovant\u00a0<\/strong><\/em> (3ECTS)<\/li>\n<\/ul>\n<p>UE optionnelles (choix d&rsquo;une UE parmi les deux)<\/p>\n<ul>\n<li>UE 3a : <strong><em>Evaluation des environnements num\u00e9riques pour l&rsquo;apprentissage humain<\/em> <\/strong>(3ECTS)<\/li>\n<li>UE 3b : <em><strong>Fondement de l&rsquo;\u00e9ducation \u00e0 l&rsquo;informatique<\/strong><\/em> (3ECTS)<\/li>\n<li>UE 3c :\u00a0<em><strong>Entrepreneuriat EdTech\u00a0 <\/strong><\/em>(3ECTS)<\/li>\n<\/ul>\n<p><a href=\"https:\/\/web.umons.ac.be\/fpse\/fr\/formations\/cu-numefa\/\">Pour en savoir plus.\u00a0<\/a><\/p>\n","protected":false},"excerpt":{"rendered":"<p>Formation initiale Didactique de la communication p\u00e9dagogique m\u00e9diatis\u00e9e Agr\u00e9gation de l\u2019enseignement secondaire sup\u00e9rieur Certificat d\u2019aptitude p\u00e9dagogique pour l\u2019enseignement sup\u00e9rieur Master de sp\u00e9cialisation en p\u00e9dagogie universitaire et de l\u2019enseignement sup\u00e9rieur Master en gestion \u00e0 finalit\u00e9 didactique Formation continue Certificat universitaire : NUM\u00e9rique pour l\u2019Enseignement et la Formation d\u2019Adulte \u2013 NUMEFA Ce certificat universitaire se compose d&rsquo; [&hellip;]<\/p>\n","protected":false},"author":4,"featured_media":0,"parent":11,"menu_order":4,"comment_status":"closed","ping_status":"closed","template":"","meta":{"footnotes":""},"class_list":["post-66","page","type-page","status-publish","hentry"],"yoast_head":"<!-- This site is optimized with the Yoast SEO plugin v27.2 - https:\/\/yoast.com\/product\/yoast-seo-wordpress\/ -->\n<title>Formation des enseignants - Service \/ FPSE - Ing\u00e9nierie p\u00e9dagogique et num\u00e9rique \u00e9ducatif<\/title>\n<meta name=\"robots\" content=\"index, follow, max-snippet:-1, max-image-preview:large, max-video-preview:-1\" \/>\n<link rel=\"canonical\" href=\"https:\/\/web.umons.ac.be\/spin\/enseignement\/formation-continue\/\" \/>\n<meta property=\"og:locale\" content=\"fr_FR\" \/>\n<meta property=\"og:type\" content=\"article\" \/>\n<meta property=\"og:title\" content=\"Formation des enseignants - Service \/ FPSE - Ing\u00e9nierie p\u00e9dagogique et num\u00e9rique \u00e9ducatif\" \/>\n<meta property=\"og:description\" content=\"Formation initiale Didactique de la communication p\u00e9dagogique m\u00e9diatis\u00e9e Agr\u00e9gation de l\u2019enseignement secondaire sup\u00e9rieur Certificat d\u2019aptitude p\u00e9dagogique pour l\u2019enseignement sup\u00e9rieur Master de sp\u00e9cialisation en p\u00e9dagogie universitaire et de l\u2019enseignement sup\u00e9rieur Master en gestion \u00e0 finalit\u00e9 didactique Formation continue Certificat universitaire : NUM\u00e9rique pour l\u2019Enseignement et la Formation d\u2019Adulte \u2013 NUMEFA Ce certificat universitaire se compose d&rsquo; [&hellip;]\" \/>\n<meta property=\"og:url\" content=\"https:\/\/web.umons.ac.be\/spin\/enseignement\/formation-continue\/\" \/>\n<meta property=\"og:site_name\" content=\"Service \/ FPSE - Ing\u00e9nierie p\u00e9dagogique et num\u00e9rique \u00e9ducatif\" \/>\n<meta property=\"article:modified_time\" content=\"2023-05-19T11:49:08+00:00\" \/>\n<meta property=\"og:image\" content=\"https:\/\/web.umons.ac.be\/app\/uploads\/sites\/129\/2021\/12\/agregation-capaes-300x300.png\" \/>\n<meta name=\"twitter:card\" content=\"summary_large_image\" \/>\n<meta name=\"twitter:label1\" content=\"Dur\u00e9e de lecture estim\u00e9e\" \/>\n\t<meta name=\"twitter:data1\" content=\"1 minute\" \/>\n<script type=\"application\/ld+json\" class=\"yoast-schema-graph\">{\"@context\":\"https:\/\/schema.org\",\"@graph\":[{\"@type\":\"WebPage\",\"@id\":\"https:\/\/web.umons.ac.be\/spin\/enseignement\/formation-continue\/\",\"url\":\"https:\/\/web.umons.ac.be\/spin\/enseignement\/formation-continue\/\",\"name\":\"Formation des enseignants - Service \/ FPSE - Ing\u00e9nierie p\u00e9dagogique et num\u00e9rique \u00e9ducatif\",\"isPartOf\":{\"@id\":\"https:\/\/web.umons.ac.be\/spin\/#website\"},\"primaryImageOfPage\":{\"@id\":\"https:\/\/web.umons.ac.be\/spin\/enseignement\/formation-continue\/#primaryimage\"},\"image\":{\"@id\":\"https:\/\/web.umons.ac.be\/spin\/enseignement\/formation-continue\/#primaryimage\"},\"thumbnailUrl\":\"https:\/\/web.umons.ac.be\/app\/uploads\/sites\/129\/2021\/12\/agregation-capaes-300x300.png\",\"datePublished\":\"2021-11-25T08:17:33+00:00\",\"dateModified\":\"2023-05-19T11:49:08+00:00\",\"breadcrumb\":{\"@id\":\"https:\/\/web.umons.ac.be\/spin\/enseignement\/formation-continue\/#breadcrumb\"},\"inLanguage\":\"fr-FR\",\"potentialAction\":[{\"@type\":\"ReadAction\",\"target\":[\"https:\/\/web.umons.ac.be\/spin\/enseignement\/formation-continue\/\"]}]},{\"@type\":\"ImageObject\",\"inLanguage\":\"fr-FR\",\"@id\":\"https:\/\/web.umons.ac.be\/spin\/enseignement\/formation-continue\/#primaryimage\",\"url\":\"https:\/\/web.umons.ac.be\/app\/uploads\/sites\/129\/2021\/12\/agregation-capaes-300x300.png\",\"contentUrl\":\"https:\/\/web.umons.ac.be\/app\/uploads\/sites\/129\/2021\/12\/agregation-capaes-300x300.png\"},{\"@type\":\"BreadcrumbList\",\"@id\":\"https:\/\/web.umons.ac.be\/spin\/enseignement\/formation-continue\/#breadcrumb\",\"itemListElement\":[{\"@type\":\"ListItem\",\"position\":1,\"name\":\"Home\",\"item\":\"https:\/\/web.umons.ac.be\/spin\/\"},{\"@type\":\"ListItem\",\"position\":2,\"name\":\"Activit\u00e9s d&rsquo;enseignement\",\"item\":\"https:\/\/web.umons.ac.be\/spin\/enseignement\/\"},{\"@type\":\"ListItem\",\"position\":3,\"name\":\"Formation des enseignants\"}]},{\"@type\":\"WebSite\",\"@id\":\"https:\/\/web.umons.ac.be\/spin\/#website\",\"url\":\"https:\/\/web.umons.ac.be\/spin\/\",\"name\":\"Service \/ FPSE - Ing\u00e9nierie p\u00e9dagogique et num\u00e9rique \u00e9ducatif\",\"description\":\"\",\"potentialAction\":[{\"@type\":\"SearchAction\",\"target\":{\"@type\":\"EntryPoint\",\"urlTemplate\":\"https:\/\/web.umons.ac.be\/spin\/?s={search_term_string}\"},\"query-input\":{\"@type\":\"PropertyValueSpecification\",\"valueRequired\":true,\"valueName\":\"search_term_string\"}}],\"inLanguage\":\"fr-FR\"}]}<\/script>\n<!-- \/ Yoast SEO plugin. -->","yoast_head_json":{"title":"Formation des enseignants - Service \/ FPSE - Ing\u00e9nierie p\u00e9dagogique et num\u00e9rique \u00e9ducatif","robots":{"index":"index","follow":"follow","max-snippet":"max-snippet:-1","max-image-preview":"max-image-preview:large","max-video-preview":"max-video-preview:-1"},"canonical":"https:\/\/web.umons.ac.be\/spin\/enseignement\/formation-continue\/","og_locale":"fr_FR","og_type":"article","og_title":"Formation des enseignants - Service \/ FPSE - Ing\u00e9nierie p\u00e9dagogique et num\u00e9rique \u00e9ducatif","og_description":"Formation initiale Didactique de la communication p\u00e9dagogique m\u00e9diatis\u00e9e Agr\u00e9gation de l\u2019enseignement secondaire sup\u00e9rieur Certificat d\u2019aptitude p\u00e9dagogique pour l\u2019enseignement sup\u00e9rieur Master de sp\u00e9cialisation en p\u00e9dagogie universitaire et de l\u2019enseignement sup\u00e9rieur Master en gestion \u00e0 finalit\u00e9 didactique Formation continue Certificat universitaire : NUM\u00e9rique pour l\u2019Enseignement et la Formation d\u2019Adulte \u2013 NUMEFA Ce certificat universitaire se compose d&rsquo; [&hellip;]","og_url":"https:\/\/web.umons.ac.be\/spin\/enseignement\/formation-continue\/","og_site_name":"Service \/ FPSE - Ing\u00e9nierie p\u00e9dagogique et num\u00e9rique \u00e9ducatif","article_modified_time":"2023-05-19T11:49:08+00:00","og_image":[{"url":"https:\/\/web.umons.ac.be\/app\/uploads\/sites\/129\/2021\/12\/agregation-capaes-300x300.png","type":"","width":"","height":""}],"twitter_card":"summary_large_image","twitter_misc":{"Dur\u00e9e de lecture estim\u00e9e":"1 minute"},"schema":{"@context":"https:\/\/schema.org","@graph":[{"@type":"WebPage","@id":"https:\/\/web.umons.ac.be\/spin\/enseignement\/formation-continue\/","url":"https:\/\/web.umons.ac.be\/spin\/enseignement\/formation-continue\/","name":"Formation des enseignants - Service \/ FPSE - Ing\u00e9nierie p\u00e9dagogique et num\u00e9rique \u00e9ducatif","isPartOf":{"@id":"https:\/\/web.umons.ac.be\/spin\/#website"},"primaryImageOfPage":{"@id":"https:\/\/web.umons.ac.be\/spin\/enseignement\/formation-continue\/#primaryimage"},"image":{"@id":"https:\/\/web.umons.ac.be\/spin\/enseignement\/formation-continue\/#primaryimage"},"thumbnailUrl":"https:\/\/web.umons.ac.be\/app\/uploads\/sites\/129\/2021\/12\/agregation-capaes-300x300.png","datePublished":"2021-11-25T08:17:33+00:00","dateModified":"2023-05-19T11:49:08+00:00","breadcrumb":{"@id":"https:\/\/web.umons.ac.be\/spin\/enseignement\/formation-continue\/#breadcrumb"},"inLanguage":"fr-FR","potentialAction":[{"@type":"ReadAction","target":["https:\/\/web.umons.ac.be\/spin\/enseignement\/formation-continue\/"]}]},{"@type":"ImageObject","inLanguage":"fr-FR","@id":"https:\/\/web.umons.ac.be\/spin\/enseignement\/formation-continue\/#primaryimage","url":"https:\/\/web.umons.ac.be\/app\/uploads\/sites\/129\/2021\/12\/agregation-capaes-300x300.png","contentUrl":"https:\/\/web.umons.ac.be\/app\/uploads\/sites\/129\/2021\/12\/agregation-capaes-300x300.png"},{"@type":"BreadcrumbList","@id":"https:\/\/web.umons.ac.be\/spin\/enseignement\/formation-continue\/#breadcrumb","itemListElement":[{"@type":"ListItem","position":1,"name":"Home","item":"https:\/\/web.umons.ac.be\/spin\/"},{"@type":"ListItem","position":2,"name":"Activit\u00e9s d&rsquo;enseignement","item":"https:\/\/web.umons.ac.be\/spin\/enseignement\/"},{"@type":"ListItem","position":3,"name":"Formation des enseignants"}]},{"@type":"WebSite","@id":"https:\/\/web.umons.ac.be\/spin\/#website","url":"https:\/\/web.umons.ac.be\/spin\/","name":"Service \/ FPSE - Ing\u00e9nierie p\u00e9dagogique et num\u00e9rique \u00e9ducatif","description":"","potentialAction":[{"@type":"SearchAction","target":{"@type":"EntryPoint","urlTemplate":"https:\/\/web.umons.ac.be\/spin\/?s={search_term_string}"},"query-input":{"@type":"PropertyValueSpecification","valueRequired":true,"valueName":"search_term_string"}}],"inLanguage":"fr-FR"}]}},"lang":"fr","translations":{"fr":66},"pll_sync_post":[],"_links":{"self":[{"href":"https:\/\/web.umons.ac.be\/spin\/wp-json\/wp\/v2\/pages\/66","targetHints":{"allow":["GET"]}}],"collection":[{"href":"https:\/\/web.umons.ac.be\/spin\/wp-json\/wp\/v2\/pages"}],"about":[{"href":"https:\/\/web.umons.ac.be\/spin\/wp-json\/wp\/v2\/types\/page"}],"author":[{"embeddable":true,"href":"https:\/\/web.umons.ac.be\/spin\/wp-json\/wp\/v2\/users\/4"}],"replies":[{"embeddable":true,"href":"https:\/\/web.umons.ac.be\/spin\/wp-json\/wp\/v2\/comments?post=66"}],"version-history":[{"count":4,"href":"https:\/\/web.umons.ac.be\/spin\/wp-json\/wp\/v2\/pages\/66\/revisions"}],"predecessor-version":[{"id":553,"href":"https:\/\/web.umons.ac.be\/spin\/wp-json\/wp\/v2\/pages\/66\/revisions\/553"}],"up":[{"embeddable":true,"href":"https:\/\/web.umons.ac.be\/spin\/wp-json\/wp\/v2\/pages\/11"}],"wp:attachment":[{"href":"https:\/\/web.umons.ac.be\/spin\/wp-json\/wp\/v2\/media?parent=66"}],"curies":[{"name":"wp","href":"https:\/\/api.w.org\/{rel}","templated":true}]}}