{"id":765,"date":"2025-02-24T17:11:53","date_gmt":"2025-02-24T16:11:53","guid":{"rendered":"https:\/\/web.umons.ac.be\/spin\/?page_id=765"},"modified":"2025-02-24T17:12:28","modified_gmt":"2025-02-24T16:12:28","slug":"sarah-descamps","status":"publish","type":"page","link":"https:\/\/web.umons.ac.be\/spin\/en\/team\/sarah-descamps\/","title":{"rendered":"Sarah Descamps"},"content":{"rendered":"<div class=\"entry-chapo\">\n<h5><b><img loading=\"lazy\" decoding=\"async\" class=\"wp-image-343 alignleft\" src=\"https:\/\/web.umons.ac.be\/app\/uploads\/sites\/129\/2023\/03\/SD.jpg\" alt=\"\" width=\"218\" height=\"217\" srcset=\"https:\/\/web.umons.ac.be\/app\/uploads\/sites\/129\/2023\/03\/SD.jpg 720w, https:\/\/web.umons.ac.be\/app\/uploads\/sites\/129\/2023\/03\/SD-300x300.jpg 300w, https:\/\/web.umons.ac.be\/app\/uploads\/sites\/129\/2023\/03\/SD-150x150.jpg 150w, https:\/\/web.umons.ac.be\/app\/uploads\/sites\/129\/2023\/03\/SD-663x660.jpg 663w, https:\/\/web.umons.ac.be\/app\/uploads\/sites\/129\/2023\/03\/SD-30x30.jpg 30w, https:\/\/web.umons.ac.be\/app\/uploads\/sites\/129\/2023\/03\/SD-80x80.jpg 80w, https:\/\/web.umons.ac.be\/app\/uploads\/sites\/129\/2023\/03\/SD-60x60.jpg 60w, https:\/\/web.umons.ac.be\/app\/uploads\/sites\/129\/2023\/03\/SD-360x359.jpg 360w, https:\/\/web.umons.ac.be\/app\/uploads\/sites\/129\/2023\/03\/SD-400x400.jpg 400w, https:\/\/web.umons.ac.be\/app\/uploads\/sites\/129\/2023\/03\/SD-200x200.jpg 200w\" sizes=\"auto, (max-width: 218px) 100vw, 218px\" \/>Research Assistant \u2013 PhD Student<\/b><\/h5>\n<p>A teacher of human sciences (history, geography and social sciences) by training, Sarah Descamps continued her studies in Educational Sciences, specializing in educational technologies.<\/p>\n<p>Since January 2018, she has held a research assistant position at the University of Mons in the Pedagogical Engineering and Educational Digital Department. Initially, she worked on digital education by identifying devices developing digital skills. Then, she was attached to a working group on \u00ab\u00a0education in human and social sciences, philosophy and citizenship\u00a0\u00bb. Her role was to give a digital dimension to this consortium by working on online information research, continuing the work of identifying devices specifically for this discipline and carrying out workshops for teachers in initial training.<\/p>\n<p>She participated in the\u00a0<em>Erasmus+ Conecte<\/em>\u00a0project in partnership with Lebanon to train them and help them design virtual learning environments, as well as the\u00a0<em>Teach Transition<\/em>\u00a0project which led to the creation of the\u00a0<em>Digital University Certificate for Adult Education and Training . Since 2023, she has been participating in the\u00a0<\/em><em>Erasmus+ HayKa<\/em>\u00a0research project\u00a0which aims to strengthen Malagasy doctoral research for a sustainable future.<\/p>\n<p>As part of her doctoral research, environmental protection as a digital skill, education for digital sobriety and deciphering greenwashing are also part of her research areas in educational sciences. As part of her thesis, she designed the\u00a0<a href=\"https:\/\/www.educonetimpact.com\/\">EducoNetImpact<\/a>\u00a0digital sobriety education pedagogical guide which won the\u00a0<a href=\"https:\/\/www.unesco.org\/fr\/articles\/deux-projets-innovants-en-matiere-deducation-numerique-et-deducation-verte-remportent-le-prix-unesco?hub=67390\">2023 UNESCO Prize for the use of ICT in education<\/a>\u00a0. Since 2024, she has been collaborating with Eurometropolitan e-campus as part of the\u00a0<em>Smart@School Plus Project<\/em>\u00a0which aims to raise awareness and train teachers in primary, secondary and higher education in the rational use of digital tools.<\/p>\n<p>&nbsp;<\/p>\n<\/div>\n<start-cask-shortcode-wrapper>    <div class=\"tabs scheme-fpse\">\n        <nav class=\"tabs-nav\">\n            <ul class=\"tabs-menu\">\n                                <li class=\"tabs-menu-item active\">\n                    <a href=\"#pane-tab-67bc9a32e784d\" class=\"tabs-menu-link scheme-color scheme-color-hover scheme-after-background-important\">\n                        Contact                    <\/a>\n                <\/li>\n                                <li class=\"tabs-menu-item\">\n                    <a href=\"#pane-tab-67bc9a32f1f5f\" class=\"tabs-menu-link scheme-color scheme-color-hover scheme-after-background-important\">\n                        Linkedin                    <\/a>\n                <\/li>\n                                <li class=\"tabs-menu-item\">\n                    <a href=\"#pane-tab-67bc9a32f218c\" class=\"tabs-menu-link scheme-color scheme-color-hover scheme-after-background-important\">\n                        Publications on ORBI                    <\/a>\n                <\/li>\n                                <li class=\"tabs-menu-item\">\n                    <a href=\"#pane-tab-67bc9a32f2327\" class=\"tabs-menu-link scheme-color scheme-color-hover scheme-after-background-important\">\n                        ResearchGate                    <\/a>\n                <\/li>\n                            <\/ul>\n        <\/nav>\n        <div class=\"tabs-panes\">\n                            <button class=\"expand-toggle button-expand accordion-bellow-toggle scheme-background-hover open\" data-target=\"#pane-tab-67bc9a32e784d\">\n                    Contact                    <span class=\"icon arrow umons-icon umons-icon-chevron-down\" aria-hidden=\"true\"><\/span>\n                <\/button>\n                <div id=\"pane-tab-67bc9a32e784d\" class=\"tabs-pane active\">\n                    <div class=\"tabs-pane-inner editor-front\">\n                        <strong>\u00a0<a href=\"mailto:Sarah.DESCAMPS@umons.ac.be\">Sarah.DESCAMPS@umons.ac.be<\/a> <\/strong>                    <\/div>\n                <\/div>\n                            <button class=\"expand-toggle button-expand accordion-bellow-toggle scheme-background-hover\" data-target=\"#pane-tab-67bc9a32f1f5f\">\n                    Linkedin                    <span class=\"icon arrow umons-icon umons-icon-chevron-down\" aria-hidden=\"true\"><\/span>\n                <\/button>\n                <div id=\"pane-tab-67bc9a32f1f5f\" class=\"tabs-pane\">\n                    <div class=\"tabs-pane-inner editor-front\">\n                        <a href=\"https:\/\/www.linkedin.com\/in\/sarah-descamps-b2a936157\/\">https:\/\/www.linkedin.com\/in\/sarah-descamps-b2a936157\/<\/a>                    <\/div>\n                <\/div>\n                            <button class=\"expand-toggle button-expand accordion-bellow-toggle scheme-background-hover\" data-target=\"#pane-tab-67bc9a32f218c\">\n                    Publications on ORBI                    <span class=\"icon arrow umons-icon umons-icon-chevron-down\" aria-hidden=\"true\"><\/span>\n                <\/button>\n                <div id=\"pane-tab-67bc9a32f218c\" class=\"tabs-pane\">\n                    <div class=\"tabs-pane-inner editor-front\">\n                        <a href=\"https:\/\/orbi.umons.ac.be\/profile?uid=533362\">https:\/\/orbi.umons.ac.be\/profile?uid=533362<\/a>                    <\/div>\n                <\/div>\n                            <button class=\"expand-toggle button-expand accordion-bellow-toggle scheme-background-hover\" data-target=\"#pane-tab-67bc9a32f2327\">\n                    ResearchGate                    <span class=\"icon arrow umons-icon umons-icon-chevron-down\" aria-hidden=\"true\"><\/span>\n                <\/button>\n                <div id=\"pane-tab-67bc9a32f2327\" class=\"tabs-pane\">\n                    <div class=\"tabs-pane-inner editor-front\">\n                        <a href=\"https:\/\/www.researchgate.net\/profile\/Sarah-Descamps\">https:\/\/www.researchgate.net\/profile\/Sarah-Descamps<\/a>                    <\/div>\n                <\/div>\n                    <\/div>\n    <\/div><end-cask-shortcode-wrapper>\n","protected":false},"excerpt":{"rendered":"<p>Research Assistant \u2013 PhD Student A teacher of human sciences (history, geography and social sciences) by training, Sarah Descamps continued her studies in Educational Sciences, specializing in educational technologies. Since January 2018, she has held a research assistant position at the University of Mons in the Pedagogical Engineering and Educational Digital Department. Initially, she worked [&hellip;]<\/p>\n","protected":false},"author":197,"featured_media":0,"parent":9,"menu_order":0,"comment_status":"closed","ping_status":"closed","template":"","meta":{"footnotes":""},"class_list":["post-765","page","type-page","status-publish","hentry"],"yoast_head":"<!-- This site is optimized with the Yoast SEO plugin v27.2 - https:\/\/yoast.com\/product\/yoast-seo-wordpress\/ -->\n<title>Sarah Descamps - Service \/ FPSE - Ing\u00e9nierie p\u00e9dagogique et num\u00e9rique \u00e9ducatif<\/title>\n<meta name=\"robots\" content=\"index, follow, max-snippet:-1, max-image-preview:large, max-video-preview:-1\" \/>\n<link rel=\"canonical\" href=\"https:\/\/web.umons.ac.be\/spin\/en\/team\/sarah-descamps\/\" \/>\n<meta property=\"og:locale\" content=\"fr_FR\" \/>\n<meta property=\"og:type\" content=\"article\" \/>\n<meta property=\"og:title\" content=\"Sarah Descamps - Service \/ FPSE - Ing\u00e9nierie p\u00e9dagogique et num\u00e9rique \u00e9ducatif\" \/>\n<meta property=\"og:description\" content=\"Research Assistant \u2013 PhD Student A teacher of human sciences (history, geography and social sciences) by training, Sarah Descamps continued her studies in Educational Sciences, specializing in educational technologies. Since January 2018, she has held a research assistant position at the University of Mons in the Pedagogical Engineering and Educational Digital Department. Initially, she worked [&hellip;]\" \/>\n<meta property=\"og:url\" content=\"https:\/\/web.umons.ac.be\/spin\/en\/team\/sarah-descamps\/\" \/>\n<meta property=\"og:site_name\" content=\"Service \/ FPSE - Ing\u00e9nierie p\u00e9dagogique et num\u00e9rique \u00e9ducatif\" \/>\n<meta property=\"article:modified_time\" content=\"2025-02-24T16:12:28+00:00\" \/>\n<meta property=\"og:image\" content=\"https:\/\/web.umons.ac.be\/app\/uploads\/sites\/129\/2023\/03\/SD.jpg\" \/>\n\t<meta property=\"og:image:width\" content=\"720\" \/>\n\t<meta property=\"og:image:height\" content=\"717\" \/>\n\t<meta property=\"og:image:type\" content=\"image\/jpeg\" \/>\n<meta name=\"twitter:card\" content=\"summary_large_image\" \/>\n<meta name=\"twitter:label1\" content=\"Dur\u00e9e de lecture estim\u00e9e\" \/>\n\t<meta name=\"twitter:data1\" content=\"2 minutes\" \/>\n<script type=\"application\/ld+json\" class=\"yoast-schema-graph\">{\"@context\":\"https:\/\/schema.org\",\"@graph\":[{\"@type\":\"WebPage\",\"@id\":\"https:\/\/web.umons.ac.be\/spin\/en\/team\/sarah-descamps\/\",\"url\":\"https:\/\/web.umons.ac.be\/spin\/en\/team\/sarah-descamps\/\",\"name\":\"Sarah Descamps - Service \/ FPSE - Ing\u00e9nierie p\u00e9dagogique et num\u00e9rique \u00e9ducatif\",\"isPartOf\":{\"@id\":\"https:\/\/web.umons.ac.be\/spin\/#website\"},\"primaryImageOfPage\":{\"@id\":\"https:\/\/web.umons.ac.be\/spin\/en\/team\/sarah-descamps\/#primaryimage\"},\"image\":{\"@id\":\"https:\/\/web.umons.ac.be\/spin\/en\/team\/sarah-descamps\/#primaryimage\"},\"thumbnailUrl\":\"https:\/\/web.umons.ac.be\/app\/uploads\/sites\/129\/2023\/03\/SD.jpg\",\"datePublished\":\"2025-02-24T16:11:53+00:00\",\"dateModified\":\"2025-02-24T16:12:28+00:00\",\"breadcrumb\":{\"@id\":\"https:\/\/web.umons.ac.be\/spin\/en\/team\/sarah-descamps\/#breadcrumb\"},\"inLanguage\":\"fr-FR\",\"potentialAction\":[{\"@type\":\"ReadAction\",\"target\":[\"https:\/\/web.umons.ac.be\/spin\/en\/team\/sarah-descamps\/\"]}]},{\"@type\":\"ImageObject\",\"inLanguage\":\"fr-FR\",\"@id\":\"https:\/\/web.umons.ac.be\/spin\/en\/team\/sarah-descamps\/#primaryimage\",\"url\":\"https:\/\/web.umons.ac.be\/app\/uploads\/sites\/129\/2023\/03\/SD.jpg\",\"contentUrl\":\"https:\/\/web.umons.ac.be\/app\/uploads\/sites\/129\/2023\/03\/SD.jpg\"},{\"@type\":\"BreadcrumbList\",\"@id\":\"https:\/\/web.umons.ac.be\/spin\/en\/team\/sarah-descamps\/#breadcrumb\",\"itemListElement\":[{\"@type\":\"ListItem\",\"position\":1,\"name\":\"Home\",\"item\":\"https:\/\/web.umons.ac.be\/spin\/\"},{\"@type\":\"ListItem\",\"position\":2,\"name\":\"Team\",\"item\":\"https:\/\/web.umons.ac.be\/spin\/en\/team\/\"},{\"@type\":\"ListItem\",\"position\":3,\"name\":\"Sarah Descamps\"}]},{\"@type\":\"WebSite\",\"@id\":\"https:\/\/web.umons.ac.be\/spin\/#website\",\"url\":\"https:\/\/web.umons.ac.be\/spin\/\",\"name\":\"Service \/ FPSE - Ing\u00e9nierie p\u00e9dagogique et num\u00e9rique \u00e9ducatif\",\"description\":\"\",\"potentialAction\":[{\"@type\":\"SearchAction\",\"target\":{\"@type\":\"EntryPoint\",\"urlTemplate\":\"https:\/\/web.umons.ac.be\/spin\/?s={search_term_string}\"},\"query-input\":{\"@type\":\"PropertyValueSpecification\",\"valueRequired\":true,\"valueName\":\"search_term_string\"}}],\"inLanguage\":\"fr-FR\"}]}<\/script>\n<!-- \/ Yoast SEO plugin. -->","yoast_head_json":{"title":"Sarah Descamps - Service \/ FPSE - Ing\u00e9nierie p\u00e9dagogique et num\u00e9rique \u00e9ducatif","robots":{"index":"index","follow":"follow","max-snippet":"max-snippet:-1","max-image-preview":"max-image-preview:large","max-video-preview":"max-video-preview:-1"},"canonical":"https:\/\/web.umons.ac.be\/spin\/en\/team\/sarah-descamps\/","og_locale":"fr_FR","og_type":"article","og_title":"Sarah Descamps - Service \/ FPSE - Ing\u00e9nierie p\u00e9dagogique et num\u00e9rique \u00e9ducatif","og_description":"Research Assistant \u2013 PhD Student A teacher of human sciences (history, geography and social sciences) by training, Sarah Descamps continued her studies in Educational Sciences, specializing in educational technologies. Since January 2018, she has held a research assistant position at the University of Mons in the Pedagogical Engineering and Educational Digital Department. Initially, she worked [&hellip;]","og_url":"https:\/\/web.umons.ac.be\/spin\/en\/team\/sarah-descamps\/","og_site_name":"Service \/ FPSE - Ing\u00e9nierie p\u00e9dagogique et num\u00e9rique \u00e9ducatif","article_modified_time":"2025-02-24T16:12:28+00:00","og_image":[{"width":720,"height":717,"url":"https:\/\/web.umons.ac.be\/app\/uploads\/sites\/129\/2023\/03\/SD.jpg","type":"image\/jpeg"}],"twitter_card":"summary_large_image","twitter_misc":{"Dur\u00e9e de lecture estim\u00e9e":"2 minutes"},"schema":{"@context":"https:\/\/schema.org","@graph":[{"@type":"WebPage","@id":"https:\/\/web.umons.ac.be\/spin\/en\/team\/sarah-descamps\/","url":"https:\/\/web.umons.ac.be\/spin\/en\/team\/sarah-descamps\/","name":"Sarah Descamps - Service \/ FPSE - Ing\u00e9nierie p\u00e9dagogique et num\u00e9rique \u00e9ducatif","isPartOf":{"@id":"https:\/\/web.umons.ac.be\/spin\/#website"},"primaryImageOfPage":{"@id":"https:\/\/web.umons.ac.be\/spin\/en\/team\/sarah-descamps\/#primaryimage"},"image":{"@id":"https:\/\/web.umons.ac.be\/spin\/en\/team\/sarah-descamps\/#primaryimage"},"thumbnailUrl":"https:\/\/web.umons.ac.be\/app\/uploads\/sites\/129\/2023\/03\/SD.jpg","datePublished":"2025-02-24T16:11:53+00:00","dateModified":"2025-02-24T16:12:28+00:00","breadcrumb":{"@id":"https:\/\/web.umons.ac.be\/spin\/en\/team\/sarah-descamps\/#breadcrumb"},"inLanguage":"fr-FR","potentialAction":[{"@type":"ReadAction","target":["https:\/\/web.umons.ac.be\/spin\/en\/team\/sarah-descamps\/"]}]},{"@type":"ImageObject","inLanguage":"fr-FR","@id":"https:\/\/web.umons.ac.be\/spin\/en\/team\/sarah-descamps\/#primaryimage","url":"https:\/\/web.umons.ac.be\/app\/uploads\/sites\/129\/2023\/03\/SD.jpg","contentUrl":"https:\/\/web.umons.ac.be\/app\/uploads\/sites\/129\/2023\/03\/SD.jpg"},{"@type":"BreadcrumbList","@id":"https:\/\/web.umons.ac.be\/spin\/en\/team\/sarah-descamps\/#breadcrumb","itemListElement":[{"@type":"ListItem","position":1,"name":"Home","item":"https:\/\/web.umons.ac.be\/spin\/"},{"@type":"ListItem","position":2,"name":"Team","item":"https:\/\/web.umons.ac.be\/spin\/en\/team\/"},{"@type":"ListItem","position":3,"name":"Sarah Descamps"}]},{"@type":"WebSite","@id":"https:\/\/web.umons.ac.be\/spin\/#website","url":"https:\/\/web.umons.ac.be\/spin\/","name":"Service \/ FPSE - Ing\u00e9nierie p\u00e9dagogique et num\u00e9rique \u00e9ducatif","description":"","potentialAction":[{"@type":"SearchAction","target":{"@type":"EntryPoint","urlTemplate":"https:\/\/web.umons.ac.be\/spin\/?s={search_term_string}"},"query-input":{"@type":"PropertyValueSpecification","valueRequired":true,"valueName":"search_term_string"}}],"inLanguage":"fr-FR"}]}},"lang":"en","translations":{"en":765,"fr":342},"pll_sync_post":[],"_links":{"self":[{"href":"https:\/\/web.umons.ac.be\/spin\/wp-json\/wp\/v2\/pages\/765","targetHints":{"allow":["GET"]}}],"collection":[{"href":"https:\/\/web.umons.ac.be\/spin\/wp-json\/wp\/v2\/pages"}],"about":[{"href":"https:\/\/web.umons.ac.be\/spin\/wp-json\/wp\/v2\/types\/page"}],"author":[{"embeddable":true,"href":"https:\/\/web.umons.ac.be\/spin\/wp-json\/wp\/v2\/users\/197"}],"replies":[{"embeddable":true,"href":"https:\/\/web.umons.ac.be\/spin\/wp-json\/wp\/v2\/comments?post=765"}],"version-history":[{"count":3,"href":"https:\/\/web.umons.ac.be\/spin\/wp-json\/wp\/v2\/pages\/765\/revisions"}],"predecessor-version":[{"id":768,"href":"https:\/\/web.umons.ac.be\/spin\/wp-json\/wp\/v2\/pages\/765\/revisions\/768"}],"up":[{"embeddable":true,"href":"https:\/\/web.umons.ac.be\/spin\/wp-json\/wp\/v2\/pages\/9"}],"wp:attachment":[{"href":"https:\/\/web.umons.ac.be\/spin\/wp-json\/wp\/v2\/media?parent=765"}],"curies":[{"name":"wp","href":"https:\/\/api.w.org\/{rel}","templated":true}]}}