{"id":25,"date":"2021-06-29T14:50:37","date_gmt":"2021-06-29T12:50:37","guid":{"rendered":"https:\/\/web.umons.ac.be\/statforu\/?page_id=25"},"modified":"2021-09-06T12:07:02","modified_gmt":"2021-09-06T10:07:02","slug":"equipe","status":"publish","type":"page","link":"https:\/\/web.umons.ac.be\/statforu\/equipe\/","title":{"rendered":"Equipe"},"content":{"rendered":"<p>La plateforme d\u2019appui en statistique et science des donn\u00e9es <span style=\"color: #d60044\"><strong>STATforU<\/strong><\/span> a \u00e9t\u00e9 cr\u00e9\u00e9 en 2021, \u00e0 l\u2019initiative de deux professeurs de l\u2019Universit\u00e9 de Mons :<\/p>\n<table style=\"border-collapse: collapse;width: 100%\">\n<tbody>\n<tr>\n<td style=\"width: 50%\"><img loading=\"lazy\" decoding=\"async\" class=\"aligncenter size-full wp-image-27\" src=\"https:\/\/web.umons.ac.be\/app\/uploads\/sites\/53\/2021\/06\/PhilippeGrosjean.jpg\" alt=\"\" width=\"224\" height=\"224\" srcset=\"https:\/\/web.umons.ac.be\/app\/uploads\/sites\/53\/2021\/06\/PhilippeGrosjean.jpg 224w, https:\/\/web.umons.ac.be\/app\/uploads\/sites\/53\/2021\/06\/PhilippeGrosjean-150x150.jpg 150w, https:\/\/web.umons.ac.be\/app\/uploads\/sites\/53\/2021\/06\/PhilippeGrosjean-30x30.jpg 30w, https:\/\/web.umons.ac.be\/app\/uploads\/sites\/53\/2021\/06\/PhilippeGrosjean-80x80.jpg 80w, https:\/\/web.umons.ac.be\/app\/uploads\/sites\/53\/2021\/06\/PhilippeGrosjean-60x60.jpg 60w, https:\/\/web.umons.ac.be\/app\/uploads\/sites\/53\/2021\/06\/PhilippeGrosjean-200x200.jpg 200w\" sizes=\"auto, (max-width: 224px) 100vw, 224px\" \/><\/td>\n<td style=\"width: 50%\">Le professeur Philippe Grosjean, bioing\u00e9nieur qui enseigne les sciences des donn\u00e9es et l\u2019\u00e9cologie marine \u00e0 la Facult\u00e9 des Sciences.<\/td>\n<\/tr>\n<tr>\n<td style=\"width: 50%\"><\/td>\n<td style=\"width: 50%\"><\/td>\n<\/tr>\n<tr>\n<td style=\"width: 50%\"><img loading=\"lazy\" decoding=\"async\" class=\"aligncenter size-full wp-image-26\" src=\"https:\/\/web.umons.ac.be\/app\/uploads\/sites\/53\/2021\/06\/KathyHuet.jpg\" alt=\"\" width=\"224\" height=\"224\" srcset=\"https:\/\/web.umons.ac.be\/app\/uploads\/sites\/53\/2021\/06\/KathyHuet.jpg 224w, https:\/\/web.umons.ac.be\/app\/uploads\/sites\/53\/2021\/06\/KathyHuet-150x150.jpg 150w, https:\/\/web.umons.ac.be\/app\/uploads\/sites\/53\/2021\/06\/KathyHuet-30x30.jpg 30w, https:\/\/web.umons.ac.be\/app\/uploads\/sites\/53\/2021\/06\/KathyHuet-80x80.jpg 80w, https:\/\/web.umons.ac.be\/app\/uploads\/sites\/53\/2021\/06\/KathyHuet-60x60.jpg 60w, https:\/\/web.umons.ac.be\/app\/uploads\/sites\/53\/2021\/06\/KathyHuet-200x200.jpg 200w\" sizes=\"auto, (max-width: 224px) 100vw, 224px\" \/><\/td>\n<td style=\"width: 50%\">La professeur Kathy Huet, physicienne qui enseigne la m\u00e9thodologie de la recherche, la Statistique et la m\u00e9trologie \u00e0 la Facult\u00e9 de Psychologie et des Sciences de l\u2019Education<\/td>\n<\/tr>\n<tr>\n<td style=\"width: 50%\">Autres contributeurs :<\/td>\n<td style=\"width: 50%\"><\/td>\n<\/tr>\n<tr>\n<td style=\"width: 50%\"><img loading=\"lazy\" decoding=\"async\" class=\"aligncenter size-full wp-image-28\" src=\"https:\/\/web.umons.ac.be\/app\/uploads\/sites\/53\/2021\/06\/GuyliannEngels.jpg\" alt=\"\" width=\"299\" height=\"300\" srcset=\"https:\/\/web.umons.ac.be\/app\/uploads\/sites\/53\/2021\/06\/GuyliannEngels.jpg 299w, https:\/\/web.umons.ac.be\/app\/uploads\/sites\/53\/2021\/06\/GuyliannEngels-150x150.jpg 150w, https:\/\/web.umons.ac.be\/app\/uploads\/sites\/53\/2021\/06\/GuyliannEngels-30x30.jpg 30w, https:\/\/web.umons.ac.be\/app\/uploads\/sites\/53\/2021\/06\/GuyliannEngels-80x80.jpg 80w, https:\/\/web.umons.ac.be\/app\/uploads\/sites\/53\/2021\/06\/GuyliannEngels-60x60.jpg 60w, https:\/\/web.umons.ac.be\/app\/uploads\/sites\/53\/2021\/06\/GuyliannEngels-200x200.jpg 200w\" sizes=\"auto, (max-width: 299px) 100vw, 299px\" \/><\/td>\n<td style=\"width: 50%\">Guyliann Engels, biologiste, enseigne les sciences des donn\u00e9es en Facult\u00e9 des Sciences et \u00e9tudie le plancton marin \u00e0 l\u2019aide de techniques d\u2019intelligence artificielle.<\/td>\n<\/tr>\n<\/tbody>\n<\/table>\n","protected":false},"excerpt":{"rendered":"<p>La plateforme d\u2019appui en statistique et science des donn\u00e9es STATforU a \u00e9t\u00e9 cr\u00e9\u00e9 en 2021, \u00e0 l\u2019initiative de deux professeurs de l\u2019Universit\u00e9 de Mons : Le professeur Philippe Grosjean, bioing\u00e9nieur qui enseigne les sciences des donn\u00e9es et l\u2019\u00e9cologie marine \u00e0 la Facult\u00e9 des Sciences. La professeur Kathy Huet, physicienne qui enseigne la m\u00e9thodologie de la [&hellip;]<\/p>\n","protected":false},"author":2,"featured_media":0,"parent":0,"menu_order":0,"comment_status":"closed","ping_status":"closed","template":"","meta":{"footnotes":""},"class_list":["post-25","page","type-page","status-publish","hentry"],"yoast_head":"<!-- This site is optimized with the Yoast SEO plugin v27.2 - https:\/\/yoast.com\/product\/yoast-seo-wordpress\/ -->\n<title>Equipe - STATforU<\/title>\n<meta name=\"robots\" content=\"index, follow, max-snippet:-1, max-image-preview:large, max-video-preview:-1\" \/>\n<link rel=\"canonical\" href=\"https:\/\/web.umons.ac.be\/statforu\/equipe\/\" \/>\n<meta property=\"og:locale\" content=\"fr_FR\" \/>\n<meta property=\"og:type\" content=\"article\" \/>\n<meta property=\"og:title\" content=\"Equipe - STATforU\" \/>\n<meta property=\"og:description\" content=\"La plateforme d\u2019appui en statistique et science des donn\u00e9es STATforU a \u00e9t\u00e9 cr\u00e9\u00e9 en 2021, \u00e0 l\u2019initiative de deux professeurs de l\u2019Universit\u00e9 de Mons : Le professeur Philippe Grosjean, bioing\u00e9nieur qui enseigne les sciences des donn\u00e9es et l\u2019\u00e9cologie marine \u00e0 la Facult\u00e9 des Sciences. La professeur Kathy Huet, physicienne qui enseigne la m\u00e9thodologie de la [&hellip;]\" \/>\n<meta property=\"og:url\" content=\"https:\/\/web.umons.ac.be\/statforu\/equipe\/\" \/>\n<meta property=\"og:site_name\" content=\"STATforU\" \/>\n<meta property=\"article:modified_time\" content=\"2021-09-06T10:07:02+00:00\" \/>\n<meta property=\"og:image\" content=\"https:\/\/web.umons.ac.be\/app\/uploads\/sites\/53\/2021\/06\/PhilippeGrosjean.jpg\" \/>\n<meta name=\"twitter:card\" content=\"summary_large_image\" \/>\n<meta name=\"twitter:label1\" content=\"Dur\u00e9e de lecture estim\u00e9e\" \/>\n\t<meta name=\"twitter:data1\" content=\"2 minutes\" \/>\n<script type=\"application\/ld+json\" class=\"yoast-schema-graph\">{\"@context\":\"https:\/\/schema.org\",\"@graph\":[{\"@type\":\"WebPage\",\"@id\":\"https:\/\/web.umons.ac.be\/statforu\/equipe\/\",\"url\":\"https:\/\/web.umons.ac.be\/statforu\/equipe\/\",\"name\":\"Equipe - STATforU\",\"isPartOf\":{\"@id\":\"https:\/\/web.umons.ac.be\/statforu\/#website\"},\"primaryImageOfPage\":{\"@id\":\"https:\/\/web.umons.ac.be\/statforu\/equipe\/#primaryimage\"},\"image\":{\"@id\":\"https:\/\/web.umons.ac.be\/statforu\/equipe\/#primaryimage\"},\"thumbnailUrl\":\"https:\/\/web.umons.ac.be\/app\/uploads\/sites\/53\/2021\/06\/PhilippeGrosjean.jpg\",\"datePublished\":\"2021-06-29T12:50:37+00:00\",\"dateModified\":\"2021-09-06T10:07:02+00:00\",\"breadcrumb\":{\"@id\":\"https:\/\/web.umons.ac.be\/statforu\/equipe\/#breadcrumb\"},\"inLanguage\":\"fr-FR\",\"potentialAction\":[{\"@type\":\"ReadAction\",\"target\":[\"https:\/\/web.umons.ac.be\/statforu\/equipe\/\"]}]},{\"@type\":\"ImageObject\",\"inLanguage\":\"fr-FR\",\"@id\":\"https:\/\/web.umons.ac.be\/statforu\/equipe\/#primaryimage\",\"url\":\"https:\/\/web.umons.ac.be\/app\/uploads\/sites\/53\/2021\/06\/PhilippeGrosjean.jpg\",\"contentUrl\":\"https:\/\/web.umons.ac.be\/app\/uploads\/sites\/53\/2021\/06\/PhilippeGrosjean.jpg\"},{\"@type\":\"BreadcrumbList\",\"@id\":\"https:\/\/web.umons.ac.be\/statforu\/equipe\/#breadcrumb\",\"itemListElement\":[{\"@type\":\"ListItem\",\"position\":1,\"name\":\"Home\",\"item\":\"https:\/\/web.umons.ac.be\/statforu\/\"},{\"@type\":\"ListItem\",\"position\":2,\"name\":\"Equipe\"}]},{\"@type\":\"WebSite\",\"@id\":\"https:\/\/web.umons.ac.be\/statforu\/#website\",\"url\":\"https:\/\/web.umons.ac.be\/statforu\/\",\"name\":\"STATforU\",\"description\":\"Un site utilisant Universit\u00e9 de Mons \u2013 UMONS\",\"potentialAction\":[{\"@type\":\"SearchAction\",\"target\":{\"@type\":\"EntryPoint\",\"urlTemplate\":\"https:\/\/web.umons.ac.be\/statforu\/?s={search_term_string}\"},\"query-input\":{\"@type\":\"PropertyValueSpecification\",\"valueRequired\":true,\"valueName\":\"search_term_string\"}}],\"inLanguage\":\"fr-FR\"}]}<\/script>\n<!-- \/ Yoast SEO plugin. -->","yoast_head_json":{"title":"Equipe - STATforU","robots":{"index":"index","follow":"follow","max-snippet":"max-snippet:-1","max-image-preview":"max-image-preview:large","max-video-preview":"max-video-preview:-1"},"canonical":"https:\/\/web.umons.ac.be\/statforu\/equipe\/","og_locale":"fr_FR","og_type":"article","og_title":"Equipe - STATforU","og_description":"La plateforme d\u2019appui en statistique et science des donn\u00e9es STATforU a \u00e9t\u00e9 cr\u00e9\u00e9 en 2021, \u00e0 l\u2019initiative de deux professeurs de l\u2019Universit\u00e9 de Mons : Le professeur Philippe Grosjean, bioing\u00e9nieur qui enseigne les sciences des donn\u00e9es et l\u2019\u00e9cologie marine \u00e0 la Facult\u00e9 des Sciences. La professeur Kathy Huet, physicienne qui enseigne la m\u00e9thodologie de la [&hellip;]","og_url":"https:\/\/web.umons.ac.be\/statforu\/equipe\/","og_site_name":"STATforU","article_modified_time":"2021-09-06T10:07:02+00:00","og_image":[{"url":"https:\/\/web.umons.ac.be\/app\/uploads\/sites\/53\/2021\/06\/PhilippeGrosjean.jpg","type":"","width":"","height":""}],"twitter_card":"summary_large_image","twitter_misc":{"Dur\u00e9e de lecture estim\u00e9e":"2 minutes"},"schema":{"@context":"https:\/\/schema.org","@graph":[{"@type":"WebPage","@id":"https:\/\/web.umons.ac.be\/statforu\/equipe\/","url":"https:\/\/web.umons.ac.be\/statforu\/equipe\/","name":"Equipe - STATforU","isPartOf":{"@id":"https:\/\/web.umons.ac.be\/statforu\/#website"},"primaryImageOfPage":{"@id":"https:\/\/web.umons.ac.be\/statforu\/equipe\/#primaryimage"},"image":{"@id":"https:\/\/web.umons.ac.be\/statforu\/equipe\/#primaryimage"},"thumbnailUrl":"https:\/\/web.umons.ac.be\/app\/uploads\/sites\/53\/2021\/06\/PhilippeGrosjean.jpg","datePublished":"2021-06-29T12:50:37+00:00","dateModified":"2021-09-06T10:07:02+00:00","breadcrumb":{"@id":"https:\/\/web.umons.ac.be\/statforu\/equipe\/#breadcrumb"},"inLanguage":"fr-FR","potentialAction":[{"@type":"ReadAction","target":["https:\/\/web.umons.ac.be\/statforu\/equipe\/"]}]},{"@type":"ImageObject","inLanguage":"fr-FR","@id":"https:\/\/web.umons.ac.be\/statforu\/equipe\/#primaryimage","url":"https:\/\/web.umons.ac.be\/app\/uploads\/sites\/53\/2021\/06\/PhilippeGrosjean.jpg","contentUrl":"https:\/\/web.umons.ac.be\/app\/uploads\/sites\/53\/2021\/06\/PhilippeGrosjean.jpg"},{"@type":"BreadcrumbList","@id":"https:\/\/web.umons.ac.be\/statforu\/equipe\/#breadcrumb","itemListElement":[{"@type":"ListItem","position":1,"name":"Home","item":"https:\/\/web.umons.ac.be\/statforu\/"},{"@type":"ListItem","position":2,"name":"Equipe"}]},{"@type":"WebSite","@id":"https:\/\/web.umons.ac.be\/statforu\/#website","url":"https:\/\/web.umons.ac.be\/statforu\/","name":"STATforU","description":"Un site utilisant Universit\u00e9 de Mons \u2013 UMONS","potentialAction":[{"@type":"SearchAction","target":{"@type":"EntryPoint","urlTemplate":"https:\/\/web.umons.ac.be\/statforu\/?s={search_term_string}"},"query-input":{"@type":"PropertyValueSpecification","valueRequired":true,"valueName":"search_term_string"}}],"inLanguage":"fr-FR"}]}},"lang":"fr","translations":{"fr":25,"en":144},"pll_sync_post":[],"_links":{"self":[{"href":"https:\/\/web.umons.ac.be\/statforu\/wp-json\/wp\/v2\/pages\/25","targetHints":{"allow":["GET"]}}],"collection":[{"href":"https:\/\/web.umons.ac.be\/statforu\/wp-json\/wp\/v2\/pages"}],"about":[{"href":"https:\/\/web.umons.ac.be\/statforu\/wp-json\/wp\/v2\/types\/page"}],"author":[{"embeddable":true,"href":"https:\/\/web.umons.ac.be\/statforu\/wp-json\/wp\/v2\/users\/2"}],"replies":[{"embeddable":true,"href":"https:\/\/web.umons.ac.be\/statforu\/wp-json\/wp\/v2\/comments?post=25"}],"version-history":[{"count":2,"href":"https:\/\/web.umons.ac.be\/statforu\/wp-json\/wp\/v2\/pages\/25\/revisions"}],"predecessor-version":[{"id":232,"href":"https:\/\/web.umons.ac.be\/statforu\/wp-json\/wp\/v2\/pages\/25\/revisions\/232"}],"wp:attachment":[{"href":"https:\/\/web.umons.ac.be\/statforu\/wp-json\/wp\/v2\/media?parent=25"}],"curies":[{"name":"wp","href":"https:\/\/api.w.org\/{rel}","templated":true}]}}