{"id":288,"date":"2022-12-19T10:02:52","date_gmt":"2022-12-19T09:02:52","guid":{"rendered":"https:\/\/web.umons.ac.be\/statforu\/?page_id=288"},"modified":"2022-12-19T10:02:52","modified_gmt":"2022-12-19T09:02:52","slug":"contact-email","status":"publish","type":"page","link":"https:\/\/web.umons.ac.be\/statforu\/contact-email\/","title":{"rendered":"Contact Email"},"content":{"rendered":"<table style=\"border-collapse: collapse;width: 100%;height: 2819px\">\n<tbody>\n<tr style=\"height: 99px\">\n<td style=\"width: 54.8924%;height: 99px\">\n<h3><strong>Contact<\/strong><\/h3>\n<p>&nbsp;<\/p>\n<p>Vous souhaitez nous soumettre une demande d&rsquo;aide ? Vous \u00eates membre de l\u2019UMONS et vous souhaitez contribuer \u00e0 cette plateforme ?<\/p>\n<p>Contactez-nous en nous envoyant un mail \u00e0 <a href=\"mailto:statforu@umons.ac.be\">statforu@umons.ac.be<\/a> en sp\u00e9cifiant vos coordonn\u00e9es (nom, pr\u00e9nom, email, statut UMONS, \u2026) et l\u2019objet de votre demande. Nous y r\u00e9pondrons dans les plus brefs d\u00e9lais !<\/td>\n<td style=\"width: 12.2581%;height: 99px\"><\/td>\n<td style=\"width: 32.8495%;height: 99px\">\n<h3><strong>Personne de contact<\/strong><\/h3>\n<p>&nbsp;<\/p>\n<p><strong>Kathy Huet &amp; Philippe Grosjean<\/strong><br \/>\n20, Place du Parc<br \/>\n7000 Mons<br \/>\n+32(0)65\/373144 ou +32(0)65\/373497<\/p>\n<p><img loading=\"lazy\" decoding=\"async\" class=\"alignnone size-medium wp-image-24\" src=\"https:\/\/web.umons.ac.be\/app\/uploads\/sites\/53\/2021\/06\/CONTACT-300x120.jpg\" alt=\"\" width=\"300\" height=\"120\" srcset=\"https:\/\/web.umons.ac.be\/app\/uploads\/sites\/53\/2021\/06\/CONTACT-300x120.jpg 300w, https:\/\/web.umons.ac.be\/app\/uploads\/sites\/53\/2021\/06\/CONTACT-768x307.jpg 768w, https:\/\/web.umons.ac.be\/app\/uploads\/sites\/53\/2021\/06\/CONTACT-30x12.jpg 30w, https:\/\/web.umons.ac.be\/app\/uploads\/sites\/53\/2021\/06\/CONTACT-60x24.jpg 60w, https:\/\/web.umons.ac.be\/app\/uploads\/sites\/53\/2021\/06\/CONTACT-360x144.jpg 360w, https:\/\/web.umons.ac.be\/app\/uploads\/sites\/53\/2021\/06\/CONTACT.jpg 800w\" sizes=\"auto, (max-width: 300px) 100vw, 300px\" \/><\/td>\n<\/tr>\n<\/tbody>\n<\/table>\n","protected":false},"excerpt":{"rendered":"<p>Contact &nbsp; Vous souhaitez nous soumettre une demande d&rsquo;aide ? Vous \u00eates membre de l\u2019UMONS et vous souhaitez contribuer \u00e0 cette plateforme ? Contactez-nous en nous envoyant un mail \u00e0 statforu@umons.ac.be en sp\u00e9cifiant vos coordonn\u00e9es (nom, pr\u00e9nom, email, statut UMONS, \u2026) et l\u2019objet de votre demande. Nous y r\u00e9pondrons dans les plus brefs d\u00e9lais ! [&hellip;]<\/p>\n","protected":false},"author":51,"featured_media":0,"parent":0,"menu_order":0,"comment_status":"closed","ping_status":"closed","template":"page-templates\/page-fullwidth.php","meta":{"footnotes":""},"class_list":["post-288","page","type-page","status-publish","hentry"],"yoast_head":"<!-- This site is optimized with the Yoast SEO plugin v27.2 - https:\/\/yoast.com\/product\/yoast-seo-wordpress\/ -->\n<title>Contact Email - STATforU<\/title>\n<meta name=\"robots\" content=\"index, follow, max-snippet:-1, max-image-preview:large, max-video-preview:-1\" \/>\n<link rel=\"canonical\" href=\"https:\/\/web.umons.ac.be\/statforu\/contact-email\/\" \/>\n<meta property=\"og:locale\" content=\"fr_FR\" \/>\n<meta property=\"og:type\" content=\"article\" \/>\n<meta property=\"og:title\" content=\"Contact Email - STATforU\" \/>\n<meta property=\"og:description\" content=\"Contact &nbsp; Vous souhaitez nous soumettre une demande d&rsquo;aide ? Vous \u00eates membre de l\u2019UMONS et vous souhaitez contribuer \u00e0 cette plateforme ? Contactez-nous en nous envoyant un mail \u00e0 statforu@umons.ac.be en sp\u00e9cifiant vos coordonn\u00e9es (nom, pr\u00e9nom, email, statut UMONS, \u2026) et l\u2019objet de votre demande. Nous y r\u00e9pondrons dans les plus brefs d\u00e9lais ! [&hellip;]\" \/>\n<meta property=\"og:url\" content=\"https:\/\/web.umons.ac.be\/statforu\/contact-email\/\" \/>\n<meta property=\"og:site_name\" content=\"STATforU\" \/>\n<meta property=\"og:image\" content=\"https:\/\/web.umons.ac.be\/app\/uploads\/sites\/53\/2021\/06\/CONTACT-300x120.jpg\" \/>\n<meta name=\"twitter:card\" content=\"summary_large_image\" \/>\n<meta name=\"twitter:label1\" content=\"Dur\u00e9e de lecture estim\u00e9e\" \/>\n\t<meta name=\"twitter:data1\" content=\"1 minute\" \/>\n<script type=\"application\/ld+json\" class=\"yoast-schema-graph\">{\"@context\":\"https:\/\/schema.org\",\"@graph\":[{\"@type\":\"WebPage\",\"@id\":\"https:\/\/web.umons.ac.be\/statforu\/contact-email\/\",\"url\":\"https:\/\/web.umons.ac.be\/statforu\/contact-email\/\",\"name\":\"Contact Email - STATforU\",\"isPartOf\":{\"@id\":\"https:\/\/web.umons.ac.be\/statforu\/#website\"},\"primaryImageOfPage\":{\"@id\":\"https:\/\/web.umons.ac.be\/statforu\/contact-email\/#primaryimage\"},\"image\":{\"@id\":\"https:\/\/web.umons.ac.be\/statforu\/contact-email\/#primaryimage\"},\"thumbnailUrl\":\"https:\/\/web.umons.ac.be\/app\/uploads\/sites\/53\/2021\/06\/CONTACT-300x120.jpg\",\"datePublished\":\"2022-12-19T09:02:52+00:00\",\"breadcrumb\":{\"@id\":\"https:\/\/web.umons.ac.be\/statforu\/contact-email\/#breadcrumb\"},\"inLanguage\":\"fr-FR\",\"potentialAction\":[{\"@type\":\"ReadAction\",\"target\":[\"https:\/\/web.umons.ac.be\/statforu\/contact-email\/\"]}]},{\"@type\":\"ImageObject\",\"inLanguage\":\"fr-FR\",\"@id\":\"https:\/\/web.umons.ac.be\/statforu\/contact-email\/#primaryimage\",\"url\":\"https:\/\/web.umons.ac.be\/app\/uploads\/sites\/53\/2021\/06\/CONTACT-300x120.jpg\",\"contentUrl\":\"https:\/\/web.umons.ac.be\/app\/uploads\/sites\/53\/2021\/06\/CONTACT-300x120.jpg\"},{\"@type\":\"BreadcrumbList\",\"@id\":\"https:\/\/web.umons.ac.be\/statforu\/contact-email\/#breadcrumb\",\"itemListElement\":[{\"@type\":\"ListItem\",\"position\":1,\"name\":\"Home\",\"item\":\"https:\/\/web.umons.ac.be\/statforu\/\"},{\"@type\":\"ListItem\",\"position\":2,\"name\":\"Contact Email\"}]},{\"@type\":\"WebSite\",\"@id\":\"https:\/\/web.umons.ac.be\/statforu\/#website\",\"url\":\"https:\/\/web.umons.ac.be\/statforu\/\",\"name\":\"STATforU\",\"description\":\"Un site utilisant Universit\u00e9 de Mons \u2013 UMONS\",\"potentialAction\":[{\"@type\":\"SearchAction\",\"target\":{\"@type\":\"EntryPoint\",\"urlTemplate\":\"https:\/\/web.umons.ac.be\/statforu\/?s={search_term_string}\"},\"query-input\":{\"@type\":\"PropertyValueSpecification\",\"valueRequired\":true,\"valueName\":\"search_term_string\"}}],\"inLanguage\":\"fr-FR\"}]}<\/script>\n<!-- \/ Yoast SEO plugin. -->","yoast_head_json":{"title":"Contact Email - STATforU","robots":{"index":"index","follow":"follow","max-snippet":"max-snippet:-1","max-image-preview":"max-image-preview:large","max-video-preview":"max-video-preview:-1"},"canonical":"https:\/\/web.umons.ac.be\/statforu\/contact-email\/","og_locale":"fr_FR","og_type":"article","og_title":"Contact Email - STATforU","og_description":"Contact &nbsp; Vous souhaitez nous soumettre une demande d&rsquo;aide ? Vous \u00eates membre de l\u2019UMONS et vous souhaitez contribuer \u00e0 cette plateforme ? Contactez-nous en nous envoyant un mail \u00e0 statforu@umons.ac.be en sp\u00e9cifiant vos coordonn\u00e9es (nom, pr\u00e9nom, email, statut UMONS, \u2026) et l\u2019objet de votre demande. Nous y r\u00e9pondrons dans les plus brefs d\u00e9lais ! [&hellip;]","og_url":"https:\/\/web.umons.ac.be\/statforu\/contact-email\/","og_site_name":"STATforU","og_image":[{"url":"https:\/\/web.umons.ac.be\/app\/uploads\/sites\/53\/2021\/06\/CONTACT-300x120.jpg","type":"","width":"","height":""}],"twitter_card":"summary_large_image","twitter_misc":{"Dur\u00e9e de lecture estim\u00e9e":"1 minute"},"schema":{"@context":"https:\/\/schema.org","@graph":[{"@type":"WebPage","@id":"https:\/\/web.umons.ac.be\/statforu\/contact-email\/","url":"https:\/\/web.umons.ac.be\/statforu\/contact-email\/","name":"Contact Email - STATforU","isPartOf":{"@id":"https:\/\/web.umons.ac.be\/statforu\/#website"},"primaryImageOfPage":{"@id":"https:\/\/web.umons.ac.be\/statforu\/contact-email\/#primaryimage"},"image":{"@id":"https:\/\/web.umons.ac.be\/statforu\/contact-email\/#primaryimage"},"thumbnailUrl":"https:\/\/web.umons.ac.be\/app\/uploads\/sites\/53\/2021\/06\/CONTACT-300x120.jpg","datePublished":"2022-12-19T09:02:52+00:00","breadcrumb":{"@id":"https:\/\/web.umons.ac.be\/statforu\/contact-email\/#breadcrumb"},"inLanguage":"fr-FR","potentialAction":[{"@type":"ReadAction","target":["https:\/\/web.umons.ac.be\/statforu\/contact-email\/"]}]},{"@type":"ImageObject","inLanguage":"fr-FR","@id":"https:\/\/web.umons.ac.be\/statforu\/contact-email\/#primaryimage","url":"https:\/\/web.umons.ac.be\/app\/uploads\/sites\/53\/2021\/06\/CONTACT-300x120.jpg","contentUrl":"https:\/\/web.umons.ac.be\/app\/uploads\/sites\/53\/2021\/06\/CONTACT-300x120.jpg"},{"@type":"BreadcrumbList","@id":"https:\/\/web.umons.ac.be\/statforu\/contact-email\/#breadcrumb","itemListElement":[{"@type":"ListItem","position":1,"name":"Home","item":"https:\/\/web.umons.ac.be\/statforu\/"},{"@type":"ListItem","position":2,"name":"Contact Email"}]},{"@type":"WebSite","@id":"https:\/\/web.umons.ac.be\/statforu\/#website","url":"https:\/\/web.umons.ac.be\/statforu\/","name":"STATforU","description":"Un site utilisant Universit\u00e9 de Mons \u2013 UMONS","potentialAction":[{"@type":"SearchAction","target":{"@type":"EntryPoint","urlTemplate":"https:\/\/web.umons.ac.be\/statforu\/?s={search_term_string}"},"query-input":{"@type":"PropertyValueSpecification","valueRequired":true,"valueName":"search_term_string"}}],"inLanguage":"fr-FR"}]}},"lang":"fr","translations":{"fr":288},"pll_sync_post":[],"_links":{"self":[{"href":"https:\/\/web.umons.ac.be\/statforu\/wp-json\/wp\/v2\/pages\/288","targetHints":{"allow":["GET"]}}],"collection":[{"href":"https:\/\/web.umons.ac.be\/statforu\/wp-json\/wp\/v2\/pages"}],"about":[{"href":"https:\/\/web.umons.ac.be\/statforu\/wp-json\/wp\/v2\/types\/page"}],"author":[{"embeddable":true,"href":"https:\/\/web.umons.ac.be\/statforu\/wp-json\/wp\/v2\/users\/51"}],"replies":[{"embeddable":true,"href":"https:\/\/web.umons.ac.be\/statforu\/wp-json\/wp\/v2\/comments?post=288"}],"version-history":[{"count":3,"href":"https:\/\/web.umons.ac.be\/statforu\/wp-json\/wp\/v2\/pages\/288\/revisions"}],"predecessor-version":[{"id":309,"href":"https:\/\/web.umons.ac.be\/statforu\/wp-json\/wp\/v2\/pages\/288\/revisions\/309"}],"wp:attachment":[{"href":"https:\/\/web.umons.ac.be\/statforu\/wp-json\/wp\/v2\/media?parent=288"}],"curies":[{"name":"wp","href":"https:\/\/api.w.org\/{rel}","templated":true}]}}