{"id":50,"date":"2021-06-29T15:41:25","date_gmt":"2021-06-29T13:41:25","guid":{"rendered":"https:\/\/web.umons.ac.be\/statforu\/?page_id=50"},"modified":"2021-10-01T08:45:05","modified_gmt":"2021-10-01T06:45:05","slug":"former","status":"publish","type":"page","link":"https:\/\/web.umons.ac.be\/statforu\/former\/","title":{"rendered":"Former"},"content":{"rendered":"<h2><img loading=\"lazy\" decoding=\"async\" class=\"alignright size-thumbnail wp-image-31\" src=\"https:\/\/web.umons.ac.be\/app\/uploads\/sites\/53\/2021\/06\/Logo_NB_05b_S-150x150.png\" alt=\"\" width=\"150\" height=\"150\" srcset=\"https:\/\/web.umons.ac.be\/app\/uploads\/sites\/53\/2021\/06\/Logo_NB_05b_S-150x150.png 150w, https:\/\/web.umons.ac.be\/app\/uploads\/sites\/53\/2021\/06\/Logo_NB_05b_S-300x300.png 300w, https:\/\/web.umons.ac.be\/app\/uploads\/sites\/53\/2021\/06\/Logo_NB_05b_S-768x768.png 768w, https:\/\/web.umons.ac.be\/app\/uploads\/sites\/53\/2021\/06\/Logo_NB_05b_S-660x660.png 660w, https:\/\/web.umons.ac.be\/app\/uploads\/sites\/53\/2021\/06\/Logo_NB_05b_S-30x30.png 30w, https:\/\/web.umons.ac.be\/app\/uploads\/sites\/53\/2021\/06\/Logo_NB_05b_S-80x80.png 80w, https:\/\/web.umons.ac.be\/app\/uploads\/sites\/53\/2021\/06\/Logo_NB_05b_S-60x60.png 60w, https:\/\/web.umons.ac.be\/app\/uploads\/sites\/53\/2021\/06\/Logo_NB_05b_S-360x360.png 360w, https:\/\/web.umons.ac.be\/app\/uploads\/sites\/53\/2021\/06\/Logo_NB_05b_S-400x400.png 400w, https:\/\/web.umons.ac.be\/app\/uploads\/sites\/53\/2021\/06\/Logo_NB_05b_S-200x200.png 200w, https:\/\/web.umons.ac.be\/app\/uploads\/sites\/53\/2021\/06\/Logo_NB_05b_S.png 779w\" sizes=\"auto, (max-width: 150px) 100vw, 150px\" \/>Former aux m\u00e9thodes statistiques, \u00e0 l\u2019utilisation de logiciels\u00a0et \u00e0 la science des donn\u00e9es<\/h2>\n<p>La plateforme <span style=\"color: #d60044\">STATforU<\/span> propose des modules de formation \u00e0 l\u2019application de proc\u00e9dures statistiques et \u00e0 l\u2019utilisation de plusieurs logiciels d\u2019analyses.<\/p>\n<p>Ces formations sont accessibles \u00e0 tout utilisateur (\u00e9tudiants, chercheurs, entreprises) souhaitant parfaire ses connaissances en statistique et science des donn\u00e9es.<\/p>\n<p>Des compl\u00e9ments de formation \u00e0 destination des doctorants, voire des post-doctorants, seront \u00e9galement propos\u00e9es.<\/p>\n<p>Ces activit\u00e9s de formation s\u2019ouvriront \u00e9galement aux entreprises, moyennant r\u00e9tribution.<\/p>\n<p>STATforU peut \u00e9galement proposer une aide aux enseignants et assistants dans l\u2019\u00e9laboration de leur mat\u00e9riel p\u00e9dagogique dans le domaine de l\u2019analyse statistique, en \u00e9troite collaboration avec le <a href=\"https:\/\/alumniumonsac.sharepoint.com\/sites\/ServicedAppuiPedagogique\">SAP<\/a> de l\u2019UMONS.<\/p>\n<p>&nbsp;<\/p>\n<p><span style=\"font-size: 14pt\"><strong><span style=\"text-decoration: underline\">Octobre 2021 :<\/span><\/strong><\/span><\/p>\n<h3 class=\"event-list-item-title\"><a class=\"scheme-color-hover\" title=\"En savoir plus sur\u00a0: Formation \u201cIntroduction \u00e0 R Commander\u201d | S\u00e9ance 1\" href=\"https:\/\/web.umons.ac.be\/statforu\/event\/formation-introduction-a-r-commander-seance-1\/\">Formation \u201cIntroduction \u00e0 R Commander\u201d<\/a><\/h3>\n<p>&nbsp;<\/p>\n<blockquote><p><i>Si vous avez un besoin sp\u00e9cifique de formation pour vous ou vos collaborateurs, n\u2019h\u00e9sitez pas \u00e0 nous contacter, nous pourrons envisager ensemble une solution \u00ab\u00a0clef sur porte\u00a0\u00bb.<\/i><\/p><\/blockquote>\n<div id=\"ConnectiveDocSignExtentionInstalled\" data-extension-version=\"1.0.4\"><\/div>\n<hr \/>\n<div class=\"highlighted-block\">\n<p><a href=\"https:\/\/web.umons.ac.be\/statforu\/contact\/\"><i>Formulaire de contact<\/i><\/a><\/p>\n<\/div>\n<div id=\"ConnectiveDocSignExtentionInstalled\" data-extension-version=\"1.0.4\"><\/div>\n","protected":false},"excerpt":{"rendered":"<p>Former aux m\u00e9thodes statistiques, \u00e0 l\u2019utilisation de logiciels\u00a0et \u00e0 la science des donn\u00e9es La plateforme STATforU propose des modules de formation \u00e0 l\u2019application de proc\u00e9dures statistiques et \u00e0 l\u2019utilisation de plusieurs logiciels d\u2019analyses. Ces formations sont accessibles \u00e0 tout utilisateur (\u00e9tudiants, chercheurs, entreprises) souhaitant parfaire ses connaissances en statistique et science des donn\u00e9es. Des compl\u00e9ments [&hellip;]<\/p>\n","protected":false},"author":2,"featured_media":31,"parent":0,"menu_order":0,"comment_status":"closed","ping_status":"closed","template":"","meta":{"footnotes":""},"class_list":["post-50","page","type-page","status-publish","has-post-thumbnail","hentry"],"yoast_head":"<!-- This site is optimized with the Yoast SEO plugin v27.2 - https:\/\/yoast.com\/product\/yoast-seo-wordpress\/ -->\n<title>Former - STATforU<\/title>\n<meta name=\"robots\" content=\"index, follow, max-snippet:-1, max-image-preview:large, max-video-preview:-1\" \/>\n<link rel=\"canonical\" href=\"https:\/\/web.umons.ac.be\/statforu\/former\/\" \/>\n<meta property=\"og:locale\" content=\"fr_FR\" \/>\n<meta property=\"og:type\" content=\"article\" \/>\n<meta property=\"og:title\" content=\"Former - STATforU\" \/>\n<meta property=\"og:description\" content=\"Former aux m\u00e9thodes statistiques, \u00e0 l\u2019utilisation de logiciels\u00a0et \u00e0 la science des donn\u00e9es La plateforme STATforU propose des modules de formation \u00e0 l\u2019application de proc\u00e9dures statistiques et \u00e0 l\u2019utilisation de plusieurs logiciels d\u2019analyses. Ces formations sont accessibles \u00e0 tout utilisateur (\u00e9tudiants, chercheurs, entreprises) souhaitant parfaire ses connaissances en statistique et science des donn\u00e9es. Des compl\u00e9ments [&hellip;]\" \/>\n<meta property=\"og:url\" content=\"https:\/\/web.umons.ac.be\/statforu\/former\/\" \/>\n<meta property=\"og:site_name\" content=\"STATforU\" \/>\n<meta property=\"article:modified_time\" content=\"2021-10-01T06:45:05+00:00\" \/>\n<meta property=\"og:image\" content=\"https:\/\/web.umons.ac.be\/app\/uploads\/sites\/53\/2021\/06\/Logo_NB_05b_S.png\" \/>\n\t<meta property=\"og:image:width\" content=\"779\" \/>\n\t<meta property=\"og:image:height\" content=\"779\" \/>\n\t<meta property=\"og:image:type\" content=\"image\/png\" \/>\n<meta name=\"twitter:card\" content=\"summary_large_image\" \/>\n<meta name=\"twitter:label1\" content=\"Dur\u00e9e de lecture estim\u00e9e\" \/>\n\t<meta name=\"twitter:data1\" content=\"1 minute\" \/>\n<script type=\"application\/ld+json\" class=\"yoast-schema-graph\">{\"@context\":\"https:\/\/schema.org\",\"@graph\":[{\"@type\":\"WebPage\",\"@id\":\"https:\/\/web.umons.ac.be\/statforu\/former\/\",\"url\":\"https:\/\/web.umons.ac.be\/statforu\/former\/\",\"name\":\"Former - STATforU\",\"isPartOf\":{\"@id\":\"https:\/\/web.umons.ac.be\/statforu\/#website\"},\"primaryImageOfPage\":{\"@id\":\"https:\/\/web.umons.ac.be\/statforu\/former\/#primaryimage\"},\"image\":{\"@id\":\"https:\/\/web.umons.ac.be\/statforu\/former\/#primaryimage\"},\"thumbnailUrl\":\"https:\/\/web.umons.ac.be\/app\/uploads\/sites\/53\/2021\/06\/Logo_NB_05b_S.png\",\"datePublished\":\"2021-06-29T13:41:25+00:00\",\"dateModified\":\"2021-10-01T06:45:05+00:00\",\"breadcrumb\":{\"@id\":\"https:\/\/web.umons.ac.be\/statforu\/former\/#breadcrumb\"},\"inLanguage\":\"fr-FR\",\"potentialAction\":[{\"@type\":\"ReadAction\",\"target\":[\"https:\/\/web.umons.ac.be\/statforu\/former\/\"]}]},{\"@type\":\"ImageObject\",\"inLanguage\":\"fr-FR\",\"@id\":\"https:\/\/web.umons.ac.be\/statforu\/former\/#primaryimage\",\"url\":\"https:\/\/web.umons.ac.be\/app\/uploads\/sites\/53\/2021\/06\/Logo_NB_05b_S.png\",\"contentUrl\":\"https:\/\/web.umons.ac.be\/app\/uploads\/sites\/53\/2021\/06\/Logo_NB_05b_S.png\",\"width\":779,\"height\":779},{\"@type\":\"BreadcrumbList\",\"@id\":\"https:\/\/web.umons.ac.be\/statforu\/former\/#breadcrumb\",\"itemListElement\":[{\"@type\":\"ListItem\",\"position\":1,\"name\":\"Home\",\"item\":\"https:\/\/web.umons.ac.be\/statforu\/\"},{\"@type\":\"ListItem\",\"position\":2,\"name\":\"Former\"}]},{\"@type\":\"WebSite\",\"@id\":\"https:\/\/web.umons.ac.be\/statforu\/#website\",\"url\":\"https:\/\/web.umons.ac.be\/statforu\/\",\"name\":\"STATforU\",\"description\":\"Un site utilisant Universit\u00e9 de Mons \u2013 UMONS\",\"potentialAction\":[{\"@type\":\"SearchAction\",\"target\":{\"@type\":\"EntryPoint\",\"urlTemplate\":\"https:\/\/web.umons.ac.be\/statforu\/?s={search_term_string}\"},\"query-input\":{\"@type\":\"PropertyValueSpecification\",\"valueRequired\":true,\"valueName\":\"search_term_string\"}}],\"inLanguage\":\"fr-FR\"}]}<\/script>\n<!-- \/ Yoast SEO plugin. -->","yoast_head_json":{"title":"Former - STATforU","robots":{"index":"index","follow":"follow","max-snippet":"max-snippet:-1","max-image-preview":"max-image-preview:large","max-video-preview":"max-video-preview:-1"},"canonical":"https:\/\/web.umons.ac.be\/statforu\/former\/","og_locale":"fr_FR","og_type":"article","og_title":"Former - STATforU","og_description":"Former aux m\u00e9thodes statistiques, \u00e0 l\u2019utilisation de logiciels\u00a0et \u00e0 la science des donn\u00e9es La plateforme STATforU propose des modules de formation \u00e0 l\u2019application de proc\u00e9dures statistiques et \u00e0 l\u2019utilisation de plusieurs logiciels d\u2019analyses. Ces formations sont accessibles \u00e0 tout utilisateur (\u00e9tudiants, chercheurs, entreprises) souhaitant parfaire ses connaissances en statistique et science des donn\u00e9es. Des compl\u00e9ments [&hellip;]","og_url":"https:\/\/web.umons.ac.be\/statforu\/former\/","og_site_name":"STATforU","article_modified_time":"2021-10-01T06:45:05+00:00","og_image":[{"width":779,"height":779,"url":"https:\/\/web.umons.ac.be\/app\/uploads\/sites\/53\/2021\/06\/Logo_NB_05b_S.png","type":"image\/png"}],"twitter_card":"summary_large_image","twitter_misc":{"Dur\u00e9e de lecture estim\u00e9e":"1 minute"},"schema":{"@context":"https:\/\/schema.org","@graph":[{"@type":"WebPage","@id":"https:\/\/web.umons.ac.be\/statforu\/former\/","url":"https:\/\/web.umons.ac.be\/statforu\/former\/","name":"Former - STATforU","isPartOf":{"@id":"https:\/\/web.umons.ac.be\/statforu\/#website"},"primaryImageOfPage":{"@id":"https:\/\/web.umons.ac.be\/statforu\/former\/#primaryimage"},"image":{"@id":"https:\/\/web.umons.ac.be\/statforu\/former\/#primaryimage"},"thumbnailUrl":"https:\/\/web.umons.ac.be\/app\/uploads\/sites\/53\/2021\/06\/Logo_NB_05b_S.png","datePublished":"2021-06-29T13:41:25+00:00","dateModified":"2021-10-01T06:45:05+00:00","breadcrumb":{"@id":"https:\/\/web.umons.ac.be\/statforu\/former\/#breadcrumb"},"inLanguage":"fr-FR","potentialAction":[{"@type":"ReadAction","target":["https:\/\/web.umons.ac.be\/statforu\/former\/"]}]},{"@type":"ImageObject","inLanguage":"fr-FR","@id":"https:\/\/web.umons.ac.be\/statforu\/former\/#primaryimage","url":"https:\/\/web.umons.ac.be\/app\/uploads\/sites\/53\/2021\/06\/Logo_NB_05b_S.png","contentUrl":"https:\/\/web.umons.ac.be\/app\/uploads\/sites\/53\/2021\/06\/Logo_NB_05b_S.png","width":779,"height":779},{"@type":"BreadcrumbList","@id":"https:\/\/web.umons.ac.be\/statforu\/former\/#breadcrumb","itemListElement":[{"@type":"ListItem","position":1,"name":"Home","item":"https:\/\/web.umons.ac.be\/statforu\/"},{"@type":"ListItem","position":2,"name":"Former"}]},{"@type":"WebSite","@id":"https:\/\/web.umons.ac.be\/statforu\/#website","url":"https:\/\/web.umons.ac.be\/statforu\/","name":"STATforU","description":"Un site utilisant Universit\u00e9 de Mons \u2013 UMONS","potentialAction":[{"@type":"SearchAction","target":{"@type":"EntryPoint","urlTemplate":"https:\/\/web.umons.ac.be\/statforu\/?s={search_term_string}"},"query-input":{"@type":"PropertyValueSpecification","valueRequired":true,"valueName":"search_term_string"}}],"inLanguage":"fr-FR"}]}},"lang":"fr","translations":{"fr":50,"en":177},"pll_sync_post":[],"_links":{"self":[{"href":"https:\/\/web.umons.ac.be\/statforu\/wp-json\/wp\/v2\/pages\/50","targetHints":{"allow":["GET"]}}],"collection":[{"href":"https:\/\/web.umons.ac.be\/statforu\/wp-json\/wp\/v2\/pages"}],"about":[{"href":"https:\/\/web.umons.ac.be\/statforu\/wp-json\/wp\/v2\/types\/page"}],"author":[{"embeddable":true,"href":"https:\/\/web.umons.ac.be\/statforu\/wp-json\/wp\/v2\/users\/2"}],"replies":[{"embeddable":true,"href":"https:\/\/web.umons.ac.be\/statforu\/wp-json\/wp\/v2\/comments?post=50"}],"version-history":[{"count":6,"href":"https:\/\/web.umons.ac.be\/statforu\/wp-json\/wp\/v2\/pages\/50\/revisions"}],"predecessor-version":[{"id":248,"href":"https:\/\/web.umons.ac.be\/statforu\/wp-json\/wp\/v2\/pages\/50\/revisions\/248"}],"wp:featuredmedia":[{"embeddable":true,"href":"https:\/\/web.umons.ac.be\/statforu\/wp-json\/wp\/v2\/media\/31"}],"wp:attachment":[{"href":"https:\/\/web.umons.ac.be\/statforu\/wp-json\/wp\/v2\/media?parent=50"}],"curies":[{"name":"wp","href":"https:\/\/api.w.org\/{rel}","templated":true}]}}