{"id":53,"date":"2021-06-29T15:51:16","date_gmt":"2021-06-29T13:51:16","guid":{"rendered":"https:\/\/web.umons.ac.be\/statforu\/?page_id=53"},"modified":"2021-07-07T12:45:07","modified_gmt":"2021-07-07T10:45:07","slug":"outiller","status":"publish","type":"page","link":"https:\/\/web.umons.ac.be\/statforu\/outiller\/","title":{"rendered":"Outiller"},"content":{"rendered":"<h2><img loading=\"lazy\" decoding=\"async\" class=\"alignright size-thumbnail wp-image-34\" src=\"https:\/\/web.umons.ac.be\/app\/uploads\/sites\/53\/2021\/06\/Logo_NB_04_S-150x150.png\" alt=\"\" width=\"150\" height=\"150\" srcset=\"https:\/\/web.umons.ac.be\/app\/uploads\/sites\/53\/2021\/06\/Logo_NB_04_S-150x150.png 150w, https:\/\/web.umons.ac.be\/app\/uploads\/sites\/53\/2021\/06\/Logo_NB_04_S-300x300.png 300w, https:\/\/web.umons.ac.be\/app\/uploads\/sites\/53\/2021\/06\/Logo_NB_04_S-768x769.png 768w, https:\/\/web.umons.ac.be\/app\/uploads\/sites\/53\/2021\/06\/Logo_NB_04_S-659x660.png 659w, https:\/\/web.umons.ac.be\/app\/uploads\/sites\/53\/2021\/06\/Logo_NB_04_S-30x30.png 30w, https:\/\/web.umons.ac.be\/app\/uploads\/sites\/53\/2021\/06\/Logo_NB_04_S-80x80.png 80w, https:\/\/web.umons.ac.be\/app\/uploads\/sites\/53\/2021\/06\/Logo_NB_04_S-60x60.png 60w, https:\/\/web.umons.ac.be\/app\/uploads\/sites\/53\/2021\/06\/Logo_NB_04_S-360x360.png 360w, https:\/\/web.umons.ac.be\/app\/uploads\/sites\/53\/2021\/06\/Logo_NB_04_S-400x400.png 400w, https:\/\/web.umons.ac.be\/app\/uploads\/sites\/53\/2021\/06\/Logo_NB_04_S-200x200.png 200w, https:\/\/web.umons.ac.be\/app\/uploads\/sites\/53\/2021\/06\/Logo_NB_04_S.png 778w\" sizes=\"auto, (max-width: 150px) 100vw, 150px\" \/>Outiller avec des logiciels sp\u00e9cifiques : les plus ad\u00e9quats et les plus performants<\/h2>\n<p>A l\u2019heure du num\u00e9rique, les donn\u00e9es sont de plus en plus abondantes et l\u2019utilisation de solutions informatis\u00e9es est incontournable pour en tirer le plus parti.<\/p>\n<p>D\u2019un autre c\u00f4t\u00e9, un logiciel n\u2019est pas une solution miracle : sans une r\u00e9flexion approfondie sur les donn\u00e9es \u00e0 analyser et les objectifs poursuivis, l\u2019usage d\u2019un logiciel peut devenir une exploration hasardeuse, au risque de se perdre dans la jungle des m\u00e9thodes qu\u2019il permet.<\/p>\n<p>La plateforme <span style=\"color: #d60044\">STATforU<\/span> met \u00e0 votre disposition plusieurs solutions de logiciels de traitement de donn\u00e9es et encourage les solutions open source et open access autour de R, Python, \u2026<\/p>\n<blockquote><p><i>Besoin d\u2019un conseil sur le logiciel le plus adapt\u00e9 \u00e0 l\u2019analyse de vos donn\u00e9es ? N\u2019h\u00e9sitez pas \u00e0 nous contacter !<\/i><\/p><\/blockquote>\n<div id=\"ConnectiveDocSignExtentionInstalled\" data-extension-version=\"1.0.4\"><\/div>\n<hr \/>\n<div class=\"highlighted-block\">\n<p><a href=\"https:\/\/web.umons.ac.be\/statforu\/contact\/\"><i>Formulaire de contact<\/i><\/a><\/p>\n<\/div>\n<div id=\"ConnectiveDocSignExtentionInstalled\" data-extension-version=\"1.0.4\"><\/div>\n","protected":false},"excerpt":{"rendered":"<p>Outiller avec des logiciels sp\u00e9cifiques : les plus ad\u00e9quats et les plus performants A l\u2019heure du num\u00e9rique, les donn\u00e9es sont de plus en plus abondantes et l\u2019utilisation de solutions informatis\u00e9es est incontournable pour en tirer le plus parti. D\u2019un autre c\u00f4t\u00e9, un logiciel n\u2019est pas une solution miracle : sans une r\u00e9flexion approfondie sur les [&hellip;]<\/p>\n","protected":false},"author":2,"featured_media":34,"parent":0,"menu_order":0,"comment_status":"closed","ping_status":"closed","template":"","meta":{"footnotes":""},"class_list":["post-53","page","type-page","status-publish","has-post-thumbnail","hentry"],"yoast_head":"<!-- This site is optimized with the Yoast SEO plugin v27.2 - https:\/\/yoast.com\/product\/yoast-seo-wordpress\/ -->\n<title>Outiller - STATforU<\/title>\n<meta name=\"robots\" content=\"index, follow, max-snippet:-1, max-image-preview:large, max-video-preview:-1\" \/>\n<link rel=\"canonical\" href=\"https:\/\/web.umons.ac.be\/statforu\/outiller\/\" \/>\n<meta property=\"og:locale\" content=\"fr_FR\" \/>\n<meta property=\"og:type\" content=\"article\" \/>\n<meta property=\"og:title\" content=\"Outiller - STATforU\" \/>\n<meta property=\"og:description\" content=\"Outiller avec des logiciels sp\u00e9cifiques : les plus ad\u00e9quats et les plus performants A l\u2019heure du num\u00e9rique, les donn\u00e9es sont de plus en plus abondantes et l\u2019utilisation de solutions informatis\u00e9es est incontournable pour en tirer le plus parti. D\u2019un autre c\u00f4t\u00e9, un logiciel n\u2019est pas une solution miracle : sans une r\u00e9flexion approfondie sur les [&hellip;]\" \/>\n<meta property=\"og:url\" content=\"https:\/\/web.umons.ac.be\/statforu\/outiller\/\" \/>\n<meta property=\"og:site_name\" content=\"STATforU\" \/>\n<meta property=\"article:modified_time\" content=\"2021-07-07T10:45:07+00:00\" \/>\n<meta property=\"og:image\" content=\"https:\/\/web.umons.ac.be\/app\/uploads\/sites\/53\/2021\/06\/Logo_NB_04_S.png\" \/>\n\t<meta property=\"og:image:width\" content=\"778\" \/>\n\t<meta property=\"og:image:height\" content=\"779\" \/>\n\t<meta property=\"og:image:type\" content=\"image\/png\" \/>\n<meta name=\"twitter:card\" content=\"summary_large_image\" \/>\n<meta name=\"twitter:label1\" content=\"Dur\u00e9e de lecture estim\u00e9e\" \/>\n\t<meta name=\"twitter:data1\" content=\"1 minute\" \/>\n<script type=\"application\/ld+json\" class=\"yoast-schema-graph\">{\"@context\":\"https:\/\/schema.org\",\"@graph\":[{\"@type\":\"WebPage\",\"@id\":\"https:\/\/web.umons.ac.be\/statforu\/outiller\/\",\"url\":\"https:\/\/web.umons.ac.be\/statforu\/outiller\/\",\"name\":\"Outiller - STATforU\",\"isPartOf\":{\"@id\":\"https:\/\/web.umons.ac.be\/statforu\/#website\"},\"primaryImageOfPage\":{\"@id\":\"https:\/\/web.umons.ac.be\/statforu\/outiller\/#primaryimage\"},\"image\":{\"@id\":\"https:\/\/web.umons.ac.be\/statforu\/outiller\/#primaryimage\"},\"thumbnailUrl\":\"https:\/\/web.umons.ac.be\/app\/uploads\/sites\/53\/2021\/06\/Logo_NB_04_S.png\",\"datePublished\":\"2021-06-29T13:51:16+00:00\",\"dateModified\":\"2021-07-07T10:45:07+00:00\",\"breadcrumb\":{\"@id\":\"https:\/\/web.umons.ac.be\/statforu\/outiller\/#breadcrumb\"},\"inLanguage\":\"fr-FR\",\"potentialAction\":[{\"@type\":\"ReadAction\",\"target\":[\"https:\/\/web.umons.ac.be\/statforu\/outiller\/\"]}]},{\"@type\":\"ImageObject\",\"inLanguage\":\"fr-FR\",\"@id\":\"https:\/\/web.umons.ac.be\/statforu\/outiller\/#primaryimage\",\"url\":\"https:\/\/web.umons.ac.be\/app\/uploads\/sites\/53\/2021\/06\/Logo_NB_04_S.png\",\"contentUrl\":\"https:\/\/web.umons.ac.be\/app\/uploads\/sites\/53\/2021\/06\/Logo_NB_04_S.png\",\"width\":778,\"height\":779},{\"@type\":\"BreadcrumbList\",\"@id\":\"https:\/\/web.umons.ac.be\/statforu\/outiller\/#breadcrumb\",\"itemListElement\":[{\"@type\":\"ListItem\",\"position\":1,\"name\":\"Home\",\"item\":\"https:\/\/web.umons.ac.be\/statforu\/\"},{\"@type\":\"ListItem\",\"position\":2,\"name\":\"Outiller\"}]},{\"@type\":\"WebSite\",\"@id\":\"https:\/\/web.umons.ac.be\/statforu\/#website\",\"url\":\"https:\/\/web.umons.ac.be\/statforu\/\",\"name\":\"STATforU\",\"description\":\"Un site utilisant Universit\u00e9 de Mons \u2013 UMONS\",\"potentialAction\":[{\"@type\":\"SearchAction\",\"target\":{\"@type\":\"EntryPoint\",\"urlTemplate\":\"https:\/\/web.umons.ac.be\/statforu\/?s={search_term_string}\"},\"query-input\":{\"@type\":\"PropertyValueSpecification\",\"valueRequired\":true,\"valueName\":\"search_term_string\"}}],\"inLanguage\":\"fr-FR\"}]}<\/script>\n<!-- \/ Yoast SEO plugin. -->","yoast_head_json":{"title":"Outiller - STATforU","robots":{"index":"index","follow":"follow","max-snippet":"max-snippet:-1","max-image-preview":"max-image-preview:large","max-video-preview":"max-video-preview:-1"},"canonical":"https:\/\/web.umons.ac.be\/statforu\/outiller\/","og_locale":"fr_FR","og_type":"article","og_title":"Outiller - STATforU","og_description":"Outiller avec des logiciels sp\u00e9cifiques : les plus ad\u00e9quats et les plus performants A l\u2019heure du num\u00e9rique, les donn\u00e9es sont de plus en plus abondantes et l\u2019utilisation de solutions informatis\u00e9es est incontournable pour en tirer le plus parti. D\u2019un autre c\u00f4t\u00e9, un logiciel n\u2019est pas une solution miracle : sans une r\u00e9flexion approfondie sur les [&hellip;]","og_url":"https:\/\/web.umons.ac.be\/statforu\/outiller\/","og_site_name":"STATforU","article_modified_time":"2021-07-07T10:45:07+00:00","og_image":[{"width":778,"height":779,"url":"https:\/\/web.umons.ac.be\/app\/uploads\/sites\/53\/2021\/06\/Logo_NB_04_S.png","type":"image\/png"}],"twitter_card":"summary_large_image","twitter_misc":{"Dur\u00e9e de lecture estim\u00e9e":"1 minute"},"schema":{"@context":"https:\/\/schema.org","@graph":[{"@type":"WebPage","@id":"https:\/\/web.umons.ac.be\/statforu\/outiller\/","url":"https:\/\/web.umons.ac.be\/statforu\/outiller\/","name":"Outiller - STATforU","isPartOf":{"@id":"https:\/\/web.umons.ac.be\/statforu\/#website"},"primaryImageOfPage":{"@id":"https:\/\/web.umons.ac.be\/statforu\/outiller\/#primaryimage"},"image":{"@id":"https:\/\/web.umons.ac.be\/statforu\/outiller\/#primaryimage"},"thumbnailUrl":"https:\/\/web.umons.ac.be\/app\/uploads\/sites\/53\/2021\/06\/Logo_NB_04_S.png","datePublished":"2021-06-29T13:51:16+00:00","dateModified":"2021-07-07T10:45:07+00:00","breadcrumb":{"@id":"https:\/\/web.umons.ac.be\/statforu\/outiller\/#breadcrumb"},"inLanguage":"fr-FR","potentialAction":[{"@type":"ReadAction","target":["https:\/\/web.umons.ac.be\/statforu\/outiller\/"]}]},{"@type":"ImageObject","inLanguage":"fr-FR","@id":"https:\/\/web.umons.ac.be\/statforu\/outiller\/#primaryimage","url":"https:\/\/web.umons.ac.be\/app\/uploads\/sites\/53\/2021\/06\/Logo_NB_04_S.png","contentUrl":"https:\/\/web.umons.ac.be\/app\/uploads\/sites\/53\/2021\/06\/Logo_NB_04_S.png","width":778,"height":779},{"@type":"BreadcrumbList","@id":"https:\/\/web.umons.ac.be\/statforu\/outiller\/#breadcrumb","itemListElement":[{"@type":"ListItem","position":1,"name":"Home","item":"https:\/\/web.umons.ac.be\/statforu\/"},{"@type":"ListItem","position":2,"name":"Outiller"}]},{"@type":"WebSite","@id":"https:\/\/web.umons.ac.be\/statforu\/#website","url":"https:\/\/web.umons.ac.be\/statforu\/","name":"STATforU","description":"Un site utilisant Universit\u00e9 de Mons \u2013 UMONS","potentialAction":[{"@type":"SearchAction","target":{"@type":"EntryPoint","urlTemplate":"https:\/\/web.umons.ac.be\/statforu\/?s={search_term_string}"},"query-input":{"@type":"PropertyValueSpecification","valueRequired":true,"valueName":"search_term_string"}}],"inLanguage":"fr-FR"}]}},"lang":"fr","translations":{"fr":53,"en":182},"pll_sync_post":[],"_links":{"self":[{"href":"https:\/\/web.umons.ac.be\/statforu\/wp-json\/wp\/v2\/pages\/53","targetHints":{"allow":["GET"]}}],"collection":[{"href":"https:\/\/web.umons.ac.be\/statforu\/wp-json\/wp\/v2\/pages"}],"about":[{"href":"https:\/\/web.umons.ac.be\/statforu\/wp-json\/wp\/v2\/types\/page"}],"author":[{"embeddable":true,"href":"https:\/\/web.umons.ac.be\/statforu\/wp-json\/wp\/v2\/users\/2"}],"replies":[{"embeddable":true,"href":"https:\/\/web.umons.ac.be\/statforu\/wp-json\/wp\/v2\/comments?post=53"}],"version-history":[{"count":4,"href":"https:\/\/web.umons.ac.be\/statforu\/wp-json\/wp\/v2\/pages\/53\/revisions"}],"predecessor-version":[{"id":203,"href":"https:\/\/web.umons.ac.be\/statforu\/wp-json\/wp\/v2\/pages\/53\/revisions\/203"}],"wp:featuredmedia":[{"embeddable":true,"href":"https:\/\/web.umons.ac.be\/statforu\/wp-json\/wp\/v2\/media\/34"}],"wp:attachment":[{"href":"https:\/\/web.umons.ac.be\/statforu\/wp-json\/wp\/v2\/media?parent=53"}],"curies":[{"name":"wp","href":"https:\/\/api.w.org\/{rel}","templated":true}]}}