{"id":55,"date":"2021-06-29T15:53:46","date_gmt":"2021-06-29T13:53:46","guid":{"rendered":"https:\/\/web.umons.ac.be\/statforu\/?page_id=55"},"modified":"2021-09-06T11:46:37","modified_gmt":"2021-09-06T09:46:37","slug":"partager","status":"publish","type":"page","link":"https:\/\/web.umons.ac.be\/statforu\/partager\/","title":{"rendered":"Partager"},"content":{"rendered":"<h2><b><img loading=\"lazy\" decoding=\"async\" class=\"alignright size-thumbnail wp-image-32\" src=\"https:\/\/web.umons.ac.be\/app\/uploads\/sites\/53\/2021\/06\/Logo_NB_01_S-150x150.png\" alt=\"\" width=\"150\" height=\"150\" srcset=\"https:\/\/web.umons.ac.be\/app\/uploads\/sites\/53\/2021\/06\/Logo_NB_01_S-150x150.png 150w, https:\/\/web.umons.ac.be\/app\/uploads\/sites\/53\/2021\/06\/Logo_NB_01_S-300x300.png 300w, https:\/\/web.umons.ac.be\/app\/uploads\/sites\/53\/2021\/06\/Logo_NB_01_S-768x769.png 768w, https:\/\/web.umons.ac.be\/app\/uploads\/sites\/53\/2021\/06\/Logo_NB_01_S-659x660.png 659w, https:\/\/web.umons.ac.be\/app\/uploads\/sites\/53\/2021\/06\/Logo_NB_01_S-30x30.png 30w, https:\/\/web.umons.ac.be\/app\/uploads\/sites\/53\/2021\/06\/Logo_NB_01_S-80x80.png 80w, https:\/\/web.umons.ac.be\/app\/uploads\/sites\/53\/2021\/06\/Logo_NB_01_S-60x60.png 60w, https:\/\/web.umons.ac.be\/app\/uploads\/sites\/53\/2021\/06\/Logo_NB_01_S-360x360.png 360w, https:\/\/web.umons.ac.be\/app\/uploads\/sites\/53\/2021\/06\/Logo_NB_01_S-400x400.png 400w, https:\/\/web.umons.ac.be\/app\/uploads\/sites\/53\/2021\/06\/Logo_NB_01_S-200x200.png 200w, https:\/\/web.umons.ac.be\/app\/uploads\/sites\/53\/2021\/06\/Logo_NB_01_S.png 778w\" sizes=\"auto, (max-width: 150px) 100vw, 150px\" \/>Partager des ressources et<\/b> des<b> exp\u00e9riences<\/b><\/h2>\n<p>Ressources en ligne li\u00e9es aux statistiques et aux sciences de donn\u00e9es utiles \u00e0 la communaut\u00e9 UMONS et au del\u00e0. Ensemble de liens et de m\u00e9dias utiles.<\/p>\n<p><b>Cet espace de partage est le v\u00f4tre.<\/b><\/p>\n<p>Il doit vous permettre de partager des ressources et des exp\u00e9riences tant scientifiques que p\u00e9dagogiques : m\u00e9thodes, exemples, notes techniques, s\u00e9quences p\u00e9dagogiques, tutoriels, mat\u00e9riel didactique, \u2026<\/p>\n<blockquote><p><i>Si vous souhaitez partager vos exp\u00e9riences, des outils, liens, sites utiles, vid\u00e9os, \u2026<\/i><\/p>\n<p><i>N\u2019h\u00e9sitez pas \u00e0 nous contacter !<\/i><\/p><\/blockquote>\n<hr \/>\n<div class=\"highlighted-block\">\n<p><a href=\"https:\/\/web.umons.ac.be\/statforu\/contact\/\"><i>Formulaire de contact<\/i><\/a><\/p>\n<\/div>\n<div id=\"ConnectiveDocSignExtentionInstalled\" data-extension-version=\"1.0.4\"><\/div>\n<hr \/>\n<p><b>G\u00e9n\u00e9ralit\u00e9s<\/b><\/p>\n<ul>\n<li><a href=\"https:\/\/github.com\/STATforU\">Organisation GitHub STAT for U<\/a>. Ressources compl\u00e9mentaires \u00e0 ce site web.<\/li>\n<li>\u2026<\/li>\n<\/ul>\n<p><b>Cours en ligne<\/b><\/p>\n<ul>\n<li><a href=\"https:\/\/wp.sciviews.org\/\">Science des donn\u00e9es biologiques<\/a> : ensemble de cours dispens\u00e9s en fran\u00e7ais dans le cursus de biologie en Facult\u00e9 des sciences depuis le second Bachelier jusqu\u2019au second Master inclus.<\/li>\n<li>\u2026<\/li>\n<\/ul>\n<p><b>Ressources statistiques<\/b><\/p>\n<ul>\n<li><a href=\"https:\/\/www.isi-web.org\/isi.cbs.nl\/glossary\/\">Glossaire multilingue de termes statistiques<\/a>. Pas certain de la traduction d\u2019un terme statistique ? Ce glossaire sp\u00e9cialis\u00e9 pourra vous aider.<\/li>\n<li>\u2026<\/li>\n<\/ul>\n<div id=\"ConnectiveDocSignExtentionInstalled\" data-extension-version=\"1.0.4\"><\/div>\n","protected":false},"excerpt":{"rendered":"<p>Partager des ressources et des exp\u00e9riences Ressources en ligne li\u00e9es aux statistiques et aux sciences de donn\u00e9es utiles \u00e0 la communaut\u00e9 UMONS et au del\u00e0. Ensemble de liens et de m\u00e9dias utiles. Cet espace de partage est le v\u00f4tre. Il doit vous permettre de partager des ressources et des exp\u00e9riences tant scientifiques que p\u00e9dagogiques : [&hellip;]<\/p>\n","protected":false},"author":2,"featured_media":32,"parent":0,"menu_order":0,"comment_status":"closed","ping_status":"closed","template":"","meta":{"footnotes":""},"class_list":["post-55","page","type-page","status-publish","has-post-thumbnail","hentry"],"yoast_head":"<!-- This site is optimized with the Yoast SEO plugin v27.2 - https:\/\/yoast.com\/product\/yoast-seo-wordpress\/ -->\n<title>Partager - STATforU<\/title>\n<meta name=\"robots\" content=\"index, follow, max-snippet:-1, max-image-preview:large, max-video-preview:-1\" \/>\n<link rel=\"canonical\" href=\"https:\/\/web.umons.ac.be\/statforu\/partager\/\" \/>\n<meta property=\"og:locale\" content=\"fr_FR\" \/>\n<meta property=\"og:type\" content=\"article\" \/>\n<meta property=\"og:title\" content=\"Partager - STATforU\" \/>\n<meta property=\"og:description\" content=\"Partager des ressources et des exp\u00e9riences Ressources en ligne li\u00e9es aux statistiques et aux sciences de donn\u00e9es utiles \u00e0 la communaut\u00e9 UMONS et au del\u00e0. Ensemble de liens et de m\u00e9dias utiles. Cet espace de partage est le v\u00f4tre. Il doit vous permettre de partager des ressources et des exp\u00e9riences tant scientifiques que p\u00e9dagogiques : [&hellip;]\" \/>\n<meta property=\"og:url\" content=\"https:\/\/web.umons.ac.be\/statforu\/partager\/\" \/>\n<meta property=\"og:site_name\" content=\"STATforU\" \/>\n<meta property=\"article:modified_time\" content=\"2021-09-06T09:46:37+00:00\" \/>\n<meta property=\"og:image\" content=\"https:\/\/web.umons.ac.be\/app\/uploads\/sites\/53\/2021\/06\/Logo_NB_01_S.png\" \/>\n\t<meta property=\"og:image:width\" content=\"778\" \/>\n\t<meta property=\"og:image:height\" content=\"779\" \/>\n\t<meta property=\"og:image:type\" content=\"image\/png\" \/>\n<meta name=\"twitter:card\" content=\"summary_large_image\" \/>\n<meta name=\"twitter:label1\" content=\"Dur\u00e9e de lecture estim\u00e9e\" \/>\n\t<meta name=\"twitter:data1\" content=\"1 minute\" \/>\n<script type=\"application\/ld+json\" class=\"yoast-schema-graph\">{\"@context\":\"https:\/\/schema.org\",\"@graph\":[{\"@type\":\"WebPage\",\"@id\":\"https:\/\/web.umons.ac.be\/statforu\/partager\/\",\"url\":\"https:\/\/web.umons.ac.be\/statforu\/partager\/\",\"name\":\"Partager - STATforU\",\"isPartOf\":{\"@id\":\"https:\/\/web.umons.ac.be\/statforu\/#website\"},\"primaryImageOfPage\":{\"@id\":\"https:\/\/web.umons.ac.be\/statforu\/partager\/#primaryimage\"},\"image\":{\"@id\":\"https:\/\/web.umons.ac.be\/statforu\/partager\/#primaryimage\"},\"thumbnailUrl\":\"https:\/\/web.umons.ac.be\/app\/uploads\/sites\/53\/2021\/06\/Logo_NB_01_S.png\",\"datePublished\":\"2021-06-29T13:53:46+00:00\",\"dateModified\":\"2021-09-06T09:46:37+00:00\",\"breadcrumb\":{\"@id\":\"https:\/\/web.umons.ac.be\/statforu\/partager\/#breadcrumb\"},\"inLanguage\":\"fr-FR\",\"potentialAction\":[{\"@type\":\"ReadAction\",\"target\":[\"https:\/\/web.umons.ac.be\/statforu\/partager\/\"]}]},{\"@type\":\"ImageObject\",\"inLanguage\":\"fr-FR\",\"@id\":\"https:\/\/web.umons.ac.be\/statforu\/partager\/#primaryimage\",\"url\":\"https:\/\/web.umons.ac.be\/app\/uploads\/sites\/53\/2021\/06\/Logo_NB_01_S.png\",\"contentUrl\":\"https:\/\/web.umons.ac.be\/app\/uploads\/sites\/53\/2021\/06\/Logo_NB_01_S.png\",\"width\":778,\"height\":779},{\"@type\":\"BreadcrumbList\",\"@id\":\"https:\/\/web.umons.ac.be\/statforu\/partager\/#breadcrumb\",\"itemListElement\":[{\"@type\":\"ListItem\",\"position\":1,\"name\":\"Home\",\"item\":\"https:\/\/web.umons.ac.be\/statforu\/\"},{\"@type\":\"ListItem\",\"position\":2,\"name\":\"Partager\"}]},{\"@type\":\"WebSite\",\"@id\":\"https:\/\/web.umons.ac.be\/statforu\/#website\",\"url\":\"https:\/\/web.umons.ac.be\/statforu\/\",\"name\":\"STATforU\",\"description\":\"Un site utilisant Universit\u00e9 de Mons \u2013 UMONS\",\"potentialAction\":[{\"@type\":\"SearchAction\",\"target\":{\"@type\":\"EntryPoint\",\"urlTemplate\":\"https:\/\/web.umons.ac.be\/statforu\/?s={search_term_string}\"},\"query-input\":{\"@type\":\"PropertyValueSpecification\",\"valueRequired\":true,\"valueName\":\"search_term_string\"}}],\"inLanguage\":\"fr-FR\"}]}<\/script>\n<!-- \/ Yoast SEO plugin. -->","yoast_head_json":{"title":"Partager - STATforU","robots":{"index":"index","follow":"follow","max-snippet":"max-snippet:-1","max-image-preview":"max-image-preview:large","max-video-preview":"max-video-preview:-1"},"canonical":"https:\/\/web.umons.ac.be\/statforu\/partager\/","og_locale":"fr_FR","og_type":"article","og_title":"Partager - STATforU","og_description":"Partager des ressources et des exp\u00e9riences Ressources en ligne li\u00e9es aux statistiques et aux sciences de donn\u00e9es utiles \u00e0 la communaut\u00e9 UMONS et au del\u00e0. Ensemble de liens et de m\u00e9dias utiles. Cet espace de partage est le v\u00f4tre. Il doit vous permettre de partager des ressources et des exp\u00e9riences tant scientifiques que p\u00e9dagogiques : [&hellip;]","og_url":"https:\/\/web.umons.ac.be\/statforu\/partager\/","og_site_name":"STATforU","article_modified_time":"2021-09-06T09:46:37+00:00","og_image":[{"width":778,"height":779,"url":"https:\/\/web.umons.ac.be\/app\/uploads\/sites\/53\/2021\/06\/Logo_NB_01_S.png","type":"image\/png"}],"twitter_card":"summary_large_image","twitter_misc":{"Dur\u00e9e de lecture estim\u00e9e":"1 minute"},"schema":{"@context":"https:\/\/schema.org","@graph":[{"@type":"WebPage","@id":"https:\/\/web.umons.ac.be\/statforu\/partager\/","url":"https:\/\/web.umons.ac.be\/statforu\/partager\/","name":"Partager - STATforU","isPartOf":{"@id":"https:\/\/web.umons.ac.be\/statforu\/#website"},"primaryImageOfPage":{"@id":"https:\/\/web.umons.ac.be\/statforu\/partager\/#primaryimage"},"image":{"@id":"https:\/\/web.umons.ac.be\/statforu\/partager\/#primaryimage"},"thumbnailUrl":"https:\/\/web.umons.ac.be\/app\/uploads\/sites\/53\/2021\/06\/Logo_NB_01_S.png","datePublished":"2021-06-29T13:53:46+00:00","dateModified":"2021-09-06T09:46:37+00:00","breadcrumb":{"@id":"https:\/\/web.umons.ac.be\/statforu\/partager\/#breadcrumb"},"inLanguage":"fr-FR","potentialAction":[{"@type":"ReadAction","target":["https:\/\/web.umons.ac.be\/statforu\/partager\/"]}]},{"@type":"ImageObject","inLanguage":"fr-FR","@id":"https:\/\/web.umons.ac.be\/statforu\/partager\/#primaryimage","url":"https:\/\/web.umons.ac.be\/app\/uploads\/sites\/53\/2021\/06\/Logo_NB_01_S.png","contentUrl":"https:\/\/web.umons.ac.be\/app\/uploads\/sites\/53\/2021\/06\/Logo_NB_01_S.png","width":778,"height":779},{"@type":"BreadcrumbList","@id":"https:\/\/web.umons.ac.be\/statforu\/partager\/#breadcrumb","itemListElement":[{"@type":"ListItem","position":1,"name":"Home","item":"https:\/\/web.umons.ac.be\/statforu\/"},{"@type":"ListItem","position":2,"name":"Partager"}]},{"@type":"WebSite","@id":"https:\/\/web.umons.ac.be\/statforu\/#website","url":"https:\/\/web.umons.ac.be\/statforu\/","name":"STATforU","description":"Un site utilisant Universit\u00e9 de Mons \u2013 UMONS","potentialAction":[{"@type":"SearchAction","target":{"@type":"EntryPoint","urlTemplate":"https:\/\/web.umons.ac.be\/statforu\/?s={search_term_string}"},"query-input":{"@type":"PropertyValueSpecification","valueRequired":true,"valueName":"search_term_string"}}],"inLanguage":"fr-FR"}]}},"lang":"fr","translations":{"fr":55,"en":186},"pll_sync_post":[],"_links":{"self":[{"href":"https:\/\/web.umons.ac.be\/statforu\/wp-json\/wp\/v2\/pages\/55","targetHints":{"allow":["GET"]}}],"collection":[{"href":"https:\/\/web.umons.ac.be\/statforu\/wp-json\/wp\/v2\/pages"}],"about":[{"href":"https:\/\/web.umons.ac.be\/statforu\/wp-json\/wp\/v2\/types\/page"}],"author":[{"embeddable":true,"href":"https:\/\/web.umons.ac.be\/statforu\/wp-json\/wp\/v2\/users\/2"}],"replies":[{"embeddable":true,"href":"https:\/\/web.umons.ac.be\/statforu\/wp-json\/wp\/v2\/comments?post=55"}],"version-history":[{"count":5,"href":"https:\/\/web.umons.ac.be\/statforu\/wp-json\/wp\/v2\/pages\/55\/revisions"}],"predecessor-version":[{"id":230,"href":"https:\/\/web.umons.ac.be\/statforu\/wp-json\/wp\/v2\/pages\/55\/revisions\/230"}],"wp:featuredmedia":[{"embeddable":true,"href":"https:\/\/web.umons.ac.be\/statforu\/wp-json\/wp\/v2\/media\/32"}],"wp:attachment":[{"href":"https:\/\/web.umons.ac.be\/statforu\/wp-json\/wp\/v2\/media?parent=55"}],"curies":[{"name":"wp","href":"https:\/\/api.w.org\/{rel}","templated":true}]}}