{"id":57,"date":"2021-06-29T15:56:29","date_gmt":"2021-06-29T13:56:29","guid":{"rendered":"https:\/\/web.umons.ac.be\/statforu\/?page_id=57"},"modified":"2025-12-08T09:27:05","modified_gmt":"2025-12-08T08:27:05","slug":"projets","status":"publish","type":"page","link":"https:\/\/web.umons.ac.be\/statforu\/projets\/","title":{"rendered":"Projets"},"content":{"rendered":"<h3>Do-it-yourStat<\/h3>\n<p><img loading=\"lazy\" decoding=\"async\" class=\" wp-image-120 alignleft\" src=\"https:\/\/web.umons.ac.be\/app\/uploads\/sites\/53\/2021\/06\/project1-do-it-yourstat-300x200.png\" alt=\"\" width=\"222\" height=\"148\" srcset=\"https:\/\/web.umons.ac.be\/app\/uploads\/sites\/53\/2021\/06\/project1-do-it-yourstat-300x200.png 300w, https:\/\/web.umons.ac.be\/app\/uploads\/sites\/53\/2021\/06\/project1-do-it-yourstat-30x20.png 30w, https:\/\/web.umons.ac.be\/app\/uploads\/sites\/53\/2021\/06\/project1-do-it-yourstat-60x40.png 60w, https:\/\/web.umons.ac.be\/app\/uploads\/sites\/53\/2021\/06\/project1-do-it-yourstat-360x240.png 360w, https:\/\/web.umons.ac.be\/app\/uploads\/sites\/53\/2021\/06\/project1-do-it-yourstat.png 450w\" sizes=\"auto, (max-width: 222px) 100vw, 222px\" \/><\/p>\n<p>&nbsp;<\/p>\n<p>Soutien \u00e0 la formation en statistiques et analyse des donn\u00e9es. Objectif : cr\u00e9ation d\u2019un outil adaptatif d\u2019aide \u00e0 l\u2019apprentissage des statistiques.<\/p>\n<p>(Philippe Grosjean, Kathy Huet, M\u00e9lanie Volral, Dimitri Cauchie, Guylian Engels, Alexandre Waroquier) &#8211; UMONS<\/p>\n<hr \/>\n<h3><\/h3>\n<h3><\/h3>\n<h3>Belgian Online Probability Panel (<a href=\"https:\/\/thesocialstudy.be\">The Social Study<\/a>)<\/h3>\n<p><img loading=\"lazy\" decoding=\"async\" class=\" wp-image-125 alignleft\" src=\"https:\/\/web.umons.ac.be\/app\/uploads\/sites\/53\/2021\/06\/project2-acts-300x200.jpg\" alt=\"\" width=\"218\" height=\"145\" srcset=\"https:\/\/web.umons.ac.be\/app\/uploads\/sites\/53\/2021\/06\/project2-acts-300x200.jpg 300w, https:\/\/web.umons.ac.be\/app\/uploads\/sites\/53\/2021\/06\/project2-acts-30x20.jpg 30w, https:\/\/web.umons.ac.be\/app\/uploads\/sites\/53\/2021\/06\/project2-acts-60x40.jpg 60w, https:\/\/web.umons.ac.be\/app\/uploads\/sites\/53\/2021\/06\/project2-acts-360x240.jpg 360w, https:\/\/web.umons.ac.be\/app\/uploads\/sites\/53\/2021\/06\/project2-acts.jpg 450w\" sizes=\"auto, (max-width: 218px) 100vw, 218px\" \/><\/p>\n<p>Participation au Projet de recherche interuniversitaire r\u00e9unissant toutes les universit\u00e9s belges francophones et n\u00e9erlandophones en vue de mettre en place un panel permanent de plus de 4000 citoyens belges (16 ans et +) pour r\u00e9aliser des enqu\u00eates par questionnaire aupr\u00e8s d\u2019un \u00e9chantillon repr\u00e9sentatif de la population belge. Site web : <a href=\"https:\/\/thesocialstudy.be\">https:\/\/thesocialstudy.be<\/a><\/p>\n<p>(Kathy Huet PI &#8211; Executive Committee member, Guillaume P\u00e9rilleux &#8211; Scientific Committee member, M\u00e9lanie Volral, Beno\u00eet Mahy)<\/p>\n<p><a href=\"https:\/\/web.umons.ac.be\/app\/uploads\/sites\/53\/2021\/12\/Vacancy-Postdoc_BOPP_2021.pdf\" target=\"_blank\" rel=\"noopener\">Offre d\u2019emploi pour un chercheur PostDoc<\/a><\/p>\n<hr \/>\n<h3><\/h3>\n<h3><\/h3>\n<h3>RDM &#8211; Research in Data Management<\/h3>\n<p><img loading=\"lazy\" decoding=\"async\" class=\" wp-image-122 alignleft\" src=\"https:\/\/web.umons.ac.be\/app\/uploads\/sites\/53\/2021\/06\/project3-rdm-300x200.jpg\" alt=\"\" width=\"216\" height=\"144\" srcset=\"https:\/\/web.umons.ac.be\/app\/uploads\/sites\/53\/2021\/06\/project3-rdm-300x200.jpg 300w, https:\/\/web.umons.ac.be\/app\/uploads\/sites\/53\/2021\/06\/project3-rdm-30x20.jpg 30w, https:\/\/web.umons.ac.be\/app\/uploads\/sites\/53\/2021\/06\/project3-rdm-60x40.jpg 60w, https:\/\/web.umons.ac.be\/app\/uploads\/sites\/53\/2021\/06\/project3-rdm-360x240.jpg 360w, https:\/\/web.umons.ac.be\/app\/uploads\/sites\/53\/2021\/06\/project3-rdm.jpg 450w\" sizes=\"auto, (max-width: 216px) 100vw, 216px\" \/><\/p>\n<p>Participation au Projet de recherche interuniversitaire \u201cResearch in Data Management\u201d coordonn\u00e9 par ULi\u00e8ge avec UCLouvain, ULB, UNamur, UMONS &amp; USL. Son objectif est de renforcer le soutien aux chercheurs en gestion responsable des donn\u00e9es de la recherche.<\/p>\n<hr \/>\n<p>&nbsp;<\/p>\n<div id=\"ConnectiveDocSignExtentionInstalled\" data-extension-version=\"1.0.4\"><\/div>\n","protected":false},"excerpt":{"rendered":"<p>Do-it-yourStat &nbsp; Soutien \u00e0 la formation en statistiques et analyse des donn\u00e9es. Objectif : cr\u00e9ation d\u2019un outil adaptatif d\u2019aide \u00e0 l\u2019apprentissage des statistiques. (Philippe Grosjean, Kathy Huet, M\u00e9lanie Volral, Dimitri Cauchie, Guylian Engels, Alexandre Waroquier) &#8211; UMONS Belgian Online Probability Panel (The Social Study) Participation au Projet de recherche interuniversitaire r\u00e9unissant toutes les universit\u00e9s belges [&hellip;]<\/p>\n","protected":false},"author":2,"featured_media":0,"parent":0,"menu_order":0,"comment_status":"closed","ping_status":"closed","template":"","meta":{"footnotes":""},"class_list":["post-57","page","type-page","status-publish","hentry"],"yoast_head":"<!-- This site is optimized with the Yoast SEO plugin v27.2 - https:\/\/yoast.com\/product\/yoast-seo-wordpress\/ -->\n<title>Projets - STATforU<\/title>\n<meta name=\"robots\" content=\"index, follow, max-snippet:-1, max-image-preview:large, max-video-preview:-1\" \/>\n<link rel=\"canonical\" href=\"https:\/\/web.umons.ac.be\/statforu\/projets\/\" \/>\n<meta property=\"og:locale\" content=\"fr_FR\" \/>\n<meta property=\"og:type\" content=\"article\" \/>\n<meta property=\"og:title\" content=\"Projets - STATforU\" \/>\n<meta property=\"og:description\" content=\"Do-it-yourStat &nbsp; Soutien \u00e0 la formation en statistiques et analyse des donn\u00e9es. Objectif : cr\u00e9ation d\u2019un outil adaptatif d\u2019aide \u00e0 l\u2019apprentissage des statistiques. (Philippe Grosjean, Kathy Huet, M\u00e9lanie Volral, Dimitri Cauchie, Guylian Engels, Alexandre Waroquier) &#8211; UMONS Belgian Online Probability Panel (The Social Study) Participation au Projet de recherche interuniversitaire r\u00e9unissant toutes les universit\u00e9s belges [&hellip;]\" \/>\n<meta property=\"og:url\" content=\"https:\/\/web.umons.ac.be\/statforu\/projets\/\" \/>\n<meta property=\"og:site_name\" content=\"STATforU\" \/>\n<meta property=\"article:modified_time\" content=\"2025-12-08T08:27:05+00:00\" \/>\n<meta property=\"og:image\" content=\"https:\/\/web.umons.ac.be\/app\/uploads\/sites\/53\/2021\/06\/project1-do-it-yourstat.png\" \/>\n\t<meta property=\"og:image:width\" content=\"450\" \/>\n\t<meta property=\"og:image:height\" content=\"300\" \/>\n\t<meta property=\"og:image:type\" content=\"image\/png\" \/>\n<meta name=\"twitter:card\" content=\"summary_large_image\" \/>\n<meta name=\"twitter:label1\" content=\"Dur\u00e9e de lecture estim\u00e9e\" \/>\n\t<meta name=\"twitter:data1\" content=\"2 minutes\" \/>\n<script type=\"application\/ld+json\" class=\"yoast-schema-graph\">{\"@context\":\"https:\/\/schema.org\",\"@graph\":[{\"@type\":\"WebPage\",\"@id\":\"https:\/\/web.umons.ac.be\/statforu\/projets\/\",\"url\":\"https:\/\/web.umons.ac.be\/statforu\/projets\/\",\"name\":\"Projets - STATforU\",\"isPartOf\":{\"@id\":\"https:\/\/web.umons.ac.be\/statforu\/#website\"},\"primaryImageOfPage\":{\"@id\":\"https:\/\/web.umons.ac.be\/statforu\/projets\/#primaryimage\"},\"image\":{\"@id\":\"https:\/\/web.umons.ac.be\/statforu\/projets\/#primaryimage\"},\"thumbnailUrl\":\"https:\/\/web.umons.ac.be\/app\/uploads\/sites\/53\/2021\/06\/project1-do-it-yourstat-300x200.png\",\"datePublished\":\"2021-06-29T13:56:29+00:00\",\"dateModified\":\"2025-12-08T08:27:05+00:00\",\"breadcrumb\":{\"@id\":\"https:\/\/web.umons.ac.be\/statforu\/projets\/#breadcrumb\"},\"inLanguage\":\"fr-FR\",\"potentialAction\":[{\"@type\":\"ReadAction\",\"target\":[\"https:\/\/web.umons.ac.be\/statforu\/projets\/\"]}]},{\"@type\":\"ImageObject\",\"inLanguage\":\"fr-FR\",\"@id\":\"https:\/\/web.umons.ac.be\/statforu\/projets\/#primaryimage\",\"url\":\"https:\/\/web.umons.ac.be\/app\/uploads\/sites\/53\/2021\/06\/project1-do-it-yourstat-300x200.png\",\"contentUrl\":\"https:\/\/web.umons.ac.be\/app\/uploads\/sites\/53\/2021\/06\/project1-do-it-yourstat-300x200.png\"},{\"@type\":\"BreadcrumbList\",\"@id\":\"https:\/\/web.umons.ac.be\/statforu\/projets\/#breadcrumb\",\"itemListElement\":[{\"@type\":\"ListItem\",\"position\":1,\"name\":\"Home\",\"item\":\"https:\/\/web.umons.ac.be\/statforu\/\"},{\"@type\":\"ListItem\",\"position\":2,\"name\":\"Projets\"}]},{\"@type\":\"WebSite\",\"@id\":\"https:\/\/web.umons.ac.be\/statforu\/#website\",\"url\":\"https:\/\/web.umons.ac.be\/statforu\/\",\"name\":\"STATforU\",\"description\":\"Un site utilisant Universit\u00e9 de Mons \u2013 UMONS\",\"potentialAction\":[{\"@type\":\"SearchAction\",\"target\":{\"@type\":\"EntryPoint\",\"urlTemplate\":\"https:\/\/web.umons.ac.be\/statforu\/?s={search_term_string}\"},\"query-input\":{\"@type\":\"PropertyValueSpecification\",\"valueRequired\":true,\"valueName\":\"search_term_string\"}}],\"inLanguage\":\"fr-FR\"}]}<\/script>\n<!-- \/ Yoast SEO plugin. -->","yoast_head_json":{"title":"Projets - STATforU","robots":{"index":"index","follow":"follow","max-snippet":"max-snippet:-1","max-image-preview":"max-image-preview:large","max-video-preview":"max-video-preview:-1"},"canonical":"https:\/\/web.umons.ac.be\/statforu\/projets\/","og_locale":"fr_FR","og_type":"article","og_title":"Projets - STATforU","og_description":"Do-it-yourStat &nbsp; Soutien \u00e0 la formation en statistiques et analyse des donn\u00e9es. Objectif : cr\u00e9ation d\u2019un outil adaptatif d\u2019aide \u00e0 l\u2019apprentissage des statistiques. (Philippe Grosjean, Kathy Huet, M\u00e9lanie Volral, Dimitri Cauchie, Guylian Engels, Alexandre Waroquier) &#8211; UMONS Belgian Online Probability Panel (The Social Study) Participation au Projet de recherche interuniversitaire r\u00e9unissant toutes les universit\u00e9s belges [&hellip;]","og_url":"https:\/\/web.umons.ac.be\/statforu\/projets\/","og_site_name":"STATforU","article_modified_time":"2025-12-08T08:27:05+00:00","og_image":[{"width":450,"height":300,"url":"https:\/\/web.umons.ac.be\/app\/uploads\/sites\/53\/2021\/06\/project1-do-it-yourstat.png","type":"image\/png"}],"twitter_card":"summary_large_image","twitter_misc":{"Dur\u00e9e de lecture estim\u00e9e":"2 minutes"},"schema":{"@context":"https:\/\/schema.org","@graph":[{"@type":"WebPage","@id":"https:\/\/web.umons.ac.be\/statforu\/projets\/","url":"https:\/\/web.umons.ac.be\/statforu\/projets\/","name":"Projets - STATforU","isPartOf":{"@id":"https:\/\/web.umons.ac.be\/statforu\/#website"},"primaryImageOfPage":{"@id":"https:\/\/web.umons.ac.be\/statforu\/projets\/#primaryimage"},"image":{"@id":"https:\/\/web.umons.ac.be\/statforu\/projets\/#primaryimage"},"thumbnailUrl":"https:\/\/web.umons.ac.be\/app\/uploads\/sites\/53\/2021\/06\/project1-do-it-yourstat-300x200.png","datePublished":"2021-06-29T13:56:29+00:00","dateModified":"2025-12-08T08:27:05+00:00","breadcrumb":{"@id":"https:\/\/web.umons.ac.be\/statforu\/projets\/#breadcrumb"},"inLanguage":"fr-FR","potentialAction":[{"@type":"ReadAction","target":["https:\/\/web.umons.ac.be\/statforu\/projets\/"]}]},{"@type":"ImageObject","inLanguage":"fr-FR","@id":"https:\/\/web.umons.ac.be\/statforu\/projets\/#primaryimage","url":"https:\/\/web.umons.ac.be\/app\/uploads\/sites\/53\/2021\/06\/project1-do-it-yourstat-300x200.png","contentUrl":"https:\/\/web.umons.ac.be\/app\/uploads\/sites\/53\/2021\/06\/project1-do-it-yourstat-300x200.png"},{"@type":"BreadcrumbList","@id":"https:\/\/web.umons.ac.be\/statforu\/projets\/#breadcrumb","itemListElement":[{"@type":"ListItem","position":1,"name":"Home","item":"https:\/\/web.umons.ac.be\/statforu\/"},{"@type":"ListItem","position":2,"name":"Projets"}]},{"@type":"WebSite","@id":"https:\/\/web.umons.ac.be\/statforu\/#website","url":"https:\/\/web.umons.ac.be\/statforu\/","name":"STATforU","description":"Un site utilisant Universit\u00e9 de Mons \u2013 UMONS","potentialAction":[{"@type":"SearchAction","target":{"@type":"EntryPoint","urlTemplate":"https:\/\/web.umons.ac.be\/statforu\/?s={search_term_string}"},"query-input":{"@type":"PropertyValueSpecification","valueRequired":true,"valueName":"search_term_string"}}],"inLanguage":"fr-FR"}]}},"lang":"fr","translations":{"fr":57,"en":150},"pll_sync_post":[],"_links":{"self":[{"href":"https:\/\/web.umons.ac.be\/statforu\/wp-json\/wp\/v2\/pages\/57","targetHints":{"allow":["GET"]}}],"collection":[{"href":"https:\/\/web.umons.ac.be\/statforu\/wp-json\/wp\/v2\/pages"}],"about":[{"href":"https:\/\/web.umons.ac.be\/statforu\/wp-json\/wp\/v2\/types\/page"}],"author":[{"embeddable":true,"href":"https:\/\/web.umons.ac.be\/statforu\/wp-json\/wp\/v2\/users\/2"}],"replies":[{"embeddable":true,"href":"https:\/\/web.umons.ac.be\/statforu\/wp-json\/wp\/v2\/comments?post=57"}],"version-history":[{"count":3,"href":"https:\/\/web.umons.ac.be\/statforu\/wp-json\/wp\/v2\/pages\/57\/revisions"}],"predecessor-version":[{"id":333,"href":"https:\/\/web.umons.ac.be\/statforu\/wp-json\/wp\/v2\/pages\/57\/revisions\/333"}],"wp:attachment":[{"href":"https:\/\/web.umons.ac.be\/statforu\/wp-json\/wp\/v2\/media?parent=57"}],"curies":[{"name":"wp","href":"https:\/\/api.w.org\/{rel}","templated":true}]}}