{"id":95,"date":"2021-06-29T16:23:57","date_gmt":"2021-06-29T14:23:57","guid":{"rendered":"https:\/\/web.umons.ac.be\/statforu\/?page_id=95"},"modified":"2021-07-01T11:42:50","modified_gmt":"2021-07-01T09:42:50","slug":"services","status":"publish","type":"page","link":"https:\/\/web.umons.ac.be\/statforu\/services\/","title":{"rendered":"SERVICES"},"content":{"rendered":"<p><strong><span style=\"font-size: 14pt\">&#8230; en un clin d&rsquo;oeil &#8230;<\/span><\/strong><\/p>\n<p><a href=\"https:\/\/web.umons.ac.be\/statforu\/conseiller\/\"><img loading=\"lazy\" decoding=\"async\" class=\" wp-image-33 alignleft\" src=\"https:\/\/web.umons.ac.be\/app\/uploads\/sites\/53\/2021\/06\/Logo_NB_02_S-300x300.png\" alt=\"\" width=\"113\" height=\"113\" srcset=\"https:\/\/web.umons.ac.be\/app\/uploads\/sites\/53\/2021\/06\/Logo_NB_02_S-300x300.png 300w, https:\/\/web.umons.ac.be\/app\/uploads\/sites\/53\/2021\/06\/Logo_NB_02_S-150x150.png 150w, https:\/\/web.umons.ac.be\/app\/uploads\/sites\/53\/2021\/06\/Logo_NB_02_S-768x768.png 768w, https:\/\/web.umons.ac.be\/app\/uploads\/sites\/53\/2021\/06\/Logo_NB_02_S-660x660.png 660w, https:\/\/web.umons.ac.be\/app\/uploads\/sites\/53\/2021\/06\/Logo_NB_02_S-30x30.png 30w, https:\/\/web.umons.ac.be\/app\/uploads\/sites\/53\/2021\/06\/Logo_NB_02_S-80x80.png 80w, https:\/\/web.umons.ac.be\/app\/uploads\/sites\/53\/2021\/06\/Logo_NB_02_S-60x60.png 60w, https:\/\/web.umons.ac.be\/app\/uploads\/sites\/53\/2021\/06\/Logo_NB_02_S-360x360.png 360w, https:\/\/web.umons.ac.be\/app\/uploads\/sites\/53\/2021\/06\/Logo_NB_02_S-400x400.png 400w, https:\/\/web.umons.ac.be\/app\/uploads\/sites\/53\/2021\/06\/Logo_NB_02_S-200x200.png 200w, https:\/\/web.umons.ac.be\/app\/uploads\/sites\/53\/2021\/06\/Logo_NB_02_S.png 779w\" sizes=\"auto, (max-width: 113px) 100vw, 113px\" \/><\/a><\/p>\n<p><b>Conseiller<\/b> dans le choix des analyses statistiques, leur interpr\u00e9tation et la diffusion des r\u00e9sultats, et <b>accompagner<\/b> \u00e0 toutes les \u00e9tapes\u00a0 du processus : du plan d\u2019exp\u00e9rience \u00e0 l\u2019analyse des donn\u00e9es et la diffusion des r\u00e9sultats<\/p>\n<p><a href=\"https:\/\/web.umons.ac.be\/statforu\/former\/\"><img loading=\"lazy\" decoding=\"async\" class=\"wp-image-31 alignleft\" src=\"https:\/\/web.umons.ac.be\/app\/uploads\/sites\/53\/2021\/06\/Logo_NB_05b_S-300x300.png\" alt=\"\" width=\"113\" height=\"113\" srcset=\"https:\/\/web.umons.ac.be\/app\/uploads\/sites\/53\/2021\/06\/Logo_NB_05b_S-300x300.png 300w, https:\/\/web.umons.ac.be\/app\/uploads\/sites\/53\/2021\/06\/Logo_NB_05b_S-150x150.png 150w, https:\/\/web.umons.ac.be\/app\/uploads\/sites\/53\/2021\/06\/Logo_NB_05b_S-768x768.png 768w, https:\/\/web.umons.ac.be\/app\/uploads\/sites\/53\/2021\/06\/Logo_NB_05b_S-660x660.png 660w, https:\/\/web.umons.ac.be\/app\/uploads\/sites\/53\/2021\/06\/Logo_NB_05b_S-30x30.png 30w, https:\/\/web.umons.ac.be\/app\/uploads\/sites\/53\/2021\/06\/Logo_NB_05b_S-80x80.png 80w, https:\/\/web.umons.ac.be\/app\/uploads\/sites\/53\/2021\/06\/Logo_NB_05b_S-60x60.png 60w, https:\/\/web.umons.ac.be\/app\/uploads\/sites\/53\/2021\/06\/Logo_NB_05b_S-360x360.png 360w, https:\/\/web.umons.ac.be\/app\/uploads\/sites\/53\/2021\/06\/Logo_NB_05b_S-400x400.png 400w, https:\/\/web.umons.ac.be\/app\/uploads\/sites\/53\/2021\/06\/Logo_NB_05b_S-200x200.png 200w, https:\/\/web.umons.ac.be\/app\/uploads\/sites\/53\/2021\/06\/Logo_NB_05b_S.png 779w\" sizes=\"auto, (max-width: 113px) 100vw, 113px\" \/><\/a><\/p>\n<p><b>Former<\/b> aux m\u00e9thodes statistiques, \u00e0 l\u2019utilisation de logiciels et \u00e0 la science des donn\u00e9es<\/p>\n<p><a href=\"https:\/\/web.umons.ac.be\/statforu\/outiller\/\"><img loading=\"lazy\" decoding=\"async\" class=\"alignleft wp-image-34\" src=\"https:\/\/web.umons.ac.be\/app\/uploads\/sites\/53\/2021\/06\/Logo_NB_04_S-300x300.png\" alt=\"\" width=\"113\" height=\"113\" srcset=\"https:\/\/web.umons.ac.be\/app\/uploads\/sites\/53\/2021\/06\/Logo_NB_04_S-300x300.png 300w, https:\/\/web.umons.ac.be\/app\/uploads\/sites\/53\/2021\/06\/Logo_NB_04_S-150x150.png 150w, https:\/\/web.umons.ac.be\/app\/uploads\/sites\/53\/2021\/06\/Logo_NB_04_S-768x769.png 768w, https:\/\/web.umons.ac.be\/app\/uploads\/sites\/53\/2021\/06\/Logo_NB_04_S-659x660.png 659w, https:\/\/web.umons.ac.be\/app\/uploads\/sites\/53\/2021\/06\/Logo_NB_04_S-30x30.png 30w, https:\/\/web.umons.ac.be\/app\/uploads\/sites\/53\/2021\/06\/Logo_NB_04_S-80x80.png 80w, https:\/\/web.umons.ac.be\/app\/uploads\/sites\/53\/2021\/06\/Logo_NB_04_S-60x60.png 60w, https:\/\/web.umons.ac.be\/app\/uploads\/sites\/53\/2021\/06\/Logo_NB_04_S-360x360.png 360w, https:\/\/web.umons.ac.be\/app\/uploads\/sites\/53\/2021\/06\/Logo_NB_04_S-400x400.png 400w, https:\/\/web.umons.ac.be\/app\/uploads\/sites\/53\/2021\/06\/Logo_NB_04_S-200x200.png 200w, https:\/\/web.umons.ac.be\/app\/uploads\/sites\/53\/2021\/06\/Logo_NB_04_S.png 778w\" sizes=\"auto, (max-width: 113px) 100vw, 113px\" \/><\/a><\/p>\n<p><b>Outiller<\/b> en mettant \u00e0 disposition des logiciels sp\u00e9cifiques et en encourageant les solutions OpenSource<\/p>\n<p style=\"text-align: left\"><a href=\"https:\/\/web.umons.ac.be\/statforu\/partager\/\"><img loading=\"lazy\" decoding=\"async\" class=\"wp-image-32 alignleft\" src=\"https:\/\/web.umons.ac.be\/app\/uploads\/sites\/53\/2021\/06\/Logo_NB_01_S-300x300.png\" alt=\"\" width=\"113\" height=\"113\" srcset=\"https:\/\/web.umons.ac.be\/app\/uploads\/sites\/53\/2021\/06\/Logo_NB_01_S-300x300.png 300w, https:\/\/web.umons.ac.be\/app\/uploads\/sites\/53\/2021\/06\/Logo_NB_01_S-150x150.png 150w, https:\/\/web.umons.ac.be\/app\/uploads\/sites\/53\/2021\/06\/Logo_NB_01_S-768x769.png 768w, https:\/\/web.umons.ac.be\/app\/uploads\/sites\/53\/2021\/06\/Logo_NB_01_S-659x660.png 659w, https:\/\/web.umons.ac.be\/app\/uploads\/sites\/53\/2021\/06\/Logo_NB_01_S-30x30.png 30w, https:\/\/web.umons.ac.be\/app\/uploads\/sites\/53\/2021\/06\/Logo_NB_01_S-80x80.png 80w, https:\/\/web.umons.ac.be\/app\/uploads\/sites\/53\/2021\/06\/Logo_NB_01_S-60x60.png 60w, https:\/\/web.umons.ac.be\/app\/uploads\/sites\/53\/2021\/06\/Logo_NB_01_S-360x360.png 360w, https:\/\/web.umons.ac.be\/app\/uploads\/sites\/53\/2021\/06\/Logo_NB_01_S-400x400.png 400w, https:\/\/web.umons.ac.be\/app\/uploads\/sites\/53\/2021\/06\/Logo_NB_01_S-200x200.png 200w, https:\/\/web.umons.ac.be\/app\/uploads\/sites\/53\/2021\/06\/Logo_NB_01_S.png 778w\" sizes=\"auto, (max-width: 113px) 100vw, 113px\" \/><\/a><\/p>\n<p><b>Partager<\/b> des ressources et des exp\u00e9riences (m\u00e9thodes, exemples, notes techniques, \u2026)<\/p>\n<div id=\"ConnectiveDocSignExtentionInstalled\" data-extension-version=\"1.0.4\"><\/div>\n","protected":false},"excerpt":{"rendered":"<p>&#8230; en un clin d&rsquo;oeil &#8230; Conseiller dans le choix des analyses statistiques, leur interpr\u00e9tation et la diffusion des r\u00e9sultats, et accompagner \u00e0 toutes les \u00e9tapes\u00a0 du processus : du plan d\u2019exp\u00e9rience \u00e0 l\u2019analyse des donn\u00e9es et la diffusion des r\u00e9sultats Former aux m\u00e9thodes statistiques, \u00e0 l\u2019utilisation de logiciels et \u00e0 la science des donn\u00e9es [&hellip;]<\/p>\n","protected":false},"author":2,"featured_media":0,"parent":0,"menu_order":0,"comment_status":"closed","ping_status":"closed","template":"","meta":{"footnotes":""},"class_list":["post-95","page","type-page","status-publish","hentry"],"yoast_head":"<!-- This site is optimized with the Yoast SEO plugin v27.2 - https:\/\/yoast.com\/product\/yoast-seo-wordpress\/ -->\n<title>SERVICES - STATforU<\/title>\n<meta name=\"robots\" content=\"index, follow, max-snippet:-1, max-image-preview:large, max-video-preview:-1\" \/>\n<link rel=\"canonical\" href=\"https:\/\/web.umons.ac.be\/statforu\/services\/\" \/>\n<meta property=\"og:locale\" content=\"fr_FR\" \/>\n<meta property=\"og:type\" content=\"article\" \/>\n<meta property=\"og:title\" content=\"SERVICES - STATforU\" \/>\n<meta property=\"og:description\" content=\"&#8230; en un clin d&rsquo;oeil &#8230; Conseiller dans le choix des analyses statistiques, leur interpr\u00e9tation et la diffusion des r\u00e9sultats, et accompagner \u00e0 toutes les \u00e9tapes\u00a0 du processus : du plan d\u2019exp\u00e9rience \u00e0 l\u2019analyse des donn\u00e9es et la diffusion des r\u00e9sultats Former aux m\u00e9thodes statistiques, \u00e0 l\u2019utilisation de logiciels et \u00e0 la science des donn\u00e9es [&hellip;]\" \/>\n<meta property=\"og:url\" content=\"https:\/\/web.umons.ac.be\/statforu\/services\/\" \/>\n<meta property=\"og:site_name\" content=\"STATforU\" \/>\n<meta property=\"article:modified_time\" content=\"2021-07-01T09:42:50+00:00\" \/>\n<meta property=\"og:image\" content=\"https:\/\/web.umons.ac.be\/app\/uploads\/sites\/53\/2021\/06\/Logo_NB_02_S-300x300.png\" \/>\n<meta name=\"twitter:card\" content=\"summary_large_image\" \/>\n<meta name=\"twitter:label1\" content=\"Dur\u00e9e de lecture estim\u00e9e\" \/>\n\t<meta name=\"twitter:data1\" content=\"2 minutes\" \/>\n<script type=\"application\/ld+json\" class=\"yoast-schema-graph\">{\"@context\":\"https:\/\/schema.org\",\"@graph\":[{\"@type\":\"WebPage\",\"@id\":\"https:\/\/web.umons.ac.be\/statforu\/services\/\",\"url\":\"https:\/\/web.umons.ac.be\/statforu\/services\/\",\"name\":\"SERVICES - STATforU\",\"isPartOf\":{\"@id\":\"https:\/\/web.umons.ac.be\/statforu\/#website\"},\"primaryImageOfPage\":{\"@id\":\"https:\/\/web.umons.ac.be\/statforu\/services\/#primaryimage\"},\"image\":{\"@id\":\"https:\/\/web.umons.ac.be\/statforu\/services\/#primaryimage\"},\"thumbnailUrl\":\"https:\/\/web.umons.ac.be\/app\/uploads\/sites\/53\/2021\/06\/Logo_NB_02_S-300x300.png\",\"datePublished\":\"2021-06-29T14:23:57+00:00\",\"dateModified\":\"2021-07-01T09:42:50+00:00\",\"breadcrumb\":{\"@id\":\"https:\/\/web.umons.ac.be\/statforu\/services\/#breadcrumb\"},\"inLanguage\":\"fr-FR\",\"potentialAction\":[{\"@type\":\"ReadAction\",\"target\":[\"https:\/\/web.umons.ac.be\/statforu\/services\/\"]}]},{\"@type\":\"ImageObject\",\"inLanguage\":\"fr-FR\",\"@id\":\"https:\/\/web.umons.ac.be\/statforu\/services\/#primaryimage\",\"url\":\"https:\/\/web.umons.ac.be\/app\/uploads\/sites\/53\/2021\/06\/Logo_NB_02_S-300x300.png\",\"contentUrl\":\"https:\/\/web.umons.ac.be\/app\/uploads\/sites\/53\/2021\/06\/Logo_NB_02_S-300x300.png\"},{\"@type\":\"BreadcrumbList\",\"@id\":\"https:\/\/web.umons.ac.be\/statforu\/services\/#breadcrumb\",\"itemListElement\":[{\"@type\":\"ListItem\",\"position\":1,\"name\":\"Home\",\"item\":\"https:\/\/web.umons.ac.be\/statforu\/\"},{\"@type\":\"ListItem\",\"position\":2,\"name\":\"SERVICES\"}]},{\"@type\":\"WebSite\",\"@id\":\"https:\/\/web.umons.ac.be\/statforu\/#website\",\"url\":\"https:\/\/web.umons.ac.be\/statforu\/\",\"name\":\"STATforU\",\"description\":\"Un site utilisant Universit\u00e9 de Mons \u2013 UMONS\",\"potentialAction\":[{\"@type\":\"SearchAction\",\"target\":{\"@type\":\"EntryPoint\",\"urlTemplate\":\"https:\/\/web.umons.ac.be\/statforu\/?s={search_term_string}\"},\"query-input\":{\"@type\":\"PropertyValueSpecification\",\"valueRequired\":true,\"valueName\":\"search_term_string\"}}],\"inLanguage\":\"fr-FR\"}]}<\/script>\n<!-- \/ Yoast SEO plugin. -->","yoast_head_json":{"title":"SERVICES - STATforU","robots":{"index":"index","follow":"follow","max-snippet":"max-snippet:-1","max-image-preview":"max-image-preview:large","max-video-preview":"max-video-preview:-1"},"canonical":"https:\/\/web.umons.ac.be\/statforu\/services\/","og_locale":"fr_FR","og_type":"article","og_title":"SERVICES - STATforU","og_description":"&#8230; en un clin d&rsquo;oeil &#8230; Conseiller dans le choix des analyses statistiques, leur interpr\u00e9tation et la diffusion des r\u00e9sultats, et accompagner \u00e0 toutes les \u00e9tapes\u00a0 du processus : du plan d\u2019exp\u00e9rience \u00e0 l\u2019analyse des donn\u00e9es et la diffusion des r\u00e9sultats Former aux m\u00e9thodes statistiques, \u00e0 l\u2019utilisation de logiciels et \u00e0 la science des donn\u00e9es [&hellip;]","og_url":"https:\/\/web.umons.ac.be\/statforu\/services\/","og_site_name":"STATforU","article_modified_time":"2021-07-01T09:42:50+00:00","og_image":[{"url":"https:\/\/web.umons.ac.be\/app\/uploads\/sites\/53\/2021\/06\/Logo_NB_02_S-300x300.png","type":"","width":"","height":""}],"twitter_card":"summary_large_image","twitter_misc":{"Dur\u00e9e de lecture estim\u00e9e":"2 minutes"},"schema":{"@context":"https:\/\/schema.org","@graph":[{"@type":"WebPage","@id":"https:\/\/web.umons.ac.be\/statforu\/services\/","url":"https:\/\/web.umons.ac.be\/statforu\/services\/","name":"SERVICES - STATforU","isPartOf":{"@id":"https:\/\/web.umons.ac.be\/statforu\/#website"},"primaryImageOfPage":{"@id":"https:\/\/web.umons.ac.be\/statforu\/services\/#primaryimage"},"image":{"@id":"https:\/\/web.umons.ac.be\/statforu\/services\/#primaryimage"},"thumbnailUrl":"https:\/\/web.umons.ac.be\/app\/uploads\/sites\/53\/2021\/06\/Logo_NB_02_S-300x300.png","datePublished":"2021-06-29T14:23:57+00:00","dateModified":"2021-07-01T09:42:50+00:00","breadcrumb":{"@id":"https:\/\/web.umons.ac.be\/statforu\/services\/#breadcrumb"},"inLanguage":"fr-FR","potentialAction":[{"@type":"ReadAction","target":["https:\/\/web.umons.ac.be\/statforu\/services\/"]}]},{"@type":"ImageObject","inLanguage":"fr-FR","@id":"https:\/\/web.umons.ac.be\/statforu\/services\/#primaryimage","url":"https:\/\/web.umons.ac.be\/app\/uploads\/sites\/53\/2021\/06\/Logo_NB_02_S-300x300.png","contentUrl":"https:\/\/web.umons.ac.be\/app\/uploads\/sites\/53\/2021\/06\/Logo_NB_02_S-300x300.png"},{"@type":"BreadcrumbList","@id":"https:\/\/web.umons.ac.be\/statforu\/services\/#breadcrumb","itemListElement":[{"@type":"ListItem","position":1,"name":"Home","item":"https:\/\/web.umons.ac.be\/statforu\/"},{"@type":"ListItem","position":2,"name":"SERVICES"}]},{"@type":"WebSite","@id":"https:\/\/web.umons.ac.be\/statforu\/#website","url":"https:\/\/web.umons.ac.be\/statforu\/","name":"STATforU","description":"Un site utilisant Universit\u00e9 de Mons \u2013 UMONS","potentialAction":[{"@type":"SearchAction","target":{"@type":"EntryPoint","urlTemplate":"https:\/\/web.umons.ac.be\/statforu\/?s={search_term_string}"},"query-input":{"@type":"PropertyValueSpecification","valueRequired":true,"valueName":"search_term_string"}}],"inLanguage":"fr-FR"}]}},"lang":"fr","translations":{"fr":95,"en":153},"pll_sync_post":[],"_links":{"self":[{"href":"https:\/\/web.umons.ac.be\/statforu\/wp-json\/wp\/v2\/pages\/95","targetHints":{"allow":["GET"]}}],"collection":[{"href":"https:\/\/web.umons.ac.be\/statforu\/wp-json\/wp\/v2\/pages"}],"about":[{"href":"https:\/\/web.umons.ac.be\/statforu\/wp-json\/wp\/v2\/types\/page"}],"author":[{"embeddable":true,"href":"https:\/\/web.umons.ac.be\/statforu\/wp-json\/wp\/v2\/users\/2"}],"replies":[{"embeddable":true,"href":"https:\/\/web.umons.ac.be\/statforu\/wp-json\/wp\/v2\/comments?post=95"}],"version-history":[{"count":10,"href":"https:\/\/web.umons.ac.be\/statforu\/wp-json\/wp\/v2\/pages\/95\/revisions"}],"predecessor-version":[{"id":195,"href":"https:\/\/web.umons.ac.be\/statforu\/wp-json\/wp\/v2\/pages\/95\/revisions\/195"}],"wp:attachment":[{"href":"https:\/\/web.umons.ac.be\/statforu\/wp-json\/wp\/v2\/media?parent=95"}],"curies":[{"name":"wp","href":"https:\/\/api.w.org\/{rel}","templated":true}]}}