{"id":17,"date":"2021-11-25T14:42:01","date_gmt":"2021-11-25T13:42:01","guid":{"rendered":"https:\/\/web.umons.ac.be\/tele\/research-activities\/"},"modified":"2021-11-25T14:59:28","modified_gmt":"2021-11-25T13:59:28","slug":"research-activities","status":"publish","type":"page","link":"https:\/\/web.umons.ac.be\/tele\/en\/research-activities\/","title":{"rendered":"Research activities"},"content":{"rendered":"<ul>\n<li><a href=\"https:\/\/hosting.umons.ac.be\/aspnet\/set\/topic_detail.asp?topic=12\" target=\"_blank\" rel=\"noopener\"><span style=\"color: #533e9a; font-family: Verdana; font-size: medium;\">Fibre Bragg gratings<\/span><\/a>\n<ul>\n<li><span style=\"color: black; font-family: Verdana; font-size: small;\">Manufacturing &amp; Characterization<\/span><\/li>\n<li><span style=\"color: black; font-family: Verdana; font-size: small;\">Polarization properties metrology<\/span><\/li>\n<\/ul>\n<\/li>\n<li><a href=\"https:\/\/hosting.umons.ac.be\/aspnet\/set\/topic_detail.asp?topic=13\" target=\"_blank\" rel=\"noopener\"><span style=\"color: #533e9a; font-family: Verdana; font-size: medium;\">Optical fibre metrology<\/span><\/a>\n<ul>\n<li><span style=\"color: black; font-family: Verdana; font-size: small;\">Distributed measurements<\/span><\/li>\n<li><span style=\"color: black; font-family: Verdana; font-size: small;\">Polarization<\/span><\/li>\n<\/ul>\n<\/li>\n<li><a href=\"https:\/\/hosting.umons.ac.be\/aspnet\/set\/topic_detail.asp?topic=14\" target=\"_blank\" rel=\"noopener\"><span style=\"color: #533e9a; font-family: Verdana; font-size: medium;\">Distributed and quasi-distributed optical fibre sensors<\/span><\/a>\n<ul>\n<li><span style=\"color: black; font-family: Verdana; font-size: small;\">OTDR<\/span><\/li>\n<li><span style=\"color: black; font-family: Verdana; font-size: small;\">OFDR<\/span><\/li>\n<\/ul>\n<\/li>\n<li><a href=\"https:\/\/hosting.umons.ac.be\/aspnet\/set\/topic_detail.asp?topic=15\" target=\"_blank\" rel=\"noopener\"><span style=\"color: #533e9a; font-family: Verdana; font-size: medium;\">FBG based optical fibre sensors<\/span><\/a>\n<ul>\n<li><span style=\"color: black; font-family: Verdana; font-size: small;\">Physical: temperature, humidity, fire detection<\/span><\/li>\n<li><span style=\"color: black; font-family: Verdana; font-size: small;\">Mechanical: strain, stress, vibration<\/span><\/li>\n<li><span style=\"color: black; font-family: Verdana; font-size: small;\">Chemical: SRI, H2<\/span><\/li>\n<\/ul>\n<\/li>\n<li><span style=\"color: #533e9a; font-family: Verdana; font-size: medium;\">Non-linear effects in optical fibre &amp; fibre lasers<\/span>\n<ul>\n<li><span style=\"color: black; font-family: Verdana; font-size: small;\">All-fibre pulsed lasers<\/span><\/li>\n<li><span style=\"color: black; font-family: Verdana; font-size: small;\">Supercontinuum generation<\/span><\/li>\n<li><span style=\"color: black; font-family: Verdana; font-size: small;\">Random fibre lasers<\/span><\/li>\n<li><span style=\"color: black; font-family: Verdana; font-size: small;\">Raman &amp; Brillouin effects<\/span><\/li>\n<\/ul>\n<\/li>\n<li><span style=\"color: #533e9a; font-family: Verdana; font-size: medium;\">Telecommunication systems<\/span>\n<ul>\n<li><span style=\"color: black; font-family: Verdana; font-size: small;\">Access networks<\/span><\/li>\n<li><span style=\"color: black; font-family: Verdana; font-size: small;\">Impulse noise<\/span><\/li>\n<li><span style=\"color: black; font-family: Verdana; font-size: small;\">RF metrology<\/span><\/li>\n<li><span style=\"color: black; font-family: Verdana; font-size: small;\">High BER metrology<\/span><\/li>\n<\/ul>\n<\/li>\n<li><span style=\"color: #533e9a; font-family: Verdana; font-size: medium;\">Computer networking<\/span>\n<ul>\n<li><span style=\"color: black; font-family: Verdana; font-size: small;\">MAC mechanisms, metrology and interactions with PHY layer<\/span><\/li>\n<\/ul>\n<\/li>\n<\/ul>\n<hr \/>\n<p>Our unit is also associated with the following UMONS research institutes :<\/p>\n<p>&nbsp;<\/p>\n<start-cask-shortcode-wrapper>\t\t<div class=\"associated-institutes content-block scheme-fpms\">\n\t\t\t<ul class=\"institutes-list\">\n\t\t\t\t\t\t\t\t\t\t<li>\n\t\t\t\t\t\t\t<a href=\"https:\/\/web.umons.ac.be\/infortech\" title=\"Acc\u00e9der au site web de : Institut \/ Infortech\" class=\"associated-institute\">\n\t\t\t\t\t\t\t\t<img loading=\"lazy\" decoding=\"async\" width=\"1\" height=\"1\" src=\"https:\/\/web.umons.ac.be\/app\/uploads\/sites\/34\/2017\/12\/infortech_logo_fr.svg\" class=\"attachment-thumbnail size-thumbnail\" alt=\"\" \/>\t\t\t\t\t\t\t<\/a>\t\t\t\n\t\t\t\t\t\t<\/li>\n\t\t\t\t\t\t\t\t\t\t<li>\n\t\t\t\t\t\t\t<a href=\"https:\/\/web.umons.ac.be\/materiaux\" title=\"Acc\u00e9der au site web de : Institut \/ Mat\u00e9riaux\" class=\"associated-institute\">\n\t\t\t\t\t\t\t\t<img loading=\"lazy\" decoding=\"async\" width=\"1\" height=\"1\" src=\"https:\/\/web.umons.ac.be\/app\/uploads\/sites\/38\/2017\/12\/materiaux_logo_fr.svg\" class=\"attachment-thumbnail size-thumbnail\" alt=\"\" \/>\t\t\t\t\t\t\t<\/a>\t\t\t\n\t\t\t\t\t\t<\/li>\n\t\t\t\t\t\t\t<\/ul>\n\t\t<\/div>\n <end-cask-shortcode-wrapper>\n","protected":false},"excerpt":{"rendered":"<p>Fibre Bragg gratings Manufacturing &amp; Characterization Polarization properties metrology Optical fibre metrology Distributed measurements Polarization Distributed and quasi-distributed optical fibre sensors OTDR OFDR FBG based optical fibre sensors Physical: temperature, humidity, fire detection Mechanical: strain, stress, vibration Chemical: SRI, H2 Non-linear effects in optical fibre &amp; fibre lasers All-fibre pulsed lasers Supercontinuum generation Random fibre [&hellip;]<\/p>\n","protected":false},"author":4,"featured_media":0,"parent":0,"menu_order":0,"comment_status":"closed","ping_status":"closed","template":"","meta":{"footnotes":""},"class_list":["post-17","page","type-page","status-publish","hentry"],"yoast_head":"<!-- This site is optimized with the Yoast SEO plugin v27.2 - https:\/\/yoast.com\/product\/yoast-seo-wordpress\/ -->\n<title>Research activities - Service \/ FPMS - Electromagn\u00e9tisme et T\u00e9l\u00e9communications<\/title>\n<meta name=\"robots\" content=\"index, follow, max-snippet:-1, max-image-preview:large, max-video-preview:-1\" \/>\n<link rel=\"canonical\" href=\"https:\/\/web.umons.ac.be\/tele\/en\/research-activities\/\" \/>\n<meta property=\"og:locale\" content=\"fr_FR\" \/>\n<meta property=\"og:type\" content=\"article\" \/>\n<meta property=\"og:title\" content=\"Research activities - Service \/ FPMS - Electromagn\u00e9tisme et T\u00e9l\u00e9communications\" \/>\n<meta property=\"og:description\" content=\"Fibre Bragg gratings Manufacturing &amp; Characterization Polarization properties metrology Optical fibre metrology Distributed measurements Polarization Distributed and quasi-distributed optical fibre sensors OTDR OFDR FBG based optical fibre sensors Physical: temperature, humidity, fire detection Mechanical: strain, stress, vibration Chemical: SRI, H2 Non-linear effects in optical fibre &amp; fibre lasers All-fibre pulsed lasers Supercontinuum generation Random fibre [&hellip;]\" \/>\n<meta property=\"og:url\" content=\"https:\/\/web.umons.ac.be\/tele\/en\/research-activities\/\" \/>\n<meta property=\"og:site_name\" content=\"Service \/ FPMS - Electromagn\u00e9tisme et T\u00e9l\u00e9communications\" \/>\n<meta property=\"article:modified_time\" content=\"2021-11-25T13:59:28+00:00\" \/>\n<meta name=\"twitter:card\" content=\"summary_large_image\" \/>\n<meta name=\"twitter:label1\" content=\"Dur\u00e9e de lecture estim\u00e9e\" \/>\n\t<meta name=\"twitter:data1\" content=\"1 minute\" \/>\n<script type=\"application\/ld+json\" class=\"yoast-schema-graph\">{\"@context\":\"https:\/\/schema.org\",\"@graph\":[{\"@type\":\"WebPage\",\"@id\":\"https:\/\/web.umons.ac.be\/tele\/en\/research-activities\/\",\"url\":\"https:\/\/web.umons.ac.be\/tele\/en\/research-activities\/\",\"name\":\"Research activities - Service \/ FPMS - Electromagn\u00e9tisme et T\u00e9l\u00e9communications\",\"isPartOf\":{\"@id\":\"https:\/\/web.umons.ac.be\/tele\/#website\"},\"datePublished\":\"2021-11-25T13:42:01+00:00\",\"dateModified\":\"2021-11-25T13:59:28+00:00\",\"breadcrumb\":{\"@id\":\"https:\/\/web.umons.ac.be\/tele\/en\/research-activities\/#breadcrumb\"},\"inLanguage\":\"fr-FR\",\"potentialAction\":[{\"@type\":\"ReadAction\",\"target\":[\"https:\/\/web.umons.ac.be\/tele\/en\/research-activities\/\"]}]},{\"@type\":\"BreadcrumbList\",\"@id\":\"https:\/\/web.umons.ac.be\/tele\/en\/research-activities\/#breadcrumb\",\"itemListElement\":[{\"@type\":\"ListItem\",\"position\":1,\"name\":\"Home\",\"item\":\"https:\/\/web.umons.ac.be\/tele\/\"},{\"@type\":\"ListItem\",\"position\":2,\"name\":\"Research activities\"}]},{\"@type\":\"WebSite\",\"@id\":\"https:\/\/web.umons.ac.be\/tele\/#website\",\"url\":\"https:\/\/web.umons.ac.be\/tele\/\",\"name\":\"Service \/ FPMS - Electromagn\u00e9tisme et T\u00e9l\u00e9communications\",\"description\":\"\",\"potentialAction\":[{\"@type\":\"SearchAction\",\"target\":{\"@type\":\"EntryPoint\",\"urlTemplate\":\"https:\/\/web.umons.ac.be\/tele\/?s={search_term_string}\"},\"query-input\":{\"@type\":\"PropertyValueSpecification\",\"valueRequired\":true,\"valueName\":\"search_term_string\"}}],\"inLanguage\":\"fr-FR\"}]}<\/script>\n<!-- \/ Yoast SEO plugin. -->","yoast_head_json":{"title":"Research activities - Service \/ FPMS - Electromagn\u00e9tisme et T\u00e9l\u00e9communications","robots":{"index":"index","follow":"follow","max-snippet":"max-snippet:-1","max-image-preview":"max-image-preview:large","max-video-preview":"max-video-preview:-1"},"canonical":"https:\/\/web.umons.ac.be\/tele\/en\/research-activities\/","og_locale":"fr_FR","og_type":"article","og_title":"Research activities - Service \/ FPMS - Electromagn\u00e9tisme et T\u00e9l\u00e9communications","og_description":"Fibre Bragg gratings Manufacturing &amp; Characterization Polarization properties metrology Optical fibre metrology Distributed measurements Polarization Distributed and quasi-distributed optical fibre sensors OTDR OFDR FBG based optical fibre sensors Physical: temperature, humidity, fire detection Mechanical: strain, stress, vibration Chemical: SRI, H2 Non-linear effects in optical fibre &amp; fibre lasers All-fibre pulsed lasers Supercontinuum generation Random fibre [&hellip;]","og_url":"https:\/\/web.umons.ac.be\/tele\/en\/research-activities\/","og_site_name":"Service \/ FPMS - Electromagn\u00e9tisme et T\u00e9l\u00e9communications","article_modified_time":"2021-11-25T13:59:28+00:00","twitter_card":"summary_large_image","twitter_misc":{"Dur\u00e9e de lecture estim\u00e9e":"1 minute"},"schema":{"@context":"https:\/\/schema.org","@graph":[{"@type":"WebPage","@id":"https:\/\/web.umons.ac.be\/tele\/en\/research-activities\/","url":"https:\/\/web.umons.ac.be\/tele\/en\/research-activities\/","name":"Research activities - Service \/ FPMS - Electromagn\u00e9tisme et T\u00e9l\u00e9communications","isPartOf":{"@id":"https:\/\/web.umons.ac.be\/tele\/#website"},"datePublished":"2021-11-25T13:42:01+00:00","dateModified":"2021-11-25T13:59:28+00:00","breadcrumb":{"@id":"https:\/\/web.umons.ac.be\/tele\/en\/research-activities\/#breadcrumb"},"inLanguage":"fr-FR","potentialAction":[{"@type":"ReadAction","target":["https:\/\/web.umons.ac.be\/tele\/en\/research-activities\/"]}]},{"@type":"BreadcrumbList","@id":"https:\/\/web.umons.ac.be\/tele\/en\/research-activities\/#breadcrumb","itemListElement":[{"@type":"ListItem","position":1,"name":"Home","item":"https:\/\/web.umons.ac.be\/tele\/"},{"@type":"ListItem","position":2,"name":"Research activities"}]},{"@type":"WebSite","@id":"https:\/\/web.umons.ac.be\/tele\/#website","url":"https:\/\/web.umons.ac.be\/tele\/","name":"Service \/ FPMS - Electromagn\u00e9tisme et T\u00e9l\u00e9communications","description":"","potentialAction":[{"@type":"SearchAction","target":{"@type":"EntryPoint","urlTemplate":"https:\/\/web.umons.ac.be\/tele\/?s={search_term_string}"},"query-input":{"@type":"PropertyValueSpecification","valueRequired":true,"valueName":"search_term_string"}}],"inLanguage":"fr-FR"}]}},"lang":"en","translations":{"en":17,"fr":15},"pll_sync_post":[],"_links":{"self":[{"href":"https:\/\/web.umons.ac.be\/tele\/wp-json\/wp\/v2\/pages\/17","targetHints":{"allow":["GET"]}}],"collection":[{"href":"https:\/\/web.umons.ac.be\/tele\/wp-json\/wp\/v2\/pages"}],"about":[{"href":"https:\/\/web.umons.ac.be\/tele\/wp-json\/wp\/v2\/types\/page"}],"author":[{"embeddable":true,"href":"https:\/\/web.umons.ac.be\/tele\/wp-json\/wp\/v2\/users\/4"}],"replies":[{"embeddable":true,"href":"https:\/\/web.umons.ac.be\/tele\/wp-json\/wp\/v2\/comments?post=17"}],"version-history":[{"count":1,"href":"https:\/\/web.umons.ac.be\/tele\/wp-json\/wp\/v2\/pages\/17\/revisions"}],"predecessor-version":[{"id":49,"href":"https:\/\/web.umons.ac.be\/tele\/wp-json\/wp\/v2\/pages\/17\/revisions\/49"}],"wp:attachment":[{"href":"https:\/\/web.umons.ac.be\/tele\/wp-json\/wp\/v2\/media?parent=17"}],"curies":[{"name":"wp","href":"https:\/\/api.w.org\/{rel}","templated":true}]}}