{"id":7,"date":"2021-11-25T14:41:59","date_gmt":"2021-11-25T13:41:59","guid":{"rendered":"https:\/\/web.umons.ac.be\/tele\/equipe\/"},"modified":"2021-11-25T14:41:59","modified_gmt":"2021-11-25T13:41:59","slug":"equipe","status":"publish","type":"page","link":"https:\/\/web.umons.ac.be\/tele\/equipe\/","title":{"rendered":"\u00c9quipe"},"content":{"rendered":"<div class=\"service-composition content-block scheme-fpms\">\n                        <h3>Service d'Electromagn\u00e9tisme et T\u00e9l\u00e9communications<\/h3>\n        \n                    <ul class=\"service-members\">\n                                    <li>\n                        <a href=\"mailto:p&#97;&#116;&#114;&#105;&#99;&#101;.&#109;e&#103;r&#101;&#116;&#64;&#117;m&#111;n&#115;.a&#99;&#46;be\" rel=\"nofollow\" class=\"service-member service-head\">\n                            <div>\n                                <span class=\"member-name\">MEGRET Patrice<\/span>\n                                <div class=\"member-type\">Chef de service<\/div>\n                            <\/div>\n\n                            <span class=\"icon umons-icon-email\" aria-hidden=\"true\"><\/span>\n                        <\/a>\n                    <\/li>\n                \n                                    <li>\n                        <a href=\"mailto:&#111;&#108;i&#118;i&#101;&#114;.au&#98;&#114;y&#64;u&#109;&#111;n&#115;&#46;ac&#46;b&#101;\" rel=\"nofollow\" class=\"service-member\">\n                            <span class=\"member-name\">AUBRY Olivier<\/span>\n                            <span class=\"icon umons-icon-email\" aria-hidden=\"true\"><\/span>\n                        <\/a>\n                    <\/li>\n                                    <li>\n                        <a href=\"mailto:Ah&#109;ed.&#66;ANNOUR&#64;u&#109;on&#115;&#46;ac.&#98;&#101;\" rel=\"nofollow\" class=\"service-member\">\n                            <span class=\"member-name\">BANNOUR Ahmed<\/span>\n                            <span class=\"icon umons-icon-email\" aria-hidden=\"true\"><\/span>\n                        <\/a>\n                    <\/li>\n                                    <li>\n                        <a href=\"mailto:&#75;&#101;&#118;in.&#66;&#79;&#69;&#76;EN&#64;&#117;&#109;&#111;&#110;s&#46;&#97;c&#46;be\" rel=\"nofollow\" class=\"service-member\">\n                            <span class=\"member-name\">BOELEN K\u00e9vin<\/span>\n                            <span class=\"icon umons-icon-email\" aria-hidden=\"true\"><\/span>\n                        <\/a>\n                    <\/li>\n                                    <li>\n                        <a href=\"mailto:&#99;&#104;&#114;istop&#104;&#101;&#46;c&#97;u&#99;&#104;&#101;&#116;&#101;&#117;&#114;&#64;&#117;m&#111;&#110;&#115;&#46;ac.&#98;&#101;\" rel=\"nofollow\" class=\"service-member\">\n                            <span class=\"member-name\">CAUCHETEUR Christophe<\/span>\n                            <span class=\"icon umons-icon-email\" aria-hidden=\"true\"><\/span>\n                        <\/a>\n                    <\/li>\n                                    <li>\n                        <a href=\"mailto:Iva&#110;&#46;&#67;H&#65;P&#65;LO&#64;u&#109;ons&#46;&#97;&#99;.&#98;&#101;\" rel=\"nofollow\" class=\"service-member\">\n                            <span class=\"member-name\">CHAPALO Ivan<\/span>\n                            <span class=\"icon umons-icon-email\" aria-hidden=\"true\"><\/span>\n                        <\/a>\n                    <\/li>\n                                    <li>\n                        <a href=\"mailto:&#80;r&#97;sad&#97;raju.&#68;&#65;N&#68;U&#64;&#117;m&#111;ns.ac.&#98;e\" rel=\"nofollow\" class=\"service-member\">\n                            <span class=\"member-name\">DANDU Janaki Siva Krishna<\/span>\n                            <span class=\"icon umons-icon-email\" aria-hidden=\"true\"><\/span>\n                        <\/a>\n                    <\/li>\n                                    <li>\n                        <a href=\"mailto:m&#97;&#114;&#105;e&#108;&#46;da&#118;id&#64;&#117;&#109;&#111;ns.&#97;c.&#98;e\" rel=\"nofollow\" class=\"service-member\">\n                            <span class=\"member-name\">DAVID Mariel<\/span>\n                            <span class=\"icon umons-icon-email\" aria-hidden=\"true\"><\/span>\n                        <\/a>\n                    <\/li>\n                                    <li>\n                        <a href=\"mailto:&#72;&#97;drie&#110;&#46;&#70;ASSEAU&#88;&#64;&#117;&#109;ons&#46;&#97;&#99;&#46;b&#101;\" rel=\"nofollow\" class=\"service-member\">\n                            <span class=\"member-name\">FASSEAUX Hadrien<\/span>\n                            <span class=\"icon umons-icon-email\" aria-hidden=\"true\"><\/span>\n                        <\/a>\n                    <\/li>\n                                    <li>\n                        <a href=\"mailto:&#97;&#110;&#100;r&#101;&#105;.&#102;&#111;t&#105;&#97;&#100;i&#64;u&#109;&#111;&#110;s.ac.b&#101;\" rel=\"nofollow\" class=\"service-member\">\n                            <span class=\"member-name\">FOTIADI Andrei<\/span>\n                            <span class=\"icon umons-icon-email\" aria-hidden=\"true\"><\/span>\n                        <\/a>\n                    <\/li>\n                                    <li>\n                        <a href=\"mailto:&#69;wan.&#71;E&#78;&#67;SEK&#64;&#117;m&#111;&#110;s.&#97;&#99;&#46;be\" rel=\"nofollow\" class=\"service-member\">\n                            <span class=\"member-name\">GENCSEK Ewan<\/span>\n                            <span class=\"icon umons-icon-email\" aria-hidden=\"true\"><\/span>\n                        <\/a>\n                    <\/li>\n                                    <li>\n                        <a href=\"mailto:Vero&#110;i&#113;u&#101;&#46;&#71;EO&#82;&#76;ET&#84;E&#64;um&#111;n&#115;.a&#99;&#46;&#98;&#101;\" rel=\"nofollow\" class=\"service-member\">\n                            <span class=\"member-name\">GEORLETTE V\u00e9ronique<\/span>\n                            <span class=\"icon umons-icon-email\" aria-hidden=\"true\"><\/span>\n                        <\/a>\n                    <\/li>\n                                    <li>\n                        <a href=\"mailto:&#65;lexan&#100;e&#114;.G&#82;O&#83;&#64;&#117;mo&#110;s.&#97;c&#46;b&#101;\" rel=\"nofollow\" class=\"service-member\">\n                            <span class=\"member-name\">GROS Alexander<\/span>\n                            <span class=\"icon umons-icon-email\" aria-hidden=\"true\"><\/span>\n                        <\/a>\n                    <\/li>\n                                    <li>\n                        <a href=\"mailto:&#99;&#111;&#114;e&#110;t&#105;&#110;&#46;&#103;&#117;yo&#116;&#64;&#117;m&#111;n&#115;.&#97;c.&#98;e\" rel=\"nofollow\" class=\"service-member\">\n                            <span class=\"member-name\">GUYOT Corentin<\/span>\n                            <span class=\"icon umons-icon-email\" aria-hidden=\"true\"><\/span>\n                        <\/a>\n                    <\/li>\n                                    <li>\n                        <a href=\"mailto:&#75;ori&#110;a.H&#65;R&#84;&#77;&#65;N&#78;&#64;&#117;&#109;o&#110;&#115;.a&#99;&#46;&#98;e\" rel=\"nofollow\" class=\"service-member\">\n                            <span class=\"member-name\">HARTMANN Korina<\/span>\n                            <span class=\"icon umons-icon-email\" aria-hidden=\"true\"><\/span>\n                        <\/a>\n                    <\/li>\n                                    <li>\n                        <a href=\"mailto:&#65;n&#110;&#101;-&#67;a&#114;o&#108;&#101;&#46;&#72;O&#78;FO&#71;A&#64;um&#111;n&#115;.&#97;&#99;.&#98;&#101;\" rel=\"nofollow\" class=\"service-member\">\n                            <span class=\"member-name\">HONFOGA Anne-Carole<\/span>\n                            <span class=\"icon umons-icon-email\" aria-hidden=\"true\"><\/span>\n                        <\/a>\n                    <\/li>\n                                    <li>\n                        <a href=\"mailto:xue&#104;&#97;&#111;.hu&#64;&#117;m&#111;&#110;&#115;&#46;&#97;&#99;&#46;&#98;e\" rel=\"nofollow\" class=\"service-member\">\n                            <span class=\"member-name\">HU Xuehao<\/span>\n                            <span class=\"icon umons-icon-email\" aria-hidden=\"true\"><\/span>\n                        <\/a>\n                    <\/li>\n                                    <li>\n                        <a href=\"mailto:&#100;&#97;m&#105;&#101;n&#46;k&#105;n&#101;&#116;&#64;u&#109;o&#110;s&#46;&#97;&#99;&#46;be\" rel=\"nofollow\" class=\"service-member\">\n                            <span class=\"member-name\">KINET Damien<\/span>\n                            <span class=\"icon umons-icon-email\" aria-hidden=\"true\"><\/span>\n                        <\/a>\n                    <\/li>\n                                    <li>\n                        <a href=\"mailto:&#109;ede&#114;&#105;&#99;.l&#111;yez&#64;u&#109;&#111;n&#115;&#46;&#97;c&#46;b&#101;\" rel=\"nofollow\" class=\"service-member\">\n                            <span class=\"member-name\">LOYEZ M\u00e9d\u00e9ric<\/span>\n                            <span class=\"icon umons-icon-email\" aria-hidden=\"true\"><\/span>\n                        <\/a>\n                    <\/li>\n                                    <li>\n                        <a href=\"mailto:&#118;er&#111;n&#105;&#113;&#117;e&#46;&#109;o&#101;yaert&#64;u&#109;o&#110;s.a&#99;&#46;&#98;&#101;\" rel=\"nofollow\" class=\"service-member\">\n                            <span class=\"member-name\">MOEYAERT V\u00e9ronique<\/span>\n                            <span class=\"icon umons-icon-email\" aria-hidden=\"true\"><\/span>\n                        <\/a>\n                    <\/li>\n                                    <li>\n                        <a href=\"mailto:&#77;e&#104;&#100;&#105;.&#78;A&#83;EH&#64;um&#111;&#110;s.&#97;&#99;&#46;&#98;e\" rel=\"nofollow\" class=\"service-member\">\n                            <span class=\"member-name\">NASEH Mehdi<\/span>\n                            <span class=\"icon umons-icon-email\" aria-hidden=\"true\"><\/span>\n                        <\/a>\n                    <\/li>\n                                    <li>\n                        <a href=\"mailto:Na&#122;i&#108;&#97;&#46;&#83;AFA&#82;&#73;Y&#65;&#90;D&#64;u&#109;&#111;n&#115;&#46;ac&#46;&#98;e\" rel=\"nofollow\" class=\"service-member\">\n                            <span class=\"member-name\">SAFARI YAZD Nazila<\/span>\n                            <span class=\"icon umons-icon-email\" aria-hidden=\"true\"><\/span>\n                        <\/a>\n                    <\/li>\n                                    <li>\n                        <a href=\"mailto:J&#101;&#114;&#111;me&#46;S&#67;HRU&#89;&#69;&#82;S&#64;&#117;&#109;on&#115;&#46;a&#99;.&#98;e\" rel=\"nofollow\" class=\"service-member\">\n                            <span class=\"member-name\">SCHRUYERS J\u00e9r\u00f4me<\/span>\n                            <span class=\"icon umons-icon-email\" aria-hidden=\"true\"><\/span>\n                        <\/a>\n                    <\/li>\n                                    <li>\n                        <a href=\"mailto:Er&#105;c&#46;VI&#83;EU&#82;&#64;&#117;&#109;o&#110;s.a&#99;.&#98;e\" rel=\"nofollow\" class=\"service-member\">\n                            <span class=\"member-name\">VISEUR Eric<\/span>\n                            <span class=\"icon umons-icon-email\" aria-hidden=\"true\"><\/span>\n                        <\/a>\n                    <\/li>\n                                    <li>\n                        <a href=\"mailto:mar&#99;.&#119;uil&#112;&#97;rt&#64;&#117;&#109;o&#110;s.ac&#46;b&#101;\" rel=\"nofollow\" class=\"service-member\">\n                            <span class=\"member-name\">WUILPART Marc<\/span>\n                            <span class=\"icon umons-icon-email\" aria-hidden=\"true\"><\/span>\n                        <\/a>\n                    <\/li>\n                                    <li>\n                        <a href=\"mailto:&#107;i&#118;&#105;&#108;ci&#109;.&#121;&#117;&#107;&#115;&#101;&#108;&#64;&#117;&#109;o&#110;&#115;.a&#99;&#46;&#98;&#101;\" rel=\"nofollow\" class=\"service-member\">\n                            <span class=\"member-name\">YUKSEL Kivilcim<\/span>\n                            <span class=\"icon umons-icon-email\" aria-hidden=\"true\"><\/span>\n                        <\/a>\n                    <\/li>\n                            <\/ul>\n                <p>\n            <a href=\" http:\/\/www.umons.ac.be\/annuaire\" class=\"button button-primary scheme-background scheme-background-hover\" target=\"_blank\" rel=\"nofollow\">\n                More information on the directory                <span class=\"icon umons-icon-book\" aria-hidden=\"true\"><\/span>        \n            <\/a>\n        <\/p>\n    <\/div>\n","protected":false},"excerpt":{"rendered":"","protected":false},"author":4,"featured_media":0,"parent":0,"menu_order":0,"comment_status":"closed","ping_status":"closed","template":"","meta":{"footnotes":""},"class_list":["post-7","page","type-page","status-publish","hentry"],"yoast_head":"<!-- This site is optimized with the Yoast SEO plugin v27.2 - https:\/\/yoast.com\/product\/yoast-seo-wordpress\/ -->\n<title>\u00c9quipe - Service \/ FPMS - Electromagn\u00e9tisme et T\u00e9l\u00e9communications<\/title>\n<meta name=\"robots\" content=\"index, follow, max-snippet:-1, max-image-preview:large, max-video-preview:-1\" \/>\n<link rel=\"canonical\" href=\"https:\/\/web.umons.ac.be\/tele\/equipe\/\" \/>\n<meta property=\"og:locale\" content=\"fr_FR\" \/>\n<meta property=\"og:type\" content=\"article\" \/>\n<meta property=\"og:title\" content=\"\u00c9quipe - Service \/ FPMS - Electromagn\u00e9tisme et T\u00e9l\u00e9communications\" \/>\n<meta property=\"og:url\" content=\"https:\/\/web.umons.ac.be\/tele\/equipe\/\" \/>\n<meta property=\"og:site_name\" content=\"Service \/ FPMS - Electromagn\u00e9tisme et T\u00e9l\u00e9communications\" \/>\n<meta name=\"twitter:card\" content=\"summary_large_image\" \/>\n<script type=\"application\/ld+json\" class=\"yoast-schema-graph\">{\"@context\":\"https:\/\/schema.org\",\"@graph\":[{\"@type\":\"WebPage\",\"@id\":\"https:\/\/web.umons.ac.be\/tele\/equipe\/\",\"url\":\"https:\/\/web.umons.ac.be\/tele\/equipe\/\",\"name\":\"\u00c9quipe - Service \/ FPMS - Electromagn\u00e9tisme et T\u00e9l\u00e9communications\",\"isPartOf\":{\"@id\":\"https:\/\/web.umons.ac.be\/tele\/#website\"},\"datePublished\":\"2021-11-25T13:41:59+00:00\",\"breadcrumb\":{\"@id\":\"https:\/\/web.umons.ac.be\/tele\/equipe\/#breadcrumb\"},\"inLanguage\":\"fr-FR\",\"potentialAction\":[{\"@type\":\"ReadAction\",\"target\":[\"https:\/\/web.umons.ac.be\/tele\/equipe\/\"]}]},{\"@type\":\"BreadcrumbList\",\"@id\":\"https:\/\/web.umons.ac.be\/tele\/equipe\/#breadcrumb\",\"itemListElement\":[{\"@type\":\"ListItem\",\"position\":1,\"name\":\"Home\",\"item\":\"https:\/\/web.umons.ac.be\/tele\/\"},{\"@type\":\"ListItem\",\"position\":2,\"name\":\"\u00c9quipe\"}]},{\"@type\":\"WebSite\",\"@id\":\"https:\/\/web.umons.ac.be\/tele\/#website\",\"url\":\"https:\/\/web.umons.ac.be\/tele\/\",\"name\":\"Service \/ FPMS - Electromagn\u00e9tisme et T\u00e9l\u00e9communications\",\"description\":\"\",\"potentialAction\":[{\"@type\":\"SearchAction\",\"target\":{\"@type\":\"EntryPoint\",\"urlTemplate\":\"https:\/\/web.umons.ac.be\/tele\/?s={search_term_string}\"},\"query-input\":{\"@type\":\"PropertyValueSpecification\",\"valueRequired\":true,\"valueName\":\"search_term_string\"}}],\"inLanguage\":\"fr-FR\"}]}<\/script>\n<!-- \/ Yoast SEO plugin. -->","yoast_head_json":{"title":"\u00c9quipe - Service \/ FPMS - Electromagn\u00e9tisme et T\u00e9l\u00e9communications","robots":{"index":"index","follow":"follow","max-snippet":"max-snippet:-1","max-image-preview":"max-image-preview:large","max-video-preview":"max-video-preview:-1"},"canonical":"https:\/\/web.umons.ac.be\/tele\/equipe\/","og_locale":"fr_FR","og_type":"article","og_title":"\u00c9quipe - Service \/ FPMS - Electromagn\u00e9tisme et T\u00e9l\u00e9communications","og_url":"https:\/\/web.umons.ac.be\/tele\/equipe\/","og_site_name":"Service \/ FPMS - Electromagn\u00e9tisme et T\u00e9l\u00e9communications","twitter_card":"summary_large_image","schema":{"@context":"https:\/\/schema.org","@graph":[{"@type":"WebPage","@id":"https:\/\/web.umons.ac.be\/tele\/equipe\/","url":"https:\/\/web.umons.ac.be\/tele\/equipe\/","name":"\u00c9quipe - Service \/ FPMS - Electromagn\u00e9tisme et T\u00e9l\u00e9communications","isPartOf":{"@id":"https:\/\/web.umons.ac.be\/tele\/#website"},"datePublished":"2021-11-25T13:41:59+00:00","breadcrumb":{"@id":"https:\/\/web.umons.ac.be\/tele\/equipe\/#breadcrumb"},"inLanguage":"fr-FR","potentialAction":[{"@type":"ReadAction","target":["https:\/\/web.umons.ac.be\/tele\/equipe\/"]}]},{"@type":"BreadcrumbList","@id":"https:\/\/web.umons.ac.be\/tele\/equipe\/#breadcrumb","itemListElement":[{"@type":"ListItem","position":1,"name":"Home","item":"https:\/\/web.umons.ac.be\/tele\/"},{"@type":"ListItem","position":2,"name":"\u00c9quipe"}]},{"@type":"WebSite","@id":"https:\/\/web.umons.ac.be\/tele\/#website","url":"https:\/\/web.umons.ac.be\/tele\/","name":"Service \/ FPMS - Electromagn\u00e9tisme et T\u00e9l\u00e9communications","description":"","potentialAction":[{"@type":"SearchAction","target":{"@type":"EntryPoint","urlTemplate":"https:\/\/web.umons.ac.be\/tele\/?s={search_term_string}"},"query-input":{"@type":"PropertyValueSpecification","valueRequired":true,"valueName":"search_term_string"}}],"inLanguage":"fr-FR"}]}},"lang":"fr","translations":{"fr":7,"en":9},"pll_sync_post":[],"_links":{"self":[{"href":"https:\/\/web.umons.ac.be\/tele\/wp-json\/wp\/v2\/pages\/7","targetHints":{"allow":["GET"]}}],"collection":[{"href":"https:\/\/web.umons.ac.be\/tele\/wp-json\/wp\/v2\/pages"}],"about":[{"href":"https:\/\/web.umons.ac.be\/tele\/wp-json\/wp\/v2\/types\/page"}],"author":[{"embeddable":true,"href":"https:\/\/web.umons.ac.be\/tele\/wp-json\/wp\/v2\/users\/4"}],"replies":[{"embeddable":true,"href":"https:\/\/web.umons.ac.be\/tele\/wp-json\/wp\/v2\/comments?post=7"}],"version-history":[{"count":0,"href":"https:\/\/web.umons.ac.be\/tele\/wp-json\/wp\/v2\/pages\/7\/revisions"}],"wp:attachment":[{"href":"https:\/\/web.umons.ac.be\/tele\/wp-json\/wp\/v2\/media?parent=7"}],"curies":[{"name":"wp","href":"https:\/\/api.w.org\/{rel}","templated":true}]}}