{"id":11,"date":"2021-12-01T10:42:34","date_gmt":"2021-12-01T09:42:34","guid":{"rendered":"https:\/\/web.umons.ac.be\/tico\/activites-denseignement\/"},"modified":"2021-12-01T11:03:39","modified_gmt":"2021-12-01T10:03:39","slug":"activites-denseignement","status":"publish","type":"page","link":"https:\/\/web.umons.ac.be\/tico\/activites-denseignement\/","title":{"rendered":"Activit\u00e9s d&rsquo;enseignement"},"content":{"rendered":"<ul>\n<li><span class=\"ms-rteCustom-Gras\">Informatique<\/span>\u00a0 (<a title=\"\" href=\"http:\/\/applications.umons.ac.be\/web\/fr\/pde\/2019-2020\/ue\/UW-B1-SGEGIG-007-M.htm\" target=\"_blank\" rel=\"noopener\">description du cours\u00a0<\/a>)<br \/>\n1\u00e8re Bachelier en sciences de gestion, en sciences \u00e9conomiques et de gestion et ing\u00e9nieur de gestion (FWEG)<br \/>\n1\u00e8re Bachelier en sciences humaines et sociales (ESHS)<\/li>\n<li><span class=\"ms-rteCustom-Gras\">Informatique<\/span>\u00a0 (<a title=\"\" href=\"http:\/\/applications.umons.ac.be\/web\/fr\/pde\/2019-2020\/ue\/UW-B1-SGEGIG-007-C.htm\" target=\"_blank\" rel=\"noopener\">description du cours\u00a0<\/a>)<br \/>\n1\u00e8re Bachelier en sciences de gestion, en sciences \u00e9conomiques et de gestion et ing\u00e9nieur de gestion (Charleroi (Hor. jour)) (FWEG)<\/li>\n<li><span class=\"ms-rteCustom-Gras\">Transformation Num\u00e9rique<\/span>\u00a0(<a title=\"\" href=\"http:\/\/applications.umons.ac.be\/web\/fr\/pde\/2019-2020\/ue\/UW-B2-SGEGIG-008-M.htm\" target=\"_blank\" rel=\"noopener\">description du cours\u00a0<\/a>)<br \/>\n2\u00e8me Bachelier en sciences de gestion et en sciences \u00e9conomiques et de gestion (FWEG)<br \/>\n2\u00e8me Bachelier ing\u00e9nieur de gestion (FWEG)<\/li>\n<li><span class=\"ms-rteCustom-Gras\">Transformation Num\u00e9rique\u00a0\u00a0\u00a0<\/span>(<a title=\"\" href=\"http:\/\/applications.umons.ac.be\/web\/fr\/pde\/2019-2020\/ue\/UW-B2-SCGEST-008-C.htm\" target=\"_blank\" rel=\"noopener\">description du cours\u00a0<\/a>)<br \/>\n2\u00e8me Bachelier en sciences de gestion et en sciences \u00e9conomiques et de gestion (Charleroi (Hor. jour)) (FWEG)<\/li>\n<li><span class=\"ms-rteCustom-Gras\">Bases de donn\u00e9es\u00a0<\/span>(<a title=\"\" href=\"http:\/\/applications.umons.ac.be\/web\/fr\/pde\/2019-2020\/aa\/W-TICO-002.htm\" target=\"_blank\" rel=\"noopener\">description du cours\u00a0<\/a>)<br \/>\n3\u00e8me Bachelier ing\u00e9nieur de gestion (FWEG)<\/li>\n<li><span class=\"ms-rteCustom-Gras\">Technologies et Syst\u00e8mes d&rsquo;Information\u00a0<\/span>(<a title=\"\" href=\"http:\/\/applications.umons.ac.be\/web\/fr\/pde\/2019-2020\/aa\/W-TICO-021.htm\" target=\"_blank\" rel=\"noopener\">description du cours\u00a0<\/a>)<br \/>\n3\u00e8me Bachelier ing\u00e9nieur de gestion (FWEG)<\/li>\n<li><span class=\"ms-rteCustom-Gras\">Internet Information Management\u00a0<\/span>(<a title=\"\" href=\"http:\/\/applications.umons.ac.be\/web\/fr\/pde\/2021-2022\/aa\/W-TICO-028.htm\" target=\"_blank\" rel=\"noopener\">description du cours\u00a0<\/a>)<br \/>\n1\u00e8re Master en ing\u00e9nieur de gestion (FWEG)<\/li>\n<li><span class=\"ms-rteCustom-Gras\">Collaborative Innovation and Creativity \u00a0<\/span>(<a title=\"\" href=\"http:\/\/applications.umons.ac.be\/web\/fr\/pde\/2021-2022\/aa\/W-TICO-026.htm\" target=\"_blank\" rel=\"noopener\">description du cours\u00a0<\/a>)<br \/>\nMaster en ing\u00e9nieur de gestion (FWEG)<\/li>\n<li><span class=\"ms-rteCustom-Gras\">S\u00e9minaires NTIC \u00a0<\/span>(<a title=\"\" href=\"http:\/\/applications.umons.ac.be\/web\/fr\/pde\/2021-2022\/aa\/W-TICO-034.htm\" target=\"_blank\" rel=\"noopener\">description du cours\u00a0<\/a>)<br \/>\nMaster en ing\u00e9nieur de gestion (FWEG)<\/li>\n<\/ul>\n<hr \/>\n<div class=\"groupheader item medium\"><strong>Liens vers le programme des cours :<\/strong><\/div>\n<div id=\"linkitem\" class=\"item link-item bullet\"><a title=\"\" href=\"http:\/\/www.umons.ac.be\/FR\/PDC_FWEG\" target=\"_blank\" rel=\"noopener\">de la Facult\u00e9 Warocqu\u00e9 d&rsquo;Economie et de Gestion<\/a><\/div>\n<div id=\"linkitem\" class=\"item link-item bullet\"><a title=\"\" href=\"http:\/\/www.umons.ac.be\/FR\/PDC_FS\" target=\"_blank\" rel=\"noopener\">de la Facult\u00e9 des Sciences<\/a><\/div>\n","protected":false},"excerpt":{"rendered":"<p>Informatique\u00a0 (description du cours\u00a0) 1\u00e8re Bachelier en sciences de gestion, en sciences \u00e9conomiques et de gestion et ing\u00e9nieur de gestion (FWEG) 1\u00e8re Bachelier en sciences humaines et sociales (ESHS) Informatique\u00a0 (description du cours\u00a0) 1\u00e8re Bachelier en sciences de gestion, en sciences \u00e9conomiques et de gestion et ing\u00e9nieur de gestion (Charleroi (Hor. jour)) (FWEG) Transformation Num\u00e9rique\u00a0(description [&hellip;]<\/p>\n","protected":false},"author":4,"featured_media":0,"parent":0,"menu_order":0,"comment_status":"closed","ping_status":"closed","template":"","meta":{"footnotes":""},"class_list":["post-11","page","type-page","status-publish","hentry"],"yoast_head":"<!-- This site is optimized with the Yoast SEO plugin v27.2 - https:\/\/yoast.com\/product\/yoast-seo-wordpress\/ -->\n<title>Activit\u00e9s d&#039;enseignement - Service \/ FWEG - Technologies de l\u2019Information et de la Communication<\/title>\n<meta name=\"robots\" content=\"index, follow, max-snippet:-1, max-image-preview:large, max-video-preview:-1\" \/>\n<link rel=\"canonical\" href=\"https:\/\/web.umons.ac.be\/tico\/activites-denseignement\/\" \/>\n<meta property=\"og:locale\" content=\"fr_FR\" \/>\n<meta property=\"og:type\" content=\"article\" \/>\n<meta property=\"og:title\" content=\"Activit\u00e9s d&#039;enseignement - Service \/ FWEG - Technologies de l\u2019Information et de la Communication\" \/>\n<meta property=\"og:description\" content=\"Informatique\u00a0 (description du cours\u00a0) 1\u00e8re Bachelier en sciences de gestion, en sciences \u00e9conomiques et de gestion et ing\u00e9nieur de gestion (FWEG) 1\u00e8re Bachelier en sciences humaines et sociales (ESHS) Informatique\u00a0 (description du cours\u00a0) 1\u00e8re Bachelier en sciences de gestion, en sciences \u00e9conomiques et de gestion et ing\u00e9nieur de gestion (Charleroi (Hor. jour)) (FWEG) Transformation Num\u00e9rique\u00a0(description [&hellip;]\" \/>\n<meta property=\"og:url\" content=\"https:\/\/web.umons.ac.be\/tico\/activites-denseignement\/\" \/>\n<meta property=\"og:site_name\" content=\"Service \/ FWEG - Technologies de l\u2019Information et de la Communication\" \/>\n<meta property=\"article:modified_time\" content=\"2021-12-01T10:03:39+00:00\" \/>\n<meta name=\"twitter:card\" content=\"summary_large_image\" \/>\n<meta name=\"twitter:label1\" content=\"Dur\u00e9e de lecture estim\u00e9e\" \/>\n\t<meta name=\"twitter:data1\" content=\"1 minute\" \/>\n<script type=\"application\/ld+json\" class=\"yoast-schema-graph\">{\"@context\":\"https:\/\/schema.org\",\"@graph\":[{\"@type\":\"WebPage\",\"@id\":\"https:\/\/web.umons.ac.be\/tico\/activites-denseignement\/\",\"url\":\"https:\/\/web.umons.ac.be\/tico\/activites-denseignement\/\",\"name\":\"Activit\u00e9s d'enseignement - Service \/ FWEG - Technologies de l\u2019Information et de la Communication\",\"isPartOf\":{\"@id\":\"https:\/\/web.umons.ac.be\/tico\/#website\"},\"datePublished\":\"2021-12-01T09:42:34+00:00\",\"dateModified\":\"2021-12-01T10:03:39+00:00\",\"breadcrumb\":{\"@id\":\"https:\/\/web.umons.ac.be\/tico\/activites-denseignement\/#breadcrumb\"},\"inLanguage\":\"fr-FR\",\"potentialAction\":[{\"@type\":\"ReadAction\",\"target\":[\"https:\/\/web.umons.ac.be\/tico\/activites-denseignement\/\"]}]},{\"@type\":\"BreadcrumbList\",\"@id\":\"https:\/\/web.umons.ac.be\/tico\/activites-denseignement\/#breadcrumb\",\"itemListElement\":[{\"@type\":\"ListItem\",\"position\":1,\"name\":\"Home\",\"item\":\"https:\/\/web.umons.ac.be\/tico\/\"},{\"@type\":\"ListItem\",\"position\":2,\"name\":\"Activit\u00e9s d&rsquo;enseignement\"}]},{\"@type\":\"WebSite\",\"@id\":\"https:\/\/web.umons.ac.be\/tico\/#website\",\"url\":\"https:\/\/web.umons.ac.be\/tico\/\",\"name\":\"Service \/ FWEG - Technologies de l\u2019Information et de la Communication\",\"description\":\"\",\"potentialAction\":[{\"@type\":\"SearchAction\",\"target\":{\"@type\":\"EntryPoint\",\"urlTemplate\":\"https:\/\/web.umons.ac.be\/tico\/?s={search_term_string}\"},\"query-input\":{\"@type\":\"PropertyValueSpecification\",\"valueRequired\":true,\"valueName\":\"search_term_string\"}}],\"inLanguage\":\"fr-FR\"}]}<\/script>\n<!-- \/ Yoast SEO plugin. -->","yoast_head_json":{"title":"Activit\u00e9s d'enseignement - Service \/ FWEG - Technologies de l\u2019Information et de la Communication","robots":{"index":"index","follow":"follow","max-snippet":"max-snippet:-1","max-image-preview":"max-image-preview:large","max-video-preview":"max-video-preview:-1"},"canonical":"https:\/\/web.umons.ac.be\/tico\/activites-denseignement\/","og_locale":"fr_FR","og_type":"article","og_title":"Activit\u00e9s d'enseignement - Service \/ FWEG - Technologies de l\u2019Information et de la Communication","og_description":"Informatique\u00a0 (description du cours\u00a0) 1\u00e8re Bachelier en sciences de gestion, en sciences \u00e9conomiques et de gestion et ing\u00e9nieur de gestion (FWEG) 1\u00e8re Bachelier en sciences humaines et sociales (ESHS) Informatique\u00a0 (description du cours\u00a0) 1\u00e8re Bachelier en sciences de gestion, en sciences \u00e9conomiques et de gestion et ing\u00e9nieur de gestion (Charleroi (Hor. jour)) (FWEG) Transformation Num\u00e9rique\u00a0(description [&hellip;]","og_url":"https:\/\/web.umons.ac.be\/tico\/activites-denseignement\/","og_site_name":"Service \/ FWEG - Technologies de l\u2019Information et de la Communication","article_modified_time":"2021-12-01T10:03:39+00:00","twitter_card":"summary_large_image","twitter_misc":{"Dur\u00e9e de lecture estim\u00e9e":"1 minute"},"schema":{"@context":"https:\/\/schema.org","@graph":[{"@type":"WebPage","@id":"https:\/\/web.umons.ac.be\/tico\/activites-denseignement\/","url":"https:\/\/web.umons.ac.be\/tico\/activites-denseignement\/","name":"Activit\u00e9s d'enseignement - Service \/ FWEG - Technologies de l\u2019Information et de la Communication","isPartOf":{"@id":"https:\/\/web.umons.ac.be\/tico\/#website"},"datePublished":"2021-12-01T09:42:34+00:00","dateModified":"2021-12-01T10:03:39+00:00","breadcrumb":{"@id":"https:\/\/web.umons.ac.be\/tico\/activites-denseignement\/#breadcrumb"},"inLanguage":"fr-FR","potentialAction":[{"@type":"ReadAction","target":["https:\/\/web.umons.ac.be\/tico\/activites-denseignement\/"]}]},{"@type":"BreadcrumbList","@id":"https:\/\/web.umons.ac.be\/tico\/activites-denseignement\/#breadcrumb","itemListElement":[{"@type":"ListItem","position":1,"name":"Home","item":"https:\/\/web.umons.ac.be\/tico\/"},{"@type":"ListItem","position":2,"name":"Activit\u00e9s d&rsquo;enseignement"}]},{"@type":"WebSite","@id":"https:\/\/web.umons.ac.be\/tico\/#website","url":"https:\/\/web.umons.ac.be\/tico\/","name":"Service \/ FWEG - Technologies de l\u2019Information et de la Communication","description":"","potentialAction":[{"@type":"SearchAction","target":{"@type":"EntryPoint","urlTemplate":"https:\/\/web.umons.ac.be\/tico\/?s={search_term_string}"},"query-input":{"@type":"PropertyValueSpecification","valueRequired":true,"valueName":"search_term_string"}}],"inLanguage":"fr-FR"}]}},"lang":"fr","translations":{"fr":11,"en":13},"pll_sync_post":[],"_links":{"self":[{"href":"https:\/\/web.umons.ac.be\/tico\/wp-json\/wp\/v2\/pages\/11","targetHints":{"allow":["GET"]}}],"collection":[{"href":"https:\/\/web.umons.ac.be\/tico\/wp-json\/wp\/v2\/pages"}],"about":[{"href":"https:\/\/web.umons.ac.be\/tico\/wp-json\/wp\/v2\/types\/page"}],"author":[{"embeddable":true,"href":"https:\/\/web.umons.ac.be\/tico\/wp-json\/wp\/v2\/users\/4"}],"replies":[{"embeddable":true,"href":"https:\/\/web.umons.ac.be\/tico\/wp-json\/wp\/v2\/comments?post=11"}],"version-history":[{"count":1,"href":"https:\/\/web.umons.ac.be\/tico\/wp-json\/wp\/v2\/pages\/11\/revisions"}],"predecessor-version":[{"id":50,"href":"https:\/\/web.umons.ac.be\/tico\/wp-json\/wp\/v2\/pages\/11\/revisions\/50"}],"wp:attachment":[{"href":"https:\/\/web.umons.ac.be\/tico\/wp-json\/wp\/v2\/media?parent=11"}],"curies":[{"name":"wp","href":"https:\/\/api.w.org\/{rel}","templated":true}]}}