{"id":11,"date":"2026-03-10T16:54:58","date_gmt":"2026-03-10T15:54:58","guid":{"rendered":"https:\/\/web.umons.ac.be\/tpna\/activites-denseignement\/"},"modified":"2026-03-13T13:58:09","modified_gmt":"2026-03-13T12:58:09","slug":"activites-denseignement","status":"publish","type":"page","link":"https:\/\/web.umons.ac.be\/tpna\/fr\/activites-denseignement\/","title":{"rendered":"Activit\u00e9s d&rsquo;enseignement"},"content":{"rendered":"<p>Le service Th\u00e9ories et Pratiques du Num\u00e9rique en Architecture structure ce champ autour d\u2019une approche int\u00e9gr\u00e9e, alliant r\u00e9flexion th\u00e9orique, exp\u00e9rimentation et production de savoirs appliqu\u00e9s. Cette structuration a permis de consolider un parcours complet, o\u00f9 les outils, m\u00e9thodes et cultures num\u00e9riques se d\u00e9ploient de mani\u00e8re progressive tout au long du cursus.<\/p>\n<p>En Bachelier 1, les \u00e9tudiants d\u00e9couvrent la culture num\u00e9rique, la gen\u00e8se des outils et leur impact sur la pratique architecturale.<\/p>\n<p>Le Bachelier 2 introduit les strat\u00e9gies et pratiques de mod\u00e9lisation ainsi que la ma\u00eetrise des ambiances par la simulation num\u00e9rique.<\/p>\n<p>En Bachelier 3, l\u2019enseignement se concentre sur les pratiques avanc\u00e9es de mod\u00e9lisation, d\u00e9veloppant la capacit\u00e9 \u00e0 mobiliser les outils num\u00e9riques comme instruments de conception et de repr\u00e9sentation.<\/p>\n<p>Au Master 1&amp;2, la fili\u00e8re Donn\u00e9es, territoires et Architectures Param\u00e9triques \u2013 D(a)T+A met au centre de la formation la culture de la donn\u00e9e et la conception param\u00e9trique. Les \u00e9tudiants y explorent la relation entre territoire, information et forme architecturale dans des contextes de projet r\u00e9els.<\/p>\n<p>Le Master 2 prolonge cette approche par des modules sp\u00e9cialis\u00e9s en BIM, Smart City et conception computationnelle, favorisant la compr\u00e9hension des processus collaboratifs et interop\u00e9rables.<\/p>\n<p>Les activit\u00e9s transversales de num\u00e9risation du cadre b\u00e2ti occupent une place essentielle dans la p\u00e9dagogie du service. Men\u00e9es sous forme de workshops et de s\u00e9minaires, elles mobilisent la capture, la mod\u00e9lisation et la valorisation du patrimoine b\u00e2ti \u00e0 diff\u00e9rentes \u00e9chelles. Ces dispositifs d\u2019enseignement croisent les comp\u00e9tences de plusieurs ann\u00e9es d\u2019\u00e9tude et favorisent la mise en pratique des savoirs num\u00e9riques dans des situations concr\u00e8tes d\u2019observation, d\u2019analyse et de restitution.<\/p>\n<p>La formation continue, centr\u00e9e sur les pratiques BIM, compl\u00e8te ce dispositif en soutenant la mise \u00e0 niveau des professionnels face \u00e0 la transition num\u00e9rique du secteur.<\/p>\n<p>Le service Th\u00e9ories et Pratiques du Num\u00e9rique en Architecture constitue ainsi un cadre p\u00e9dagogique et scientifique coh\u00e9rent, o\u00f9 se d\u00e9veloppent l\u2019enseignement, la recherche et l\u2019exp\u00e9rimentation autour des usages du num\u00e9rique dans la conception, la repr\u00e9sentation et la valorisation du cadre b\u00e2ti.<\/p>\n","protected":false},"excerpt":{"rendered":"<p>Le service Th\u00e9ories et Pratiques du Num\u00e9rique en Architecture structure ce champ autour d\u2019une approche int\u00e9gr\u00e9e, alliant r\u00e9flexion th\u00e9orique, exp\u00e9rimentation et production de savoirs appliqu\u00e9s. Cette structuration a permis de consolider un parcours complet, o\u00f9 les outils, m\u00e9thodes et cultures num\u00e9riques se d\u00e9ploient de mani\u00e8re progressive tout au long du cursus. En Bachelier 1, les [&hellip;]<\/p>\n","protected":false},"author":2,"featured_media":0,"parent":0,"menu_order":0,"comment_status":"closed","ping_status":"closed","template":"","meta":{"footnotes":""},"class_list":["post-11","page","type-page","status-publish","hentry"],"yoast_head":"<!-- This site is optimized with the Yoast SEO plugin v27.2 - https:\/\/yoast.com\/product\/yoast-seo-wordpress\/ -->\n<title>Activit\u00e9s d&#039;enseignement - Service \/ FAU - Th\u00e9ories et Pratiques du Num\u00e9rique en Architecture<\/title>\n<meta name=\"robots\" content=\"index, follow, max-snippet:-1, max-image-preview:large, max-video-preview:-1\" \/>\n<link rel=\"canonical\" href=\"https:\/\/web.umons.ac.be\/tpna\/fr\/activites-denseignement\/\" \/>\n<meta property=\"og:locale\" content=\"fr_FR\" \/>\n<meta property=\"og:type\" content=\"article\" \/>\n<meta property=\"og:title\" content=\"Activit\u00e9s d&#039;enseignement - Service \/ FAU - Th\u00e9ories et Pratiques du Num\u00e9rique en Architecture\" \/>\n<meta property=\"og:description\" content=\"Le service Th\u00e9ories et Pratiques du Num\u00e9rique en Architecture structure ce champ autour d\u2019une approche int\u00e9gr\u00e9e, alliant r\u00e9flexion th\u00e9orique, exp\u00e9rimentation et production de savoirs appliqu\u00e9s. Cette structuration a permis de consolider un parcours complet, o\u00f9 les outils, m\u00e9thodes et cultures num\u00e9riques se d\u00e9ploient de mani\u00e8re progressive tout au long du cursus. En Bachelier 1, les [&hellip;]\" \/>\n<meta property=\"og:url\" content=\"https:\/\/web.umons.ac.be\/tpna\/fr\/activites-denseignement\/\" \/>\n<meta property=\"og:site_name\" content=\"Service \/ FAU - Th\u00e9ories et Pratiques du Num\u00e9rique en Architecture\" \/>\n<meta property=\"article:modified_time\" content=\"2026-03-13T12:58:09+00:00\" \/>\n<meta name=\"twitter:card\" content=\"summary_large_image\" \/>\n<meta name=\"twitter:label1\" content=\"Dur\u00e9e de lecture estim\u00e9e\" \/>\n\t<meta name=\"twitter:data1\" content=\"2 minutes\" \/>\n<script type=\"application\/ld+json\" class=\"yoast-schema-graph\">{\"@context\":\"https:\/\/schema.org\",\"@graph\":[{\"@type\":\"WebPage\",\"@id\":\"https:\/\/web.umons.ac.be\/tpna\/fr\/activites-denseignement\/\",\"url\":\"https:\/\/web.umons.ac.be\/tpna\/fr\/activites-denseignement\/\",\"name\":\"Activit\u00e9s d'enseignement - Service \/ FAU - Th\u00e9ories et Pratiques du Num\u00e9rique en Architecture\",\"isPartOf\":{\"@id\":\"https:\/\/web.umons.ac.be\/tpna\/#website\"},\"datePublished\":\"2026-03-10T15:54:58+00:00\",\"dateModified\":\"2026-03-13T12:58:09+00:00\",\"breadcrumb\":{\"@id\":\"https:\/\/web.umons.ac.be\/tpna\/fr\/activites-denseignement\/#breadcrumb\"},\"inLanguage\":\"fr-FR\",\"potentialAction\":[{\"@type\":\"ReadAction\",\"target\":[\"https:\/\/web.umons.ac.be\/tpna\/fr\/activites-denseignement\/\"]}]},{\"@type\":\"BreadcrumbList\",\"@id\":\"https:\/\/web.umons.ac.be\/tpna\/fr\/activites-denseignement\/#breadcrumb\",\"itemListElement\":[{\"@type\":\"ListItem\",\"position\":1,\"name\":\"Accueil\",\"item\":\"https:\/\/web.umons.ac.be\/tpna\/fr\/accueil\/\"},{\"@type\":\"ListItem\",\"position\":2,\"name\":\"Activit\u00e9s d&rsquo;enseignement\"}]},{\"@type\":\"WebSite\",\"@id\":\"https:\/\/web.umons.ac.be\/tpna\/#website\",\"url\":\"https:\/\/web.umons.ac.be\/tpna\/\",\"name\":\"Service \/ FAU - Th\u00e9ories et Pratiques du Num\u00e9rique en Architecture\",\"description\":\"\",\"potentialAction\":[{\"@type\":\"SearchAction\",\"target\":{\"@type\":\"EntryPoint\",\"urlTemplate\":\"https:\/\/web.umons.ac.be\/tpna\/?s={search_term_string}\"},\"query-input\":{\"@type\":\"PropertyValueSpecification\",\"valueRequired\":true,\"valueName\":\"search_term_string\"}}],\"inLanguage\":\"fr-FR\"}]}<\/script>\n<!-- \/ Yoast SEO plugin. -->","yoast_head_json":{"title":"Activit\u00e9s d'enseignement - Service \/ FAU - Th\u00e9ories et Pratiques du Num\u00e9rique en Architecture","robots":{"index":"index","follow":"follow","max-snippet":"max-snippet:-1","max-image-preview":"max-image-preview:large","max-video-preview":"max-video-preview:-1"},"canonical":"https:\/\/web.umons.ac.be\/tpna\/fr\/activites-denseignement\/","og_locale":"fr_FR","og_type":"article","og_title":"Activit\u00e9s d'enseignement - Service \/ FAU - Th\u00e9ories et Pratiques du Num\u00e9rique en Architecture","og_description":"Le service Th\u00e9ories et Pratiques du Num\u00e9rique en Architecture structure ce champ autour d\u2019une approche int\u00e9gr\u00e9e, alliant r\u00e9flexion th\u00e9orique, exp\u00e9rimentation et production de savoirs appliqu\u00e9s. Cette structuration a permis de consolider un parcours complet, o\u00f9 les outils, m\u00e9thodes et cultures num\u00e9riques se d\u00e9ploient de mani\u00e8re progressive tout au long du cursus. En Bachelier 1, les [&hellip;]","og_url":"https:\/\/web.umons.ac.be\/tpna\/fr\/activites-denseignement\/","og_site_name":"Service \/ FAU - Th\u00e9ories et Pratiques du Num\u00e9rique en Architecture","article_modified_time":"2026-03-13T12:58:09+00:00","twitter_card":"summary_large_image","twitter_misc":{"Dur\u00e9e de lecture estim\u00e9e":"2 minutes"},"schema":{"@context":"https:\/\/schema.org","@graph":[{"@type":"WebPage","@id":"https:\/\/web.umons.ac.be\/tpna\/fr\/activites-denseignement\/","url":"https:\/\/web.umons.ac.be\/tpna\/fr\/activites-denseignement\/","name":"Activit\u00e9s d'enseignement - Service \/ FAU - Th\u00e9ories et Pratiques du Num\u00e9rique en Architecture","isPartOf":{"@id":"https:\/\/web.umons.ac.be\/tpna\/#website"},"datePublished":"2026-03-10T15:54:58+00:00","dateModified":"2026-03-13T12:58:09+00:00","breadcrumb":{"@id":"https:\/\/web.umons.ac.be\/tpna\/fr\/activites-denseignement\/#breadcrumb"},"inLanguage":"fr-FR","potentialAction":[{"@type":"ReadAction","target":["https:\/\/web.umons.ac.be\/tpna\/fr\/activites-denseignement\/"]}]},{"@type":"BreadcrumbList","@id":"https:\/\/web.umons.ac.be\/tpna\/fr\/activites-denseignement\/#breadcrumb","itemListElement":[{"@type":"ListItem","position":1,"name":"Accueil","item":"https:\/\/web.umons.ac.be\/tpna\/fr\/accueil\/"},{"@type":"ListItem","position":2,"name":"Activit\u00e9s d&rsquo;enseignement"}]},{"@type":"WebSite","@id":"https:\/\/web.umons.ac.be\/tpna\/#website","url":"https:\/\/web.umons.ac.be\/tpna\/","name":"Service \/ FAU - Th\u00e9ories et Pratiques du Num\u00e9rique en Architecture","description":"","potentialAction":[{"@type":"SearchAction","target":{"@type":"EntryPoint","urlTemplate":"https:\/\/web.umons.ac.be\/tpna\/?s={search_term_string}"},"query-input":{"@type":"PropertyValueSpecification","valueRequired":true,"valueName":"search_term_string"}}],"inLanguage":"fr-FR"}]}},"lang":"fr","translations":{"fr":11,"en":13},"pll_sync_post":[],"_links":{"self":[{"href":"https:\/\/web.umons.ac.be\/tpna\/wp-json\/wp\/v2\/pages\/11","targetHints":{"allow":["GET"]}}],"collection":[{"href":"https:\/\/web.umons.ac.be\/tpna\/wp-json\/wp\/v2\/pages"}],"about":[{"href":"https:\/\/web.umons.ac.be\/tpna\/wp-json\/wp\/v2\/types\/page"}],"author":[{"embeddable":true,"href":"https:\/\/web.umons.ac.be\/tpna\/wp-json\/wp\/v2\/users\/2"}],"replies":[{"embeddable":true,"href":"https:\/\/web.umons.ac.be\/tpna\/wp-json\/wp\/v2\/comments?post=11"}],"version-history":[{"count":1,"href":"https:\/\/web.umons.ac.be\/tpna\/wp-json\/wp\/v2\/pages\/11\/revisions"}],"predecessor-version":[{"id":50,"href":"https:\/\/web.umons.ac.be\/tpna\/wp-json\/wp\/v2\/pages\/11\/revisions\/50"}],"wp:attachment":[{"href":"https:\/\/web.umons.ac.be\/tpna\/wp-json\/wp\/v2\/media?parent=11"}],"curies":[{"name":"wp","href":"https:\/\/api.w.org\/{rel}","templated":true}]}}