{"id":15,"date":"2026-03-10T16:54:58","date_gmt":"2026-03-10T15:54:58","guid":{"rendered":"https:\/\/web.umons.ac.be\/tpna\/activites-de-recherche\/"},"modified":"2026-03-17T15:58:53","modified_gmt":"2026-03-17T14:58:53","slug":"activites-de-recherche","status":"publish","type":"page","link":"https:\/\/web.umons.ac.be\/tpna\/fr\/activites-de-recherche\/","title":{"rendered":"Activit\u00e9s de recherche"},"content":{"rendered":"<ol>\n<li>\n<h2>Approche transversale du num\u00e9rique<\/h2>\n<\/li>\n<\/ol>\n<p>Nous construisons une approche transversale du num\u00e9rique et de ses interactions avec les pratiques et usages li\u00e9s au contexte b\u00e2ti tout au long de son cycle de vie. Elle s\u2019est d\u00e9velopp\u00e9e \u00e0 travers des publications, des th\u00e8ses et des projets de recherche portant sur :<\/p>\n<ul>\n<li>La notion de mod\u00e8le et les approches de mod\u00e9lisation, de simulation, de g\u00e9n\u00e9ration et d\u2019optimisation.<\/li>\n<li>Les interactions avec les mod\u00e8les num\u00e9riques.<\/li>\n<li>La question de la donn\u00e9e et son impact sur le projet, la circularit\u00e9, la gestion du cycle de vie et la qualit\u00e9 du cadre b\u00e2ti \u00e0 travers les approches BIM.<\/li>\n<li>Le processus de num\u00e9risation du cadre b\u00e2ti (en appui des autres approches).<\/li>\n<\/ul>\n<ol start=\"2\">\n<li>\n<h2>Approche exp\u00e9rimentale et th\u00e9orisation<\/h2>\n<\/li>\n<\/ol>\n<p>Nous d\u00e9veloppons une approche exp\u00e9rimentale accompagn\u00e9e d\u2019une th\u00e9orisation synchrone. Les protocoles d\u2019exp\u00e9rimentation issus d\u2019observations permettent de structurer des processus et de mettre en \u0153uvre un choix cibl\u00e9 d\u2019outils et de dispositifs. Les corpus d\u2019\u00e9tude constitu\u00e9s sont analys\u00e9s afin de th\u00e9oriser nos d\u00e9marches.<\/p>\n<p>Nous \u00e9laborons \u00e9galement des approches de th\u00e9orisation asynchrone, issues d\u2019une prise de recul sur diff\u00e9rents travaux exp\u00e9rimentaux. Elles visent \u00e0 comprendre les pratiques transversales et sp\u00e9cifiques du num\u00e9rique en lien avec le projet architectural et urbain.<\/p>\n<ul>\n<li>Le processus de gen\u00e8se et de d\u00e9veloppement d\u2019une culture num\u00e9rique en architecture.<\/li>\n<li>La compr\u00e9hension des ph\u00e9nom\u00e8nes de data\u00effication.<\/li>\n<li>L\u2019exploration et la qualification de la durabilit\u00e9 \u00ab sociale \u00bb dans les approches BIM.<\/li>\n<li>La compr\u00e9hension des processus d\u00e9claratifs et g\u00e9n\u00e9ratifs.<\/li>\n<\/ul>\n<ol start=\"3\">\n<li>\n<h2>Continuit\u00e9 entre pratiques p\u00e9dagogiques et scientifiques<\/h2>\n<\/li>\n<\/ol>\n<p>Nous d\u00e9veloppons une continuit\u00e9 entre pratiques p\u00e9dagogiques et scientifiques en int\u00e9grant nos approches exp\u00e9rimentales dans les cours. Ces d\u00e9marches, qualifi\u00e9es de scientifiques, sont adapt\u00e9es afin de r\u00e9pondre aux objectifs p\u00e9dagogiques.<\/p>\n<p>Nous concevons des outils m\u00e9thodologiques permettant aux \u00e9tudiants de les appr\u00e9hender, de les exp\u00e9rimenter et de se les approprier (r\u00e9f. IA+Architecture). Nous veillons au respect des normes dites \u00ab scientifiques \u00bb : coh\u00e9rence, identification et prise en compte des biais m\u00e9thodologiques et s\u00e9mantiques.<\/p>\n<ul>\n<li>L\u2019exploration des approches BIM en lien avec le d\u00e9veloppement durable.<\/li>\n<li>L\u2019exploration des processus d\u2019objectivation (simulation et aide \u00e0 la d\u00e9cision).<\/li>\n<li>L\u2019exploration et l\u2019appropriation des approches d\u00e9claratives et g\u00e9n\u00e9ratives.<\/li>\n<\/ul>\n<hr \/>\n<p>Notre service est, par ailleurs rattach\u00e9 \u00e0 un institut de recherche de l\u2019UMONS :<\/p>\n<start-cask-shortcode-wrapper>\t\t<div class=\"associated-institutes content-block scheme-fau\">\n\t\t\t<ul class=\"institutes-list\">\n\t\t\t\t\t\t\t\t\t\t<li>\n\t\t\t\t\t\t\t<a href=\"https:\/\/web.umons.ac.be\/energie\" title=\"Acc\u00e9der au site web de : Institut \/ \u00c9nergie\" class=\"associated-institute\">\n\t\t\t\t\t\t\t\t<img loading=\"lazy\" decoding=\"async\" width=\"1\" height=\"1\" src=\"https:\/\/web.umons.ac.be\/app\/uploads\/sites\/32\/2017\/11\/energie_logo_fr.svg\" class=\"attachment-thumbnail size-thumbnail\" alt=\"\" \/>\t\t\t\t\t\t\t<\/a>\t\t\t\n\t\t\t\t\t\t<\/li>\n\t\t\t\t\t\t\t\t\t\t<li>\n\t\t\t\t\t\t\t<a href=\"https:\/\/web.umons.ac.be\/numediart\" title=\"Acc\u00e9der au site web de : Institut \/ Num\u00e9diart\" class=\"associated-institute\">\n\t\t\t\t\t\t\t\t<img loading=\"lazy\" decoding=\"async\" width=\"1\" height=\"1\" src=\"https:\/\/web.umons.ac.be\/app\/uploads\/sites\/37\/2017\/12\/numediart_logo_fr.svg\" class=\"attachment-thumbnail size-thumbnail\" alt=\"\" \/>\t\t\t\t\t\t\t<\/a>\t\t\t\n\t\t\t\t\t\t<\/li>\n\t\t\t\t\t\t\t<\/ul>\n\t\t<\/div>\n <end-cask-shortcode-wrapper>\n","protected":false},"excerpt":{"rendered":"<p>Approche transversale du num\u00e9rique Nous construisons une approche transversale du num\u00e9rique et de ses interactions avec les pratiques et usages li\u00e9s au contexte b\u00e2ti tout au long de son cycle de vie. Elle s\u2019est d\u00e9velopp\u00e9e \u00e0 travers des publications, des th\u00e8ses et des projets de recherche portant sur : La notion de mod\u00e8le et les [&hellip;]<\/p>\n","protected":false},"author":2,"featured_media":0,"parent":0,"menu_order":0,"comment_status":"closed","ping_status":"closed","template":"","meta":{"footnotes":""},"class_list":["post-15","page","type-page","status-publish","hentry"],"yoast_head":"<!-- This site is optimized with the Yoast SEO plugin v27.2 - https:\/\/yoast.com\/product\/yoast-seo-wordpress\/ -->\n<title>Activit\u00e9s de recherche - Service \/ FAU - Th\u00e9ories et Pratiques du Num\u00e9rique en Architecture<\/title>\n<meta name=\"robots\" content=\"index, follow, max-snippet:-1, max-image-preview:large, max-video-preview:-1\" \/>\n<link rel=\"canonical\" href=\"https:\/\/web.umons.ac.be\/tpna\/fr\/activites-de-recherche\/\" \/>\n<meta property=\"og:locale\" content=\"fr_FR\" \/>\n<meta property=\"og:type\" content=\"article\" \/>\n<meta property=\"og:title\" content=\"Activit\u00e9s de recherche - Service \/ FAU - Th\u00e9ories et Pratiques du Num\u00e9rique en Architecture\" \/>\n<meta property=\"og:description\" content=\"Approche transversale du num\u00e9rique Nous construisons une approche transversale du num\u00e9rique et de ses interactions avec les pratiques et usages li\u00e9s au contexte b\u00e2ti tout au long de son cycle de vie. Elle s\u2019est d\u00e9velopp\u00e9e \u00e0 travers des publications, des th\u00e8ses et des projets de recherche portant sur : La notion de mod\u00e8le et les [&hellip;]\" \/>\n<meta property=\"og:url\" content=\"https:\/\/web.umons.ac.be\/tpna\/fr\/activites-de-recherche\/\" \/>\n<meta property=\"og:site_name\" content=\"Service \/ FAU - Th\u00e9ories et Pratiques du Num\u00e9rique en Architecture\" \/>\n<meta property=\"article:modified_time\" content=\"2026-03-17T14:58:53+00:00\" \/>\n<meta name=\"twitter:card\" content=\"summary_large_image\" \/>\n<meta name=\"twitter:label1\" content=\"Dur\u00e9e de lecture estim\u00e9e\" \/>\n\t<meta name=\"twitter:data1\" content=\"2 minutes\" \/>\n<script type=\"application\/ld+json\" class=\"yoast-schema-graph\">{\"@context\":\"https:\/\/schema.org\",\"@graph\":[{\"@type\":\"WebPage\",\"@id\":\"https:\/\/web.umons.ac.be\/tpna\/fr\/activites-de-recherche\/\",\"url\":\"https:\/\/web.umons.ac.be\/tpna\/fr\/activites-de-recherche\/\",\"name\":\"Activit\u00e9s de recherche - Service \/ FAU - Th\u00e9ories et Pratiques du Num\u00e9rique en Architecture\",\"isPartOf\":{\"@id\":\"https:\/\/web.umons.ac.be\/tpna\/#website\"},\"datePublished\":\"2026-03-10T15:54:58+00:00\",\"dateModified\":\"2026-03-17T14:58:53+00:00\",\"breadcrumb\":{\"@id\":\"https:\/\/web.umons.ac.be\/tpna\/fr\/activites-de-recherche\/#breadcrumb\"},\"inLanguage\":\"fr-FR\",\"potentialAction\":[{\"@type\":\"ReadAction\",\"target\":[\"https:\/\/web.umons.ac.be\/tpna\/fr\/activites-de-recherche\/\"]}]},{\"@type\":\"BreadcrumbList\",\"@id\":\"https:\/\/web.umons.ac.be\/tpna\/fr\/activites-de-recherche\/#breadcrumb\",\"itemListElement\":[{\"@type\":\"ListItem\",\"position\":1,\"name\":\"Accueil\",\"item\":\"https:\/\/web.umons.ac.be\/tpna\/fr\/accueil\/\"},{\"@type\":\"ListItem\",\"position\":2,\"name\":\"Activit\u00e9s de recherche\"}]},{\"@type\":\"WebSite\",\"@id\":\"https:\/\/web.umons.ac.be\/tpna\/#website\",\"url\":\"https:\/\/web.umons.ac.be\/tpna\/\",\"name\":\"Service \/ FAU - Th\u00e9ories et Pratiques du Num\u00e9rique en Architecture\",\"description\":\"\",\"potentialAction\":[{\"@type\":\"SearchAction\",\"target\":{\"@type\":\"EntryPoint\",\"urlTemplate\":\"https:\/\/web.umons.ac.be\/tpna\/?s={search_term_string}\"},\"query-input\":{\"@type\":\"PropertyValueSpecification\",\"valueRequired\":true,\"valueName\":\"search_term_string\"}}],\"inLanguage\":\"fr-FR\"}]}<\/script>\n<!-- \/ Yoast SEO plugin. -->","yoast_head_json":{"title":"Activit\u00e9s de recherche - Service \/ FAU - Th\u00e9ories et Pratiques du Num\u00e9rique en Architecture","robots":{"index":"index","follow":"follow","max-snippet":"max-snippet:-1","max-image-preview":"max-image-preview:large","max-video-preview":"max-video-preview:-1"},"canonical":"https:\/\/web.umons.ac.be\/tpna\/fr\/activites-de-recherche\/","og_locale":"fr_FR","og_type":"article","og_title":"Activit\u00e9s de recherche - Service \/ FAU - Th\u00e9ories et Pratiques du Num\u00e9rique en Architecture","og_description":"Approche transversale du num\u00e9rique Nous construisons une approche transversale du num\u00e9rique et de ses interactions avec les pratiques et usages li\u00e9s au contexte b\u00e2ti tout au long de son cycle de vie. Elle s\u2019est d\u00e9velopp\u00e9e \u00e0 travers des publications, des th\u00e8ses et des projets de recherche portant sur : La notion de mod\u00e8le et les [&hellip;]","og_url":"https:\/\/web.umons.ac.be\/tpna\/fr\/activites-de-recherche\/","og_site_name":"Service \/ FAU - Th\u00e9ories et Pratiques du Num\u00e9rique en Architecture","article_modified_time":"2026-03-17T14:58:53+00:00","twitter_card":"summary_large_image","twitter_misc":{"Dur\u00e9e de lecture estim\u00e9e":"2 minutes"},"schema":{"@context":"https:\/\/schema.org","@graph":[{"@type":"WebPage","@id":"https:\/\/web.umons.ac.be\/tpna\/fr\/activites-de-recherche\/","url":"https:\/\/web.umons.ac.be\/tpna\/fr\/activites-de-recherche\/","name":"Activit\u00e9s de recherche - Service \/ FAU - Th\u00e9ories et Pratiques du Num\u00e9rique en Architecture","isPartOf":{"@id":"https:\/\/web.umons.ac.be\/tpna\/#website"},"datePublished":"2026-03-10T15:54:58+00:00","dateModified":"2026-03-17T14:58:53+00:00","breadcrumb":{"@id":"https:\/\/web.umons.ac.be\/tpna\/fr\/activites-de-recherche\/#breadcrumb"},"inLanguage":"fr-FR","potentialAction":[{"@type":"ReadAction","target":["https:\/\/web.umons.ac.be\/tpna\/fr\/activites-de-recherche\/"]}]},{"@type":"BreadcrumbList","@id":"https:\/\/web.umons.ac.be\/tpna\/fr\/activites-de-recherche\/#breadcrumb","itemListElement":[{"@type":"ListItem","position":1,"name":"Accueil","item":"https:\/\/web.umons.ac.be\/tpna\/fr\/accueil\/"},{"@type":"ListItem","position":2,"name":"Activit\u00e9s de recherche"}]},{"@type":"WebSite","@id":"https:\/\/web.umons.ac.be\/tpna\/#website","url":"https:\/\/web.umons.ac.be\/tpna\/","name":"Service \/ FAU - Th\u00e9ories et Pratiques du Num\u00e9rique en Architecture","description":"","potentialAction":[{"@type":"SearchAction","target":{"@type":"EntryPoint","urlTemplate":"https:\/\/web.umons.ac.be\/tpna\/?s={search_term_string}"},"query-input":{"@type":"PropertyValueSpecification","valueRequired":true,"valueName":"search_term_string"}}],"inLanguage":"fr-FR"}]}},"lang":"fr","translations":{"fr":15,"en":17},"pll_sync_post":[],"_links":{"self":[{"href":"https:\/\/web.umons.ac.be\/tpna\/wp-json\/wp\/v2\/pages\/15","targetHints":{"allow":["GET"]}}],"collection":[{"href":"https:\/\/web.umons.ac.be\/tpna\/wp-json\/wp\/v2\/pages"}],"about":[{"href":"https:\/\/web.umons.ac.be\/tpna\/wp-json\/wp\/v2\/types\/page"}],"author":[{"embeddable":true,"href":"https:\/\/web.umons.ac.be\/tpna\/wp-json\/wp\/v2\/users\/2"}],"replies":[{"embeddable":true,"href":"https:\/\/web.umons.ac.be\/tpna\/wp-json\/wp\/v2\/comments?post=15"}],"version-history":[{"count":2,"href":"https:\/\/web.umons.ac.be\/tpna\/wp-json\/wp\/v2\/pages\/15\/revisions"}],"predecessor-version":[{"id":109,"href":"https:\/\/web.umons.ac.be\/tpna\/wp-json\/wp\/v2\/pages\/15\/revisions\/109"}],"wp:attachment":[{"href":"https:\/\/web.umons.ac.be\/tpna\/wp-json\/wp\/v2\/media?parent=15"}],"curies":[{"name":"wp","href":"https:\/\/api.w.org\/{rel}","templated":true}]}}