{"id":11,"date":"2021-11-03T15:29:05","date_gmt":"2021-11-03T14:29:05","guid":{"rendered":"https:\/\/web.umons.ac.be\/trmo\/activites-denseignement\/"},"modified":"2021-11-03T16:25:01","modified_gmt":"2021-11-03T15:25:01","slug":"activites-denseignement","status":"publish","type":"page","link":"https:\/\/web.umons.ac.be\/trmo\/activites-denseignement\/","title":{"rendered":"Activit\u00e9s d&rsquo;enseignement"},"content":{"rendered":"<ul>\n<li>Compl\u00e9ments de thermodynamique chimique<\/li>\n<li>\u00c9nergie, environnement et d\u00e9veloppement durable<\/li>\n<li>Environnement, proc\u00e9d\u00e9s industriels et d\u00e9veloppement durable<\/li>\n<li>Sources d&rsquo;\u00e9nergie alternative<\/li>\n<li>Syst\u00e8mes thermodynamiques pour le confort des b\u00e2timents<\/li>\n<li>Thermodynamique<\/li>\n<li>Thermodynamique appliqu\u00e9e<\/li>\n<li>Thermodynamique avanc\u00e9e<\/li>\n<li>Thermodynamique chimique<\/li>\n<\/ul>\n","protected":false},"excerpt":{"rendered":"<p>Compl\u00e9ments de thermodynamique chimique \u00c9nergie, environnement et d\u00e9veloppement durable Environnement, proc\u00e9d\u00e9s industriels et d\u00e9veloppement durable Sources d&rsquo;\u00e9nergie alternative Syst\u00e8mes thermodynamiques pour le confort des b\u00e2timents Thermodynamique Thermodynamique appliqu\u00e9e Thermodynamique avanc\u00e9e Thermodynamique chimique<\/p>\n","protected":false},"author":4,"featured_media":0,"parent":0,"menu_order":0,"comment_status":"closed","ping_status":"closed","template":"","meta":{"footnotes":""},"class_list":["post-11","page","type-page","status-publish","hentry"],"yoast_head":"<!-- This site is optimized with the Yoast SEO plugin v27.2 - https:\/\/yoast.com\/product\/yoast-seo-wordpress\/ -->\n<title>Activit\u00e9s d&#039;enseignement - Service \/ FPMS - Thermodynamique et Physique math\u00e9matique<\/title>\n<meta name=\"robots\" content=\"index, follow, max-snippet:-1, max-image-preview:large, max-video-preview:-1\" \/>\n<link rel=\"canonical\" href=\"https:\/\/web.umons.ac.be\/trmo\/activites-denseignement\/\" \/>\n<meta property=\"og:locale\" content=\"fr_FR\" \/>\n<meta property=\"og:type\" content=\"article\" \/>\n<meta property=\"og:title\" content=\"Activit\u00e9s d&#039;enseignement - Service \/ FPMS - Thermodynamique et Physique math\u00e9matique\" \/>\n<meta property=\"og:description\" content=\"Compl\u00e9ments de thermodynamique chimique \u00c9nergie, environnement et d\u00e9veloppement durable Environnement, proc\u00e9d\u00e9s industriels et d\u00e9veloppement durable Sources d&rsquo;\u00e9nergie alternative Syst\u00e8mes thermodynamiques pour le confort des b\u00e2timents Thermodynamique Thermodynamique appliqu\u00e9e Thermodynamique avanc\u00e9e Thermodynamique chimique\" \/>\n<meta property=\"og:url\" content=\"https:\/\/web.umons.ac.be\/trmo\/activites-denseignement\/\" \/>\n<meta property=\"og:site_name\" content=\"Service \/ FPMS - Thermodynamique et Physique math\u00e9matique\" \/>\n<meta property=\"article:modified_time\" content=\"2021-11-03T15:25:01+00:00\" \/>\n<meta name=\"twitter:card\" content=\"summary_large_image\" \/>\n<script type=\"application\/ld+json\" class=\"yoast-schema-graph\">{\"@context\":\"https:\/\/schema.org\",\"@graph\":[{\"@type\":\"WebPage\",\"@id\":\"https:\/\/web.umons.ac.be\/trmo\/activites-denseignement\/\",\"url\":\"https:\/\/web.umons.ac.be\/trmo\/activites-denseignement\/\",\"name\":\"Activit\u00e9s d'enseignement - Service \/ FPMS - Thermodynamique et Physique math\u00e9matique\",\"isPartOf\":{\"@id\":\"https:\/\/web.umons.ac.be\/trmo\/#website\"},\"datePublished\":\"2021-11-03T14:29:05+00:00\",\"dateModified\":\"2021-11-03T15:25:01+00:00\",\"breadcrumb\":{\"@id\":\"https:\/\/web.umons.ac.be\/trmo\/activites-denseignement\/#breadcrumb\"},\"inLanguage\":\"fr-FR\",\"potentialAction\":[{\"@type\":\"ReadAction\",\"target\":[\"https:\/\/web.umons.ac.be\/trmo\/activites-denseignement\/\"]}]},{\"@type\":\"BreadcrumbList\",\"@id\":\"https:\/\/web.umons.ac.be\/trmo\/activites-denseignement\/#breadcrumb\",\"itemListElement\":[{\"@type\":\"ListItem\",\"position\":1,\"name\":\"Home\",\"item\":\"https:\/\/web.umons.ac.be\/trmo\/\"},{\"@type\":\"ListItem\",\"position\":2,\"name\":\"Activit\u00e9s d&rsquo;enseignement\"}]},{\"@type\":\"WebSite\",\"@id\":\"https:\/\/web.umons.ac.be\/trmo\/#website\",\"url\":\"https:\/\/web.umons.ac.be\/trmo\/\",\"name\":\"Service \/ FPMS - Thermodynamique et Physique math\u00e9matique\",\"description\":\"\",\"potentialAction\":[{\"@type\":\"SearchAction\",\"target\":{\"@type\":\"EntryPoint\",\"urlTemplate\":\"https:\/\/web.umons.ac.be\/trmo\/?s={search_term_string}\"},\"query-input\":{\"@type\":\"PropertyValueSpecification\",\"valueRequired\":true,\"valueName\":\"search_term_string\"}}],\"inLanguage\":\"fr-FR\"}]}<\/script>\n<!-- \/ Yoast SEO plugin. -->","yoast_head_json":{"title":"Activit\u00e9s d'enseignement - Service \/ FPMS - Thermodynamique et Physique math\u00e9matique","robots":{"index":"index","follow":"follow","max-snippet":"max-snippet:-1","max-image-preview":"max-image-preview:large","max-video-preview":"max-video-preview:-1"},"canonical":"https:\/\/web.umons.ac.be\/trmo\/activites-denseignement\/","og_locale":"fr_FR","og_type":"article","og_title":"Activit\u00e9s d'enseignement - Service \/ FPMS - Thermodynamique et Physique math\u00e9matique","og_description":"Compl\u00e9ments de thermodynamique chimique \u00c9nergie, environnement et d\u00e9veloppement durable Environnement, proc\u00e9d\u00e9s industriels et d\u00e9veloppement durable Sources d&rsquo;\u00e9nergie alternative Syst\u00e8mes thermodynamiques pour le confort des b\u00e2timents Thermodynamique Thermodynamique appliqu\u00e9e Thermodynamique avanc\u00e9e Thermodynamique chimique","og_url":"https:\/\/web.umons.ac.be\/trmo\/activites-denseignement\/","og_site_name":"Service \/ FPMS - Thermodynamique et Physique math\u00e9matique","article_modified_time":"2021-11-03T15:25:01+00:00","twitter_card":"summary_large_image","schema":{"@context":"https:\/\/schema.org","@graph":[{"@type":"WebPage","@id":"https:\/\/web.umons.ac.be\/trmo\/activites-denseignement\/","url":"https:\/\/web.umons.ac.be\/trmo\/activites-denseignement\/","name":"Activit\u00e9s d'enseignement - Service \/ FPMS - Thermodynamique et Physique math\u00e9matique","isPartOf":{"@id":"https:\/\/web.umons.ac.be\/trmo\/#website"},"datePublished":"2021-11-03T14:29:05+00:00","dateModified":"2021-11-03T15:25:01+00:00","breadcrumb":{"@id":"https:\/\/web.umons.ac.be\/trmo\/activites-denseignement\/#breadcrumb"},"inLanguage":"fr-FR","potentialAction":[{"@type":"ReadAction","target":["https:\/\/web.umons.ac.be\/trmo\/activites-denseignement\/"]}]},{"@type":"BreadcrumbList","@id":"https:\/\/web.umons.ac.be\/trmo\/activites-denseignement\/#breadcrumb","itemListElement":[{"@type":"ListItem","position":1,"name":"Home","item":"https:\/\/web.umons.ac.be\/trmo\/"},{"@type":"ListItem","position":2,"name":"Activit\u00e9s d&rsquo;enseignement"}]},{"@type":"WebSite","@id":"https:\/\/web.umons.ac.be\/trmo\/#website","url":"https:\/\/web.umons.ac.be\/trmo\/","name":"Service \/ FPMS - Thermodynamique et Physique math\u00e9matique","description":"","potentialAction":[{"@type":"SearchAction","target":{"@type":"EntryPoint","urlTemplate":"https:\/\/web.umons.ac.be\/trmo\/?s={search_term_string}"},"query-input":{"@type":"PropertyValueSpecification","valueRequired":true,"valueName":"search_term_string"}}],"inLanguage":"fr-FR"}]}},"lang":"fr","translations":{"fr":11,"en":13},"pll_sync_post":[],"_links":{"self":[{"href":"https:\/\/web.umons.ac.be\/trmo\/wp-json\/wp\/v2\/pages\/11","targetHints":{"allow":["GET"]}}],"collection":[{"href":"https:\/\/web.umons.ac.be\/trmo\/wp-json\/wp\/v2\/pages"}],"about":[{"href":"https:\/\/web.umons.ac.be\/trmo\/wp-json\/wp\/v2\/types\/page"}],"author":[{"embeddable":true,"href":"https:\/\/web.umons.ac.be\/trmo\/wp-json\/wp\/v2\/users\/4"}],"replies":[{"embeddable":true,"href":"https:\/\/web.umons.ac.be\/trmo\/wp-json\/wp\/v2\/comments?post=11"}],"version-history":[{"count":1,"href":"https:\/\/web.umons.ac.be\/trmo\/wp-json\/wp\/v2\/pages\/11\/revisions"}],"predecessor-version":[{"id":50,"href":"https:\/\/web.umons.ac.be\/trmo\/wp-json\/wp\/v2\/pages\/11\/revisions\/50"}],"wp:attachment":[{"href":"https:\/\/web.umons.ac.be\/trmo\/wp-json\/wp\/v2\/media?parent=11"}],"curies":[{"name":"wp","href":"https:\/\/api.w.org\/{rel}","templated":true}]}}