{"id":15,"date":"2021-11-03T15:29:06","date_gmt":"2021-11-03T14:29:06","guid":{"rendered":"https:\/\/web.umons.ac.be\/trmo\/activites-de-recherche\/"},"modified":"2021-11-03T16:19:37","modified_gmt":"2021-11-03T15:19:37","slug":"activites-de-recherche","status":"publish","type":"page","link":"https:\/\/web.umons.ac.be\/trmo\/activites-de-recherche\/","title":{"rendered":"Activit\u00e9s de recherche"},"content":{"rendered":"<p>Dans le domaine des Proc\u00e9d\u00e9s industriels durables, le ph\u00e9nom\u00e8ne de sorption solide-gaz\/vapeur est l&rsquo;un des principaux th\u00e8mes d&rsquo;activit\u00e9s de R&amp;D (mesures thermodynamiques et cin\u00e9tiques, mod\u00e9lisation des ph\u00e9nom\u00e8nes aux niveaux microscopique et macroscopique, mod\u00e9lisation des proc\u00e9d\u00e9s, \u00e9valuation du cycle de vie (ACV), analyses technico-\u00e9conomiques, d\u00e9veloppement de dispositifs exp\u00e9rimentaux). Les diff\u00e9rentes applications concern\u00e9es sont le stockage de gaz naturel, la conception de proc\u00e9d\u00e9s de capture du CO2, la s\u00e9paration des compos\u00e9s de l&rsquo;air, la purification des gaz et la caract\u00e9risation des solides poreux.<\/p>\n<p>Dans le domaine de la Thermodynamique \u00e9nerg\u00e9tique, le Service de Thermodynamique et Physique math\u00e9matique est actif dans la mod\u00e9lisation des syst\u00e8mes \u00e9nerg\u00e9tiques complexe \u00e0 l&rsquo;\u00e9chelle d&rsquo;un quartier et dans l&rsquo;\u00e9tude de technologies \u00e9nerg\u00e9tiques sp\u00e9cifiques: stockage de chaleur, pompes \u00e0 chaleur \u00e0 compression et \u00e0 sorption (\u00e9tudes exp\u00e9rimentales, prototypage, d\u00e9veloppement d&rsquo;outils de simulation, mesure des performances sur site).<\/p>\n<p>Les activit\u00e9s de R&amp;D du Service de Thermodynamique et Physique math\u00e9matique sont d\u00e9velopp\u00e9es quasi exclusivement au travers de projets collaboratifs. Le Service a particip\u00e9 \u00e0 diff\u00e9rents projets de recherche europ\u00e9ens dans le domaine du CCUS\u00a0 (FP6-MOVECBM, FP7-M4CO2, H2020-GRAMOFON). Il est actuellement coordinateur du projet Europ\u00e9en H2020-MOF4AIR d\u00e9marr\u00e9 en 2019 et r\u00e9unissant 14 partenaires de 8 pays.<\/p>\n<p>Le Service a \u00e9galement particip\u00e9 \u00e0 diff\u00e9rents projets INTERREG\u00a0 III, IV et V (RETRAI, REDUGAZ, DEPOLLUTAIR) dans la th\u00e9matique de l\u2019\u00e9limination des compos\u00e9 organiques volatils\u00a0 (COV).<\/p>\n<p>Dans le cadre de la de la Chaire Acad\u00e9mique ECRA \u00e0 l\u2019UMONS en collaboration avec l\u2019European Cement Research Academy (ECRA) et en \u00e9troite collaboration avec le Service de G\u00e9nie des Proc\u00e9d\u00e9s chimiques et biochimiques , le Service de Thermodynamique et Physique math\u00e9matique a d\u00e9velopp\u00e9 le volet conversion du CO2 en m\u00e9thanol ou en gaz naturel synth\u00e9tique et a r\u00e9alis\u00e9 les \u00e9tudes technico \u00e9conomiques et environnementales\u00a0 (ACV) des proc\u00e9d\u00e9s de capture du CO2 et de sa conversion. Il supporte les industries \u00e9mettrices de CO2 dans leurs choix technologiques en mati\u00e8re de capture et de r\u00e9utilisation du CO2.<\/p>\n<p>Dans le domaine des syst\u00e8mes \u00e9nerg\u00e9tiques, le Service de Thermodynamique et Physique math\u00e9matique est tr\u00e8s impliqu\u00e9 dans des projets de recherche traitant du stockage de chaleur saisonnier (notamment via les projets ERDF-C3E2D-STOCC et FP7-SOTHERCO) ou des syst\u00e8mes \u00e9nerg\u00e9tiques complexes (projets ERDF-C3E2D-PEPSE, ERDF-WAL-E-CITIES et FP7-ERA CHAIR RESIZED dont il assurait la coordination). Le Service de Thermodynamique et Physique math\u00e9matique g\u00e8re le portefeuille de projets ERDF-C3E2D (Centre d&rsquo;Excellence en Efficacit\u00e9 Energ\u00e9tique et D\u00e9veloppement Durable) rassemblant les principaux acteurs R&amp;D r\u00e9gionaux &#8211; actifs dans le domaine de l&rsquo;\u00e9nergie &#8211;\u00a0 dont l&rsquo;un des objectifs est la cr\u00e9ation d&rsquo;infrastructures de recherche partag\u00e9es \u00e0 Charleroi.<\/p>\n<hr \/>\n<p>Notre service est, par ailleurs rattach\u00e9 \u00e0 un institut de recherche de l\u2019UMONS :<\/p>\n<start-cask-shortcode-wrapper>\t\t<div class=\"associated-institutes content-block scheme-fpms\">\n\t\t\t<ul class=\"institutes-list\">\n\t\t\t\t\t\t\t\t\t\t<li>\n\t\t\t\t\t\t\t<a href=\"https:\/\/web.umons.ac.be\/energie\" title=\"Acc\u00e9der au site web de : Institut \/ \u00c9nergie\" class=\"associated-institute\">\n\t\t\t\t\t\t\t\t<img loading=\"lazy\" decoding=\"async\" width=\"1\" height=\"1\" src=\"https:\/\/web.umons.ac.be\/app\/uploads\/sites\/32\/2017\/11\/energie_logo_fr.svg\" class=\"attachment-thumbnail size-thumbnail\" alt=\"\" \/>\t\t\t\t\t\t\t<\/a>\t\t\t\n\t\t\t\t\t\t<\/li>\n\t\t\t\t\t\t\t\t\t\t<li>\n\t\t\t\t\t\t\t<a href=\"https:\/\/web.umons.ac.be\/materiaux\" title=\"Acc\u00e9der au site web de : Institut \/ Mat\u00e9riaux\" class=\"associated-institute\">\n\t\t\t\t\t\t\t\t<img loading=\"lazy\" decoding=\"async\" width=\"1\" height=\"1\" src=\"https:\/\/web.umons.ac.be\/app\/uploads\/sites\/38\/2017\/12\/materiaux_logo_fr.svg\" class=\"attachment-thumbnail size-thumbnail\" alt=\"\" \/>\t\t\t\t\t\t\t<\/a>\t\t\t\n\t\t\t\t\t\t<\/li>\n\t\t\t\t\t\t\t<\/ul>\n\t\t<\/div>\n <end-cask-shortcode-wrapper>\n","protected":false},"excerpt":{"rendered":"<p>Dans le domaine des Proc\u00e9d\u00e9s industriels durables, le ph\u00e9nom\u00e8ne de sorption solide-gaz\/vapeur est l&rsquo;un des principaux th\u00e8mes d&rsquo;activit\u00e9s de R&amp;D (mesures thermodynamiques et cin\u00e9tiques, mod\u00e9lisation des ph\u00e9nom\u00e8nes aux niveaux microscopique et macroscopique, mod\u00e9lisation des proc\u00e9d\u00e9s, \u00e9valuation du cycle de vie (ACV), analyses technico-\u00e9conomiques, d\u00e9veloppement de dispositifs exp\u00e9rimentaux). Les diff\u00e9rentes applications concern\u00e9es sont le stockage de [&hellip;]<\/p>\n","protected":false},"author":4,"featured_media":0,"parent":0,"menu_order":0,"comment_status":"closed","ping_status":"closed","template":"","meta":{"footnotes":""},"class_list":["post-15","page","type-page","status-publish","hentry"],"yoast_head":"<!-- This site is optimized with the Yoast SEO plugin v27.2 - https:\/\/yoast.com\/product\/yoast-seo-wordpress\/ -->\n<title>Activit\u00e9s de recherche - Service \/ FPMS - Thermodynamique et Physique math\u00e9matique<\/title>\n<meta name=\"robots\" content=\"index, follow, max-snippet:-1, max-image-preview:large, max-video-preview:-1\" \/>\n<link rel=\"canonical\" href=\"https:\/\/web.umons.ac.be\/trmo\/activites-de-recherche\/\" \/>\n<meta property=\"og:locale\" content=\"fr_FR\" \/>\n<meta property=\"og:type\" content=\"article\" \/>\n<meta property=\"og:title\" content=\"Activit\u00e9s de recherche - Service \/ FPMS - Thermodynamique et Physique math\u00e9matique\" \/>\n<meta property=\"og:description\" content=\"Dans le domaine des Proc\u00e9d\u00e9s industriels durables, le ph\u00e9nom\u00e8ne de sorption solide-gaz\/vapeur est l&rsquo;un des principaux th\u00e8mes d&rsquo;activit\u00e9s de R&amp;D (mesures thermodynamiques et cin\u00e9tiques, mod\u00e9lisation des ph\u00e9nom\u00e8nes aux niveaux microscopique et macroscopique, mod\u00e9lisation des proc\u00e9d\u00e9s, \u00e9valuation du cycle de vie (ACV), analyses technico-\u00e9conomiques, d\u00e9veloppement de dispositifs exp\u00e9rimentaux). Les diff\u00e9rentes applications concern\u00e9es sont le stockage de [&hellip;]\" \/>\n<meta property=\"og:url\" content=\"https:\/\/web.umons.ac.be\/trmo\/activites-de-recherche\/\" \/>\n<meta property=\"og:site_name\" content=\"Service \/ FPMS - Thermodynamique et Physique math\u00e9matique\" \/>\n<meta property=\"article:modified_time\" content=\"2021-11-03T15:19:37+00:00\" \/>\n<meta name=\"twitter:card\" content=\"summary_large_image\" \/>\n<meta name=\"twitter:label1\" content=\"Dur\u00e9e de lecture estim\u00e9e\" \/>\n\t<meta name=\"twitter:data1\" content=\"2 minutes\" \/>\n<script type=\"application\/ld+json\" class=\"yoast-schema-graph\">{\"@context\":\"https:\/\/schema.org\",\"@graph\":[{\"@type\":\"WebPage\",\"@id\":\"https:\/\/web.umons.ac.be\/trmo\/activites-de-recherche\/\",\"url\":\"https:\/\/web.umons.ac.be\/trmo\/activites-de-recherche\/\",\"name\":\"Activit\u00e9s de recherche - Service \/ FPMS - Thermodynamique et Physique math\u00e9matique\",\"isPartOf\":{\"@id\":\"https:\/\/web.umons.ac.be\/trmo\/#website\"},\"datePublished\":\"2021-11-03T14:29:06+00:00\",\"dateModified\":\"2021-11-03T15:19:37+00:00\",\"breadcrumb\":{\"@id\":\"https:\/\/web.umons.ac.be\/trmo\/activites-de-recherche\/#breadcrumb\"},\"inLanguage\":\"fr-FR\",\"potentialAction\":[{\"@type\":\"ReadAction\",\"target\":[\"https:\/\/web.umons.ac.be\/trmo\/activites-de-recherche\/\"]}]},{\"@type\":\"BreadcrumbList\",\"@id\":\"https:\/\/web.umons.ac.be\/trmo\/activites-de-recherche\/#breadcrumb\",\"itemListElement\":[{\"@type\":\"ListItem\",\"position\":1,\"name\":\"Home\",\"item\":\"https:\/\/web.umons.ac.be\/trmo\/\"},{\"@type\":\"ListItem\",\"position\":2,\"name\":\"Activit\u00e9s de recherche\"}]},{\"@type\":\"WebSite\",\"@id\":\"https:\/\/web.umons.ac.be\/trmo\/#website\",\"url\":\"https:\/\/web.umons.ac.be\/trmo\/\",\"name\":\"Service \/ FPMS - Thermodynamique et Physique math\u00e9matique\",\"description\":\"\",\"potentialAction\":[{\"@type\":\"SearchAction\",\"target\":{\"@type\":\"EntryPoint\",\"urlTemplate\":\"https:\/\/web.umons.ac.be\/trmo\/?s={search_term_string}\"},\"query-input\":{\"@type\":\"PropertyValueSpecification\",\"valueRequired\":true,\"valueName\":\"search_term_string\"}}],\"inLanguage\":\"fr-FR\"}]}<\/script>\n<!-- \/ Yoast SEO plugin. -->","yoast_head_json":{"title":"Activit\u00e9s de recherche - Service \/ FPMS - Thermodynamique et Physique math\u00e9matique","robots":{"index":"index","follow":"follow","max-snippet":"max-snippet:-1","max-image-preview":"max-image-preview:large","max-video-preview":"max-video-preview:-1"},"canonical":"https:\/\/web.umons.ac.be\/trmo\/activites-de-recherche\/","og_locale":"fr_FR","og_type":"article","og_title":"Activit\u00e9s de recherche - Service \/ FPMS - Thermodynamique et Physique math\u00e9matique","og_description":"Dans le domaine des Proc\u00e9d\u00e9s industriels durables, le ph\u00e9nom\u00e8ne de sorption solide-gaz\/vapeur est l&rsquo;un des principaux th\u00e8mes d&rsquo;activit\u00e9s de R&amp;D (mesures thermodynamiques et cin\u00e9tiques, mod\u00e9lisation des ph\u00e9nom\u00e8nes aux niveaux microscopique et macroscopique, mod\u00e9lisation des proc\u00e9d\u00e9s, \u00e9valuation du cycle de vie (ACV), analyses technico-\u00e9conomiques, d\u00e9veloppement de dispositifs exp\u00e9rimentaux). Les diff\u00e9rentes applications concern\u00e9es sont le stockage de [&hellip;]","og_url":"https:\/\/web.umons.ac.be\/trmo\/activites-de-recherche\/","og_site_name":"Service \/ FPMS - Thermodynamique et Physique math\u00e9matique","article_modified_time":"2021-11-03T15:19:37+00:00","twitter_card":"summary_large_image","twitter_misc":{"Dur\u00e9e de lecture estim\u00e9e":"2 minutes"},"schema":{"@context":"https:\/\/schema.org","@graph":[{"@type":"WebPage","@id":"https:\/\/web.umons.ac.be\/trmo\/activites-de-recherche\/","url":"https:\/\/web.umons.ac.be\/trmo\/activites-de-recherche\/","name":"Activit\u00e9s de recherche - Service \/ FPMS - Thermodynamique et Physique math\u00e9matique","isPartOf":{"@id":"https:\/\/web.umons.ac.be\/trmo\/#website"},"datePublished":"2021-11-03T14:29:06+00:00","dateModified":"2021-11-03T15:19:37+00:00","breadcrumb":{"@id":"https:\/\/web.umons.ac.be\/trmo\/activites-de-recherche\/#breadcrumb"},"inLanguage":"fr-FR","potentialAction":[{"@type":"ReadAction","target":["https:\/\/web.umons.ac.be\/trmo\/activites-de-recherche\/"]}]},{"@type":"BreadcrumbList","@id":"https:\/\/web.umons.ac.be\/trmo\/activites-de-recherche\/#breadcrumb","itemListElement":[{"@type":"ListItem","position":1,"name":"Home","item":"https:\/\/web.umons.ac.be\/trmo\/"},{"@type":"ListItem","position":2,"name":"Activit\u00e9s de recherche"}]},{"@type":"WebSite","@id":"https:\/\/web.umons.ac.be\/trmo\/#website","url":"https:\/\/web.umons.ac.be\/trmo\/","name":"Service \/ FPMS - Thermodynamique et Physique math\u00e9matique","description":"","potentialAction":[{"@type":"SearchAction","target":{"@type":"EntryPoint","urlTemplate":"https:\/\/web.umons.ac.be\/trmo\/?s={search_term_string}"},"query-input":{"@type":"PropertyValueSpecification","valueRequired":true,"valueName":"search_term_string"}}],"inLanguage":"fr-FR"}]}},"lang":"fr","translations":{"fr":15,"en":17},"pll_sync_post":[],"_links":{"self":[{"href":"https:\/\/web.umons.ac.be\/trmo\/wp-json\/wp\/v2\/pages\/15","targetHints":{"allow":["GET"]}}],"collection":[{"href":"https:\/\/web.umons.ac.be\/trmo\/wp-json\/wp\/v2\/pages"}],"about":[{"href":"https:\/\/web.umons.ac.be\/trmo\/wp-json\/wp\/v2\/types\/page"}],"author":[{"embeddable":true,"href":"https:\/\/web.umons.ac.be\/trmo\/wp-json\/wp\/v2\/users\/4"}],"replies":[{"embeddable":true,"href":"https:\/\/web.umons.ac.be\/trmo\/wp-json\/wp\/v2\/comments?post=15"}],"version-history":[{"count":1,"href":"https:\/\/web.umons.ac.be\/trmo\/wp-json\/wp\/v2\/pages\/15\/revisions"}],"predecessor-version":[{"id":48,"href":"https:\/\/web.umons.ac.be\/trmo\/wp-json\/wp\/v2\/pages\/15\/revisions\/48"}],"wp:attachment":[{"href":"https:\/\/web.umons.ac.be\/trmo\/wp-json\/wp\/v2\/media?parent=15"}],"curies":[{"name":"wp","href":"https:\/\/api.w.org\/{rel}","templated":true}]}}