{"id":11,"date":"2021-10-28T15:33:16","date_gmt":"2021-10-28T13:33:16","guid":{"rendered":"https:\/\/web.umons.ac.be\/as\/activites-denseignement\/"},"modified":"2026-03-16T15:10:49","modified_gmt":"2026-03-16T14:10:49","slug":"activites-denseignement","status":"publish","type":"page","link":"https:\/\/web.umons.ac.be\/trms\/activites-denseignement\/","title":{"rendered":"Activit\u00e9s d&rsquo;enseignement"},"content":{"rendered":"<p>Les trois membres du service permanents ont en commun de transmettre leur longue et avant-gardiste pratique de terrain aux nouvelles g\u00e9n\u00e9rations en les contextualisant avec des travaux de recherche innovants entre architecture et soci\u00e9t\u00e9 pour favoriser les changements soci\u00e9taux indispensables durant cette p\u00e9riode croissante de bouleversements.<br \/>\nAu sein des trois domaines de comp\u00e9tences universitaires au sein de TR\u00e9MaS, le plus connu des domaines est de FORMER (enseignement) les \u00e9tudiants \u00e0 se confronter de mani\u00e8re critique aux enjeux soci\u00e9taux. Le service se centre de plus en plus sur les r\u00e9g\u00e9n\u00e9rations urbaines et les soci\u00e9t\u00e9s, car le futur architecte doit identifier les valeurs symboliques et d\u2019usage des lieux de vie dans lesquels intervient. Il se centre de plus en plus sur les r\u00e9g\u00e9n\u00e9rations urbaines et les soci\u00e9t\u00e9s, car le futur architecte doit identifier les valeurs symboliques et d\u2019usage des lieux de vie existants. \u00c0 cette fin, le programme des cours touche autant \u00e0 la sociologie urbaine, qu\u2019\u00e0 la sociologie de l\u2019habitat, \u00e0 l&rsquo;enqu\u00eate qualitative, \u00e0 l\u2019\u00e9conomie, \u00e0 la l\u00e9gislation jusqu\u2019\u00e0 la programmation de l\u2019habitat entendu \u00e9galement au sens large de territoire.<br \/>\nLa repr\u00e9sentation spatiale de groupes sociaux est une construction qui se fonde sur la m\u00e9moire collective. Celle-ci s\u2019ancre dans des lieux qui constituent un patrimoine architectural et urbain, v\u00e9cu et social. Un savoir transdisciplinaire, voire interdisciplinaire, se constitue afin de comprendre cette organisation spatiale compos\u00e9e du cadre physique, humain et vivant et d\u2019\u00e9clairer ainsi la pratique de l\u2019architecture et de l\u2019urbanisme.<\/p>\n","protected":false},"excerpt":{"rendered":"<p>Les trois membres du service permanents ont en commun de transmettre leur longue et avant-gardiste pratique de terrain aux nouvelles g\u00e9n\u00e9rations en les contextualisant avec des travaux de recherche innovants entre architecture et soci\u00e9t\u00e9 pour favoriser les changements soci\u00e9taux indispensables durant cette p\u00e9riode croissante de bouleversements. Au sein des trois domaines de comp\u00e9tences universitaires au [&hellip;]<\/p>\n","protected":false},"author":4,"featured_media":0,"parent":0,"menu_order":0,"comment_status":"closed","ping_status":"closed","template":"","meta":{"footnotes":""},"class_list":["post-11","page","type-page","status-publish","hentry"],"yoast_head":"<!-- This site is optimized with the Yoast SEO plugin v27.2 - https:\/\/yoast.com\/product\/yoast-seo-wordpress\/ -->\n<title>Activit\u00e9s d&#039;enseignement - Service \/ FAU - Territorialit\u00e9s, R\u00c9g\u00e9n\u00e9rations, MArges &amp; Soc\u00ef\u00e9t\u00e9s | TR\u00e9MaS<\/title>\n<meta name=\"robots\" content=\"index, follow, max-snippet:-1, max-image-preview:large, max-video-preview:-1\" \/>\n<link rel=\"canonical\" href=\"https:\/\/web.umons.ac.be\/trms\/activites-denseignement\/\" \/>\n<meta property=\"og:locale\" content=\"fr_FR\" \/>\n<meta property=\"og:type\" content=\"article\" \/>\n<meta property=\"og:title\" content=\"Activit\u00e9s d&#039;enseignement - Service \/ FAU - Territorialit\u00e9s, R\u00c9g\u00e9n\u00e9rations, MArges &amp; Soc\u00ef\u00e9t\u00e9s | TR\u00e9MaS\" \/>\n<meta property=\"og:description\" content=\"Les trois membres du service permanents ont en commun de transmettre leur longue et avant-gardiste pratique de terrain aux nouvelles g\u00e9n\u00e9rations en les contextualisant avec des travaux de recherche innovants entre architecture et soci\u00e9t\u00e9 pour favoriser les changements soci\u00e9taux indispensables durant cette p\u00e9riode croissante de bouleversements. Au sein des trois domaines de comp\u00e9tences universitaires au [&hellip;]\" \/>\n<meta property=\"og:url\" content=\"https:\/\/web.umons.ac.be\/trms\/activites-denseignement\/\" \/>\n<meta property=\"og:site_name\" content=\"Service \/ FAU - Territorialit\u00e9s, R\u00c9g\u00e9n\u00e9rations, MArges &amp; Soc\u00ef\u00e9t\u00e9s | TR\u00e9MaS\" \/>\n<meta property=\"article:modified_time\" content=\"2026-03-16T14:10:49+00:00\" \/>\n<meta name=\"twitter:card\" content=\"summary_large_image\" \/>\n<meta name=\"twitter:label1\" content=\"Dur\u00e9e de lecture estim\u00e9e\" \/>\n\t<meta name=\"twitter:data1\" content=\"2 minutes\" \/>\n<script type=\"application\/ld+json\" class=\"yoast-schema-graph\">{\"@context\":\"https:\/\/schema.org\",\"@graph\":[{\"@type\":\"WebPage\",\"@id\":\"https:\/\/web.umons.ac.be\/trms\/activites-denseignement\/\",\"url\":\"https:\/\/web.umons.ac.be\/trms\/activites-denseignement\/\",\"name\":\"Activit\u00e9s d'enseignement - Service \/ FAU - Territorialit\u00e9s, R\u00c9g\u00e9n\u00e9rations, MArges &amp; Soc\u00ef\u00e9t\u00e9s | TR\u00e9MaS\",\"isPartOf\":{\"@id\":\"https:\/\/web.umons.ac.be\/trms\/#website\"},\"datePublished\":\"2021-10-28T13:33:16+00:00\",\"dateModified\":\"2026-03-16T14:10:49+00:00\",\"breadcrumb\":{\"@id\":\"https:\/\/web.umons.ac.be\/trms\/activites-denseignement\/#breadcrumb\"},\"inLanguage\":\"fr-FR\",\"potentialAction\":[{\"@type\":\"ReadAction\",\"target\":[\"https:\/\/web.umons.ac.be\/trms\/activites-denseignement\/\"]}]},{\"@type\":\"BreadcrumbList\",\"@id\":\"https:\/\/web.umons.ac.be\/trms\/activites-denseignement\/#breadcrumb\",\"itemListElement\":[{\"@type\":\"ListItem\",\"position\":1,\"name\":\"Home\",\"item\":\"https:\/\/web.umons.ac.be\/trms\/\"},{\"@type\":\"ListItem\",\"position\":2,\"name\":\"Activit\u00e9s d&rsquo;enseignement\"}]},{\"@type\":\"WebSite\",\"@id\":\"https:\/\/web.umons.ac.be\/trms\/#website\",\"url\":\"https:\/\/web.umons.ac.be\/trms\/\",\"name\":\"Service \/ FAU - Architecture et Soci\u00e9t\u00e9\",\"description\":\"\",\"potentialAction\":[{\"@type\":\"SearchAction\",\"target\":{\"@type\":\"EntryPoint\",\"urlTemplate\":\"https:\/\/web.umons.ac.be\/trms\/?s={search_term_string}\"},\"query-input\":{\"@type\":\"PropertyValueSpecification\",\"valueRequired\":true,\"valueName\":\"search_term_string\"}}],\"inLanguage\":\"fr-FR\"}]}<\/script>\n<!-- \/ Yoast SEO plugin. -->","yoast_head_json":{"title":"Activit\u00e9s d'enseignement - Service \/ FAU - Territorialit\u00e9s, R\u00c9g\u00e9n\u00e9rations, MArges &amp; Soc\u00ef\u00e9t\u00e9s | TR\u00e9MaS","robots":{"index":"index","follow":"follow","max-snippet":"max-snippet:-1","max-image-preview":"max-image-preview:large","max-video-preview":"max-video-preview:-1"},"canonical":"https:\/\/web.umons.ac.be\/trms\/activites-denseignement\/","og_locale":"fr_FR","og_type":"article","og_title":"Activit\u00e9s d'enseignement - Service \/ FAU - Territorialit\u00e9s, R\u00c9g\u00e9n\u00e9rations, MArges &amp; Soc\u00ef\u00e9t\u00e9s | TR\u00e9MaS","og_description":"Les trois membres du service permanents ont en commun de transmettre leur longue et avant-gardiste pratique de terrain aux nouvelles g\u00e9n\u00e9rations en les contextualisant avec des travaux de recherche innovants entre architecture et soci\u00e9t\u00e9 pour favoriser les changements soci\u00e9taux indispensables durant cette p\u00e9riode croissante de bouleversements. Au sein des trois domaines de comp\u00e9tences universitaires au [&hellip;]","og_url":"https:\/\/web.umons.ac.be\/trms\/activites-denseignement\/","og_site_name":"Service \/ FAU - Territorialit\u00e9s, R\u00c9g\u00e9n\u00e9rations, MArges &amp; Soc\u00ef\u00e9t\u00e9s | TR\u00e9MaS","article_modified_time":"2026-03-16T14:10:49+00:00","twitter_card":"summary_large_image","twitter_misc":{"Dur\u00e9e de lecture estim\u00e9e":"2 minutes"},"schema":{"@context":"https:\/\/schema.org","@graph":[{"@type":"WebPage","@id":"https:\/\/web.umons.ac.be\/trms\/activites-denseignement\/","url":"https:\/\/web.umons.ac.be\/trms\/activites-denseignement\/","name":"Activit\u00e9s d'enseignement - Service \/ FAU - Territorialit\u00e9s, R\u00c9g\u00e9n\u00e9rations, MArges &amp; Soc\u00ef\u00e9t\u00e9s | TR\u00e9MaS","isPartOf":{"@id":"https:\/\/web.umons.ac.be\/trms\/#website"},"datePublished":"2021-10-28T13:33:16+00:00","dateModified":"2026-03-16T14:10:49+00:00","breadcrumb":{"@id":"https:\/\/web.umons.ac.be\/trms\/activites-denseignement\/#breadcrumb"},"inLanguage":"fr-FR","potentialAction":[{"@type":"ReadAction","target":["https:\/\/web.umons.ac.be\/trms\/activites-denseignement\/"]}]},{"@type":"BreadcrumbList","@id":"https:\/\/web.umons.ac.be\/trms\/activites-denseignement\/#breadcrumb","itemListElement":[{"@type":"ListItem","position":1,"name":"Home","item":"https:\/\/web.umons.ac.be\/trms\/"},{"@type":"ListItem","position":2,"name":"Activit\u00e9s d&rsquo;enseignement"}]},{"@type":"WebSite","@id":"https:\/\/web.umons.ac.be\/trms\/#website","url":"https:\/\/web.umons.ac.be\/trms\/","name":"Service \/ FAU - Architecture et Soci\u00e9t\u00e9","description":"","potentialAction":[{"@type":"SearchAction","target":{"@type":"EntryPoint","urlTemplate":"https:\/\/web.umons.ac.be\/trms\/?s={search_term_string}"},"query-input":{"@type":"PropertyValueSpecification","valueRequired":true,"valueName":"search_term_string"}}],"inLanguage":"fr-FR"}]}},"lang":"fr","translations":{"fr":11,"en":13},"pll_sync_post":[],"_links":{"self":[{"href":"https:\/\/web.umons.ac.be\/trms\/wp-json\/wp\/v2\/pages\/11","targetHints":{"allow":["GET"]}}],"collection":[{"href":"https:\/\/web.umons.ac.be\/trms\/wp-json\/wp\/v2\/pages"}],"about":[{"href":"https:\/\/web.umons.ac.be\/trms\/wp-json\/wp\/v2\/types\/page"}],"author":[{"embeddable":true,"href":"https:\/\/web.umons.ac.be\/trms\/wp-json\/wp\/v2\/users\/4"}],"replies":[{"embeddable":true,"href":"https:\/\/web.umons.ac.be\/trms\/wp-json\/wp\/v2\/comments?post=11"}],"version-history":[{"count":2,"href":"https:\/\/web.umons.ac.be\/trms\/wp-json\/wp\/v2\/pages\/11\/revisions"}],"predecessor-version":[{"id":204,"href":"https:\/\/web.umons.ac.be\/trms\/wp-json\/wp\/v2\/pages\/11\/revisions\/204"}],"wp:attachment":[{"href":"https:\/\/web.umons.ac.be\/trms\/wp-json\/wp\/v2\/media?parent=11"}],"curies":[{"name":"wp","href":"https:\/\/api.w.org\/{rel}","templated":true}]}}