{"id":17,"date":"2021-10-28T15:33:17","date_gmt":"2021-10-28T13:33:17","guid":{"rendered":"https:\/\/web.umons.ac.be\/as\/research-activities\/"},"modified":"2026-03-16T15:07:19","modified_gmt":"2026-03-16T14:07:19","slug":"research-activities","status":"publish","type":"page","link":"https:\/\/web.umons.ac.be\/trms\/en\/research-activities\/","title":{"rendered":"Research activities"},"content":{"rendered":"<p>The Architecture and Society Unit develops transdisciplinary and interdisciplinary research between architecture, urban planning, heritage and sociology.\u00a0 More specifically, it focuses on new types of housing adapted to changes in society, the ability to renovate residential accommodation, the reuse of industrial sites, and the enhancement of urban images.<\/p>\n<p>This research is based on thirty years of field experience. It is linked to the associative world around citizen participation and the surrounding environment. This vast amount of action research is aimed at consultation and concertation of actors with a view to urban co-production. The team has developed, and is developing, six European projects with interdisciplinary work teams.<\/p>\n<hr \/>\n<p>Our service is also associated with the following UMONS research institutes :<\/p>\n<start-cask-shortcode-wrapper>\t\t<div class=\"associated-institutes content-block scheme-fau\">\n\t\t\t<ul class=\"institutes-list\">\n\t\t\t\t\t\t\t\t\t\t<li>\n\t\t\t\t\t\t\t<a href=\"https:\/\/web.umons.ac.be\/soci_e_ter\" title=\"Acc\u00e9der au site web de : Institut \/ Soci&amp;ter\" class=\"associated-institute\">\n\t\t\t\t\t\t\t\t<img loading=\"lazy\" decoding=\"async\" width=\"1\" height=\"1\" src=\"https:\/\/web.umons.ac.be\/app\/uploads\/sites\/33\/2021\/11\/Societer-FR.svg\" class=\"attachment-thumbnail size-thumbnail\" alt=\"\" \/>\t\t\t\t\t\t\t<\/a>\t\t\t\n\t\t\t\t\t\t<\/li>\n\t\t\t\t\t\t\t<\/ul>\n\t\t<\/div>\n <end-cask-shortcode-wrapper>\n","protected":false},"excerpt":{"rendered":"<p>The Architecture and Society Unit develops transdisciplinary and interdisciplinary research between architecture, urban planning, heritage and sociology.\u00a0 More specifically, it focuses on new types of housing adapted to changes in society, the ability to renovate residential accommodation, the reuse of industrial sites, and the enhancement of urban images. This research is based on thirty years [&hellip;]<\/p>\n","protected":false},"author":4,"featured_media":0,"parent":0,"menu_order":0,"comment_status":"closed","ping_status":"closed","template":"","meta":{"footnotes":""},"class_list":["post-17","page","type-page","status-publish","hentry"],"yoast_head":"<!-- This site is optimized with the Yoast SEO plugin v27.2 - https:\/\/yoast.com\/product\/yoast-seo-wordpress\/ -->\n<title>Research activities - Service \/ FAU - Territorialit\u00e9s, R\u00c9g\u00e9n\u00e9rations, MArges &amp; Soc\u00ef\u00e9t\u00e9s | TR\u00e9MaS<\/title>\n<meta name=\"robots\" content=\"index, follow, max-snippet:-1, max-image-preview:large, max-video-preview:-1\" \/>\n<link rel=\"canonical\" href=\"https:\/\/web.umons.ac.be\/trms\/en\/research-activities\/\" \/>\n<meta property=\"og:locale\" content=\"fr_FR\" \/>\n<meta property=\"og:type\" content=\"article\" \/>\n<meta property=\"og:title\" content=\"Research activities - Service \/ FAU - Territorialit\u00e9s, R\u00c9g\u00e9n\u00e9rations, MArges &amp; Soc\u00ef\u00e9t\u00e9s | TR\u00e9MaS\" \/>\n<meta property=\"og:description\" content=\"The Architecture and Society Unit develops transdisciplinary and interdisciplinary research between architecture, urban planning, heritage and sociology.\u00a0 More specifically, it focuses on new types of housing adapted to changes in society, the ability to renovate residential accommodation, the reuse of industrial sites, and the enhancement of urban images. This research is based on thirty years [&hellip;]\" \/>\n<meta property=\"og:url\" content=\"https:\/\/web.umons.ac.be\/trms\/en\/research-activities\/\" \/>\n<meta property=\"og:site_name\" content=\"Service \/ FAU - Territorialit\u00e9s, R\u00c9g\u00e9n\u00e9rations, MArges &amp; Soc\u00ef\u00e9t\u00e9s | TR\u00e9MaS\" \/>\n<meta property=\"article:modified_time\" content=\"2026-03-16T14:07:19+00:00\" \/>\n<meta name=\"twitter:card\" content=\"summary_large_image\" \/>\n<meta name=\"twitter:label1\" content=\"Dur\u00e9e de lecture estim\u00e9e\" \/>\n\t<meta name=\"twitter:data1\" content=\"1 minute\" \/>\n<script type=\"application\/ld+json\" class=\"yoast-schema-graph\">{\"@context\":\"https:\/\/schema.org\",\"@graph\":[{\"@type\":\"WebPage\",\"@id\":\"https:\/\/web.umons.ac.be\/trms\/en\/research-activities\/\",\"url\":\"https:\/\/web.umons.ac.be\/trms\/en\/research-activities\/\",\"name\":\"Research activities - Service \/ FAU - Territorialit\u00e9s, R\u00c9g\u00e9n\u00e9rations, MArges &amp; Soc\u00ef\u00e9t\u00e9s | TR\u00e9MaS\",\"isPartOf\":{\"@id\":\"https:\/\/web.umons.ac.be\/trms\/#website\"},\"datePublished\":\"2021-10-28T13:33:17+00:00\",\"dateModified\":\"2026-03-16T14:07:19+00:00\",\"breadcrumb\":{\"@id\":\"https:\/\/web.umons.ac.be\/trms\/en\/research-activities\/#breadcrumb\"},\"inLanguage\":\"fr-FR\",\"potentialAction\":[{\"@type\":\"ReadAction\",\"target\":[\"https:\/\/web.umons.ac.be\/trms\/en\/research-activities\/\"]}]},{\"@type\":\"BreadcrumbList\",\"@id\":\"https:\/\/web.umons.ac.be\/trms\/en\/research-activities\/#breadcrumb\",\"itemListElement\":[{\"@type\":\"ListItem\",\"position\":1,\"name\":\"Home\",\"item\":\"https:\/\/web.umons.ac.be\/trms\/\"},{\"@type\":\"ListItem\",\"position\":2,\"name\":\"Research activities\"}]},{\"@type\":\"WebSite\",\"@id\":\"https:\/\/web.umons.ac.be\/trms\/#website\",\"url\":\"https:\/\/web.umons.ac.be\/trms\/\",\"name\":\"Service \/ FAU - Architecture et Soci\u00e9t\u00e9\",\"description\":\"\",\"potentialAction\":[{\"@type\":\"SearchAction\",\"target\":{\"@type\":\"EntryPoint\",\"urlTemplate\":\"https:\/\/web.umons.ac.be\/trms\/?s={search_term_string}\"},\"query-input\":{\"@type\":\"PropertyValueSpecification\",\"valueRequired\":true,\"valueName\":\"search_term_string\"}}],\"inLanguage\":\"fr-FR\"}]}<\/script>\n<!-- \/ Yoast SEO plugin. -->","yoast_head_json":{"title":"Research activities - Service \/ FAU - Territorialit\u00e9s, R\u00c9g\u00e9n\u00e9rations, MArges &amp; Soc\u00ef\u00e9t\u00e9s | TR\u00e9MaS","robots":{"index":"index","follow":"follow","max-snippet":"max-snippet:-1","max-image-preview":"max-image-preview:large","max-video-preview":"max-video-preview:-1"},"canonical":"https:\/\/web.umons.ac.be\/trms\/en\/research-activities\/","og_locale":"fr_FR","og_type":"article","og_title":"Research activities - Service \/ FAU - Territorialit\u00e9s, R\u00c9g\u00e9n\u00e9rations, MArges &amp; Soc\u00ef\u00e9t\u00e9s | TR\u00e9MaS","og_description":"The Architecture and Society Unit develops transdisciplinary and interdisciplinary research between architecture, urban planning, heritage and sociology.\u00a0 More specifically, it focuses on new types of housing adapted to changes in society, the ability to renovate residential accommodation, the reuse of industrial sites, and the enhancement of urban images. This research is based on thirty years [&hellip;]","og_url":"https:\/\/web.umons.ac.be\/trms\/en\/research-activities\/","og_site_name":"Service \/ FAU - Territorialit\u00e9s, R\u00c9g\u00e9n\u00e9rations, MArges &amp; Soc\u00ef\u00e9t\u00e9s | TR\u00e9MaS","article_modified_time":"2026-03-16T14:07:19+00:00","twitter_card":"summary_large_image","twitter_misc":{"Dur\u00e9e de lecture estim\u00e9e":"1 minute"},"schema":{"@context":"https:\/\/schema.org","@graph":[{"@type":"WebPage","@id":"https:\/\/web.umons.ac.be\/trms\/en\/research-activities\/","url":"https:\/\/web.umons.ac.be\/trms\/en\/research-activities\/","name":"Research activities - Service \/ FAU - Territorialit\u00e9s, R\u00c9g\u00e9n\u00e9rations, MArges &amp; Soc\u00ef\u00e9t\u00e9s | TR\u00e9MaS","isPartOf":{"@id":"https:\/\/web.umons.ac.be\/trms\/#website"},"datePublished":"2021-10-28T13:33:17+00:00","dateModified":"2026-03-16T14:07:19+00:00","breadcrumb":{"@id":"https:\/\/web.umons.ac.be\/trms\/en\/research-activities\/#breadcrumb"},"inLanguage":"fr-FR","potentialAction":[{"@type":"ReadAction","target":["https:\/\/web.umons.ac.be\/trms\/en\/research-activities\/"]}]},{"@type":"BreadcrumbList","@id":"https:\/\/web.umons.ac.be\/trms\/en\/research-activities\/#breadcrumb","itemListElement":[{"@type":"ListItem","position":1,"name":"Home","item":"https:\/\/web.umons.ac.be\/trms\/"},{"@type":"ListItem","position":2,"name":"Research activities"}]},{"@type":"WebSite","@id":"https:\/\/web.umons.ac.be\/trms\/#website","url":"https:\/\/web.umons.ac.be\/trms\/","name":"Service \/ FAU - Architecture et Soci\u00e9t\u00e9","description":"","potentialAction":[{"@type":"SearchAction","target":{"@type":"EntryPoint","urlTemplate":"https:\/\/web.umons.ac.be\/trms\/?s={search_term_string}"},"query-input":{"@type":"PropertyValueSpecification","valueRequired":true,"valueName":"search_term_string"}}],"inLanguage":"fr-FR"}]}},"lang":"en","translations":{"en":17,"fr":15},"pll_sync_post":[],"_links":{"self":[{"href":"https:\/\/web.umons.ac.be\/trms\/wp-json\/wp\/v2\/pages\/17","targetHints":{"allow":["GET"]}}],"collection":[{"href":"https:\/\/web.umons.ac.be\/trms\/wp-json\/wp\/v2\/pages"}],"about":[{"href":"https:\/\/web.umons.ac.be\/trms\/wp-json\/wp\/v2\/types\/page"}],"author":[{"embeddable":true,"href":"https:\/\/web.umons.ac.be\/trms\/wp-json\/wp\/v2\/users\/4"}],"replies":[{"embeddable":true,"href":"https:\/\/web.umons.ac.be\/trms\/wp-json\/wp\/v2\/comments?post=17"}],"version-history":[{"count":3,"href":"https:\/\/web.umons.ac.be\/trms\/wp-json\/wp\/v2\/pages\/17\/revisions"}],"predecessor-version":[{"id":61,"href":"https:\/\/web.umons.ac.be\/trms\/wp-json\/wp\/v2\/pages\/17\/revisions\/61"}],"wp:attachment":[{"href":"https:\/\/web.umons.ac.be\/trms\/wp-json\/wp\/v2\/media?parent=17"}],"curies":[{"name":"wp","href":"https:\/\/api.w.org\/{rel}","templated":true}]}}