{"id":240,"date":"2026-03-16T15:12:26","date_gmt":"2026-03-16T14:12:26","guid":{"rendered":"https:\/\/web.umons.ac.be\/trms\/?page_id=240"},"modified":"2026-03-16T23:40:05","modified_gmt":"2026-03-16T22:40:05","slug":"theses-de-doctorat","status":"publish","type":"page","link":"https:\/\/web.umons.ac.be\/trms\/activites-de-recherche\/theses-de-doctorat\/","title":{"rendered":"Th\u00e8ses de doctorat"},"content":{"rendered":"<p>Larissa Romariz Peixoto (2023), <em>Les conditions du projet populaire. Paradoxes socio-spatiaux et jeu de tensions en Hainaut franco-belge, <\/em>Th\u00e8se de doctorat, UMONS. Promotion: Jean-Alexandre Pouleur, Pascale Jamoulle, B\u00e9atrice Mariolle, membre du jury Thierry Paquot, Maddalena Rossi, Chlo\u00e9 Salembier pr\u00e9sid\u00e9 par Vincent Becue<\/p>\n<p><em>La th\u00e8se propose une plong\u00e9e sensible, guid\u00e9e par la parole citoyenne, dans les m\u00e9andres de six quartiers populaires du Hainaut franco-belge. Elle part de l\u2019investigation des puissants paradoxes qui caract\u00e9risent ces lieux pour, telle une provocation, interroger le projet urbain et soulever des mati\u00e8res \u00e0 penser pour les concepteurs, politiques et responsables de la ville en g\u00e9n\u00e9ral. Que nous apprennent ces quartiers et leur mani\u00e8re singuli\u00e8re de traverser les brutales transitions sociale, \u00e9conomique et environnementale du pass\u00e9 ? Ont-ils construit des d\u00e9fenses, des formes de r\u00e9silience ? Comment sont-ils capables d\u2019affronter les enjeux propres \u00e0 notre \u00e9poque ? La recherche s\u2019appuie sur des enqu\u00eates et des campagnes d\u2019immersion de terrain pour tenter de d\u00e9finir ce que serait un projet populaire qui m\u00e9nage ces lieux de vie et de travail, et d\u2019observer en quoi il s\u2019adosse \u00e0 la parole et \u00e0 l\u2019acte de l\u2019habitant. Via une approche transdisciplinaire entre architecture, urbanisme, sociologie et anthropologie, la th\u00e8se identifie deux conditions essentielles \u00e0 la mise en place de ce projet populaire. La premi\u00e8re serait la compr\u00e9hension de trois tensions ambivalentes qui tissent la vie de quartier : entre l\u2019objet spatial et l\u2019objet social, entre la cage qui enferme et le cocon qui prot\u00e8ge, entre le stigmate qui p\u00e9nalise et l\u2019identit\u00e9 qui porte. La deuxi\u00e8me serait l\u2019identification, puis la valorisation, au c\u0153ur de ce jeu de tensions, de ressources ancr\u00e9es capables de participer \u00e0 l\u2019\u00e9panouissement social et urbain de ces portions fragiles de la ville.<\/em><\/p>\n<p>Marianne Durieux (2023), <em>Analyse transdisciplinaire des probl\u00e8mes de mobilit\u00e9 des \u00e9l\u00e8ves entre l\u2019\u00e9cole et le domicile : Cas d\u2019\u00e9tude de la commune de Mons<\/em>, Promotion: Jean-Alexandre Pouleur et Chantal Scoubeau,\u00a0 membre du jury : Vincent Kaufmann; <span class=\"text-muted\">\u00a0EPLF, <\/span>Juan Torres; <span class=\"text-muted\">\u00a0UdeM &#8211; Universit\u00e9 de Montr\u00e9al,\u00a0<\/span><span style=\"font-family: 'Helvetica Neue', Helvetica, Arial, sans-serif; font-size: 14px; font-style: normal; font-variant-ligatures: normal; font-variant-caps: normal; font-weight: 400;\">Thomas<\/span><span style=\"font-family: 'Helvetica Neue', Helvetica, Arial, sans-serif; font-size: 14px; font-style: normal; font-variant-ligatures: normal; font-variant-caps: normal; font-weight: 400;\">\u00a0<\/span><span style=\"font-size: 14px;\">Waroux, et <\/span><span style=\"font-family: 'Helvetica Neue', Helvetica, Arial, sans-serif; font-size: 14px; font-style: normal; font-variant-ligatures: normal; font-variant-caps: normal; font-weight: 400;\">No\u00e9mie<\/span><span style=\"font-family: 'Helvetica Neue', Helvetica, Arial, sans-serif; font-size: 14px; font-style: normal; font-variant-ligatures: normal; font-variant-caps: normal; font-weight: 400;\">\u00a0<\/span><span style=\"font-size: 14px;\">Lago, pr\u00e9sid\u00e9 par <\/span><span style=\"font-size: 14px;\">Pozniak, Laetitia<\/span><\/p>\n<p><em>Aux heures de pointe (de la circulation), Mons a son centre-ville intramuros congestionn\u00e9. Les \u00e9coles fondamentales et secondaires seraient les principales fautives, car une grande majorit\u00e9 d\u2019entre elles sont situ\u00e9es dans ce centre-ville. De ce fait, elles g\u00e9n\u00e8reraient un tr\u00e8s grand nombre de d\u00e9placements aux heures d\u2019entr\u00e9e et de sortie. De plus, ces derni\u00e8res ann\u00e9es, la distance parcourue par les \u00e9l\u00e8ves entre le domicile et l\u2019\u00e9cole a consid\u00e9rablement augment\u00e9, principalement en raison de l\u2019\u00e9talement urbain et de l\u2019utilisation accrue de la motorisation (Wiel, 2004). Ces diff\u00e9rents \u00e9l\u00e9ments impliquent un accompagnement intensif des enfants en voiture \u00e0 l\u2019\u00e9cole, autrement dit la pratique de l\u2019\u00ab\u2009enfant paquet\u2009\u00bb (Dolto, 1985, p. 72). Les cons\u00e9quences de cette pratique sont multiples : la perte d\u2019autonomie et d\u2019ind\u00e9pendance (Grani\u00e9 et al., 2019), la diminution de la \u00ab\u2009motilit\u00e9\u2009\u00bb (Kaufmann et Widmer, 2005), la diminution de l\u2019orientation dans l\u2019espace, la perte de points de rep\u00e8re, la perte de liens sociaux, mais aussi \u00e0 contrario, l\u2019augmentation de probl\u00e8mes de sant\u00e9 physique et psychologique (UNICEF, 2019) (OMS, 2019). La question de recherche de cette th\u00e8se est donc : quels sont les facteurs permettant d\u2019appr\u00e9hender les probl\u00e8mes de mobilit\u00e9 scolaire \u00e0 Mons\u2009? Le processus de recherche s\u2019est d\u00e9roul\u00e9 en trois grandes \u00e9tapes. Tout d\u2019abord, la distance \u00e0 parcourir entre la maison et l\u2019\u00e9cole par les \u00e9l\u00e8ves montois \u00e0 Mons est analys\u00e9e \u00e0 partir des donn\u00e9es confidentielles de la F\u00e9d\u00e9ration Wallonie-Bruxelles et la r\u00e9alisation de cartographies SIG. Ensuite, la deuxi\u00e8me \u00e9tape de la recherche nous a amen\u00e9 \u00e0 \u00e9tudier les motilit\u00e9s (Kaufmann et Widmer, 2005) des familles montoises \u00e0 partir d\u2019entretiens semi-directifs avec douze parents d\u2019\u00e9l\u00e8ves. Enfin, la troisi\u00e8me \u00e9tape concernait les repr\u00e9sentations socio-spatiales pour les modes de transports, les \u00e9coles et le territoire de Mons des familles montoises. L\u2019objectif final de cette recherche est la construction d\u2019un mod\u00e8le th\u00e9orique (motilit\u00e9 \u2014 repr\u00e9sentation \u2014 distance) transdisciplinaire et syst\u00e9mique permettant d\u2019appr\u00e9hender la probl\u00e9matique.<\/em><\/p>\n<p>Ornella Vanzande (2022), <em>LE LOGEMENT, VECTEUR DE SENS. FOCUS SUR CE QUI NAIT AUX MARGES PAR L&rsquo;APPROPRIATION CLANDESTINE D&rsquo;UN HABITAT LEGER. Alternatives observ\u00e9es aujourd&rsquo;hui par enqu\u00eate de terrain en Wallonie.<\/em> Promotion: Jean-Alexandre Pouleur, Pascale Jamoulle,\u00a0 membre du jury B\u00e9atrice Mariolle, Pierre Callewier, <span style=\"font-size: 14px;\">Judith LE MAIRE DE ROMSEE;\u00a0<\/span>Lago, No\u00e9mie\u00a0\u00a0pr\u00e9sid\u00e9 par David Laplume<\/p>\n<p><em>Le mod\u00e8le \u00e9conomique occidental nous a plong\u00e9s au fil des derni\u00e8res d\u00e9cennies dans une \u00ab marchandisation \u00bb du logement (Rapport des Nations Unies, 2015,\u202fpg\u202f4) alors qu\u2019il est proclam\u00e9\u202f\u00ab\u00a0Droit\u00a0\u00bb par l\u2019ONU. Les \u00e9tudes montrent \u00e0 quel point le logement devient de moins en moins accessible pour les m\u00e9nages \u00e0 l\u2019\u00e9chelle mondiale, mais aussi r\u00e9gionale. L\u2019IWEPS (2020 sur base des donn\u00e9es jusque\u202f2018)\u00a0signale\u00a0que le prix des loyers augmente depuis 2005 plus vite que l\u2019indice des prix \u00e0 la consommation.\u00a0Ce\u00a0poids accru du logement\u00a0dans le budget des m\u00e9nages\u00a0impacte\u00a0davantage\u00a0certains groupes sociaux en\u202fsituation\u202fde vuln\u00e9rabilit\u00e9.\u00a0<\/em><\/p>\n<p><em>En mettant\u00a0en relation des pr\u00e9occupations\u00a0\u00e9conomiques, \u00e9cologiques, environnementales,\u00a0soci\u00e9tales\u00a0voire sanitaires d\u2019aujourd\u2019hui, cette\u00a0recherche\u00a0remet en question les mod\u00e8les \u00ab\u202ftype\u202f\u00bb du logement pr\u00e9sents en majorit\u00e9 dans le paysage wallon. Ces mod\u00e8les ayant trop peu \u00e9volu\u00e9 ces derni\u00e8res d\u00e9cennies au regard des \u00e9volutions soci\u00e9tales. Cette th\u00e8se explore\u00a0de nouvelles formes alternatives de logements\u00a0qui naissent aux marges de ce qui\u00a0apparait dominant sur le territoire.\u00a0\u00a0<\/em><\/p>\n<p><em>Deux mondes semblent s\u2019entrechoquer\u202f; d\u2019une part celui de la\u00a0norme \u2013\u00a0le logement classique \u2013\u00a0dans lequel\u00a0le \u00ab\u202flog\u00e9\u202f\u00bb\u00a0par\u00a0l\u2019absence de pouvoir de d\u00e9cision\u00a0s\u2019\u00e9loigne du processus de conception de son logement\u202f; d\u2019autre\u00a0part celui de l\u2019habitat d\u2019initiative citoyenne\u00a0dont l\u2019habitant, manifestant une remise en question profonde, se place en marge du syst\u00e8me en cr\u00e9ant l\u2019alternative.\u00a0\u00a0<\/em><\/p>\n<p><em>Cette recherche part de l\u2019analyse des diff\u00e9rentes formes du logement classique pr\u00e9sentes en masse sur le territoire wallon depuis la p\u00e9riode industrielle. Elle a pour objet la relation entre l\u2019habitant et son logement. Par le prisme de l\u2019analyse de l\u2019habitat l\u00e9ger &#8211; et par cons\u00e9quent par celui de son habitant &#8211; il sera question de r\u00e9interroger la production du logement classique. Ce dernier semble pr\u00e9senter des failles en raison son co\u00fbt de production, d\u2019entretien et d\u2019accessibilit\u00e9, de son emprise sur le territoire par l\u2019\u00e9talement urbain qu\u2019il g\u00e9n\u00e8re, de sa faiblesse de mixit\u00e9 ou encore par son empreinte \u00e9cologique. En parall\u00e8le, l\u2019habitat l\u00e9ger, connaissant depuis quelques ann\u00e9es un engouement certain, semble apporter des r\u00e9ponses \u00e9co-responsables \u00e0 une part de la population. Co\u00fbt abordable, habitat \u00e9cologique et respectueux de l\u2019environnement, spatialement raisonn\u00e9, facilitateur de liens sociaux, tout en permettant \u00e0 l\u2019habitant de s\u2019inscrire dans une d\u00e9marche impliqu\u00e9e. Par le prisme de l&rsquo;analyse de l&rsquo;habitat l\u00e9ger &#8211; et par cons\u00e9quent par celui de son habitant &#8211; il est question de r\u00e9interroger la production du logement classique par l&rsquo;observation d&rsquo;un monde en contre-culture.<\/em><\/p>\n<p>Jean-Alexandre Pouleur (2002),<\/p>\n<p>Promotion Liliane Voy\u00e9 et Herman Becker, membre du Jury Michel Bassand EPFL, Jean-Fran\u00e7ois Mabardi, Jean de Salle,<\/p>\n<p>&nbsp;<\/p>\n<p>&nbsp;<\/p>\n","protected":false},"excerpt":{"rendered":"<p>Larissa Romariz Peixoto (2023), Les conditions du projet populaire. Paradoxes socio-spatiaux et jeu de tensions en Hainaut franco-belge, Th\u00e8se de doctorat, UMONS. Promotion: Jean-Alexandre Pouleur, Pascale Jamoulle, B\u00e9atrice Mariolle, membre du jury Thierry Paquot, Maddalena Rossi, Chlo\u00e9 Salembier pr\u00e9sid\u00e9 par Vincent Becue La th\u00e8se propose une plong\u00e9e sensible, guid\u00e9e par la parole citoyenne, dans les [&hellip;]<\/p>\n","protected":false},"author":2,"featured_media":0,"parent":15,"menu_order":0,"comment_status":"closed","ping_status":"closed","template":"","meta":{"footnotes":""},"class_list":["post-240","page","type-page","status-publish","hentry"],"yoast_head":"<!-- This site is optimized with the Yoast SEO plugin v27.2 - https:\/\/yoast.com\/product\/yoast-seo-wordpress\/ -->\n<title>Th\u00e8ses de doctorat - Service \/ FAU - Territorialit\u00e9s, R\u00c9g\u00e9n\u00e9rations, MArges &amp; Soc\u00ef\u00e9t\u00e9s | TR\u00e9MaS<\/title>\n<meta name=\"robots\" content=\"index, follow, max-snippet:-1, max-image-preview:large, max-video-preview:-1\" \/>\n<link rel=\"canonical\" href=\"https:\/\/web.umons.ac.be\/trms\/activites-de-recherche\/theses-de-doctorat\/\" \/>\n<meta property=\"og:locale\" content=\"fr_FR\" \/>\n<meta property=\"og:type\" content=\"article\" \/>\n<meta property=\"og:title\" content=\"Th\u00e8ses de doctorat - Service \/ FAU - Territorialit\u00e9s, R\u00c9g\u00e9n\u00e9rations, MArges &amp; Soc\u00ef\u00e9t\u00e9s | TR\u00e9MaS\" \/>\n<meta property=\"og:description\" content=\"Larissa Romariz Peixoto (2023), Les conditions du projet populaire. Paradoxes socio-spatiaux et jeu de tensions en Hainaut franco-belge, Th\u00e8se de doctorat, UMONS. Promotion: Jean-Alexandre Pouleur, Pascale Jamoulle, B\u00e9atrice Mariolle, membre du jury Thierry Paquot, Maddalena Rossi, Chlo\u00e9 Salembier pr\u00e9sid\u00e9 par Vincent Becue La th\u00e8se propose une plong\u00e9e sensible, guid\u00e9e par la parole citoyenne, dans les [&hellip;]\" \/>\n<meta property=\"og:url\" content=\"https:\/\/web.umons.ac.be\/trms\/activites-de-recherche\/theses-de-doctorat\/\" \/>\n<meta property=\"og:site_name\" content=\"Service \/ FAU - Territorialit\u00e9s, R\u00c9g\u00e9n\u00e9rations, MArges &amp; Soc\u00ef\u00e9t\u00e9s | TR\u00e9MaS\" \/>\n<meta property=\"article:modified_time\" content=\"2026-03-16T22:40:05+00:00\" \/>\n<meta name=\"twitter:card\" content=\"summary_large_image\" \/>\n<meta name=\"twitter:label1\" content=\"Dur\u00e9e de lecture estim\u00e9e\" \/>\n\t<meta name=\"twitter:data1\" content=\"6 minutes\" \/>\n<script type=\"application\/ld+json\" class=\"yoast-schema-graph\">{\"@context\":\"https:\/\/schema.org\",\"@graph\":[{\"@type\":\"WebPage\",\"@id\":\"https:\/\/web.umons.ac.be\/trms\/activites-de-recherche\/theses-de-doctorat\/\",\"url\":\"https:\/\/web.umons.ac.be\/trms\/activites-de-recherche\/theses-de-doctorat\/\",\"name\":\"Th\u00e8ses de doctorat - Service \/ FAU - Territorialit\u00e9s, R\u00c9g\u00e9n\u00e9rations, MArges &amp; Soc\u00ef\u00e9t\u00e9s | TR\u00e9MaS\",\"isPartOf\":{\"@id\":\"https:\/\/web.umons.ac.be\/trms\/#website\"},\"datePublished\":\"2026-03-16T14:12:26+00:00\",\"dateModified\":\"2026-03-16T22:40:05+00:00\",\"breadcrumb\":{\"@id\":\"https:\/\/web.umons.ac.be\/trms\/activites-de-recherche\/theses-de-doctorat\/#breadcrumb\"},\"inLanguage\":\"fr-FR\",\"potentialAction\":[{\"@type\":\"ReadAction\",\"target\":[\"https:\/\/web.umons.ac.be\/trms\/activites-de-recherche\/theses-de-doctorat\/\"]}]},{\"@type\":\"BreadcrumbList\",\"@id\":\"https:\/\/web.umons.ac.be\/trms\/activites-de-recherche\/theses-de-doctorat\/#breadcrumb\",\"itemListElement\":[{\"@type\":\"ListItem\",\"position\":1,\"name\":\"Home\",\"item\":\"https:\/\/web.umons.ac.be\/trms\/\"},{\"@type\":\"ListItem\",\"position\":2,\"name\":\"Activit\u00e9s de recherche\",\"item\":\"https:\/\/web.umons.ac.be\/trms\/activites-de-recherche\/\"},{\"@type\":\"ListItem\",\"position\":3,\"name\":\"Th\u00e8ses de doctorat\"}]},{\"@type\":\"WebSite\",\"@id\":\"https:\/\/web.umons.ac.be\/trms\/#website\",\"url\":\"https:\/\/web.umons.ac.be\/trms\/\",\"name\":\"Service \/ FAU - Architecture et Soci\u00e9t\u00e9\",\"description\":\"\",\"potentialAction\":[{\"@type\":\"SearchAction\",\"target\":{\"@type\":\"EntryPoint\",\"urlTemplate\":\"https:\/\/web.umons.ac.be\/trms\/?s={search_term_string}\"},\"query-input\":{\"@type\":\"PropertyValueSpecification\",\"valueRequired\":true,\"valueName\":\"search_term_string\"}}],\"inLanguage\":\"fr-FR\"}]}<\/script>\n<!-- \/ Yoast SEO plugin. -->","yoast_head_json":{"title":"Th\u00e8ses de doctorat - Service \/ FAU - Territorialit\u00e9s, R\u00c9g\u00e9n\u00e9rations, MArges &amp; Soc\u00ef\u00e9t\u00e9s | TR\u00e9MaS","robots":{"index":"index","follow":"follow","max-snippet":"max-snippet:-1","max-image-preview":"max-image-preview:large","max-video-preview":"max-video-preview:-1"},"canonical":"https:\/\/web.umons.ac.be\/trms\/activites-de-recherche\/theses-de-doctorat\/","og_locale":"fr_FR","og_type":"article","og_title":"Th\u00e8ses de doctorat - Service \/ FAU - Territorialit\u00e9s, R\u00c9g\u00e9n\u00e9rations, MArges &amp; Soc\u00ef\u00e9t\u00e9s | TR\u00e9MaS","og_description":"Larissa Romariz Peixoto (2023), Les conditions du projet populaire. Paradoxes socio-spatiaux et jeu de tensions en Hainaut franco-belge, Th\u00e8se de doctorat, UMONS. Promotion: Jean-Alexandre Pouleur, Pascale Jamoulle, B\u00e9atrice Mariolle, membre du jury Thierry Paquot, Maddalena Rossi, Chlo\u00e9 Salembier pr\u00e9sid\u00e9 par Vincent Becue La th\u00e8se propose une plong\u00e9e sensible, guid\u00e9e par la parole citoyenne, dans les [&hellip;]","og_url":"https:\/\/web.umons.ac.be\/trms\/activites-de-recherche\/theses-de-doctorat\/","og_site_name":"Service \/ FAU - Territorialit\u00e9s, R\u00c9g\u00e9n\u00e9rations, MArges &amp; Soc\u00ef\u00e9t\u00e9s | TR\u00e9MaS","article_modified_time":"2026-03-16T22:40:05+00:00","twitter_card":"summary_large_image","twitter_misc":{"Dur\u00e9e de lecture estim\u00e9e":"6 minutes"},"schema":{"@context":"https:\/\/schema.org","@graph":[{"@type":"WebPage","@id":"https:\/\/web.umons.ac.be\/trms\/activites-de-recherche\/theses-de-doctorat\/","url":"https:\/\/web.umons.ac.be\/trms\/activites-de-recherche\/theses-de-doctorat\/","name":"Th\u00e8ses de doctorat - Service \/ FAU - Territorialit\u00e9s, R\u00c9g\u00e9n\u00e9rations, MArges &amp; Soc\u00ef\u00e9t\u00e9s | TR\u00e9MaS","isPartOf":{"@id":"https:\/\/web.umons.ac.be\/trms\/#website"},"datePublished":"2026-03-16T14:12:26+00:00","dateModified":"2026-03-16T22:40:05+00:00","breadcrumb":{"@id":"https:\/\/web.umons.ac.be\/trms\/activites-de-recherche\/theses-de-doctorat\/#breadcrumb"},"inLanguage":"fr-FR","potentialAction":[{"@type":"ReadAction","target":["https:\/\/web.umons.ac.be\/trms\/activites-de-recherche\/theses-de-doctorat\/"]}]},{"@type":"BreadcrumbList","@id":"https:\/\/web.umons.ac.be\/trms\/activites-de-recherche\/theses-de-doctorat\/#breadcrumb","itemListElement":[{"@type":"ListItem","position":1,"name":"Home","item":"https:\/\/web.umons.ac.be\/trms\/"},{"@type":"ListItem","position":2,"name":"Activit\u00e9s de recherche","item":"https:\/\/web.umons.ac.be\/trms\/activites-de-recherche\/"},{"@type":"ListItem","position":3,"name":"Th\u00e8ses de doctorat"}]},{"@type":"WebSite","@id":"https:\/\/web.umons.ac.be\/trms\/#website","url":"https:\/\/web.umons.ac.be\/trms\/","name":"Service \/ FAU - Architecture et Soci\u00e9t\u00e9","description":"","potentialAction":[{"@type":"SearchAction","target":{"@type":"EntryPoint","urlTemplate":"https:\/\/web.umons.ac.be\/trms\/?s={search_term_string}"},"query-input":{"@type":"PropertyValueSpecification","valueRequired":true,"valueName":"search_term_string"}}],"inLanguage":"fr-FR"}]}},"lang":"fr","translations":{"fr":240},"pll_sync_post":[],"_links":{"self":[{"href":"https:\/\/web.umons.ac.be\/trms\/wp-json\/wp\/v2\/pages\/240","targetHints":{"allow":["GET"]}}],"collection":[{"href":"https:\/\/web.umons.ac.be\/trms\/wp-json\/wp\/v2\/pages"}],"about":[{"href":"https:\/\/web.umons.ac.be\/trms\/wp-json\/wp\/v2\/types\/page"}],"author":[{"embeddable":true,"href":"https:\/\/web.umons.ac.be\/trms\/wp-json\/wp\/v2\/users\/2"}],"replies":[{"embeddable":true,"href":"https:\/\/web.umons.ac.be\/trms\/wp-json\/wp\/v2\/comments?post=240"}],"version-history":[{"count":4,"href":"https:\/\/web.umons.ac.be\/trms\/wp-json\/wp\/v2\/pages\/240\/revisions"}],"predecessor-version":[{"id":288,"href":"https:\/\/web.umons.ac.be\/trms\/wp-json\/wp\/v2\/pages\/240\/revisions\/288"}],"up":[{"embeddable":true,"href":"https:\/\/web.umons.ac.be\/trms\/wp-json\/wp\/v2\/pages\/15"}],"wp:attachment":[{"href":"https:\/\/web.umons.ac.be\/trms\/wp-json\/wp\/v2\/media?parent=240"}],"curies":[{"name":"wp","href":"https:\/\/api.w.org\/{rel}","templated":true}]}}