{"id":251,"date":"2026-03-16T15:14:17","date_gmt":"2026-03-16T14:14:17","guid":{"rendered":"https:\/\/web.umons.ac.be\/trms\/?page_id=251"},"modified":"2026-03-16T15:14:17","modified_gmt":"2026-03-16T14:14:17","slug":"conferences","status":"publish","type":"page","link":"https:\/\/web.umons.ac.be\/trms\/activites-denseignement\/conferences\/","title":{"rendered":"Conf\u00e9rences"},"content":{"rendered":"","protected":false},"excerpt":{"rendered":"","protected":false},"author":2,"featured_media":0,"parent":11,"menu_order":0,"comment_status":"closed","ping_status":"closed","template":"","meta":{"footnotes":""},"class_list":["post-251","page","type-page","status-publish","hentry"],"yoast_head":"<!-- This site is optimized with the Yoast SEO plugin v27.2 - https:\/\/yoast.com\/product\/yoast-seo-wordpress\/ -->\n<title>Conf\u00e9rences - Service \/ FAU - Territorialit\u00e9s, R\u00c9g\u00e9n\u00e9rations, MArges &amp; Soc\u00ef\u00e9t\u00e9s | TR\u00e9MaS<\/title>\n<meta name=\"robots\" content=\"index, follow, max-snippet:-1, max-image-preview:large, max-video-preview:-1\" \/>\n<link rel=\"canonical\" href=\"https:\/\/web.umons.ac.be\/trms\/activites-denseignement\/conferences\/\" \/>\n<meta property=\"og:locale\" content=\"fr_FR\" \/>\n<meta property=\"og:type\" content=\"article\" \/>\n<meta property=\"og:title\" content=\"Conf\u00e9rences - Service \/ FAU - Territorialit\u00e9s, R\u00c9g\u00e9n\u00e9rations, MArges &amp; Soc\u00ef\u00e9t\u00e9s | TR\u00e9MaS\" \/>\n<meta property=\"og:url\" content=\"https:\/\/web.umons.ac.be\/trms\/activites-denseignement\/conferences\/\" \/>\n<meta property=\"og:site_name\" content=\"Service \/ FAU - Territorialit\u00e9s, R\u00c9g\u00e9n\u00e9rations, MArges &amp; Soc\u00ef\u00e9t\u00e9s | TR\u00e9MaS\" \/>\n<meta name=\"twitter:card\" content=\"summary_large_image\" \/>\n<script type=\"application\/ld+json\" class=\"yoast-schema-graph\">{\"@context\":\"https:\/\/schema.org\",\"@graph\":[{\"@type\":\"WebPage\",\"@id\":\"https:\/\/web.umons.ac.be\/trms\/activites-denseignement\/conferences\/\",\"url\":\"https:\/\/web.umons.ac.be\/trms\/activites-denseignement\/conferences\/\",\"name\":\"Conf\u00e9rences - Service \/ FAU - Territorialit\u00e9s, R\u00c9g\u00e9n\u00e9rations, MArges &amp; Soc\u00ef\u00e9t\u00e9s | TR\u00e9MaS\",\"isPartOf\":{\"@id\":\"https:\/\/web.umons.ac.be\/trms\/#website\"},\"datePublished\":\"2026-03-16T14:14:17+00:00\",\"breadcrumb\":{\"@id\":\"https:\/\/web.umons.ac.be\/trms\/activites-denseignement\/conferences\/#breadcrumb\"},\"inLanguage\":\"fr-FR\",\"potentialAction\":[{\"@type\":\"ReadAction\",\"target\":[\"https:\/\/web.umons.ac.be\/trms\/activites-denseignement\/conferences\/\"]}]},{\"@type\":\"BreadcrumbList\",\"@id\":\"https:\/\/web.umons.ac.be\/trms\/activites-denseignement\/conferences\/#breadcrumb\",\"itemListElement\":[{\"@type\":\"ListItem\",\"position\":1,\"name\":\"Home\",\"item\":\"https:\/\/web.umons.ac.be\/trms\/\"},{\"@type\":\"ListItem\",\"position\":2,\"name\":\"Activit\u00e9s d&rsquo;enseignement\",\"item\":\"https:\/\/web.umons.ac.be\/trms\/activites-denseignement\/\"},{\"@type\":\"ListItem\",\"position\":3,\"name\":\"Conf\u00e9rences\"}]},{\"@type\":\"WebSite\",\"@id\":\"https:\/\/web.umons.ac.be\/trms\/#website\",\"url\":\"https:\/\/web.umons.ac.be\/trms\/\",\"name\":\"Service \/ FAU - Architecture et Soci\u00e9t\u00e9\",\"description\":\"\",\"potentialAction\":[{\"@type\":\"SearchAction\",\"target\":{\"@type\":\"EntryPoint\",\"urlTemplate\":\"https:\/\/web.umons.ac.be\/trms\/?s={search_term_string}\"},\"query-input\":{\"@type\":\"PropertyValueSpecification\",\"valueRequired\":true,\"valueName\":\"search_term_string\"}}],\"inLanguage\":\"fr-FR\"}]}<\/script>\n<!-- \/ Yoast SEO plugin. -->","yoast_head_json":{"title":"Conf\u00e9rences - Service \/ FAU - Territorialit\u00e9s, R\u00c9g\u00e9n\u00e9rations, MArges &amp; Soc\u00ef\u00e9t\u00e9s | TR\u00e9MaS","robots":{"index":"index","follow":"follow","max-snippet":"max-snippet:-1","max-image-preview":"max-image-preview:large","max-video-preview":"max-video-preview:-1"},"canonical":"https:\/\/web.umons.ac.be\/trms\/activites-denseignement\/conferences\/","og_locale":"fr_FR","og_type":"article","og_title":"Conf\u00e9rences - Service \/ FAU - Territorialit\u00e9s, R\u00c9g\u00e9n\u00e9rations, MArges &amp; Soc\u00ef\u00e9t\u00e9s | TR\u00e9MaS","og_url":"https:\/\/web.umons.ac.be\/trms\/activites-denseignement\/conferences\/","og_site_name":"Service \/ FAU - Territorialit\u00e9s, R\u00c9g\u00e9n\u00e9rations, MArges &amp; Soc\u00ef\u00e9t\u00e9s | TR\u00e9MaS","twitter_card":"summary_large_image","schema":{"@context":"https:\/\/schema.org","@graph":[{"@type":"WebPage","@id":"https:\/\/web.umons.ac.be\/trms\/activites-denseignement\/conferences\/","url":"https:\/\/web.umons.ac.be\/trms\/activites-denseignement\/conferences\/","name":"Conf\u00e9rences - Service \/ FAU - Territorialit\u00e9s, R\u00c9g\u00e9n\u00e9rations, MArges &amp; Soc\u00ef\u00e9t\u00e9s | TR\u00e9MaS","isPartOf":{"@id":"https:\/\/web.umons.ac.be\/trms\/#website"},"datePublished":"2026-03-16T14:14:17+00:00","breadcrumb":{"@id":"https:\/\/web.umons.ac.be\/trms\/activites-denseignement\/conferences\/#breadcrumb"},"inLanguage":"fr-FR","potentialAction":[{"@type":"ReadAction","target":["https:\/\/web.umons.ac.be\/trms\/activites-denseignement\/conferences\/"]}]},{"@type":"BreadcrumbList","@id":"https:\/\/web.umons.ac.be\/trms\/activites-denseignement\/conferences\/#breadcrumb","itemListElement":[{"@type":"ListItem","position":1,"name":"Home","item":"https:\/\/web.umons.ac.be\/trms\/"},{"@type":"ListItem","position":2,"name":"Activit\u00e9s d&rsquo;enseignement","item":"https:\/\/web.umons.ac.be\/trms\/activites-denseignement\/"},{"@type":"ListItem","position":3,"name":"Conf\u00e9rences"}]},{"@type":"WebSite","@id":"https:\/\/web.umons.ac.be\/trms\/#website","url":"https:\/\/web.umons.ac.be\/trms\/","name":"Service \/ FAU - Architecture et Soci\u00e9t\u00e9","description":"","potentialAction":[{"@type":"SearchAction","target":{"@type":"EntryPoint","urlTemplate":"https:\/\/web.umons.ac.be\/trms\/?s={search_term_string}"},"query-input":{"@type":"PropertyValueSpecification","valueRequired":true,"valueName":"search_term_string"}}],"inLanguage":"fr-FR"}]}},"lang":"fr","translations":{"fr":251},"pll_sync_post":[],"_links":{"self":[{"href":"https:\/\/web.umons.ac.be\/trms\/wp-json\/wp\/v2\/pages\/251","targetHints":{"allow":["GET"]}}],"collection":[{"href":"https:\/\/web.umons.ac.be\/trms\/wp-json\/wp\/v2\/pages"}],"about":[{"href":"https:\/\/web.umons.ac.be\/trms\/wp-json\/wp\/v2\/types\/page"}],"author":[{"embeddable":true,"href":"https:\/\/web.umons.ac.be\/trms\/wp-json\/wp\/v2\/users\/2"}],"replies":[{"embeddable":true,"href":"https:\/\/web.umons.ac.be\/trms\/wp-json\/wp\/v2\/comments?post=251"}],"version-history":[{"count":1,"href":"https:\/\/web.umons.ac.be\/trms\/wp-json\/wp\/v2\/pages\/251\/revisions"}],"predecessor-version":[{"id":252,"href":"https:\/\/web.umons.ac.be\/trms\/wp-json\/wp\/v2\/pages\/251\/revisions\/252"}],"up":[{"embeddable":true,"href":"https:\/\/web.umons.ac.be\/trms\/wp-json\/wp\/v2\/pages\/11"}],"wp:attachment":[{"href":"https:\/\/web.umons.ac.be\/trms\/wp-json\/wp\/v2\/media?parent=251"}],"curies":[{"name":"wp","href":"https:\/\/api.w.org\/{rel}","templated":true}]}}