{"id":253,"date":"2026-03-16T15:14:37","date_gmt":"2026-03-16T14:14:37","guid":{"rendered":"https:\/\/web.umons.ac.be\/trms\/?page_id=253"},"modified":"2026-03-27T14:45:54","modified_gmt":"2026-03-27T13:45:54","slug":"aides-a-la-societe","status":"publish","type":"page","link":"https:\/\/web.umons.ac.be\/trms\/aides-a-la-societe\/","title":{"rendered":"AIDES A LA SOCIETE"},"content":{"rendered":"<h1><a href=\"https:\/\/web.umons.ac.be\/app\/uploads\/sites\/59\/2026\/03\/UDECarnet-chien-ecoles3.pdf\"><img loading=\"lazy\" decoding=\"async\" class=\"size-medium wp-image-294 alignleft\" src=\"https:\/\/web.umons.ac.be\/app\/uploads\/sites\/59\/2026\/03\/Presse-papiers-1-210x300.jpg\" alt=\"\" width=\"210\" height=\"300\" srcset=\"https:\/\/web.umons.ac.be\/app\/uploads\/sites\/59\/2026\/03\/Presse-papiers-1-210x300.jpg 210w, https:\/\/web.umons.ac.be\/app\/uploads\/sites\/59\/2026\/03\/Presse-papiers-1-463x660.jpg 463w, https:\/\/web.umons.ac.be\/app\/uploads\/sites\/59\/2026\/03\/Presse-papiers-1-30x43.jpg 30w, https:\/\/web.umons.ac.be\/app\/uploads\/sites\/59\/2026\/03\/Presse-papiers-1-42x60.jpg 42w, https:\/\/web.umons.ac.be\/app\/uploads\/sites\/59\/2026\/03\/Presse-papiers-1-360x513.jpg 360w, https:\/\/web.umons.ac.be\/app\/uploads\/sites\/59\/2026\/03\/Presse-papiers-1.jpg 695w\" sizes=\"auto, (max-width: 210px) 100vw, 210px\" \/><\/a><\/h1>\n","protected":false},"excerpt":{"rendered":"","protected":false},"author":2,"featured_media":0,"parent":0,"menu_order":0,"comment_status":"closed","ping_status":"closed","template":"","meta":{"footnotes":""},"class_list":["post-253","page","type-page","status-publish","hentry"],"yoast_head":"<!-- This site is optimized with the Yoast SEO plugin v27.2 - https:\/\/yoast.com\/product\/yoast-seo-wordpress\/ -->\n<title>AIDES A LA SOCIETE - Service \/ FAU - Territorialit\u00e9s, R\u00c9g\u00e9n\u00e9rations, MArges &amp; Soc\u00ef\u00e9t\u00e9s | TR\u00e9MaS<\/title>\n<meta name=\"robots\" content=\"index, follow, max-snippet:-1, max-image-preview:large, max-video-preview:-1\" \/>\n<link rel=\"canonical\" href=\"https:\/\/web.umons.ac.be\/trms\/aides-a-la-societe\/\" \/>\n<meta property=\"og:locale\" content=\"fr_FR\" \/>\n<meta property=\"og:type\" content=\"article\" \/>\n<meta property=\"og:title\" content=\"AIDES A LA SOCIETE - Service \/ FAU - Territorialit\u00e9s, R\u00c9g\u00e9n\u00e9rations, MArges &amp; Soc\u00ef\u00e9t\u00e9s | TR\u00e9MaS\" \/>\n<meta property=\"og:url\" content=\"https:\/\/web.umons.ac.be\/trms\/aides-a-la-societe\/\" \/>\n<meta property=\"og:site_name\" content=\"Service \/ FAU - Territorialit\u00e9s, R\u00c9g\u00e9n\u00e9rations, MArges &amp; Soc\u00ef\u00e9t\u00e9s | TR\u00e9MaS\" \/>\n<meta property=\"article:modified_time\" content=\"2026-03-27T13:45:54+00:00\" \/>\n<meta property=\"og:image\" content=\"https:\/\/web.umons.ac.be\/app\/uploads\/sites\/59\/2026\/03\/Presse-papiers-1.jpg\" \/>\n\t<meta property=\"og:image:width\" content=\"695\" \/>\n\t<meta property=\"og:image:height\" content=\"991\" \/>\n\t<meta property=\"og:image:type\" content=\"image\/jpeg\" \/>\n<meta name=\"twitter:card\" content=\"summary_large_image\" \/>\n<meta name=\"twitter:label1\" content=\"Dur\u00e9e de lecture estim\u00e9e\" \/>\n\t<meta name=\"twitter:data1\" content=\"1 minute\" \/>\n<script type=\"application\/ld+json\" class=\"yoast-schema-graph\">{\"@context\":\"https:\/\/schema.org\",\"@graph\":[{\"@type\":\"WebPage\",\"@id\":\"https:\/\/web.umons.ac.be\/trms\/aides-a-la-societe\/\",\"url\":\"https:\/\/web.umons.ac.be\/trms\/aides-a-la-societe\/\",\"name\":\"AIDES A LA SOCIETE - Service \/ FAU - Territorialit\u00e9s, R\u00c9g\u00e9n\u00e9rations, MArges &amp; Soc\u00ef\u00e9t\u00e9s | TR\u00e9MaS\",\"isPartOf\":{\"@id\":\"https:\/\/web.umons.ac.be\/trms\/#website\"},\"primaryImageOfPage\":{\"@id\":\"https:\/\/web.umons.ac.be\/trms\/aides-a-la-societe\/#primaryimage\"},\"image\":{\"@id\":\"https:\/\/web.umons.ac.be\/trms\/aides-a-la-societe\/#primaryimage\"},\"thumbnailUrl\":\"https:\/\/web.umons.ac.be\/app\/uploads\/sites\/59\/2026\/03\/Presse-papiers-1-210x300.jpg\",\"datePublished\":\"2026-03-16T14:14:37+00:00\",\"dateModified\":\"2026-03-27T13:45:54+00:00\",\"breadcrumb\":{\"@id\":\"https:\/\/web.umons.ac.be\/trms\/aides-a-la-societe\/#breadcrumb\"},\"inLanguage\":\"fr-FR\",\"potentialAction\":[{\"@type\":\"ReadAction\",\"target\":[\"https:\/\/web.umons.ac.be\/trms\/aides-a-la-societe\/\"]}]},{\"@type\":\"ImageObject\",\"inLanguage\":\"fr-FR\",\"@id\":\"https:\/\/web.umons.ac.be\/trms\/aides-a-la-societe\/#primaryimage\",\"url\":\"https:\/\/web.umons.ac.be\/app\/uploads\/sites\/59\/2026\/03\/Presse-papiers-1-210x300.jpg\",\"contentUrl\":\"https:\/\/web.umons.ac.be\/app\/uploads\/sites\/59\/2026\/03\/Presse-papiers-1-210x300.jpg\"},{\"@type\":\"BreadcrumbList\",\"@id\":\"https:\/\/web.umons.ac.be\/trms\/aides-a-la-societe\/#breadcrumb\",\"itemListElement\":[{\"@type\":\"ListItem\",\"position\":1,\"name\":\"Home\",\"item\":\"https:\/\/web.umons.ac.be\/trms\/\"},{\"@type\":\"ListItem\",\"position\":2,\"name\":\"AIDES A LA SOCIETE\"}]},{\"@type\":\"WebSite\",\"@id\":\"https:\/\/web.umons.ac.be\/trms\/#website\",\"url\":\"https:\/\/web.umons.ac.be\/trms\/\",\"name\":\"Service \/ FAU - Architecture et Soci\u00e9t\u00e9\",\"description\":\"\",\"potentialAction\":[{\"@type\":\"SearchAction\",\"target\":{\"@type\":\"EntryPoint\",\"urlTemplate\":\"https:\/\/web.umons.ac.be\/trms\/?s={search_term_string}\"},\"query-input\":{\"@type\":\"PropertyValueSpecification\",\"valueRequired\":true,\"valueName\":\"search_term_string\"}}],\"inLanguage\":\"fr-FR\"}]}<\/script>\n<!-- \/ Yoast SEO plugin. -->","yoast_head_json":{"title":"AIDES A LA SOCIETE - Service \/ FAU - Territorialit\u00e9s, R\u00c9g\u00e9n\u00e9rations, MArges &amp; Soc\u00ef\u00e9t\u00e9s | TR\u00e9MaS","robots":{"index":"index","follow":"follow","max-snippet":"max-snippet:-1","max-image-preview":"max-image-preview:large","max-video-preview":"max-video-preview:-1"},"canonical":"https:\/\/web.umons.ac.be\/trms\/aides-a-la-societe\/","og_locale":"fr_FR","og_type":"article","og_title":"AIDES A LA SOCIETE - Service \/ FAU - Territorialit\u00e9s, R\u00c9g\u00e9n\u00e9rations, MArges &amp; Soc\u00ef\u00e9t\u00e9s | TR\u00e9MaS","og_url":"https:\/\/web.umons.ac.be\/trms\/aides-a-la-societe\/","og_site_name":"Service \/ FAU - Territorialit\u00e9s, R\u00c9g\u00e9n\u00e9rations, MArges &amp; Soc\u00ef\u00e9t\u00e9s | TR\u00e9MaS","article_modified_time":"2026-03-27T13:45:54+00:00","og_image":[{"width":695,"height":991,"url":"https:\/\/web.umons.ac.be\/app\/uploads\/sites\/59\/2026\/03\/Presse-papiers-1.jpg","type":"image\/jpeg"}],"twitter_card":"summary_large_image","twitter_misc":{"Dur\u00e9e de lecture estim\u00e9e":"1 minute"},"schema":{"@context":"https:\/\/schema.org","@graph":[{"@type":"WebPage","@id":"https:\/\/web.umons.ac.be\/trms\/aides-a-la-societe\/","url":"https:\/\/web.umons.ac.be\/trms\/aides-a-la-societe\/","name":"AIDES A LA SOCIETE - Service \/ FAU - Territorialit\u00e9s, R\u00c9g\u00e9n\u00e9rations, MArges &amp; Soc\u00ef\u00e9t\u00e9s | TR\u00e9MaS","isPartOf":{"@id":"https:\/\/web.umons.ac.be\/trms\/#website"},"primaryImageOfPage":{"@id":"https:\/\/web.umons.ac.be\/trms\/aides-a-la-societe\/#primaryimage"},"image":{"@id":"https:\/\/web.umons.ac.be\/trms\/aides-a-la-societe\/#primaryimage"},"thumbnailUrl":"https:\/\/web.umons.ac.be\/app\/uploads\/sites\/59\/2026\/03\/Presse-papiers-1-210x300.jpg","datePublished":"2026-03-16T14:14:37+00:00","dateModified":"2026-03-27T13:45:54+00:00","breadcrumb":{"@id":"https:\/\/web.umons.ac.be\/trms\/aides-a-la-societe\/#breadcrumb"},"inLanguage":"fr-FR","potentialAction":[{"@type":"ReadAction","target":["https:\/\/web.umons.ac.be\/trms\/aides-a-la-societe\/"]}]},{"@type":"ImageObject","inLanguage":"fr-FR","@id":"https:\/\/web.umons.ac.be\/trms\/aides-a-la-societe\/#primaryimage","url":"https:\/\/web.umons.ac.be\/app\/uploads\/sites\/59\/2026\/03\/Presse-papiers-1-210x300.jpg","contentUrl":"https:\/\/web.umons.ac.be\/app\/uploads\/sites\/59\/2026\/03\/Presse-papiers-1-210x300.jpg"},{"@type":"BreadcrumbList","@id":"https:\/\/web.umons.ac.be\/trms\/aides-a-la-societe\/#breadcrumb","itemListElement":[{"@type":"ListItem","position":1,"name":"Home","item":"https:\/\/web.umons.ac.be\/trms\/"},{"@type":"ListItem","position":2,"name":"AIDES A LA SOCIETE"}]},{"@type":"WebSite","@id":"https:\/\/web.umons.ac.be\/trms\/#website","url":"https:\/\/web.umons.ac.be\/trms\/","name":"Service \/ FAU - Architecture et Soci\u00e9t\u00e9","description":"","potentialAction":[{"@type":"SearchAction","target":{"@type":"EntryPoint","urlTemplate":"https:\/\/web.umons.ac.be\/trms\/?s={search_term_string}"},"query-input":{"@type":"PropertyValueSpecification","valueRequired":true,"valueName":"search_term_string"}}],"inLanguage":"fr-FR"}]}},"lang":"fr","translations":{"fr":253},"pll_sync_post":[],"_links":{"self":[{"href":"https:\/\/web.umons.ac.be\/trms\/wp-json\/wp\/v2\/pages\/253","targetHints":{"allow":["GET"]}}],"collection":[{"href":"https:\/\/web.umons.ac.be\/trms\/wp-json\/wp\/v2\/pages"}],"about":[{"href":"https:\/\/web.umons.ac.be\/trms\/wp-json\/wp\/v2\/types\/page"}],"author":[{"embeddable":true,"href":"https:\/\/web.umons.ac.be\/trms\/wp-json\/wp\/v2\/users\/2"}],"replies":[{"embeddable":true,"href":"https:\/\/web.umons.ac.be\/trms\/wp-json\/wp\/v2\/comments?post=253"}],"version-history":[{"count":2,"href":"https:\/\/web.umons.ac.be\/trms\/wp-json\/wp\/v2\/pages\/253\/revisions"}],"predecessor-version":[{"id":302,"href":"https:\/\/web.umons.ac.be\/trms\/wp-json\/wp\/v2\/pages\/253\/revisions\/302"}],"wp:attachment":[{"href":"https:\/\/web.umons.ac.be\/trms\/wp-json\/wp\/v2\/media?parent=253"}],"curies":[{"name":"wp","href":"https:\/\/api.w.org\/{rel}","templated":true}]}}