{"id":259,"date":"2026-03-16T15:15:36","date_gmt":"2026-03-16T14:15:36","guid":{"rendered":"https:\/\/web.umons.ac.be\/trms\/?page_id=259"},"modified":"2026-03-27T14:52:06","modified_gmt":"2026-03-27T13:52:06","slug":"conferences","status":"publish","type":"page","link":"https:\/\/web.umons.ac.be\/trms\/aides-a-la-societe\/conferences\/","title":{"rendered":"Conf\u00e9rences"},"content":{"rendered":"<h1 style=\"font-style: normal; font-variant-ligatures: normal; font-variant-caps: normal;\"><span style=\"font-family: Gotham, Arial, Helvetica, sans-serif; font-size: 1.75rem; font-weight: 500;\">Comment croiser poliment les chiens ?<\/span><\/h1>\n<div class=\"row\">\n<div class=\"col-lg-12 text-center\">\n<h5><\/h5>\n<p>Publics : 5e et 6e primaire, 5e primaire, 6e primaire UDEM<\/p>\n<\/div>\n<\/div>\n<h1 style=\"font-style: normal; font-variant-ligatures: normal; font-variant-caps: normal;\"><a href=\"https:\/\/udecharleroi.be\/\"><span style=\"font-size: 8pt;\"><img loading=\"lazy\" decoding=\"async\" class=\"alignnone wp-image-296 size-medium\" style=\"font-size: 10.6667px;\" src=\"https:\/\/web.umons.ac.be\/app\/uploads\/sites\/59\/2026\/03\/V3CroiserChienPoliment_Bandeau-1024x366-1-300x107.jpg\" alt=\"\" width=\"300\" height=\"107\" srcset=\"https:\/\/web.umons.ac.be\/app\/uploads\/sites\/59\/2026\/03\/V3CroiserChienPoliment_Bandeau-1024x366-1-300x107.jpg 300w, https:\/\/web.umons.ac.be\/app\/uploads\/sites\/59\/2026\/03\/V3CroiserChienPoliment_Bandeau-1024x366-1-768x275.jpg 768w, https:\/\/web.umons.ac.be\/app\/uploads\/sites\/59\/2026\/03\/V3CroiserChienPoliment_Bandeau-1024x366-1-30x11.jpg 30w, https:\/\/web.umons.ac.be\/app\/uploads\/sites\/59\/2026\/03\/V3CroiserChienPoliment_Bandeau-1024x366-1-60x21.jpg 60w, https:\/\/web.umons.ac.be\/app\/uploads\/sites\/59\/2026\/03\/V3CroiserChienPoliment_Bandeau-1024x366-1-360x129.jpg 360w, https:\/\/web.umons.ac.be\/app\/uploads\/sites\/59\/2026\/03\/V3CroiserChienPoliment_Bandeau-1024x366-1.jpg 1024w\" sizes=\"auto, (max-width: 300px) 100vw, 300px\" \/> UDEC : \ud83d\udc36 Comment croiser poliment les chiens dans la rue ? (Jean-Alexandre Pouleur &amp; Luca Barbara Bern\u00e1th)<\/span><\/a><\/h1>\n","protected":false},"excerpt":{"rendered":"<p>Comment croiser poliment les chiens ? Publics : 5e et 6e primaire, 5e primaire, 6e primaire UDEM UDEC : \ud83d\udc36 Comment croiser poliment les chiens dans la rue ? (Jean-Alexandre Pouleur &amp; Luca Barbara Bern\u00e1th)<\/p>\n","protected":false},"author":2,"featured_media":0,"parent":253,"menu_order":0,"comment_status":"closed","ping_status":"closed","template":"","meta":{"footnotes":""},"class_list":["post-259","page","type-page","status-publish","hentry"],"yoast_head":"<!-- This site is optimized with the Yoast SEO plugin v27.2 - https:\/\/yoast.com\/product\/yoast-seo-wordpress\/ -->\n<title>Conf\u00e9rences - Service \/ FAU - Territorialit\u00e9s, R\u00c9g\u00e9n\u00e9rations, MArges &amp; Soc\u00ef\u00e9t\u00e9s | TR\u00e9MaS<\/title>\n<meta name=\"robots\" content=\"index, follow, max-snippet:-1, max-image-preview:large, max-video-preview:-1\" \/>\n<link rel=\"canonical\" href=\"https:\/\/web.umons.ac.be\/trms\/aides-a-la-societe\/conferences\/\" \/>\n<meta property=\"og:locale\" content=\"fr_FR\" \/>\n<meta property=\"og:type\" content=\"article\" \/>\n<meta property=\"og:title\" content=\"Conf\u00e9rences - Service \/ FAU - Territorialit\u00e9s, R\u00c9g\u00e9n\u00e9rations, MArges &amp; Soc\u00ef\u00e9t\u00e9s | TR\u00e9MaS\" \/>\n<meta property=\"og:description\" content=\"Comment croiser poliment les chiens ? Publics : 5e et 6e primaire, 5e primaire, 6e primaire UDEM UDEC : \ud83d\udc36 Comment croiser poliment les chiens dans la rue ? (Jean-Alexandre Pouleur &amp; Luca Barbara Bern\u00e1th)\" \/>\n<meta property=\"og:url\" content=\"https:\/\/web.umons.ac.be\/trms\/aides-a-la-societe\/conferences\/\" \/>\n<meta property=\"og:site_name\" content=\"Service \/ FAU - Territorialit\u00e9s, R\u00c9g\u00e9n\u00e9rations, MArges &amp; Soc\u00ef\u00e9t\u00e9s | TR\u00e9MaS\" \/>\n<meta property=\"article:modified_time\" content=\"2026-03-27T13:52:06+00:00\" \/>\n<meta property=\"og:image\" content=\"https:\/\/web.umons.ac.be\/app\/uploads\/sites\/59\/2026\/03\/V3CroiserChienPoliment_Bandeau-1024x366-1.jpg\" \/>\n\t<meta property=\"og:image:width\" content=\"1024\" \/>\n\t<meta property=\"og:image:height\" content=\"366\" \/>\n\t<meta property=\"og:image:type\" content=\"image\/jpeg\" \/>\n<meta name=\"twitter:card\" content=\"summary_large_image\" \/>\n<meta name=\"twitter:label1\" content=\"Dur\u00e9e de lecture estim\u00e9e\" \/>\n\t<meta name=\"twitter:data1\" content=\"1 minute\" \/>\n<script type=\"application\/ld+json\" class=\"yoast-schema-graph\">{\"@context\":\"https:\/\/schema.org\",\"@graph\":[{\"@type\":\"WebPage\",\"@id\":\"https:\/\/web.umons.ac.be\/trms\/aides-a-la-societe\/conferences\/\",\"url\":\"https:\/\/web.umons.ac.be\/trms\/aides-a-la-societe\/conferences\/\",\"name\":\"Conf\u00e9rences - Service \/ FAU - Territorialit\u00e9s, R\u00c9g\u00e9n\u00e9rations, MArges &amp; Soc\u00ef\u00e9t\u00e9s | TR\u00e9MaS\",\"isPartOf\":{\"@id\":\"https:\/\/web.umons.ac.be\/trms\/#website\"},\"primaryImageOfPage\":{\"@id\":\"https:\/\/web.umons.ac.be\/trms\/aides-a-la-societe\/conferences\/#primaryimage\"},\"image\":{\"@id\":\"https:\/\/web.umons.ac.be\/trms\/aides-a-la-societe\/conferences\/#primaryimage\"},\"thumbnailUrl\":\"https:\/\/web.umons.ac.be\/app\/uploads\/sites\/59\/2026\/03\/V3CroiserChienPoliment_Bandeau-1024x366-1-300x107.jpg\",\"datePublished\":\"2026-03-16T14:15:36+00:00\",\"dateModified\":\"2026-03-27T13:52:06+00:00\",\"breadcrumb\":{\"@id\":\"https:\/\/web.umons.ac.be\/trms\/aides-a-la-societe\/conferences\/#breadcrumb\"},\"inLanguage\":\"fr-FR\",\"potentialAction\":[{\"@type\":\"ReadAction\",\"target\":[\"https:\/\/web.umons.ac.be\/trms\/aides-a-la-societe\/conferences\/\"]}]},{\"@type\":\"ImageObject\",\"inLanguage\":\"fr-FR\",\"@id\":\"https:\/\/web.umons.ac.be\/trms\/aides-a-la-societe\/conferences\/#primaryimage\",\"url\":\"https:\/\/web.umons.ac.be\/app\/uploads\/sites\/59\/2026\/03\/V3CroiserChienPoliment_Bandeau-1024x366-1-300x107.jpg\",\"contentUrl\":\"https:\/\/web.umons.ac.be\/app\/uploads\/sites\/59\/2026\/03\/V3CroiserChienPoliment_Bandeau-1024x366-1-300x107.jpg\"},{\"@type\":\"BreadcrumbList\",\"@id\":\"https:\/\/web.umons.ac.be\/trms\/aides-a-la-societe\/conferences\/#breadcrumb\",\"itemListElement\":[{\"@type\":\"ListItem\",\"position\":1,\"name\":\"Home\",\"item\":\"https:\/\/web.umons.ac.be\/trms\/\"},{\"@type\":\"ListItem\",\"position\":2,\"name\":\"AIDES A LA SOCIETE\",\"item\":\"https:\/\/web.umons.ac.be\/trms\/aides-a-la-societe\/\"},{\"@type\":\"ListItem\",\"position\":3,\"name\":\"Conf\u00e9rences\"}]},{\"@type\":\"WebSite\",\"@id\":\"https:\/\/web.umons.ac.be\/trms\/#website\",\"url\":\"https:\/\/web.umons.ac.be\/trms\/\",\"name\":\"Service \/ FAU - Architecture et Soci\u00e9t\u00e9\",\"description\":\"\",\"potentialAction\":[{\"@type\":\"SearchAction\",\"target\":{\"@type\":\"EntryPoint\",\"urlTemplate\":\"https:\/\/web.umons.ac.be\/trms\/?s={search_term_string}\"},\"query-input\":{\"@type\":\"PropertyValueSpecification\",\"valueRequired\":true,\"valueName\":\"search_term_string\"}}],\"inLanguage\":\"fr-FR\"}]}<\/script>\n<!-- \/ Yoast SEO plugin. -->","yoast_head_json":{"title":"Conf\u00e9rences - Service \/ FAU - Territorialit\u00e9s, R\u00c9g\u00e9n\u00e9rations, MArges &amp; Soc\u00ef\u00e9t\u00e9s | TR\u00e9MaS","robots":{"index":"index","follow":"follow","max-snippet":"max-snippet:-1","max-image-preview":"max-image-preview:large","max-video-preview":"max-video-preview:-1"},"canonical":"https:\/\/web.umons.ac.be\/trms\/aides-a-la-societe\/conferences\/","og_locale":"fr_FR","og_type":"article","og_title":"Conf\u00e9rences - Service \/ FAU - Territorialit\u00e9s, R\u00c9g\u00e9n\u00e9rations, MArges &amp; Soc\u00ef\u00e9t\u00e9s | TR\u00e9MaS","og_description":"Comment croiser poliment les chiens ? Publics : 5e et 6e primaire, 5e primaire, 6e primaire UDEM UDEC : \ud83d\udc36 Comment croiser poliment les chiens dans la rue ? (Jean-Alexandre Pouleur &amp; Luca Barbara Bern\u00e1th)","og_url":"https:\/\/web.umons.ac.be\/trms\/aides-a-la-societe\/conferences\/","og_site_name":"Service \/ FAU - Territorialit\u00e9s, R\u00c9g\u00e9n\u00e9rations, MArges &amp; Soc\u00ef\u00e9t\u00e9s | TR\u00e9MaS","article_modified_time":"2026-03-27T13:52:06+00:00","og_image":[{"width":1024,"height":366,"url":"https:\/\/web.umons.ac.be\/app\/uploads\/sites\/59\/2026\/03\/V3CroiserChienPoliment_Bandeau-1024x366-1.jpg","type":"image\/jpeg"}],"twitter_card":"summary_large_image","twitter_misc":{"Dur\u00e9e de lecture estim\u00e9e":"1 minute"},"schema":{"@context":"https:\/\/schema.org","@graph":[{"@type":"WebPage","@id":"https:\/\/web.umons.ac.be\/trms\/aides-a-la-societe\/conferences\/","url":"https:\/\/web.umons.ac.be\/trms\/aides-a-la-societe\/conferences\/","name":"Conf\u00e9rences - Service \/ FAU - Territorialit\u00e9s, R\u00c9g\u00e9n\u00e9rations, MArges &amp; Soc\u00ef\u00e9t\u00e9s | TR\u00e9MaS","isPartOf":{"@id":"https:\/\/web.umons.ac.be\/trms\/#website"},"primaryImageOfPage":{"@id":"https:\/\/web.umons.ac.be\/trms\/aides-a-la-societe\/conferences\/#primaryimage"},"image":{"@id":"https:\/\/web.umons.ac.be\/trms\/aides-a-la-societe\/conferences\/#primaryimage"},"thumbnailUrl":"https:\/\/web.umons.ac.be\/app\/uploads\/sites\/59\/2026\/03\/V3CroiserChienPoliment_Bandeau-1024x366-1-300x107.jpg","datePublished":"2026-03-16T14:15:36+00:00","dateModified":"2026-03-27T13:52:06+00:00","breadcrumb":{"@id":"https:\/\/web.umons.ac.be\/trms\/aides-a-la-societe\/conferences\/#breadcrumb"},"inLanguage":"fr-FR","potentialAction":[{"@type":"ReadAction","target":["https:\/\/web.umons.ac.be\/trms\/aides-a-la-societe\/conferences\/"]}]},{"@type":"ImageObject","inLanguage":"fr-FR","@id":"https:\/\/web.umons.ac.be\/trms\/aides-a-la-societe\/conferences\/#primaryimage","url":"https:\/\/web.umons.ac.be\/app\/uploads\/sites\/59\/2026\/03\/V3CroiserChienPoliment_Bandeau-1024x366-1-300x107.jpg","contentUrl":"https:\/\/web.umons.ac.be\/app\/uploads\/sites\/59\/2026\/03\/V3CroiserChienPoliment_Bandeau-1024x366-1-300x107.jpg"},{"@type":"BreadcrumbList","@id":"https:\/\/web.umons.ac.be\/trms\/aides-a-la-societe\/conferences\/#breadcrumb","itemListElement":[{"@type":"ListItem","position":1,"name":"Home","item":"https:\/\/web.umons.ac.be\/trms\/"},{"@type":"ListItem","position":2,"name":"AIDES A LA SOCIETE","item":"https:\/\/web.umons.ac.be\/trms\/aides-a-la-societe\/"},{"@type":"ListItem","position":3,"name":"Conf\u00e9rences"}]},{"@type":"WebSite","@id":"https:\/\/web.umons.ac.be\/trms\/#website","url":"https:\/\/web.umons.ac.be\/trms\/","name":"Service \/ FAU - Architecture et Soci\u00e9t\u00e9","description":"","potentialAction":[{"@type":"SearchAction","target":{"@type":"EntryPoint","urlTemplate":"https:\/\/web.umons.ac.be\/trms\/?s={search_term_string}"},"query-input":{"@type":"PropertyValueSpecification","valueRequired":true,"valueName":"search_term_string"}}],"inLanguage":"fr-FR"}]}},"lang":"fr","translations":{"fr":259},"pll_sync_post":[],"_links":{"self":[{"href":"https:\/\/web.umons.ac.be\/trms\/wp-json\/wp\/v2\/pages\/259","targetHints":{"allow":["GET"]}}],"collection":[{"href":"https:\/\/web.umons.ac.be\/trms\/wp-json\/wp\/v2\/pages"}],"about":[{"href":"https:\/\/web.umons.ac.be\/trms\/wp-json\/wp\/v2\/types\/page"}],"author":[{"embeddable":true,"href":"https:\/\/web.umons.ac.be\/trms\/wp-json\/wp\/v2\/users\/2"}],"replies":[{"embeddable":true,"href":"https:\/\/web.umons.ac.be\/trms\/wp-json\/wp\/v2\/comments?post=259"}],"version-history":[{"count":3,"href":"https:\/\/web.umons.ac.be\/trms\/wp-json\/wp\/v2\/pages\/259\/revisions"}],"predecessor-version":[{"id":304,"href":"https:\/\/web.umons.ac.be\/trms\/wp-json\/wp\/v2\/pages\/259\/revisions\/304"}],"up":[{"embeddable":true,"href":"https:\/\/web.umons.ac.be\/trms\/wp-json\/wp\/v2\/pages\/253"}],"wp:attachment":[{"href":"https:\/\/web.umons.ac.be\/trms\/wp-json\/wp\/v2\/media?parent=259"}],"curies":[{"name":"wp","href":"https:\/\/api.w.org\/{rel}","templated":true}]}}