{"id":75,"date":"2022-01-11T15:41:34","date_gmt":"2022-01-11T14:41:34","guid":{"rendered":"https:\/\/web.umons.ac.be\/as\/?page_id=75"},"modified":"2026-03-17T11:27:11","modified_gmt":"2026-03-17T10:27:11","slug":"projet-interreg-rhs","status":"publish","type":"page","link":"https:\/\/web.umons.ac.be\/trms\/activites-de-recherche\/projet-interreg-rhs\/","title":{"rendered":"Projet Interreg RHS (R\u00e9seau Hainaut Solidaire)"},"content":{"rendered":"<p><img loading=\"lazy\" decoding=\"async\" class=\"alignnone wp-image-70\" src=\"https:\/\/web.umons.ac.be\/app\/uploads\/sites\/59\/2022\/01\/LogoProjets_RHS-300x121.png\" alt=\"Projet Interreg R\u00e9seau Hainaut Solidaire\" width=\"236\" height=\"95\" srcset=\"https:\/\/web.umons.ac.be\/app\/uploads\/sites\/59\/2022\/01\/LogoProjets_RHS-300x121.png 300w, https:\/\/web.umons.ac.be\/app\/uploads\/sites\/59\/2022\/01\/LogoProjets_RHS-30x12.png 30w, https:\/\/web.umons.ac.be\/app\/uploads\/sites\/59\/2022\/01\/LogoProjets_RHS-60x24.png 60w, https:\/\/web.umons.ac.be\/app\/uploads\/sites\/59\/2022\/01\/LogoProjets_RHS-360x146.png 360w, https:\/\/web.umons.ac.be\/app\/uploads\/sites\/59\/2022\/01\/LogoProjets_RHS.png 682w\" sizes=\"auto, (max-width: 236px) 100vw, 236px\" \/><\/p>\n<p>Le service Architecture et Soci\u00e9t\u00e9 est op\u00e9rateur chef de file du projet transfrontalier Interreg R\u00e9seau Hainaut Solidaire, qu\u2019il m\u00e8ne avec 5 autres partenaires belges\u00a0et fran\u00e7ais (voir rubrique <strong><em>partenaires du projet<\/em><\/strong>). Initi\u00e9e sur deux quartiers pilotes en avril 2018, celui de Dutemple situ\u00e9 \u00e0 Valenciennes et le domaine d\u2019Epinlieu \u00e0 Mons, la recherche-action men\u00e9e dans ce cadre s\u2019\u00e9tendra finalement sur une douzaine de quartiers r\u00e9partis sur les versants belge et fran\u00e7ais et prendra fin en juin 2022.<\/p>\n<p><strong>Objectifs\u00a0<\/strong><\/p>\n<p>Cr\u00e9er et tester des m\u00e9thodologies participatives autour de l\u2019identit\u00e9 territoriale des quartiers et de la co\u00e9ducation, qui soient accessibles et applicables par un large public qui habite ou travaille dans le Nord de la France et la Wallonie, puis les essaimer sur d\u2019autres territoires. Pour cela, des ressources pratiques et p\u00e9dagogiques sont mises \u00e0 disposition sous forme de fiches et vid\u00e9os sur la plateforme en ligne.<\/p>\n<p>Pour atteindre ces objectifs, chercheurs, travailleurs sociaux et habitants partageront leurs savoirs et bonnes pratiques de part et d\u2019autre de la fronti\u00e8re franco-belge.<\/p>\n<p><strong>Objectifs atteints<\/strong><\/p>\n<p>Volet territorial TR\u00e9MaS : Une petite image vaut mieux qu&rsquo;un long discours !<\/p>\n<p><a href=\"https:\/\/web.umons.ac.be\/app\/uploads\/sites\/59\/2026\/02\/20230616_THESE_LarissaRomarizPeixoto.pdf\">Pour plus de d\u00e9tails cliquez sur l&rsquo;image :\u00a0<\/a><\/p>\n<p><a href=\"https:\/\/web.umons.ac.be\/app\/uploads\/sites\/59\/2026\/02\/20230616_THESE_LarissaRomarizPeixoto.pdf\"><img loading=\"lazy\" decoding=\"async\" class=\"alignnone wp-image-222 \" src=\"https:\/\/web.umons.ac.be\/app\/uploads\/sites\/59\/2026\/02\/Presse-papiers-2-300x268.jpg\" alt=\"\" width=\"642\" height=\"573\" srcset=\"https:\/\/web.umons.ac.be\/app\/uploads\/sites\/59\/2026\/02\/Presse-papiers-2-300x268.jpg 300w, https:\/\/web.umons.ac.be\/app\/uploads\/sites\/59\/2026\/02\/Presse-papiers-2-1024x916.jpg 1024w, https:\/\/web.umons.ac.be\/app\/uploads\/sites\/59\/2026\/02\/Presse-papiers-2-768x687.jpg 768w, https:\/\/web.umons.ac.be\/app\/uploads\/sites\/59\/2026\/02\/Presse-papiers-2-738x660.jpg 738w, https:\/\/web.umons.ac.be\/app\/uploads\/sites\/59\/2026\/02\/Presse-papiers-2-30x27.jpg 30w, https:\/\/web.umons.ac.be\/app\/uploads\/sites\/59\/2026\/02\/Presse-papiers-2-60x54.jpg 60w, https:\/\/web.umons.ac.be\/app\/uploads\/sites\/59\/2026\/02\/Presse-papiers-2-360x322.jpg 360w, https:\/\/web.umons.ac.be\/app\/uploads\/sites\/59\/2026\/02\/Presse-papiers-2.jpg 1078w\" sizes=\"auto, (max-width: 642px) 100vw, 642px\" \/><\/a><\/p>\n<p>Pour plus de d\u00e9tail, n\u2019h\u00e9sitez pas \u00e0 visiter le site Internet du projet R\u00e9seau Hainaut Solidaire Ricochets.<\/p>\n<p><strong>CHERCHEURS UMONS Soci&amp;Ter IMPLIQU\u00c9S\u00a0<\/strong><\/p>\n<ul>\n<li>Service Architecture et Soci\u00e9t\u00e9 de la Facult\u00e9 d\u2019Architecture et d\u2019Urbanisme :\n<ul>\n<li>Larissa Romariz Peixoto<\/li>\n<li>Jean-Alexandre Pouleur<\/li>\n<\/ul>\n<\/li>\n<li>Service des Sciences de la Famille de la Facult\u00e9 de Psychologie et Sciences de l\u2019Education\u00a0:\n<ul>\n<li>Willy Lahaye<\/li>\n<li>Bruno Humbeeck<\/li>\n<\/ul>\n<\/li>\n<\/ul>\n<p><strong>Partenaires du projet<\/strong><\/p>\n<p>Partenaires belges<\/p>\n<ul>\n<li>Service Architecture et Soci\u00e9t\u00e9 de la FAU de l\u2019UMONS, partenaire chef de file du projet<\/li>\n<li>Service des Science de la Famille de l\u2019UMONS<\/li>\n<li>CPAS de Mons<\/li>\n<li>Espace Environnement<\/li>\n<\/ul>\n<ul>Partenaires fran\u00e7ais<\/p>\n<li>Association des Centres sociaux de la R\u00e9gion de Valenciennes,<\/li>\n<li>Pop<\/li>\n<li>Laboratoire DeVisu de l\u2019Universit\u00e9 Polytechnique des Hauts de France<\/li>\n<\/ul>\n<p><strong>R\u00e9sultats pratiques<\/strong><\/p>\n<p>Les habitants et les travailleurs de terrain ont su parler vrai avec leur quartier. Ils ont su comprendre ce qui fait que certains quartiers qui apparaissent comme des cages d&rsquo;enfermement sont en fait pour leurs habitants de v\u00e9ritables cocons. En t\u00e9moigne la production de <a href=\"http:\/\/u.osmfr.org\/m\/471223\/\">DUTEMPLE,<\/a> qui est un de ces multiples quartiers transfrontalier du Hainaut victime de cette r\u00e9cession industrielle qui n&rsquo;en fini pas depuis les ann\u00e9es 1970. Cette carte dont les deux films sont passionnants \u00e0 voir est accessible : il suffit de cliquer sur les 2 signes cin\u00e9ma de la carte<a href=\"https:\/\/youtu.be\/JLCEI7mVXj8?feature=shared\"><img loading=\"lazy\" decoding=\"async\" class=\"alignright wp-image-189\" style=\"margin-top: 0px; font-style: normal; font-variant-ligatures: normal; font-variant-caps: normal; font-weight: 400; font-family: 'Helvetica Neue', Helvetica, Arial, sans-serif; font-size: 14px;\" src=\"https:\/\/web.umons.ac.be\/app\/uploads\/sites\/59\/2025\/09\/cine.jpg\" alt=\"\" width=\"41\" height=\"58\" srcset=\"https:\/\/web.umons.ac.be\/app\/uploads\/sites\/59\/2025\/09\/cine.jpg 32w, https:\/\/web.umons.ac.be\/app\/uploads\/sites\/59\/2025\/09\/cine-30x43.jpg 30w\" sizes=\"auto, (max-width: 41px) 100vw, 41px\" \/><\/a><\/p>\n<figure id=\"attachment_195\" aria-describedby=\"caption-attachment-195\" style=\"width: 176px\" class=\"wp-caption alignnone\"><a href=\"https:\/\/umap.openstreetmap.fr\/fr\/map\/visitez-mon-quartier-dutemple-valenciennes-france_471223#15\/50.3618\/3.4951\"><img loading=\"lazy\" decoding=\"async\" class=\"wp-image-195 size-medium\" src=\"https:\/\/web.umons.ac.be\/app\/uploads\/sites\/59\/2025\/09\/DutempleUMAP-176x300.jpg\" alt=\"\" width=\"176\" height=\"300\" srcset=\"https:\/\/web.umons.ac.be\/app\/uploads\/sites\/59\/2025\/09\/DutempleUMAP-176x300.jpg 176w, https:\/\/web.umons.ac.be\/app\/uploads\/sites\/59\/2025\/09\/DutempleUMAP-30x51.jpg 30w, https:\/\/web.umons.ac.be\/app\/uploads\/sites\/59\/2025\/09\/DutempleUMAP-35x60.jpg 35w, https:\/\/web.umons.ac.be\/app\/uploads\/sites\/59\/2025\/09\/DutempleUMAP-360x614.jpg 360w, https:\/\/web.umons.ac.be\/app\/uploads\/sites\/59\/2025\/09\/DutempleUMAP.jpg 375w\" sizes=\"auto, (max-width: 176px) 100vw, 176px\" \/><\/a><figcaption id=\"caption-attachment-195\" class=\"wp-caption-text\">DUTEMPLE carte participative UMAP<\/figcaption><\/figure>\n<p>&nbsp;<\/p>\n<p>Les outils Ricochets qui permettent la participation autour de l\u2019identit\u00e9 territoriale des quartiers et de la co\u00e9ducation sont partag\u00e9s. Ces nombreuses ressources pratiques et p\u00e9dagogiques sont mises \u00e0 disposition sous forme de fiches et vid\u00e9os sur la <a href=\"http:\/\/www.ricochets.eu\">plateforme en ligne<\/a>.<\/p>\n","protected":false},"excerpt":{"rendered":"<p>Le service Architecture et Soci\u00e9t\u00e9 est op\u00e9rateur chef de file du projet transfrontalier Interreg R\u00e9seau Hainaut Solidaire, qu\u2019il m\u00e8ne avec 5 autres partenaires belges\u00a0et fran\u00e7ais (voir rubrique partenaires du projet). Initi\u00e9e sur deux quartiers pilotes en avril 2018, celui de Dutemple situ\u00e9 \u00e0 Valenciennes et le domaine d\u2019Epinlieu \u00e0 Mons, la recherche-action men\u00e9e dans ce [&hellip;]<\/p>\n","protected":false},"author":81,"featured_media":0,"parent":15,"menu_order":0,"comment_status":"closed","ping_status":"closed","template":"","meta":{"footnotes":""},"class_list":["post-75","page","type-page","status-publish","hentry"],"yoast_head":"<!-- This site is optimized with the Yoast SEO plugin v27.2 - https:\/\/yoast.com\/product\/yoast-seo-wordpress\/ -->\n<title>Projet Interreg RHS (R\u00e9seau Hainaut Solidaire) - Service \/ FAU - Territorialit\u00e9s, R\u00c9g\u00e9n\u00e9rations, MArges &amp; Soc\u00ef\u00e9t\u00e9s | TR\u00e9MaS<\/title>\n<meta name=\"description\" content=\"Le projet transfrontalier Interreg RHS, pour R\u00e9seau Hainaut Solidaire vise \u00e0 cr\u00e9er et tester des m\u00e9thodologies participatives autour de l\u2019identit\u00e9 territoriale des quartiers et de la co\u00e9ducation. Pour cela, des ressources pratiques et p\u00e9dagogiques sont mises \u00e0 disposition sous forme de fiches et vid\u00e9os sur la plateforme en ligne www.ricochets.eu, gr\u00e2ce au partage de savoirs et bonnes pratiques entre chercheurs, travailleurs sociaux et habitants de part et d\u2019autre de la fronti\u00e8re franco-belge. Visitez www.projetrhs.eu\" \/>\n<meta name=\"robots\" content=\"index, follow, max-snippet:-1, max-image-preview:large, max-video-preview:-1\" \/>\n<link rel=\"canonical\" href=\"https:\/\/web.umons.ac.be\/trms\/activites-de-recherche\/projet-interreg-rhs\/\" \/>\n<meta property=\"og:locale\" content=\"fr_FR\" \/>\n<meta property=\"og:type\" content=\"article\" \/>\n<meta property=\"og:title\" content=\"Projet Interreg RHS (R\u00e9seau Hainaut Solidaire) - Service \/ FAU - Territorialit\u00e9s, R\u00c9g\u00e9n\u00e9rations, MArges &amp; Soc\u00ef\u00e9t\u00e9s | TR\u00e9MaS\" \/>\n<meta property=\"og:description\" content=\"Le projet transfrontalier Interreg RHS, pour R\u00e9seau Hainaut Solidaire vise \u00e0 cr\u00e9er et tester des m\u00e9thodologies participatives autour de l\u2019identit\u00e9 territoriale des quartiers et de la co\u00e9ducation. Pour cela, des ressources pratiques et p\u00e9dagogiques sont mises \u00e0 disposition sous forme de fiches et vid\u00e9os sur la plateforme en ligne www.ricochets.eu, gr\u00e2ce au partage de savoirs et bonnes pratiques entre chercheurs, travailleurs sociaux et habitants de part et d\u2019autre de la fronti\u00e8re franco-belge. Visitez www.projetrhs.eu\" \/>\n<meta property=\"og:url\" content=\"https:\/\/web.umons.ac.be\/trms\/activites-de-recherche\/projet-interreg-rhs\/\" \/>\n<meta property=\"og:site_name\" content=\"Service \/ FAU - Territorialit\u00e9s, R\u00c9g\u00e9n\u00e9rations, MArges &amp; Soc\u00ef\u00e9t\u00e9s | TR\u00e9MaS\" \/>\n<meta property=\"article:modified_time\" content=\"2026-03-17T10:27:11+00:00\" \/>\n<meta property=\"og:image\" content=\"https:\/\/web.umons.ac.be\/app\/uploads\/sites\/59\/2022\/01\/LogoProjets_RHS.png\" \/>\n\t<meta property=\"og:image:width\" content=\"682\" \/>\n\t<meta property=\"og:image:height\" content=\"276\" \/>\n\t<meta property=\"og:image:type\" content=\"image\/png\" \/>\n<meta name=\"twitter:card\" content=\"summary_large_image\" \/>\n<meta name=\"twitter:label1\" content=\"Dur\u00e9e de lecture estim\u00e9e\" \/>\n\t<meta name=\"twitter:data1\" content=\"4 minutes\" \/>\n<script type=\"application\/ld+json\" class=\"yoast-schema-graph\">{\"@context\":\"https:\/\/schema.org\",\"@graph\":[{\"@type\":\"WebPage\",\"@id\":\"https:\/\/web.umons.ac.be\/trms\/activites-de-recherche\/projet-interreg-rhs\/\",\"url\":\"https:\/\/web.umons.ac.be\/trms\/activites-de-recherche\/projet-interreg-rhs\/\",\"name\":\"Projet Interreg RHS (R\u00e9seau Hainaut Solidaire) - Service \/ FAU - Territorialit\u00e9s, R\u00c9g\u00e9n\u00e9rations, MArges &amp; Soc\u00ef\u00e9t\u00e9s | TR\u00e9MaS\",\"isPartOf\":{\"@id\":\"https:\/\/web.umons.ac.be\/trms\/#website\"},\"primaryImageOfPage\":{\"@id\":\"https:\/\/web.umons.ac.be\/trms\/activites-de-recherche\/projet-interreg-rhs\/#primaryimage\"},\"image\":{\"@id\":\"https:\/\/web.umons.ac.be\/trms\/activites-de-recherche\/projet-interreg-rhs\/#primaryimage\"},\"thumbnailUrl\":\"https:\/\/web.umons.ac.be\/app\/uploads\/sites\/59\/2022\/01\/LogoProjets_RHS-300x121.png\",\"datePublished\":\"2022-01-11T14:41:34+00:00\",\"dateModified\":\"2026-03-17T10:27:11+00:00\",\"description\":\"Le projet transfrontalier Interreg RHS, pour R\u00e9seau Hainaut Solidaire vise \u00e0 cr\u00e9er et tester des m\u00e9thodologies participatives autour de l\u2019identit\u00e9 territoriale des quartiers et de la co\u00e9ducation. Pour cela, des ressources pratiques et p\u00e9dagogiques sont mises \u00e0 disposition sous forme de fiches et vid\u00e9os sur la plateforme en ligne www.ricochets.eu, gr\u00e2ce au partage de savoirs et bonnes pratiques entre chercheurs, travailleurs sociaux et habitants de part et d\u2019autre de la fronti\u00e8re franco-belge. Visitez www.projetrhs.eu\",\"breadcrumb\":{\"@id\":\"https:\/\/web.umons.ac.be\/trms\/activites-de-recherche\/projet-interreg-rhs\/#breadcrumb\"},\"inLanguage\":\"fr-FR\",\"potentialAction\":[{\"@type\":\"ReadAction\",\"target\":[\"https:\/\/web.umons.ac.be\/trms\/activites-de-recherche\/projet-interreg-rhs\/\"]}]},{\"@type\":\"ImageObject\",\"inLanguage\":\"fr-FR\",\"@id\":\"https:\/\/web.umons.ac.be\/trms\/activites-de-recherche\/projet-interreg-rhs\/#primaryimage\",\"url\":\"https:\/\/web.umons.ac.be\/app\/uploads\/sites\/59\/2022\/01\/LogoProjets_RHS-300x121.png\",\"contentUrl\":\"https:\/\/web.umons.ac.be\/app\/uploads\/sites\/59\/2022\/01\/LogoProjets_RHS-300x121.png\"},{\"@type\":\"BreadcrumbList\",\"@id\":\"https:\/\/web.umons.ac.be\/trms\/activites-de-recherche\/projet-interreg-rhs\/#breadcrumb\",\"itemListElement\":[{\"@type\":\"ListItem\",\"position\":1,\"name\":\"Home\",\"item\":\"https:\/\/web.umons.ac.be\/trms\/\"},{\"@type\":\"ListItem\",\"position\":2,\"name\":\"Activit\u00e9s de recherche\",\"item\":\"https:\/\/web.umons.ac.be\/trms\/activites-de-recherche\/\"},{\"@type\":\"ListItem\",\"position\":3,\"name\":\"Projet Interreg RHS (R\u00e9seau Hainaut Solidaire)\"}]},{\"@type\":\"WebSite\",\"@id\":\"https:\/\/web.umons.ac.be\/trms\/#website\",\"url\":\"https:\/\/web.umons.ac.be\/trms\/\",\"name\":\"Service \/ FAU - Architecture et Soci\u00e9t\u00e9\",\"description\":\"\",\"potentialAction\":[{\"@type\":\"SearchAction\",\"target\":{\"@type\":\"EntryPoint\",\"urlTemplate\":\"https:\/\/web.umons.ac.be\/trms\/?s={search_term_string}\"},\"query-input\":{\"@type\":\"PropertyValueSpecification\",\"valueRequired\":true,\"valueName\":\"search_term_string\"}}],\"inLanguage\":\"fr-FR\"}]}<\/script>\n<!-- \/ Yoast SEO plugin. -->","yoast_head_json":{"title":"Projet Interreg RHS (R\u00e9seau Hainaut Solidaire) - Service \/ FAU - Territorialit\u00e9s, R\u00c9g\u00e9n\u00e9rations, MArges &amp; Soc\u00ef\u00e9t\u00e9s | TR\u00e9MaS","description":"Le projet transfrontalier Interreg RHS, pour R\u00e9seau Hainaut Solidaire vise \u00e0 cr\u00e9er et tester des m\u00e9thodologies participatives autour de l\u2019identit\u00e9 territoriale des quartiers et de la co\u00e9ducation. Pour cela, des ressources pratiques et p\u00e9dagogiques sont mises \u00e0 disposition sous forme de fiches et vid\u00e9os sur la plateforme en ligne www.ricochets.eu, gr\u00e2ce au partage de savoirs et bonnes pratiques entre chercheurs, travailleurs sociaux et habitants de part et d\u2019autre de la fronti\u00e8re franco-belge. Visitez www.projetrhs.eu","robots":{"index":"index","follow":"follow","max-snippet":"max-snippet:-1","max-image-preview":"max-image-preview:large","max-video-preview":"max-video-preview:-1"},"canonical":"https:\/\/web.umons.ac.be\/trms\/activites-de-recherche\/projet-interreg-rhs\/","og_locale":"fr_FR","og_type":"article","og_title":"Projet Interreg RHS (R\u00e9seau Hainaut Solidaire) - Service \/ FAU - Territorialit\u00e9s, R\u00c9g\u00e9n\u00e9rations, MArges &amp; Soc\u00ef\u00e9t\u00e9s | TR\u00e9MaS","og_description":"Le projet transfrontalier Interreg RHS, pour R\u00e9seau Hainaut Solidaire vise \u00e0 cr\u00e9er et tester des m\u00e9thodologies participatives autour de l\u2019identit\u00e9 territoriale des quartiers et de la co\u00e9ducation. Pour cela, des ressources pratiques et p\u00e9dagogiques sont mises \u00e0 disposition sous forme de fiches et vid\u00e9os sur la plateforme en ligne www.ricochets.eu, gr\u00e2ce au partage de savoirs et bonnes pratiques entre chercheurs, travailleurs sociaux et habitants de part et d\u2019autre de la fronti\u00e8re franco-belge. Visitez www.projetrhs.eu","og_url":"https:\/\/web.umons.ac.be\/trms\/activites-de-recherche\/projet-interreg-rhs\/","og_site_name":"Service \/ FAU - Territorialit\u00e9s, R\u00c9g\u00e9n\u00e9rations, MArges &amp; Soc\u00ef\u00e9t\u00e9s | TR\u00e9MaS","article_modified_time":"2026-03-17T10:27:11+00:00","og_image":[{"width":682,"height":276,"url":"https:\/\/web.umons.ac.be\/app\/uploads\/sites\/59\/2022\/01\/LogoProjets_RHS.png","type":"image\/png"}],"twitter_card":"summary_large_image","twitter_misc":{"Dur\u00e9e de lecture estim\u00e9e":"4 minutes"},"schema":{"@context":"https:\/\/schema.org","@graph":[{"@type":"WebPage","@id":"https:\/\/web.umons.ac.be\/trms\/activites-de-recherche\/projet-interreg-rhs\/","url":"https:\/\/web.umons.ac.be\/trms\/activites-de-recherche\/projet-interreg-rhs\/","name":"Projet Interreg RHS (R\u00e9seau Hainaut Solidaire) - Service \/ FAU - Territorialit\u00e9s, R\u00c9g\u00e9n\u00e9rations, MArges &amp; Soc\u00ef\u00e9t\u00e9s | TR\u00e9MaS","isPartOf":{"@id":"https:\/\/web.umons.ac.be\/trms\/#website"},"primaryImageOfPage":{"@id":"https:\/\/web.umons.ac.be\/trms\/activites-de-recherche\/projet-interreg-rhs\/#primaryimage"},"image":{"@id":"https:\/\/web.umons.ac.be\/trms\/activites-de-recherche\/projet-interreg-rhs\/#primaryimage"},"thumbnailUrl":"https:\/\/web.umons.ac.be\/app\/uploads\/sites\/59\/2022\/01\/LogoProjets_RHS-300x121.png","datePublished":"2022-01-11T14:41:34+00:00","dateModified":"2026-03-17T10:27:11+00:00","description":"Le projet transfrontalier Interreg RHS, pour R\u00e9seau Hainaut Solidaire vise \u00e0 cr\u00e9er et tester des m\u00e9thodologies participatives autour de l\u2019identit\u00e9 territoriale des quartiers et de la co\u00e9ducation. Pour cela, des ressources pratiques et p\u00e9dagogiques sont mises \u00e0 disposition sous forme de fiches et vid\u00e9os sur la plateforme en ligne www.ricochets.eu, gr\u00e2ce au partage de savoirs et bonnes pratiques entre chercheurs, travailleurs sociaux et habitants de part et d\u2019autre de la fronti\u00e8re franco-belge. Visitez www.projetrhs.eu","breadcrumb":{"@id":"https:\/\/web.umons.ac.be\/trms\/activites-de-recherche\/projet-interreg-rhs\/#breadcrumb"},"inLanguage":"fr-FR","potentialAction":[{"@type":"ReadAction","target":["https:\/\/web.umons.ac.be\/trms\/activites-de-recherche\/projet-interreg-rhs\/"]}]},{"@type":"ImageObject","inLanguage":"fr-FR","@id":"https:\/\/web.umons.ac.be\/trms\/activites-de-recherche\/projet-interreg-rhs\/#primaryimage","url":"https:\/\/web.umons.ac.be\/app\/uploads\/sites\/59\/2022\/01\/LogoProjets_RHS-300x121.png","contentUrl":"https:\/\/web.umons.ac.be\/app\/uploads\/sites\/59\/2022\/01\/LogoProjets_RHS-300x121.png"},{"@type":"BreadcrumbList","@id":"https:\/\/web.umons.ac.be\/trms\/activites-de-recherche\/projet-interreg-rhs\/#breadcrumb","itemListElement":[{"@type":"ListItem","position":1,"name":"Home","item":"https:\/\/web.umons.ac.be\/trms\/"},{"@type":"ListItem","position":2,"name":"Activit\u00e9s de recherche","item":"https:\/\/web.umons.ac.be\/trms\/activites-de-recherche\/"},{"@type":"ListItem","position":3,"name":"Projet Interreg RHS (R\u00e9seau Hainaut Solidaire)"}]},{"@type":"WebSite","@id":"https:\/\/web.umons.ac.be\/trms\/#website","url":"https:\/\/web.umons.ac.be\/trms\/","name":"Service \/ FAU - Architecture et Soci\u00e9t\u00e9","description":"","potentialAction":[{"@type":"SearchAction","target":{"@type":"EntryPoint","urlTemplate":"https:\/\/web.umons.ac.be\/trms\/?s={search_term_string}"},"query-input":{"@type":"PropertyValueSpecification","valueRequired":true,"valueName":"search_term_string"}}],"inLanguage":"fr-FR"}]}},"lang":"fr","translations":{"fr":75},"pll_sync_post":[],"_links":{"self":[{"href":"https:\/\/web.umons.ac.be\/trms\/wp-json\/wp\/v2\/pages\/75","targetHints":{"allow":["GET"]}}],"collection":[{"href":"https:\/\/web.umons.ac.be\/trms\/wp-json\/wp\/v2\/pages"}],"about":[{"href":"https:\/\/web.umons.ac.be\/trms\/wp-json\/wp\/v2\/types\/page"}],"author":[{"embeddable":true,"href":"https:\/\/web.umons.ac.be\/trms\/wp-json\/wp\/v2\/users\/81"}],"replies":[{"embeddable":true,"href":"https:\/\/web.umons.ac.be\/trms\/wp-json\/wp\/v2\/comments?post=75"}],"version-history":[{"count":5,"href":"https:\/\/web.umons.ac.be\/trms\/wp-json\/wp\/v2\/pages\/75\/revisions"}],"predecessor-version":[{"id":289,"href":"https:\/\/web.umons.ac.be\/trms\/wp-json\/wp\/v2\/pages\/75\/revisions\/289"}],"up":[{"embeddable":true,"href":"https:\/\/web.umons.ac.be\/trms\/wp-json\/wp\/v2\/pages\/15"}],"wp:attachment":[{"href":"https:\/\/web.umons.ac.be\/trms\/wp-json\/wp\/v2\/media?parent=75"}],"curies":[{"name":"wp","href":"https:\/\/api.w.org\/{rel}","templated":true}]}}