{"id":85,"date":"2022-01-12T09:56:56","date_gmt":"2022-01-12T08:56:56","guid":{"rendered":"https:\/\/web.umons.ac.be\/as\/?page_id=85"},"modified":"2026-03-16T15:09:03","modified_gmt":"2026-03-16T14:09:03","slug":"projet-wall-e-cities-ue-rw-feder","status":"publish","type":"page","link":"https:\/\/web.umons.ac.be\/trms\/activites-de-recherche\/projet-wall-e-cities-ue-rw-feder\/","title":{"rendered":"Projet Wall-e-cities (UE RW\/FEDER)"},"content":{"rendered":"<p><img loading=\"lazy\" decoding=\"async\" class=\"alignnone size-medium wp-image-93\" src=\"https:\/\/web.umons.ac.be\/app\/uploads\/sites\/59\/2022\/01\/logo_FEDER_FSEWAL-360x108-1-300x90.jpg\" alt=\"\" width=\"300\" height=\"90\" srcset=\"https:\/\/web.umons.ac.be\/app\/uploads\/sites\/59\/2022\/01\/logo_FEDER_FSEWAL-360x108-1-300x90.jpg 300w, https:\/\/web.umons.ac.be\/app\/uploads\/sites\/59\/2022\/01\/logo_FEDER_FSEWAL-360x108-1-30x9.jpg 30w, https:\/\/web.umons.ac.be\/app\/uploads\/sites\/59\/2022\/01\/logo_FEDER_FSEWAL-360x108-1-60x18.jpg 60w, https:\/\/web.umons.ac.be\/app\/uploads\/sites\/59\/2022\/01\/logo_FEDER_FSEWAL-360x108-1.jpg 360w\" sizes=\"auto, (max-width: 300px) 100vw, 300px\" \/><\/p>\n<p>&nbsp;<\/p>\n<p>L\u2019institut Soci&amp;Ter (ex humanOrg) collabore avec l\u2019institut InforTech dans le cadre de ce portefeuille FEDER Wal-e-Cities coordonn\u00e9 par Multitel ayant cr\u00e9\u00e9 le <a href=\"https:\/\/www.multitel.be\/projets\/portefeuille-wal-e-cities\/\">site<\/a> global du projet. Le d\u00e9veloppement de la ville intelligente cr\u00e9e des fen\u00eatres d\u2019opportunit\u00e9s pour la compr\u00e9hension d\u2019attentes soci\u00e9tales \u00e0 spectre large. Dans cette optique, la ville intelligente sera en mesure de participer \u00e0 une dynamique de d\u00e9veloppement qui d\u00e9passe le simple cadre de la vision technologique.<\/p>\n<p><strong>Objectifs\u00a0<\/strong><\/p>\n<p>L\u2019objectif du portefeuille de projet est l\u2019int\u00e9gration du num\u00e9rique dans les politiques locales en Wallonie, pour en faire un territoire connect\u00e9 et intelligent. Le projet est r\u00e9parti en 6 volets : mobilit\u00e9, \u00e9nergie et environnement, gouvernance, living (environnement urbain et bien-\u00eatre du citoyen), communication, \u00e9conomie.<\/p>\n<p><a href=\"https:\/\/web.umons.ac.be\/app\/uploads\/sites\/59\/2025\/12\/WAL-E-CITIES-Fiches-de-recommandations-2021-10-30-PDF-Interactif.pdf\"><img loading=\"lazy\" decoding=\"async\" class=\"alignnone wp-image-211 alignleft\" src=\"https:\/\/web.umons.ac.be\/app\/uploads\/sites\/59\/2026\/01\/Presse-papiers-1-212x300.jpg\" alt=\"\" width=\"141\" height=\"200\" srcset=\"https:\/\/web.umons.ac.be\/app\/uploads\/sites\/59\/2026\/01\/Presse-papiers-1-212x300.jpg 212w, https:\/\/web.umons.ac.be\/app\/uploads\/sites\/59\/2026\/01\/Presse-papiers-1-467x660.jpg 467w, https:\/\/web.umons.ac.be\/app\/uploads\/sites\/59\/2026\/01\/Presse-papiers-1-30x42.jpg 30w, https:\/\/web.umons.ac.be\/app\/uploads\/sites\/59\/2026\/01\/Presse-papiers-1-42x60.jpg 42w, https:\/\/web.umons.ac.be\/app\/uploads\/sites\/59\/2026\/01\/Presse-papiers-1-360x509.jpg 360w, https:\/\/web.umons.ac.be\/app\/uploads\/sites\/59\/2026\/01\/Presse-papiers-1.jpg 591w\" sizes=\"auto, (max-width: 141px) 100vw, 141px\" \/><\/a>L\u2019objectif du projet GOV (Gouvernance urbaine) men\u00e9 par UMONS HumanOrg (devenu Soc&amp;Ter) est d\u2019analyser les relations existantes entre les acteurs (villes, acteurs priv\u00e9s, usagers\u2026) ainsi que leurs besoins et attentes envers la mobilit\u00e9 et la participation citoyenne. La mise en place de projets pilotes a \u00e9t\u00e9 \u00e9galement suivie et \u00e9tudi\u00e9e. L\u2019ensemble des donn\u00e9es r\u00e9colt\u00e9es permettront de proposer des pistes sous forme de <a href=\"https:\/\/web.umons.ac.be\/app\/uploads\/sites\/59\/2025\/12\/WAL-E-CITIES-Fiches-de-recommandations-2021-10-30-PDF-Interactif.pdf\">recommandations<\/a>\u00a0pour les villes wallonnes et les entreprises souhaitant mettre en place une politique smart adapt\u00e9e \u00e0 leur territoire et faciliter l\u2019\u00e9change et le partage d\u2019informations entre les acteurs. Les recommandations permettent gr\u00e2ce \u00e0 une bo\u00eete \u00e0 outil de contourner de nombreux obstacles qui emp\u00eachent de se positionner face aux d\u00e9cisions que n\u00e9cessitent l&rsquo;\u00e9mergence de la ville intelligente. Les recommandations recommandent des choix frugaux afin d&rsquo;\u00eatre r\u00e9ellement utiles.<\/p>\n<p>&nbsp;<\/p>\n<p>La mise en \u0153uvre de ce projet a \u00e9t\u00e9 possible gr\u00e2ce au soutien financier du fonds FEDER et de la Wallonie. Pour plus de d\u00e9tail, n\u2019h\u00e9sitez pas \u00e0 visiter le site Internet du Gouvernant wallon consacr\u00e9 aux Fonds structurels : http:\/\/europe.wallonie.be<\/p>\n<p><strong>Chercheurs UMONS Soci&amp;Ter impliqu\u00e9s<\/strong><\/p>\n<ul>\n<li>Facult\u00e9 d\u2019Architecture et d\u2019Urbanisme\n<ul>\n<li>Marianne Durieux<\/li>\n<li>Pascal Simoens<\/li>\n<li>No\u00e9mie Lago,<\/li>\n<li>Jean Alexandre Pouleur<\/li>\n<\/ul>\n<\/li>\n<\/ul>\n<p><strong>Facult\u00e9 Warocqu\u00e9 d\u2019\u00e9conomie et de gestion<\/strong><\/p>\n<ul>\n<li>Chantal Scoubeau<\/li>\n<\/ul>\n","protected":false},"excerpt":{"rendered":"<p>&nbsp; L\u2019institut Soci&amp;Ter (ex humanOrg) collabore avec l\u2019institut InforTech dans le cadre de ce portefeuille FEDER Wal-e-Cities coordonn\u00e9 par Multitel ayant cr\u00e9\u00e9 le site global du projet. Le d\u00e9veloppement de la ville intelligente cr\u00e9e des fen\u00eatres d\u2019opportunit\u00e9s pour la compr\u00e9hension d\u2019attentes soci\u00e9tales \u00e0 spectre large. Dans cette optique, la ville intelligente sera en mesure de [&hellip;]<\/p>\n","protected":false},"author":81,"featured_media":0,"parent":15,"menu_order":0,"comment_status":"closed","ping_status":"closed","template":"","meta":{"footnotes":""},"class_list":["post-85","page","type-page","status-publish","hentry"],"yoast_head":"<!-- This site is optimized with the Yoast SEO plugin v27.2 - https:\/\/yoast.com\/product\/yoast-seo-wordpress\/ -->\n<title>Projet Wall-e-cities (UE RW\/FEDER) - Service \/ FAU - Territorialit\u00e9s, R\u00c9g\u00e9n\u00e9rations, MArges &amp; Soc\u00ef\u00e9t\u00e9s | TR\u00e9MaS<\/title>\n<meta name=\"robots\" content=\"index, follow, max-snippet:-1, max-image-preview:large, max-video-preview:-1\" \/>\n<link rel=\"canonical\" href=\"https:\/\/web.umons.ac.be\/trms\/activites-de-recherche\/projet-wall-e-cities-ue-rw-feder\/\" \/>\n<meta property=\"og:locale\" content=\"fr_FR\" \/>\n<meta property=\"og:type\" content=\"article\" \/>\n<meta property=\"og:title\" content=\"Projet Wall-e-cities (UE RW\/FEDER) - Service \/ FAU - Territorialit\u00e9s, R\u00c9g\u00e9n\u00e9rations, MArges &amp; Soc\u00ef\u00e9t\u00e9s | TR\u00e9MaS\" \/>\n<meta property=\"og:description\" content=\"&nbsp; L\u2019institut Soci&amp;Ter (ex humanOrg) collabore avec l\u2019institut InforTech dans le cadre de ce portefeuille FEDER Wal-e-Cities coordonn\u00e9 par Multitel ayant cr\u00e9\u00e9 le site global du projet. Le d\u00e9veloppement de la ville intelligente cr\u00e9e des fen\u00eatres d\u2019opportunit\u00e9s pour la compr\u00e9hension d\u2019attentes soci\u00e9tales \u00e0 spectre large. Dans cette optique, la ville intelligente sera en mesure de [&hellip;]\" \/>\n<meta property=\"og:url\" content=\"https:\/\/web.umons.ac.be\/trms\/activites-de-recherche\/projet-wall-e-cities-ue-rw-feder\/\" \/>\n<meta property=\"og:site_name\" content=\"Service \/ FAU - Territorialit\u00e9s, R\u00c9g\u00e9n\u00e9rations, MArges &amp; Soc\u00ef\u00e9t\u00e9s | TR\u00e9MaS\" \/>\n<meta property=\"article:modified_time\" content=\"2026-03-16T14:09:03+00:00\" \/>\n<meta property=\"og:image\" content=\"https:\/\/web.umons.ac.be\/app\/uploads\/sites\/59\/2022\/01\/logo_FEDER_FSEWAL-360x108-1.jpg\" \/>\n\t<meta property=\"og:image:width\" content=\"360\" \/>\n\t<meta property=\"og:image:height\" content=\"108\" \/>\n\t<meta property=\"og:image:type\" content=\"image\/jpeg\" \/>\n<meta name=\"twitter:card\" content=\"summary_large_image\" \/>\n<meta name=\"twitter:label1\" content=\"Dur\u00e9e de lecture estim\u00e9e\" \/>\n\t<meta name=\"twitter:data1\" content=\"2 minutes\" \/>\n<script type=\"application\/ld+json\" class=\"yoast-schema-graph\">{\"@context\":\"https:\/\/schema.org\",\"@graph\":[{\"@type\":\"WebPage\",\"@id\":\"https:\/\/web.umons.ac.be\/trms\/activites-de-recherche\/projet-wall-e-cities-ue-rw-feder\/\",\"url\":\"https:\/\/web.umons.ac.be\/trms\/activites-de-recherche\/projet-wall-e-cities-ue-rw-feder\/\",\"name\":\"Projet Wall-e-cities (UE RW\/FEDER) - Service \/ FAU - Territorialit\u00e9s, R\u00c9g\u00e9n\u00e9rations, MArges &amp; Soc\u00ef\u00e9t\u00e9s | TR\u00e9MaS\",\"isPartOf\":{\"@id\":\"https:\/\/web.umons.ac.be\/trms\/#website\"},\"primaryImageOfPage\":{\"@id\":\"https:\/\/web.umons.ac.be\/trms\/activites-de-recherche\/projet-wall-e-cities-ue-rw-feder\/#primaryimage\"},\"image\":{\"@id\":\"https:\/\/web.umons.ac.be\/trms\/activites-de-recherche\/projet-wall-e-cities-ue-rw-feder\/#primaryimage\"},\"thumbnailUrl\":\"https:\/\/web.umons.ac.be\/app\/uploads\/sites\/59\/2022\/01\/logo_FEDER_FSEWAL-360x108-1-300x90.jpg\",\"datePublished\":\"2022-01-12T08:56:56+00:00\",\"dateModified\":\"2026-03-16T14:09:03+00:00\",\"breadcrumb\":{\"@id\":\"https:\/\/web.umons.ac.be\/trms\/activites-de-recherche\/projet-wall-e-cities-ue-rw-feder\/#breadcrumb\"},\"inLanguage\":\"fr-FR\",\"potentialAction\":[{\"@type\":\"ReadAction\",\"target\":[\"https:\/\/web.umons.ac.be\/trms\/activites-de-recherche\/projet-wall-e-cities-ue-rw-feder\/\"]}]},{\"@type\":\"ImageObject\",\"inLanguage\":\"fr-FR\",\"@id\":\"https:\/\/web.umons.ac.be\/trms\/activites-de-recherche\/projet-wall-e-cities-ue-rw-feder\/#primaryimage\",\"url\":\"https:\/\/web.umons.ac.be\/app\/uploads\/sites\/59\/2022\/01\/logo_FEDER_FSEWAL-360x108-1-300x90.jpg\",\"contentUrl\":\"https:\/\/web.umons.ac.be\/app\/uploads\/sites\/59\/2022\/01\/logo_FEDER_FSEWAL-360x108-1-300x90.jpg\"},{\"@type\":\"BreadcrumbList\",\"@id\":\"https:\/\/web.umons.ac.be\/trms\/activites-de-recherche\/projet-wall-e-cities-ue-rw-feder\/#breadcrumb\",\"itemListElement\":[{\"@type\":\"ListItem\",\"position\":1,\"name\":\"Home\",\"item\":\"https:\/\/web.umons.ac.be\/trms\/\"},{\"@type\":\"ListItem\",\"position\":2,\"name\":\"Activit\u00e9s de recherche\",\"item\":\"https:\/\/web.umons.ac.be\/trms\/activites-de-recherche\/\"},{\"@type\":\"ListItem\",\"position\":3,\"name\":\"Projet Wall-e-cities (UE RW\/FEDER)\"}]},{\"@type\":\"WebSite\",\"@id\":\"https:\/\/web.umons.ac.be\/trms\/#website\",\"url\":\"https:\/\/web.umons.ac.be\/trms\/\",\"name\":\"Service \/ FAU - Architecture et Soci\u00e9t\u00e9\",\"description\":\"\",\"potentialAction\":[{\"@type\":\"SearchAction\",\"target\":{\"@type\":\"EntryPoint\",\"urlTemplate\":\"https:\/\/web.umons.ac.be\/trms\/?s={search_term_string}\"},\"query-input\":{\"@type\":\"PropertyValueSpecification\",\"valueRequired\":true,\"valueName\":\"search_term_string\"}}],\"inLanguage\":\"fr-FR\"}]}<\/script>\n<!-- \/ Yoast SEO plugin. -->","yoast_head_json":{"title":"Projet Wall-e-cities (UE RW\/FEDER) - Service \/ FAU - Territorialit\u00e9s, R\u00c9g\u00e9n\u00e9rations, MArges &amp; Soc\u00ef\u00e9t\u00e9s | TR\u00e9MaS","robots":{"index":"index","follow":"follow","max-snippet":"max-snippet:-1","max-image-preview":"max-image-preview:large","max-video-preview":"max-video-preview:-1"},"canonical":"https:\/\/web.umons.ac.be\/trms\/activites-de-recherche\/projet-wall-e-cities-ue-rw-feder\/","og_locale":"fr_FR","og_type":"article","og_title":"Projet Wall-e-cities (UE RW\/FEDER) - Service \/ FAU - Territorialit\u00e9s, R\u00c9g\u00e9n\u00e9rations, MArges &amp; Soc\u00ef\u00e9t\u00e9s | TR\u00e9MaS","og_description":"&nbsp; L\u2019institut Soci&amp;Ter (ex humanOrg) collabore avec l\u2019institut InforTech dans le cadre de ce portefeuille FEDER Wal-e-Cities coordonn\u00e9 par Multitel ayant cr\u00e9\u00e9 le site global du projet. Le d\u00e9veloppement de la ville intelligente cr\u00e9e des fen\u00eatres d\u2019opportunit\u00e9s pour la compr\u00e9hension d\u2019attentes soci\u00e9tales \u00e0 spectre large. Dans cette optique, la ville intelligente sera en mesure de [&hellip;]","og_url":"https:\/\/web.umons.ac.be\/trms\/activites-de-recherche\/projet-wall-e-cities-ue-rw-feder\/","og_site_name":"Service \/ FAU - Territorialit\u00e9s, R\u00c9g\u00e9n\u00e9rations, MArges &amp; Soc\u00ef\u00e9t\u00e9s | TR\u00e9MaS","article_modified_time":"2026-03-16T14:09:03+00:00","og_image":[{"width":360,"height":108,"url":"https:\/\/web.umons.ac.be\/app\/uploads\/sites\/59\/2022\/01\/logo_FEDER_FSEWAL-360x108-1.jpg","type":"image\/jpeg"}],"twitter_card":"summary_large_image","twitter_misc":{"Dur\u00e9e de lecture estim\u00e9e":"2 minutes"},"schema":{"@context":"https:\/\/schema.org","@graph":[{"@type":"WebPage","@id":"https:\/\/web.umons.ac.be\/trms\/activites-de-recherche\/projet-wall-e-cities-ue-rw-feder\/","url":"https:\/\/web.umons.ac.be\/trms\/activites-de-recherche\/projet-wall-e-cities-ue-rw-feder\/","name":"Projet Wall-e-cities (UE RW\/FEDER) - Service \/ FAU - Territorialit\u00e9s, R\u00c9g\u00e9n\u00e9rations, MArges &amp; Soc\u00ef\u00e9t\u00e9s | TR\u00e9MaS","isPartOf":{"@id":"https:\/\/web.umons.ac.be\/trms\/#website"},"primaryImageOfPage":{"@id":"https:\/\/web.umons.ac.be\/trms\/activites-de-recherche\/projet-wall-e-cities-ue-rw-feder\/#primaryimage"},"image":{"@id":"https:\/\/web.umons.ac.be\/trms\/activites-de-recherche\/projet-wall-e-cities-ue-rw-feder\/#primaryimage"},"thumbnailUrl":"https:\/\/web.umons.ac.be\/app\/uploads\/sites\/59\/2022\/01\/logo_FEDER_FSEWAL-360x108-1-300x90.jpg","datePublished":"2022-01-12T08:56:56+00:00","dateModified":"2026-03-16T14:09:03+00:00","breadcrumb":{"@id":"https:\/\/web.umons.ac.be\/trms\/activites-de-recherche\/projet-wall-e-cities-ue-rw-feder\/#breadcrumb"},"inLanguage":"fr-FR","potentialAction":[{"@type":"ReadAction","target":["https:\/\/web.umons.ac.be\/trms\/activites-de-recherche\/projet-wall-e-cities-ue-rw-feder\/"]}]},{"@type":"ImageObject","inLanguage":"fr-FR","@id":"https:\/\/web.umons.ac.be\/trms\/activites-de-recherche\/projet-wall-e-cities-ue-rw-feder\/#primaryimage","url":"https:\/\/web.umons.ac.be\/app\/uploads\/sites\/59\/2022\/01\/logo_FEDER_FSEWAL-360x108-1-300x90.jpg","contentUrl":"https:\/\/web.umons.ac.be\/app\/uploads\/sites\/59\/2022\/01\/logo_FEDER_FSEWAL-360x108-1-300x90.jpg"},{"@type":"BreadcrumbList","@id":"https:\/\/web.umons.ac.be\/trms\/activites-de-recherche\/projet-wall-e-cities-ue-rw-feder\/#breadcrumb","itemListElement":[{"@type":"ListItem","position":1,"name":"Home","item":"https:\/\/web.umons.ac.be\/trms\/"},{"@type":"ListItem","position":2,"name":"Activit\u00e9s de recherche","item":"https:\/\/web.umons.ac.be\/trms\/activites-de-recherche\/"},{"@type":"ListItem","position":3,"name":"Projet Wall-e-cities (UE RW\/FEDER)"}]},{"@type":"WebSite","@id":"https:\/\/web.umons.ac.be\/trms\/#website","url":"https:\/\/web.umons.ac.be\/trms\/","name":"Service \/ FAU - Architecture et Soci\u00e9t\u00e9","description":"","potentialAction":[{"@type":"SearchAction","target":{"@type":"EntryPoint","urlTemplate":"https:\/\/web.umons.ac.be\/trms\/?s={search_term_string}"},"query-input":{"@type":"PropertyValueSpecification","valueRequired":true,"valueName":"search_term_string"}}],"inLanguage":"fr-FR"}]}},"lang":"fr","translations":{"fr":85},"pll_sync_post":[],"_links":{"self":[{"href":"https:\/\/web.umons.ac.be\/trms\/wp-json\/wp\/v2\/pages\/85","targetHints":{"allow":["GET"]}}],"collection":[{"href":"https:\/\/web.umons.ac.be\/trms\/wp-json\/wp\/v2\/pages"}],"about":[{"href":"https:\/\/web.umons.ac.be\/trms\/wp-json\/wp\/v2\/types\/page"}],"author":[{"embeddable":true,"href":"https:\/\/web.umons.ac.be\/trms\/wp-json\/wp\/v2\/users\/81"}],"replies":[{"embeddable":true,"href":"https:\/\/web.umons.ac.be\/trms\/wp-json\/wp\/v2\/comments?post=85"}],"version-history":[{"count":4,"href":"https:\/\/web.umons.ac.be\/trms\/wp-json\/wp\/v2\/pages\/85\/revisions"}],"predecessor-version":[{"id":215,"href":"https:\/\/web.umons.ac.be\/trms\/wp-json\/wp\/v2\/pages\/85\/revisions\/215"}],"up":[{"embeddable":true,"href":"https:\/\/web.umons.ac.be\/trms\/wp-json\/wp\/v2\/pages\/15"}],"wp:attachment":[{"href":"https:\/\/web.umons.ac.be\/trms\/wp-json\/wp\/v2\/media?parent=85"}],"curies":[{"name":"wp","href":"https:\/\/api.w.org\/{rel}","templated":true}]}}