{"id":9,"date":"2021-10-28T15:33:15","date_gmt":"2021-10-28T13:33:15","guid":{"rendered":"https:\/\/web.umons.ac.be\/as\/home-2\/"},"modified":"2026-03-16T15:04:42","modified_gmt":"2026-03-16T14:04:42","slug":"team","status":"publish","type":"page","link":"https:\/\/web.umons.ac.be\/trms\/en\/team\/","title":{"rendered":"Team"},"content":{"rendered":"<start-cask-shortcode-wrapper><div class=\"service-composition content-block scheme-fau\">\n                        <h3>Service Territorialit\u00e9s, R\u00e9g\u00e9n\u00e9rations, Marges et Soci\u00e9t\u00e9s<\/h3>\n        \n                    <ul class=\"service-members\">\n                                    <li>\n                        <a href=\"mailto:&#106;ean-al&#101;xan&#100;&#114;e&#46;&#112;oul&#101;&#117;r&#64;umo&#110;&#115;.ac.&#98;e\" rel=\"nofollow\" class=\"service-member service-head\">\n                            <div>\n                                <span class=\"member-name\">POULEUR Jean-Alexandre<\/span>\n                                <div class=\"member-type\">Chef de service<\/div>\n                            <\/div>\n\n                            <span class=\"icon umons-icon-email\" aria-hidden=\"true\"><\/span>\n                        <\/a>\n                    <\/li>\n                \n                                    <li>\n                        <a href=\"mailto:&#65;s&#109;&#97;&#46;&#66;&#69;S&#84;&#65;&#77;I&#64;u&#109;&#111;ns.ac&#46;&#98;&#101;\" rel=\"nofollow\" class=\"service-member\">\n                            <span class=\"member-name\">BESTAMI Asma<\/span>\n                            <span class=\"icon umons-icon-email\" aria-hidden=\"true\"><\/span>\n                        <\/a>\n                    <\/li>\n                                    <li>\n                        <a href=\"mailto:lisa.&#114;&#97;nd&#111;u&#114;&#64;umons.ac.&#98;&#101;\" rel=\"nofollow\" class=\"service-member\">\n                            <span class=\"member-name\">RANDOUR Lisa<\/span>\n                            <span class=\"icon umons-icon-email\" aria-hidden=\"true\"><\/span>\n                        <\/a>\n                    <\/li>\n                                    <li>\n                        <a href=\"mailto:&#76;&#97;&#114;&#105;s&#115;a&#46;&#82;&#79;M&#65;R&#73;ZP&#69;IX&#79;&#84;&#79;&#64;&#117;mo&#110;&#115;.&#97;c&#46;b&#101;\" rel=\"nofollow\" class=\"service-member\">\n                            <span class=\"member-name\">ROMARIZ PEIXOTO Larissa<\/span>\n                            <span class=\"icon umons-icon-email\" aria-hidden=\"true\"><\/span>\n                        <\/a>\n                    <\/li>\n                            <\/ul>\n                <p>\n            <a href=\" http:\/\/www.umons.ac.be\/annuaire\" class=\"button button-primary scheme-background scheme-background-hover\" target=\"_blank\" rel=\"nofollow\">\n                More information on the directory                <span class=\"icon umons-icon-book\" aria-hidden=\"true\"><\/span>        \n            <\/a>\n        <\/p>\n    <\/div><end-cask-shortcode-wrapper>\n","protected":false},"excerpt":{"rendered":"","protected":false},"author":4,"featured_media":0,"parent":0,"menu_order":0,"comment_status":"closed","ping_status":"closed","template":"","meta":{"footnotes":""},"class_list":["post-9","page","type-page","status-publish","hentry"],"yoast_head":"<!-- This site is optimized with the Yoast SEO plugin v27.2 - https:\/\/yoast.com\/product\/yoast-seo-wordpress\/ -->\n<title>Team - Service \/ FAU - Territorialit\u00e9s, R\u00c9g\u00e9n\u00e9rations, MArges &amp; Soc\u00ef\u00e9t\u00e9s | TR\u00e9MaS<\/title>\n<meta name=\"robots\" content=\"index, follow, max-snippet:-1, max-image-preview:large, max-video-preview:-1\" \/>\n<link rel=\"canonical\" href=\"https:\/\/web.umons.ac.be\/trms\/en\/team\/\" \/>\n<meta property=\"og:locale\" content=\"fr_FR\" \/>\n<meta property=\"og:type\" content=\"article\" \/>\n<meta property=\"og:title\" content=\"Team - Service \/ FAU - Territorialit\u00e9s, R\u00c9g\u00e9n\u00e9rations, MArges &amp; Soc\u00ef\u00e9t\u00e9s | TR\u00e9MaS\" \/>\n<meta property=\"og:url\" content=\"https:\/\/web.umons.ac.be\/trms\/en\/team\/\" \/>\n<meta property=\"og:site_name\" content=\"Service \/ FAU - Territorialit\u00e9s, R\u00c9g\u00e9n\u00e9rations, MArges &amp; Soc\u00ef\u00e9t\u00e9s | TR\u00e9MaS\" \/>\n<meta property=\"article:modified_time\" content=\"2026-03-16T14:04:42+00:00\" \/>\n<meta name=\"twitter:card\" content=\"summary_large_image\" \/>\n<meta name=\"twitter:label1\" content=\"Dur\u00e9e de lecture estim\u00e9e\" \/>\n\t<meta name=\"twitter:data1\" content=\"1 minute\" \/>\n<script type=\"application\/ld+json\" class=\"yoast-schema-graph\">{\"@context\":\"https:\/\/schema.org\",\"@graph\":[{\"@type\":\"WebPage\",\"@id\":\"https:\/\/web.umons.ac.be\/trms\/en\/team\/\",\"url\":\"https:\/\/web.umons.ac.be\/trms\/en\/team\/\",\"name\":\"Team - Service \/ FAU - Territorialit\u00e9s, R\u00c9g\u00e9n\u00e9rations, MArges &amp; Soc\u00ef\u00e9t\u00e9s | TR\u00e9MaS\",\"isPartOf\":{\"@id\":\"https:\/\/web.umons.ac.be\/trms\/#website\"},\"datePublished\":\"2021-10-28T13:33:15+00:00\",\"dateModified\":\"2026-03-16T14:04:42+00:00\",\"breadcrumb\":{\"@id\":\"https:\/\/web.umons.ac.be\/trms\/en\/team\/#breadcrumb\"},\"inLanguage\":\"fr-FR\",\"potentialAction\":[{\"@type\":\"ReadAction\",\"target\":[\"https:\/\/web.umons.ac.be\/trms\/en\/team\/\"]}]},{\"@type\":\"BreadcrumbList\",\"@id\":\"https:\/\/web.umons.ac.be\/trms\/en\/team\/#breadcrumb\",\"itemListElement\":[{\"@type\":\"ListItem\",\"position\":1,\"name\":\"Home\",\"item\":\"https:\/\/web.umons.ac.be\/trms\/\"},{\"@type\":\"ListItem\",\"position\":2,\"name\":\"Team\"}]},{\"@type\":\"WebSite\",\"@id\":\"https:\/\/web.umons.ac.be\/trms\/#website\",\"url\":\"https:\/\/web.umons.ac.be\/trms\/\",\"name\":\"Service \/ FAU - Architecture et Soci\u00e9t\u00e9\",\"description\":\"\",\"potentialAction\":[{\"@type\":\"SearchAction\",\"target\":{\"@type\":\"EntryPoint\",\"urlTemplate\":\"https:\/\/web.umons.ac.be\/trms\/?s={search_term_string}\"},\"query-input\":{\"@type\":\"PropertyValueSpecification\",\"valueRequired\":true,\"valueName\":\"search_term_string\"}}],\"inLanguage\":\"fr-FR\"}]}<\/script>\n<!-- \/ Yoast SEO plugin. -->","yoast_head_json":{"title":"Team - Service \/ FAU - Territorialit\u00e9s, R\u00c9g\u00e9n\u00e9rations, MArges &amp; Soc\u00ef\u00e9t\u00e9s | TR\u00e9MaS","robots":{"index":"index","follow":"follow","max-snippet":"max-snippet:-1","max-image-preview":"max-image-preview:large","max-video-preview":"max-video-preview:-1"},"canonical":"https:\/\/web.umons.ac.be\/trms\/en\/team\/","og_locale":"fr_FR","og_type":"article","og_title":"Team - Service \/ FAU - Territorialit\u00e9s, R\u00c9g\u00e9n\u00e9rations, MArges &amp; Soc\u00ef\u00e9t\u00e9s | TR\u00e9MaS","og_url":"https:\/\/web.umons.ac.be\/trms\/en\/team\/","og_site_name":"Service \/ FAU - Territorialit\u00e9s, R\u00c9g\u00e9n\u00e9rations, MArges &amp; Soc\u00ef\u00e9t\u00e9s | TR\u00e9MaS","article_modified_time":"2026-03-16T14:04:42+00:00","twitter_card":"summary_large_image","twitter_misc":{"Dur\u00e9e de lecture estim\u00e9e":"1 minute"},"schema":{"@context":"https:\/\/schema.org","@graph":[{"@type":"WebPage","@id":"https:\/\/web.umons.ac.be\/trms\/en\/team\/","url":"https:\/\/web.umons.ac.be\/trms\/en\/team\/","name":"Team - Service \/ FAU - Territorialit\u00e9s, R\u00c9g\u00e9n\u00e9rations, MArges &amp; Soc\u00ef\u00e9t\u00e9s | TR\u00e9MaS","isPartOf":{"@id":"https:\/\/web.umons.ac.be\/trms\/#website"},"datePublished":"2021-10-28T13:33:15+00:00","dateModified":"2026-03-16T14:04:42+00:00","breadcrumb":{"@id":"https:\/\/web.umons.ac.be\/trms\/en\/team\/#breadcrumb"},"inLanguage":"fr-FR","potentialAction":[{"@type":"ReadAction","target":["https:\/\/web.umons.ac.be\/trms\/en\/team\/"]}]},{"@type":"BreadcrumbList","@id":"https:\/\/web.umons.ac.be\/trms\/en\/team\/#breadcrumb","itemListElement":[{"@type":"ListItem","position":1,"name":"Home","item":"https:\/\/web.umons.ac.be\/trms\/"},{"@type":"ListItem","position":2,"name":"Team"}]},{"@type":"WebSite","@id":"https:\/\/web.umons.ac.be\/trms\/#website","url":"https:\/\/web.umons.ac.be\/trms\/","name":"Service \/ FAU - Architecture et Soci\u00e9t\u00e9","description":"","potentialAction":[{"@type":"SearchAction","target":{"@type":"EntryPoint","urlTemplate":"https:\/\/web.umons.ac.be\/trms\/?s={search_term_string}"},"query-input":{"@type":"PropertyValueSpecification","valueRequired":true,"valueName":"search_term_string"}}],"inLanguage":"fr-FR"}]}},"lang":"en","translations":{"en":9,"fr":7},"pll_sync_post":[],"_links":{"self":[{"href":"https:\/\/web.umons.ac.be\/trms\/wp-json\/wp\/v2\/pages\/9","targetHints":{"allow":["GET"]}}],"collection":[{"href":"https:\/\/web.umons.ac.be\/trms\/wp-json\/wp\/v2\/pages"}],"about":[{"href":"https:\/\/web.umons.ac.be\/trms\/wp-json\/wp\/v2\/types\/page"}],"author":[{"embeddable":true,"href":"https:\/\/web.umons.ac.be\/trms\/wp-json\/wp\/v2\/users\/4"}],"replies":[{"embeddable":true,"href":"https:\/\/web.umons.ac.be\/trms\/wp-json\/wp\/v2\/comments?post=9"}],"version-history":[{"count":1,"href":"https:\/\/web.umons.ac.be\/trms\/wp-json\/wp\/v2\/pages\/9\/revisions"}],"predecessor-version":[{"id":57,"href":"https:\/\/web.umons.ac.be\/trms\/wp-json\/wp\/v2\/pages\/9\/revisions\/57"}],"wp:attachment":[{"href":"https:\/\/web.umons.ac.be\/trms\/wp-json\/wp\/v2\/media?parent=9"}],"curies":[{"name":"wp","href":"https:\/\/api.w.org\/{rel}","templated":true}]}}