{"id":70,"date":"2026-03-17T16:15:49","date_gmt":"2026-03-17T15:15:49","guid":{"rendered":"https:\/\/web.umons.ac.be\/urba\/?page_id=70"},"modified":"2026-03-18T10:18:40","modified_gmt":"2026-03-18T09:18:40","slug":"cours","status":"publish","type":"page","link":"https:\/\/web.umons.ac.be\/urba\/activites-denseignement\/cours\/","title":{"rendered":"Cours"},"content":{"rendered":"<div id=\"yui_3_18_1_1_1773825449037_23\" class=\"coursebox clearfix odd first collapsed\" data-courseid=\"4888\" data-type=\"1\">\n<div id=\"yui_3_18_1_1_1773825449037_22\" class=\"info\">\n<div class=\"coursename\"><a class=\"aalink\" href=\"https:\/\/moodle.umons.ac.be\/course\/view.php?id=4888\">D\u00e9veloppement territorial: concevoir par les mobilit\u00e9s<\/a><\/div>\n<div class=\"moreinfo\"><\/div>\n<\/div>\n<\/div>\n<div class=\"coursebox clearfix even collapsed\" data-courseid=\"4719\" data-type=\"1\">\n<div class=\"info\">\n<div class=\"coursename\"><a class=\"aalink\" href=\"https:\/\/moodle.umons.ac.be\/course\/view.php?id=4719\">Int\u00e9gration du vivant dans les projets des villes et territoires<\/a><\/div>\n<div class=\"moreinfo\"><\/div>\n<\/div>\n<\/div>\n<div class=\"coursebox clearfix odd collapsed\" data-courseid=\"4594\" data-type=\"1\">\n<div class=\"info\">\n<div class=\"coursename\"><a class=\"aalink\" href=\"https:\/\/moodle.umons.ac.be\/course\/view.php?id=4594\">Analyse des milieux<\/a><\/div>\n<div class=\"moreinfo\"><\/div>\n<\/div>\n<\/div>\n<div class=\"coursebox clearfix even collapsed\" data-courseid=\"4582\" data-type=\"1\">\n<div class=\"info\">\n<div class=\"coursename\"><a class=\"aalink\" href=\"https:\/\/moodle.umons.ac.be\/course\/view.php?id=4582\">Travail de fin d&rsquo;\u00e9tudes<\/a><\/div>\n<div class=\"moreinfo\"><\/div>\n<\/div>\n<\/div>\n<div class=\"coursebox clearfix odd collapsed\" data-courseid=\"1716\" data-type=\"1\">\n<div class=\"info\">\n<div class=\"coursename\"><a class=\"aalink\" href=\"https:\/\/moodle.umons.ac.be\/course\/view.php?id=1716\">Anthropologie des espaces<\/a><\/div>\n<div class=\"moreinfo\"><\/div>\n<\/div>\n<\/div>\n<div class=\"coursebox clearfix even collapsed\" data-courseid=\"587\" data-type=\"1\">\n<div class=\"info\">\n<div class=\"coursename\"><a class=\"aalink\" href=\"https:\/\/moodle.umons.ac.be\/course\/view.php?id=587\">Architectures et patrimoines<\/a><\/div>\n<div class=\"moreinfo\"><\/div>\n<\/div>\n<\/div>\n<div class=\"coursebox clearfix odd collapsed\" data-courseid=\"544\" data-type=\"1\">\n<div class=\"info\">\n<div class=\"coursename\"><a class=\"aalink\" href=\"https:\/\/moodle.umons.ac.be\/course\/view.php?id=544\">Architectures et patrimoines<\/a><\/div>\n<div class=\"moreinfo\"><\/div>\n<\/div>\n<\/div>\n<div class=\"coursebox clearfix even collapsed\" data-courseid=\"1551\" data-type=\"1\">\n<div class=\"info\">\n<div class=\"coursename\"><a class=\"aalink\" href=\"https:\/\/moodle.umons.ac.be\/course\/view.php?id=1551\">Architectures, d\u00e9veloppements local et r\u00e9gional, urbanit\u00e9s<\/a><\/div>\n<div class=\"moreinfo\"><\/div>\n<\/div>\n<\/div>\n<div class=\"coursebox clearfix odd collapsed\" data-courseid=\"562\" data-type=\"1\">\n<div class=\"info\">\n<div class=\"coursename\"><a class=\"aalink\" href=\"https:\/\/moodle.umons.ac.be\/course\/view.php?id=562\">ATSP \u2013 Esquisse de programmations : analyse et enjeux du m\u00e9nagement<\/a><\/div>\n<div class=\"moreinfo\"><\/div>\n<\/div>\n<\/div>\n<div class=\"coursebox clearfix even collapsed\" data-courseid=\"1323\" data-type=\"1\">\n<div class=\"info\">\n<div class=\"coursename\"><a class=\"aalink\" href=\"https:\/\/moodle.umons.ac.be\/course\/view.php?id=1323\">Compl\u00e9ment d&rsquo;analyse et lecture du paysage<\/a><\/div>\n<div class=\"moreinfo\"><\/div>\n<\/div>\n<\/div>\n<div class=\"coursebox clearfix odd collapsed\" data-courseid=\"3561\" data-type=\"1\">\n<div class=\"info\">\n<div class=\"coursename\"><a class=\"aalink\" href=\"https:\/\/moodle.umons.ac.be\/course\/view.php?id=3561\">Conception environnementale, du b\u00e2timent \u00e0 la ville<\/a><\/div>\n<div class=\"moreinfo\"><\/div>\n<\/div>\n<\/div>\n<div class=\"coursebox clearfix even collapsed\" data-courseid=\"511\" data-type=\"1\">\n<div class=\"info\">\n<div class=\"coursename\"><a class=\"aalink\" href=\"https:\/\/moodle.umons.ac.be\/course\/view.php?id=511\">Conception urbaine, ville et adaptation<\/a><\/div>\n<div class=\"moreinfo\"><\/div>\n<\/div>\n<\/div>\n<div class=\"coursebox clearfix odd collapsed\" data-courseid=\"3215\" data-type=\"1\">\n<div class=\"info\">\n<div class=\"coursename\"><a class=\"aalink\" href=\"https:\/\/moodle.umons.ac.be\/course\/view.php?id=3215\">D\u00e9ontologie, responsabilit\u00e9, \u00e9thique et politique de la pratique professionnelle<\/a><\/div>\n<div class=\"moreinfo\"><\/div>\n<\/div>\n<\/div>\n<div class=\"coursebox clearfix even collapsed\" data-courseid=\"2371\" data-type=\"1\">\n<div class=\"info\">\n<div class=\"coursename\"><a class=\"aalink\" href=\"https:\/\/moodle.umons.ac.be\/course\/view.php?id=2371\">Sobri\u00e9t\u00e9 fonci\u00e8re : constats, enjeux et perspectives de planification<\/a><\/div>\n<div class=\"moreinfo\"><\/div>\n<\/div>\n<\/div>\n<div class=\"coursebox clearfix odd collapsed\" data-courseid=\"694\" data-type=\"1\">\n<div class=\"info\">\n<div class=\"coursename\"><a class=\"aalink\" href=\"https:\/\/moodle.umons.ac.be\/course\/view.php?id=694\">Ecologie et architecture durable<\/a><\/div>\n<div class=\"moreinfo\"><\/div>\n<\/div>\n<\/div>\n<div class=\"coursebox clearfix even collapsed\" data-courseid=\"3216\" data-type=\"1\">\n<div class=\"info\">\n<div class=\"coursename\"><a class=\"aalink\" href=\"https:\/\/moodle.umons.ac.be\/course\/view.php?id=3216\">Exercice de la profession<\/a><\/div>\n<div class=\"moreinfo\"><\/div>\n<\/div>\n<\/div>\n<div class=\"coursebox clearfix odd collapsed\" data-courseid=\"1834\" data-type=\"1\">\n<div class=\"info\">\n<div class=\"coursename\"><a class=\"aalink\" href=\"https:\/\/moodle.umons.ac.be\/course\/view.php?id=1834\">Gestion des r\u00e9seaux urbains<\/a><\/div>\n<div class=\"moreinfo\"><\/div>\n<\/div>\n<\/div>\n<div class=\"coursebox clearfix even collapsed\" data-courseid=\"607\" data-type=\"1\">\n<div class=\"info\">\n<div class=\"coursename\"><a class=\"aalink\" href=\"https:\/\/moodle.umons.ac.be\/course\/view.php?id=607\">Histoire et th\u00e9ories du paysage<\/a><\/div>\n<div class=\"moreinfo\"><\/div>\n<\/div>\n<\/div>\n<div class=\"coursebox clearfix odd collapsed\" data-courseid=\"1888\" data-type=\"1\">\n<div class=\"info\">\n<div class=\"coursename\"><a class=\"aalink\" href=\"https:\/\/moodle.umons.ac.be\/course\/view.php?id=1888\">Ing\u00e9nierie urbaine<\/a><\/div>\n<div class=\"moreinfo\"><\/div>\n<\/div>\n<\/div>\n<div class=\"coursebox clearfix even last collapsed\" data-courseid=\"2346\" data-type=\"1\">\n<div class=\"info\">\n<div class=\"coursename\"><a class=\"aalink\" href=\"https:\/\/moodle.umons.ac.be\/course\/view.php?id=2346\">L&rsquo;action publique \u00e0 l&rsquo;\u00e9preuve de la sobri\u00e9t\u00e9 fonci\u00e8re<\/a><\/div>\n<div><\/div>\n<div class=\"moreinfo\">\n<div class=\"coursebox clearfix odd first collapsed\" data-courseid=\"1865\" data-type=\"1\">\n<div class=\"info\">\n<div class=\"coursename\"><a class=\"aalink\" href=\"https:\/\/moodle.umons.ac.be\/course\/view.php?id=1865\">Mobilit\u00e9 et mod\u00e9lisation urbaine<\/a><\/div>\n<div class=\"moreinfo\"><\/div>\n<\/div>\n<\/div>\n<div class=\"coursebox clearfix even collapsed\" data-courseid=\"2345\" data-type=\"1\">\n<div class=\"info\">\n<div class=\"coursename\"><a class=\"aalink\" href=\"https:\/\/moodle.umons.ac.be\/course\/view.php?id=2345\">Montage de projet : processus et syst\u00e8mes d&rsquo;acteurs<\/a><\/div>\n<div class=\"moreinfo\"><\/div>\n<\/div>\n<\/div>\n<div class=\"coursebox clearfix odd collapsed\" data-courseid=\"2175\" data-type=\"1\">\n<div class=\"info\">\n<div class=\"coursename\"><a class=\"aalink\" href=\"https:\/\/moodle.umons.ac.be\/course\/view.php?id=2175\">Mutations morphologiques et repr\u00e9sentations territoriales<\/a><\/div>\n<div class=\"moreinfo\"><\/div>\n<\/div>\n<\/div>\n<div class=\"coursebox clearfix even collapsed\" data-courseid=\"610\" data-type=\"1\">\n<div class=\"info\">\n<div class=\"coursename\"><a class=\"aalink\" href=\"https:\/\/moodle.umons.ac.be\/course\/view.php?id=610\">Outils de l&rsquo;urbanisme et de l&rsquo;am\u00e9nagement du territoire<\/a><\/div>\n<div class=\"moreinfo\"><\/div>\n<\/div>\n<\/div>\n<div class=\"coursebox clearfix odd collapsed\" data-courseid=\"1680\" data-type=\"1\">\n<div class=\"info\">\n<div class=\"coursename\"><a class=\"aalink\" href=\"https:\/\/moodle.umons.ac.be\/course\/view.php?id=1680\">Qualit\u00e9 de l&rsquo;espace public<\/a><\/div>\n<div class=\"moreinfo\"><\/div>\n<\/div>\n<\/div>\n<div class=\"coursebox clearfix even collapsed\" data-courseid=\"611\" data-type=\"1\">\n<div class=\"info\">\n<div class=\"coursename\"><a class=\"aalink\" href=\"https:\/\/moodle.umons.ac.be\/course\/view.php?id=611\">Repr\u00e9sentation des territoires; typo-morphologie<\/a><\/div>\n<div class=\"moreinfo\"><\/div>\n<\/div>\n<\/div>\n<div class=\"coursebox clearfix odd collapsed\" data-courseid=\"2344\" data-type=\"1\">\n<div class=\"info\">\n<div class=\"coursename\"><a class=\"aalink\" href=\"https:\/\/moodle.umons.ac.be\/course\/view.php?id=2344\">R\u00e9seaux \u00e9cologiques : une lecture territoriale par les trames<\/a><\/div>\n<div class=\"moreinfo\"><\/div>\n<\/div>\n<\/div>\n<div class=\"coursebox clearfix even collapsed\" data-courseid=\"1064\" data-type=\"1\">\n<div class=\"info\">\n<div class=\"coursename\"><a class=\"aalink\" href=\"https:\/\/moodle.umons.ac.be\/course\/view.php?id=1064\">R\u00e9silience et actions climatiques<\/a><\/div>\n<div class=\"moreinfo\"><\/div>\n<\/div>\n<\/div>\n<div class=\"coursebox clearfix odd collapsed\" data-courseid=\"1063\" data-type=\"1\">\n<div class=\"info\">\n<div class=\"coursename\"><a class=\"aalink\" href=\"https:\/\/moodle.umons.ac.be\/course\/view.php?id=1063\">Sociologie de l&rsquo;habitat &#8211; Mixit\u00e9<\/a><\/div>\n<div class=\"moreinfo\"><\/div>\n<\/div>\n<\/div>\n<div class=\"coursebox clearfix even collapsed\" data-courseid=\"4566\" data-type=\"1\">\n<div class=\"info\">\n<div class=\"coursename\"><a class=\"aalink\" href=\"https:\/\/moodle.umons.ac.be\/course\/view.php?id=4566\">Techniques de repr\u00e9sentation<\/a><\/div>\n<div class=\"enrolmenticons\"><\/div>\n<\/div>\n<\/div>\n<div class=\"coursebox clearfix odd collapsed\" data-courseid=\"724\" data-type=\"1\">\n<div class=\"info\">\n<div class=\"coursename\"><a class=\"aalink\" href=\"https:\/\/moodle.umons.ac.be\/course\/view.php?id=724\">Travail de fin d&rsquo;\u00e9tudes<\/a><\/div>\n<div class=\"moreinfo\"><\/div>\n<\/div>\n<\/div>\n<div class=\"coursebox clearfix even collapsed\" data-courseid=\"645\" data-type=\"1\">\n<div class=\"info\">\n<div class=\"coursename\"><a class=\"aalink\" href=\"https:\/\/moodle.umons.ac.be\/course\/view.php?id=645\">Urbanisme I<\/a><\/div>\n<div class=\"moreinfo\"><\/div>\n<\/div>\n<\/div>\n<div class=\"coursebox clearfix odd collapsed\" data-courseid=\"646\" data-type=\"1\">\n<div class=\"info\">\n<div class=\"coursename\"><a class=\"aalink\" href=\"https:\/\/moodle.umons.ac.be\/course\/view.php?id=646\">Urbanisme II<\/a><\/div>\n<div class=\"moreinfo\"><\/div>\n<\/div>\n<\/div>\n<div class=\"coursebox clearfix even collapsed\" data-courseid=\"647\" data-type=\"1\">\n<div class=\"info\">\n<div class=\"coursename\"><a class=\"aalink\" href=\"https:\/\/moodle.umons.ac.be\/course\/view.php?id=647\">Urbanisme III &#8211; Diagnostic territorial<\/a><\/div>\n<div class=\"moreinfo\"><\/div>\n<\/div>\n<\/div>\n<div class=\"coursebox clearfix odd last collapsed\" data-courseid=\"1887\" data-type=\"1\">\n<div class=\"info\">\n<div class=\"coursename\"><a class=\"aalink\" href=\"https:\/\/moodle.umons.ac.be\/course\/view.php?id=1887\">Ville num\u00e9rique (SIG, TIC, Smartcities)<\/a><\/div>\n<div class=\"moreinfo\"><\/div>\n<\/div>\n<\/div>\n<nav class=\"pagination pagination-centered justify-content-center\" aria-label=\"Page\">\n<ul class=\"mt-1 pagination \" data-page-size=\"20\">\n<li class=\"page-item\" data-page-number=\"1\"><\/li>\n<\/ul>\n<\/nav>\n<\/div>\n<\/div>\n<\/div>\n","protected":false},"excerpt":{"rendered":"<p>D\u00e9veloppement territorial: concevoir par les mobilit\u00e9s Int\u00e9gration du vivant dans les projets des villes et territoires Analyse des milieux Travail de fin d&rsquo;\u00e9tudes Anthropologie des espaces Architectures et patrimoines Architectures et patrimoines Architectures, d\u00e9veloppements local et r\u00e9gional, urbanit\u00e9s ATSP \u2013 Esquisse de programmations : analyse et enjeux du m\u00e9nagement Compl\u00e9ment d&rsquo;analyse et lecture du paysage [&hellip;]<\/p>\n","protected":false},"author":2,"featured_media":0,"parent":11,"menu_order":0,"comment_status":"closed","ping_status":"closed","template":"","meta":{"footnotes":""},"class_list":["post-70","page","type-page","status-publish","hentry"],"yoast_head":"<!-- This site is optimized with the Yoast SEO plugin v27.2 - https:\/\/yoast.com\/product\/yoast-seo-wordpress\/ -->\n<title>Cours - Service \/ FAU - Urbanisme et Adaptation<\/title>\n<meta name=\"robots\" content=\"index, follow, max-snippet:-1, max-image-preview:large, max-video-preview:-1\" \/>\n<link rel=\"canonical\" href=\"https:\/\/web.umons.ac.be\/urba\/activites-denseignement\/cours\/\" \/>\n<meta property=\"og:locale\" content=\"fr_FR\" \/>\n<meta property=\"og:type\" content=\"article\" \/>\n<meta property=\"og:title\" content=\"Cours - Service \/ FAU - Urbanisme et Adaptation\" \/>\n<meta property=\"og:description\" content=\"D\u00e9veloppement territorial: concevoir par les mobilit\u00e9s Int\u00e9gration du vivant dans les projets des villes et territoires Analyse des milieux Travail de fin d&rsquo;\u00e9tudes Anthropologie des espaces Architectures et patrimoines Architectures et patrimoines Architectures, d\u00e9veloppements local et r\u00e9gional, urbanit\u00e9s ATSP \u2013 Esquisse de programmations : analyse et enjeux du m\u00e9nagement Compl\u00e9ment d&rsquo;analyse et lecture du paysage [&hellip;]\" \/>\n<meta property=\"og:url\" content=\"https:\/\/web.umons.ac.be\/urba\/activites-denseignement\/cours\/\" \/>\n<meta property=\"og:site_name\" content=\"Service \/ FAU - Urbanisme et Adaptation\" \/>\n<meta property=\"article:modified_time\" content=\"2026-03-18T09:18:40+00:00\" \/>\n<meta name=\"twitter:card\" content=\"summary_large_image\" \/>\n<meta name=\"twitter:label1\" content=\"Dur\u00e9e de lecture estim\u00e9e\" \/>\n\t<meta name=\"twitter:data1\" content=\"1 minute\" \/>\n<script type=\"application\/ld+json\" class=\"yoast-schema-graph\">{\"@context\":\"https:\/\/schema.org\",\"@graph\":[{\"@type\":\"WebPage\",\"@id\":\"https:\/\/web.umons.ac.be\/urba\/activites-denseignement\/cours\/\",\"url\":\"https:\/\/web.umons.ac.be\/urba\/activites-denseignement\/cours\/\",\"name\":\"Cours - Service \/ FAU - Urbanisme et Adaptation\",\"isPartOf\":{\"@id\":\"https:\/\/web.umons.ac.be\/urba\/#website\"},\"datePublished\":\"2026-03-17T15:15:49+00:00\",\"dateModified\":\"2026-03-18T09:18:40+00:00\",\"breadcrumb\":{\"@id\":\"https:\/\/web.umons.ac.be\/urba\/activites-denseignement\/cours\/#breadcrumb\"},\"inLanguage\":\"fr-FR\",\"potentialAction\":[{\"@type\":\"ReadAction\",\"target\":[\"https:\/\/web.umons.ac.be\/urba\/activites-denseignement\/cours\/\"]}]},{\"@type\":\"BreadcrumbList\",\"@id\":\"https:\/\/web.umons.ac.be\/urba\/activites-denseignement\/cours\/#breadcrumb\",\"itemListElement\":[{\"@type\":\"ListItem\",\"position\":1,\"name\":\"Home\",\"item\":\"https:\/\/web.umons.ac.be\/urba\/\"},{\"@type\":\"ListItem\",\"position\":2,\"name\":\"Activit\u00e9s d&rsquo;enseignement\",\"item\":\"https:\/\/web.umons.ac.be\/urba\/activites-denseignement\/\"},{\"@type\":\"ListItem\",\"position\":3,\"name\":\"Cours\"}]},{\"@type\":\"WebSite\",\"@id\":\"https:\/\/web.umons.ac.be\/urba\/#website\",\"url\":\"https:\/\/web.umons.ac.be\/urba\/\",\"name\":\"Service \/ FAU - Urbanisme et Adaptation\",\"description\":\"\",\"potentialAction\":[{\"@type\":\"SearchAction\",\"target\":{\"@type\":\"EntryPoint\",\"urlTemplate\":\"https:\/\/web.umons.ac.be\/urba\/?s={search_term_string}\"},\"query-input\":{\"@type\":\"PropertyValueSpecification\",\"valueRequired\":true,\"valueName\":\"search_term_string\"}}],\"inLanguage\":\"fr-FR\"}]}<\/script>\n<!-- \/ Yoast SEO plugin. -->","yoast_head_json":{"title":"Cours - Service \/ FAU - Urbanisme et Adaptation","robots":{"index":"index","follow":"follow","max-snippet":"max-snippet:-1","max-image-preview":"max-image-preview:large","max-video-preview":"max-video-preview:-1"},"canonical":"https:\/\/web.umons.ac.be\/urba\/activites-denseignement\/cours\/","og_locale":"fr_FR","og_type":"article","og_title":"Cours - Service \/ FAU - Urbanisme et Adaptation","og_description":"D\u00e9veloppement territorial: concevoir par les mobilit\u00e9s Int\u00e9gration du vivant dans les projets des villes et territoires Analyse des milieux Travail de fin d&rsquo;\u00e9tudes Anthropologie des espaces Architectures et patrimoines Architectures et patrimoines Architectures, d\u00e9veloppements local et r\u00e9gional, urbanit\u00e9s ATSP \u2013 Esquisse de programmations : analyse et enjeux du m\u00e9nagement Compl\u00e9ment d&rsquo;analyse et lecture du paysage [&hellip;]","og_url":"https:\/\/web.umons.ac.be\/urba\/activites-denseignement\/cours\/","og_site_name":"Service \/ FAU - Urbanisme et Adaptation","article_modified_time":"2026-03-18T09:18:40+00:00","twitter_card":"summary_large_image","twitter_misc":{"Dur\u00e9e de lecture estim\u00e9e":"1 minute"},"schema":{"@context":"https:\/\/schema.org","@graph":[{"@type":"WebPage","@id":"https:\/\/web.umons.ac.be\/urba\/activites-denseignement\/cours\/","url":"https:\/\/web.umons.ac.be\/urba\/activites-denseignement\/cours\/","name":"Cours - Service \/ FAU - Urbanisme et Adaptation","isPartOf":{"@id":"https:\/\/web.umons.ac.be\/urba\/#website"},"datePublished":"2026-03-17T15:15:49+00:00","dateModified":"2026-03-18T09:18:40+00:00","breadcrumb":{"@id":"https:\/\/web.umons.ac.be\/urba\/activites-denseignement\/cours\/#breadcrumb"},"inLanguage":"fr-FR","potentialAction":[{"@type":"ReadAction","target":["https:\/\/web.umons.ac.be\/urba\/activites-denseignement\/cours\/"]}]},{"@type":"BreadcrumbList","@id":"https:\/\/web.umons.ac.be\/urba\/activites-denseignement\/cours\/#breadcrumb","itemListElement":[{"@type":"ListItem","position":1,"name":"Home","item":"https:\/\/web.umons.ac.be\/urba\/"},{"@type":"ListItem","position":2,"name":"Activit\u00e9s d&rsquo;enseignement","item":"https:\/\/web.umons.ac.be\/urba\/activites-denseignement\/"},{"@type":"ListItem","position":3,"name":"Cours"}]},{"@type":"WebSite","@id":"https:\/\/web.umons.ac.be\/urba\/#website","url":"https:\/\/web.umons.ac.be\/urba\/","name":"Service \/ FAU - Urbanisme et Adaptation","description":"","potentialAction":[{"@type":"SearchAction","target":{"@type":"EntryPoint","urlTemplate":"https:\/\/web.umons.ac.be\/urba\/?s={search_term_string}"},"query-input":{"@type":"PropertyValueSpecification","valueRequired":true,"valueName":"search_term_string"}}],"inLanguage":"fr-FR"}]}},"lang":"fr","translations":{"fr":70},"pll_sync_post":[],"_links":{"self":[{"href":"https:\/\/web.umons.ac.be\/urba\/wp-json\/wp\/v2\/pages\/70","targetHints":{"allow":["GET"]}}],"collection":[{"href":"https:\/\/web.umons.ac.be\/urba\/wp-json\/wp\/v2\/pages"}],"about":[{"href":"https:\/\/web.umons.ac.be\/urba\/wp-json\/wp\/v2\/types\/page"}],"author":[{"embeddable":true,"href":"https:\/\/web.umons.ac.be\/urba\/wp-json\/wp\/v2\/users\/2"}],"replies":[{"embeddable":true,"href":"https:\/\/web.umons.ac.be\/urba\/wp-json\/wp\/v2\/comments?post=70"}],"version-history":[{"count":2,"href":"https:\/\/web.umons.ac.be\/urba\/wp-json\/wp\/v2\/pages\/70\/revisions"}],"predecessor-version":[{"id":98,"href":"https:\/\/web.umons.ac.be\/urba\/wp-json\/wp\/v2\/pages\/70\/revisions\/98"}],"up":[{"embeddable":true,"href":"https:\/\/web.umons.ac.be\/urba\/wp-json\/wp\/v2\/pages\/11"}],"wp:attachment":[{"href":"https:\/\/web.umons.ac.be\/urba\/wp-json\/wp\/v2\/media?parent=70"}],"curies":[{"name":"wp","href":"https:\/\/api.w.org\/{rel}","templated":true}]}}