{"id":11,"date":"2021-11-29T10:58:54","date_gmt":"2021-11-29T09:58:54","guid":{"rendered":"https:\/\/web.umons.ac.be\/zool\/activites-denseignement\/"},"modified":"2021-11-29T11:14:01","modified_gmt":"2021-11-29T10:14:01","slug":"activites-denseignement","status":"publish","type":"page","link":"https:\/\/web.umons.ac.be\/zool\/activites-denseignement\/","title":{"rendered":"Activit\u00e9s d&rsquo;enseignement"},"content":{"rendered":"<ul>\n<li>Eco\u00e9thologie<\/li>\n<li>Ecologie g\u00e9n\u00e9rale<\/li>\n<li>El\u00e9ments de botanique (partie A)<\/li>\n<li>El\u00e9ments de botanique (partie B)<\/li>\n<li>Ethologie<\/li>\n<li>Evolutions et populations<\/li>\n<li>Excursions de zoologie et d&rsquo;\u00e9co\u00e9thologie m\u00e9dit\u00e9ran\u00e9ennes<\/li>\n<li>Gestion des espaces naturels<\/li>\n<li>Herp\u00e9tologie et conservation des esp\u00e8ces<\/li>\n<li>Introduction aux syst\u00e8mes d&rsquo;information g\u00e9ographique et aux syst\u00e8mes de gestion des donn\u00e9es biog\u00e9ographiques<\/li>\n<li>Ornithologie<\/li>\n<li>Taxonomie num\u00e9rique et phylog\u00e9n\u00e9tique<\/li>\n<li>Zoog\u00e9ographie et compl\u00e9ments d&rsquo;\u00e9cologie terrestre<\/li>\n<li>Zoologie \u00e9volutive<\/li>\n<li>Zoologie syst\u00e9matique et phylog\u00e9n\u00e9tique<\/li>\n<\/ul>\n","protected":false},"excerpt":{"rendered":"<p>Eco\u00e9thologie Ecologie g\u00e9n\u00e9rale El\u00e9ments de botanique (partie A) El\u00e9ments de botanique (partie B) Ethologie Evolutions et populations Excursions de zoologie et d&rsquo;\u00e9co\u00e9thologie m\u00e9dit\u00e9ran\u00e9ennes Gestion des espaces naturels Herp\u00e9tologie et conservation des esp\u00e8ces Introduction aux syst\u00e8mes d&rsquo;information g\u00e9ographique et aux syst\u00e8mes de gestion des donn\u00e9es biog\u00e9ographiques Ornithologie Taxonomie num\u00e9rique et phylog\u00e9n\u00e9tique Zoog\u00e9ographie et compl\u00e9ments d&rsquo;\u00e9cologie terrestre [&hellip;]<\/p>\n","protected":false},"author":4,"featured_media":0,"parent":0,"menu_order":0,"comment_status":"closed","ping_status":"closed","template":"","meta":{"footnotes":""},"class_list":["post-11","page","type-page","status-publish","hentry"],"yoast_head":"<!-- This site is optimized with the Yoast SEO plugin v27.2 - https:\/\/yoast.com\/product\/yoast-seo-wordpress\/ -->\n<title>Activit\u00e9s d&#039;enseignement - Service \/ FS - Zoologie<\/title>\n<meta name=\"robots\" content=\"index, follow, max-snippet:-1, max-image-preview:large, max-video-preview:-1\" \/>\n<link rel=\"canonical\" href=\"https:\/\/web.umons.ac.be\/zool\/activites-denseignement\/\" \/>\n<meta property=\"og:locale\" content=\"fr_FR\" \/>\n<meta property=\"og:type\" content=\"article\" \/>\n<meta property=\"og:title\" content=\"Activit\u00e9s d&#039;enseignement - Service \/ FS - Zoologie\" \/>\n<meta property=\"og:description\" content=\"Eco\u00e9thologie Ecologie g\u00e9n\u00e9rale El\u00e9ments de botanique (partie A) El\u00e9ments de botanique (partie B) Ethologie Evolutions et populations Excursions de zoologie et d&rsquo;\u00e9co\u00e9thologie m\u00e9dit\u00e9ran\u00e9ennes Gestion des espaces naturels Herp\u00e9tologie et conservation des esp\u00e8ces Introduction aux syst\u00e8mes d&rsquo;information g\u00e9ographique et aux syst\u00e8mes de gestion des donn\u00e9es biog\u00e9ographiques Ornithologie Taxonomie num\u00e9rique et phylog\u00e9n\u00e9tique Zoog\u00e9ographie et compl\u00e9ments d&rsquo;\u00e9cologie terrestre [&hellip;]\" \/>\n<meta property=\"og:url\" content=\"https:\/\/web.umons.ac.be\/zool\/activites-denseignement\/\" \/>\n<meta property=\"og:site_name\" content=\"Service \/ FS - Zoologie\" \/>\n<meta property=\"article:modified_time\" content=\"2021-11-29T10:14:01+00:00\" \/>\n<meta name=\"twitter:card\" content=\"summary_large_image\" \/>\n<meta name=\"twitter:label1\" content=\"Dur\u00e9e de lecture estim\u00e9e\" \/>\n\t<meta name=\"twitter:data1\" content=\"1 minute\" \/>\n<script type=\"application\/ld+json\" class=\"yoast-schema-graph\">{\"@context\":\"https:\/\/schema.org\",\"@graph\":[{\"@type\":\"WebPage\",\"@id\":\"https:\/\/web.umons.ac.be\/zool\/activites-denseignement\/\",\"url\":\"https:\/\/web.umons.ac.be\/zool\/activites-denseignement\/\",\"name\":\"Activit\u00e9s d'enseignement - Service \/ FS - Zoologie\",\"isPartOf\":{\"@id\":\"https:\/\/web.umons.ac.be\/zool\/#website\"},\"datePublished\":\"2021-11-29T09:58:54+00:00\",\"dateModified\":\"2021-11-29T10:14:01+00:00\",\"breadcrumb\":{\"@id\":\"https:\/\/web.umons.ac.be\/zool\/activites-denseignement\/#breadcrumb\"},\"inLanguage\":\"fr-FR\",\"potentialAction\":[{\"@type\":\"ReadAction\",\"target\":[\"https:\/\/web.umons.ac.be\/zool\/activites-denseignement\/\"]}]},{\"@type\":\"BreadcrumbList\",\"@id\":\"https:\/\/web.umons.ac.be\/zool\/activites-denseignement\/#breadcrumb\",\"itemListElement\":[{\"@type\":\"ListItem\",\"position\":1,\"name\":\"Home\",\"item\":\"https:\/\/web.umons.ac.be\/zool\/\"},{\"@type\":\"ListItem\",\"position\":2,\"name\":\"Activit\u00e9s d&rsquo;enseignement\"}]},{\"@type\":\"WebSite\",\"@id\":\"https:\/\/web.umons.ac.be\/zool\/#website\",\"url\":\"https:\/\/web.umons.ac.be\/zool\/\",\"name\":\"Service \/ FS - Zoologie\",\"description\":\"\",\"potentialAction\":[{\"@type\":\"SearchAction\",\"target\":{\"@type\":\"EntryPoint\",\"urlTemplate\":\"https:\/\/web.umons.ac.be\/zool\/?s={search_term_string}\"},\"query-input\":{\"@type\":\"PropertyValueSpecification\",\"valueRequired\":true,\"valueName\":\"search_term_string\"}}],\"inLanguage\":\"fr-FR\"}]}<\/script>\n<!-- \/ Yoast SEO plugin. -->","yoast_head_json":{"title":"Activit\u00e9s d'enseignement - Service \/ FS - Zoologie","robots":{"index":"index","follow":"follow","max-snippet":"max-snippet:-1","max-image-preview":"max-image-preview:large","max-video-preview":"max-video-preview:-1"},"canonical":"https:\/\/web.umons.ac.be\/zool\/activites-denseignement\/","og_locale":"fr_FR","og_type":"article","og_title":"Activit\u00e9s d'enseignement - Service \/ FS - Zoologie","og_description":"Eco\u00e9thologie Ecologie g\u00e9n\u00e9rale El\u00e9ments de botanique (partie A) El\u00e9ments de botanique (partie B) Ethologie Evolutions et populations Excursions de zoologie et d&rsquo;\u00e9co\u00e9thologie m\u00e9dit\u00e9ran\u00e9ennes Gestion des espaces naturels Herp\u00e9tologie et conservation des esp\u00e8ces Introduction aux syst\u00e8mes d&rsquo;information g\u00e9ographique et aux syst\u00e8mes de gestion des donn\u00e9es biog\u00e9ographiques Ornithologie Taxonomie num\u00e9rique et phylog\u00e9n\u00e9tique Zoog\u00e9ographie et compl\u00e9ments d&rsquo;\u00e9cologie terrestre [&hellip;]","og_url":"https:\/\/web.umons.ac.be\/zool\/activites-denseignement\/","og_site_name":"Service \/ FS - Zoologie","article_modified_time":"2021-11-29T10:14:01+00:00","twitter_card":"summary_large_image","twitter_misc":{"Dur\u00e9e de lecture estim\u00e9e":"1 minute"},"schema":{"@context":"https:\/\/schema.org","@graph":[{"@type":"WebPage","@id":"https:\/\/web.umons.ac.be\/zool\/activites-denseignement\/","url":"https:\/\/web.umons.ac.be\/zool\/activites-denseignement\/","name":"Activit\u00e9s d'enseignement - Service \/ FS - Zoologie","isPartOf":{"@id":"https:\/\/web.umons.ac.be\/zool\/#website"},"datePublished":"2021-11-29T09:58:54+00:00","dateModified":"2021-11-29T10:14:01+00:00","breadcrumb":{"@id":"https:\/\/web.umons.ac.be\/zool\/activites-denseignement\/#breadcrumb"},"inLanguage":"fr-FR","potentialAction":[{"@type":"ReadAction","target":["https:\/\/web.umons.ac.be\/zool\/activites-denseignement\/"]}]},{"@type":"BreadcrumbList","@id":"https:\/\/web.umons.ac.be\/zool\/activites-denseignement\/#breadcrumb","itemListElement":[{"@type":"ListItem","position":1,"name":"Home","item":"https:\/\/web.umons.ac.be\/zool\/"},{"@type":"ListItem","position":2,"name":"Activit\u00e9s d&rsquo;enseignement"}]},{"@type":"WebSite","@id":"https:\/\/web.umons.ac.be\/zool\/#website","url":"https:\/\/web.umons.ac.be\/zool\/","name":"Service \/ FS - Zoologie","description":"","potentialAction":[{"@type":"SearchAction","target":{"@type":"EntryPoint","urlTemplate":"https:\/\/web.umons.ac.be\/zool\/?s={search_term_string}"},"query-input":{"@type":"PropertyValueSpecification","valueRequired":true,"valueName":"search_term_string"}}],"inLanguage":"fr-FR"}]}},"lang":"fr","translations":{"fr":11,"en":13},"pll_sync_post":[],"_links":{"self":[{"href":"https:\/\/web.umons.ac.be\/zool\/wp-json\/wp\/v2\/pages\/11","targetHints":{"allow":["GET"]}}],"collection":[{"href":"https:\/\/web.umons.ac.be\/zool\/wp-json\/wp\/v2\/pages"}],"about":[{"href":"https:\/\/web.umons.ac.be\/zool\/wp-json\/wp\/v2\/types\/page"}],"author":[{"embeddable":true,"href":"https:\/\/web.umons.ac.be\/zool\/wp-json\/wp\/v2\/users\/4"}],"replies":[{"embeddable":true,"href":"https:\/\/web.umons.ac.be\/zool\/wp-json\/wp\/v2\/comments?post=11"}],"version-history":[{"count":1,"href":"https:\/\/web.umons.ac.be\/zool\/wp-json\/wp\/v2\/pages\/11\/revisions"}],"predecessor-version":[{"id":49,"href":"https:\/\/web.umons.ac.be\/zool\/wp-json\/wp\/v2\/pages\/11\/revisions\/49"}],"wp:attachment":[{"href":"https:\/\/web.umons.ac.be\/zool\/wp-json\/wp\/v2\/media?parent=11"}],"curies":[{"name":"wp","href":"https:\/\/api.w.org\/{rel}","templated":true}]}}